{"id":60,"date":"2014-02-24T13:13:46","date_gmt":"2014-02-24T11:13:46","guid":{"rendered":"https:\/\/kylat.ekarjala.fi\/merenlahti\/?page_id=60"},"modified":"2023-07-24T13:32:51","modified_gmt":"2023-07-24T10:32:51","slug":"kylalla-tapahtuva-yritystoiminta","status":"publish","type":"page","link":"https:\/\/kylat.ekarjala.fi\/merenlahti\/kylalla-tapahtuva-yritystoiminta\/","title":{"rendered":"Kyl\u00e4ll\u00e4 tapahtuva yritystoiminta"},"content":{"rendered":"<p>Kyl\u00e4lt\u00e4mme l\u00f6ytyy l\u00e4hipalveluina yritt\u00e4ji\u00e4 eri aloilta. Sivun alaotsikoissa on lueteltu merenlahtelaisia yritt\u00e4ji\u00e4.<\/p>\n","protected":false},"excerpt":{"rendered":"<p>Kyl\u00e4lt\u00e4mme l\u00f6ytyy l\u00e4hipalveluina yritt\u00e4ji\u00e4 eri aloilta. Sivun alaotsikoissa on lueteltu merenlahtelaisia yritt\u00e4ji\u00e4.<\/p>\n","protected":false},"author":1,"featured_media":0,"parent":0,"menu_order":0,"comment_status":"closed","ping_status":"closed","template":"","meta":{"footnotes":""},"class_list":["post-60","page","type-page","status-publish","hentry"],"_links":{"self":[{"href":"https:\/\/kylat.ekarjala.fi\/merenlahti\/wp-json\/wp\/v2\/pages\/60","targetHints":{"allow":["GET"]}}],"collection":[{"href":"https:\/\/kylat.ekarjala.fi\/merenlahti\/wp-json\/wp\/v2\/pages"}],"about":[{"href":"https:\/\/kylat.ekarjala.fi\/merenlahti\/wp-json\/wp\/v2\/types\/page"}],"author":[{"embeddable":true,"href":"https:\/\/kylat.ekarjala.fi\/merenlahti\/wp-json\/wp\/v2\/users\/1"}],"replies":[{"embeddable":true,"href":"https:\/\/kylat.ekarjala.fi\/merenlahti\/wp-json\/wp\/v2\/comments?post=60"}],"version-history":[{"count":2,"href":"https:\/\/kylat.ekarjala.fi\/merenlahti\/wp-json\/wp\/v2\/pages\/60\/revisions"}],"predecessor-version":[{"id":63,"href":"https:\/\/kylat.ekarjala.fi\/merenlahti\/wp-json\/wp\/v2\/pages\/60\/revisions\/63"}],"wp:attachment":[{"href":"https:\/\/kylat.ekarjala.fi\/merenlahti\/wp-json\/wp\/v2\/media?parent=60"}],"curies":[{"name":"wp","href":"https:\/\/api.w.org\/{rel}","templated":true}]}}