{"id":64,"date":"2014-02-24T13:14:03","date_gmt":"2014-02-24T11:14:03","guid":{"rendered":"https:\/\/kylat.ekarjala.fi\/merenlahti\/?page_id=64"},"modified":"2026-03-02T17:33:27","modified_gmt":"2026-03-02T15:33:27","slug":"anttila-antti-ja-sirkku-traktorityot-perunankuorimo-leipomo","status":"publish","type":"page","link":"https:\/\/kylat.ekarjala.fi\/merenlahti\/anttila-antti-ja-sirkku-traktorityot-perunankuorimo-leipomo\/","title":{"rendered":"Anttila Antti ja Sirkku, Traktority\u00f6t, perunankuorimo"},"content":{"rendered":"\t\t<div data-elementor-type=\"wp-page\" data-elementor-id=\"64\" class=\"elementor elementor-64\" data-elementor-post-type=\"page\">\n\t\t\t\t<div class=\"elementor-element elementor-element-4ced3108 e-flex e-con-boxed e-con e-parent\" data-id=\"4ced3108\" data-element_type=\"container\" data-e-type=\"container\">\n\t\t\t\t\t<div class=\"e-con-inner\">\n\t\t\t\t<div class=\"elementor-element elementor-element-959f356 elementor-widget elementor-widget-text-editor\" data-id=\"959f356\" data-element_type=\"widget\" data-e-type=\"widget\" data-widget_type=\"text-editor.default\">\n\t\t\t\t<div class=\"elementor-widget-container\">\n\t\t\t\t\t\t\t\t\tAntti ja Sirkku Anttila toimivat sivutoimisina maatilayritt\u00e4jin\u00e4. Tilalla toimii p\u00e4\u00e4ty\u00f6n\u00e4 perunankuorimo.\n\nTraktoripalvelut\n\nAntti Anttila p. 040-5123 127\nSirkku Anttila p. 040-5555 238\nMerenlahdentie 1071, 53850 Lappeenranta\t\t\t\t\t\t\t\t<\/div>\n\t\t\t\t<\/div>\n\t\t\t\t\t<\/div>\n\t\t\t\t<\/div>\n\t\t<div class=\"elementor-element elementor-element-3e90dd6 e-flex e-con-boxed e-con e-parent\" data-id=\"3e90dd6\" data-element_type=\"container\" data-e-type=\"container\">\n\t\t\t\t\t<div class=\"e-con-inner\">\n\t\t\t\t\t<\/div>\n\t\t\t\t<\/div>\n\t\t\t\t<\/div>\n\t\t","protected":false},"excerpt":{"rendered":"<p>Antti ja Sirkku Anttila toimivat sivutoimisina maatilayritt\u00e4jin\u00e4. Tilalla toimii p\u00e4\u00e4ty\u00f6n\u00e4 perunankuorimo. Traktoripalvelut Antti Anttila p. 040-5123 127 Sirkku Anttila p. 040-5555 238 Merenlahdentie 1071, 53850 Lappeenranta<\/p>\n","protected":false},"author":1,"featured_media":0,"parent":0,"menu_order":0,"comment_status":"closed","ping_status":"closed","template":"","meta":{"footnotes":""},"class_list":["post-64","page","type-page","status-publish","hentry"],"_links":{"self":[{"href":"https:\/\/kylat.ekarjala.fi\/merenlahti\/wp-json\/wp\/v2\/pages\/64","targetHints":{"allow":["GET"]}}],"collection":[{"href":"https:\/\/kylat.ekarjala.fi\/merenlahti\/wp-json\/wp\/v2\/pages"}],"about":[{"href":"https:\/\/kylat.ekarjala.fi\/merenlahti\/wp-json\/wp\/v2\/types\/page"}],"author":[{"embeddable":true,"href":"https:\/\/kylat.ekarjala.fi\/merenlahti\/wp-json\/wp\/v2\/users\/1"}],"replies":[{"embeddable":true,"href":"https:\/\/kylat.ekarjala.fi\/merenlahti\/wp-json\/wp\/v2\/comments?post=64"}],"version-history":[{"count":12,"href":"https:\/\/kylat.ekarjala.fi\/merenlahti\/wp-json\/wp\/v2\/pages\/64\/revisions"}],"predecessor-version":[{"id":456,"href":"https:\/\/kylat.ekarjala.fi\/merenlahti\/wp-json\/wp\/v2\/pages\/64\/revisions\/456"}],"wp:attachment":[{"href":"https:\/\/kylat.ekarjala.fi\/merenlahti\/wp-json\/wp\/v2\/media?parent=64"}],"curies":[{"name":"wp","href":"https:\/\/api.w.org\/{rel}","templated":true}]}}