{"id":67,"date":"2014-02-24T13:14:13","date_gmt":"2014-02-24T11:14:13","guid":{"rendered":"https:\/\/kylat.ekarjala.fi\/merenlahti\/?page_id=67"},"modified":"2023-07-24T13:32:09","modified_gmt":"2023-07-24T10:32:09","slug":"elainlaakari-helina-gran","status":"publish","type":"page","link":"https:\/\/kylat.ekarjala.fi\/merenlahti\/elainlaakari-helina-gran\/","title":{"rendered":"El\u00e4inl\u00e4\u00e4k\u00e4ri Helin\u00e4 Gran"},"content":{"rendered":"<p>El\u00e4inl\u00e4\u00e4k\u00e4ripalvelut:<br \/>\nKotik\u00e4yntej\u00e4 lemmikki-, harraste- ja tuotantoel\u00e4imille.<\/p>\n<p>Manne ja Helin\u00e4 Gran asuvat Kopero -nimisell\u00e4 tilalla ja harrastavat pienimuotoista hevoskasvatusta.<\/p>\n<p>Helin\u00e4 Gran, 0500-256 162<br \/>\nL\u00e4hdekalliontie 15, 53850 Lappeenranta<\/p>\n","protected":false},"excerpt":{"rendered":"<p>El\u00e4inl\u00e4\u00e4k\u00e4ripalvelut: Kotik\u00e4yntej\u00e4 lemmikki-, harraste- ja tuotantoel\u00e4imille. Manne ja Helin\u00e4 Gran asuvat Kopero -nimisell\u00e4 tilalla ja harrastavat pienimuotoista hevoskasvatusta. Helin\u00e4 Gran, 0500-256 162 L\u00e4hdekalliontie 15, 53850 Lappeenranta<\/p>\n","protected":false},"author":1,"featured_media":0,"parent":0,"menu_order":0,"comment_status":"closed","ping_status":"closed","template":"","meta":{"footnotes":""},"class_list":["post-67","page","type-page","status-publish","hentry"],"_links":{"self":[{"href":"https:\/\/kylat.ekarjala.fi\/merenlahti\/wp-json\/wp\/v2\/pages\/67","targetHints":{"allow":["GET"]}}],"collection":[{"href":"https:\/\/kylat.ekarjala.fi\/merenlahti\/wp-json\/wp\/v2\/pages"}],"about":[{"href":"https:\/\/kylat.ekarjala.fi\/merenlahti\/wp-json\/wp\/v2\/types\/page"}],"author":[{"embeddable":true,"href":"https:\/\/kylat.ekarjala.fi\/merenlahti\/wp-json\/wp\/v2\/users\/1"}],"replies":[{"embeddable":true,"href":"https:\/\/kylat.ekarjala.fi\/merenlahti\/wp-json\/wp\/v2\/comments?post=67"}],"version-history":[{"count":2,"href":"https:\/\/kylat.ekarjala.fi\/merenlahti\/wp-json\/wp\/v2\/pages\/67\/revisions"}],"predecessor-version":[{"id":156,"href":"https:\/\/kylat.ekarjala.fi\/merenlahti\/wp-json\/wp\/v2\/pages\/67\/revisions\/156"}],"wp:attachment":[{"href":"https:\/\/kylat.ekarjala.fi\/merenlahti\/wp-json\/wp\/v2\/media?parent=67"}],"curies":[{"name":"wp","href":"https:\/\/api.w.org\/{rel}","templated":true}]}}