{"id":79,"date":"2014-02-24T13:14:53","date_gmt":"2014-02-24T11:14:53","guid":{"rendered":"https:\/\/kylat.ekarjala.fi\/merenlahti\/?page_id=79"},"modified":"2023-07-24T13:37:02","modified_gmt":"2023-07-24T10:37:02","slug":"tmi-vesa-markala-sahkotyot-loma-asunnon-vuokraus","status":"publish","type":"page","link":"https:\/\/kylat.ekarjala.fi\/merenlahti\/tmi-vesa-markala-sahkotyot-loma-asunnon-vuokraus\/","title":{"rendered":"T:mi Vesa M\u00e4rk\u00e4l\u00e4; S\u00e4hk\u00f6ty\u00f6t, loma-asunnon vuokraus"},"content":{"rendered":"<p>S\u00e4hk\u00f6alan erikoisty\u00f6t: A-Ryhm\u00e4, ja Kiinteist\u00f6tekniikka, mm. GSM-pohjaiset l\u00e4mm\u00f6nohjaus ja murtoh\u00e4lytyslaitteet.<br \/>\nT:mi Vesa M\u00e4rk\u00e4l\u00e4<br \/>\n044 5648 050<br \/>\nvesa.m\u00e4rk\u00e4l\u00e4@kolumbus.fi<\/p>\n<p>Talviasuttavan loma-asunnon vuokraus.<br \/>\nLeila &amp; Vesa M\u00e4rk\u00e4l\u00e4<br \/>\nwww.merenlahti.com<\/p>\n","protected":false},"excerpt":{"rendered":"<p>S\u00e4hk\u00f6alan erikoisty\u00f6t: A-Ryhm\u00e4, ja Kiinteist\u00f6tekniikka, mm. GSM-pohjaiset l\u00e4mm\u00f6nohjaus ja murtoh\u00e4lytyslaitteet. T:mi Vesa M\u00e4rk\u00e4l\u00e4 044 5648 050 vesa.m\u00e4rk\u00e4l\u00e4@kolumbus.fi Talviasuttavan loma-asunnon vuokraus. Leila &amp; Vesa M\u00e4rk\u00e4l\u00e4 www.merenlahti.com<\/p>\n","protected":false},"author":1,"featured_media":0,"parent":0,"menu_order":0,"comment_status":"closed","ping_status":"closed","template":"","meta":{"footnotes":""},"class_list":["post-79","page","type-page","status-publish","hentry"],"_links":{"self":[{"href":"https:\/\/kylat.ekarjala.fi\/merenlahti\/wp-json\/wp\/v2\/pages\/79","targetHints":{"allow":["GET"]}}],"collection":[{"href":"https:\/\/kylat.ekarjala.fi\/merenlahti\/wp-json\/wp\/v2\/pages"}],"about":[{"href":"https:\/\/kylat.ekarjala.fi\/merenlahti\/wp-json\/wp\/v2\/types\/page"}],"author":[{"embeddable":true,"href":"https:\/\/kylat.ekarjala.fi\/merenlahti\/wp-json\/wp\/v2\/users\/1"}],"replies":[{"embeddable":true,"href":"https:\/\/kylat.ekarjala.fi\/merenlahti\/wp-json\/wp\/v2\/comments?post=79"}],"version-history":[{"count":2,"href":"https:\/\/kylat.ekarjala.fi\/merenlahti\/wp-json\/wp\/v2\/pages\/79\/revisions"}],"predecessor-version":[{"id":407,"href":"https:\/\/kylat.ekarjala.fi\/merenlahti\/wp-json\/wp\/v2\/pages\/79\/revisions\/407"}],"wp:attachment":[{"href":"https:\/\/kylat.ekarjala.fi\/merenlahti\/wp-json\/wp\/v2\/media?parent=79"}],"curies":[{"name":"wp","href":"https:\/\/api.w.org\/{rel}","templated":true}]}}