{"id":94,"date":"2014-02-24T13:16:39","date_gmt":"2014-02-24T11:16:39","guid":{"rendered":"https:\/\/kylat.ekarjala.fi\/merenlahti\/?page_id=94"},"modified":"2026-03-25T17:06:38","modified_gmt":"2026-03-25T15:06:38","slug":"merenlahden-marttayhdistys-ry","status":"publish","type":"page","link":"https:\/\/kylat.ekarjala.fi\/merenlahti\/merenlahden-marttayhdistys-ry\/","title":{"rendered":"Merenlahden Marttayhdistys ry"},"content":{"rendered":"<p>Merenlahden Marttayhdistys ry perustettiin 1936 ja ensimm\u00e4isen\u00e4 puheenjohtajana toimi Lempi Nikkinen. J\u00e4seni\u00e4 Merenlahden marttayhdistyksess\u00e4 on t\u00e4ll\u00e4 hetkell\u00e4 36 henkil\u00f6\u00e4. Yhdistyksen toiminnan runkona ovat j\u00e4senilt\u00e4 nousevat kaikkia l\u00e4hell\u00e4 olevat aiheet: ravinto, liikunta, k\u00e4den taidot, puutarhan hoito. Perinteen\u00e4 jo pidemp\u00e4\u00e4n on ollut viett\u00e4\u00e4 Martan p\u00e4iv\u00e4\u00e4 hein\u00e4kuussa\u00a0 saunomisen merkeiss\u00e4.<\/p>\n<p>Anna-Liisa Pekkanen, puheenjohtaja<\/p>\n<p>Pia Nikkinen Sihteeri<\/p>\n\n\n<p><\/p>\n","protected":false},"excerpt":{"rendered":"<p>Merenlahden Marttayhdistys ry perustettiin 1936 ja ensimm\u00e4isen\u00e4 puheenjohtajana toimi Lempi Nikkinen. J\u00e4seni\u00e4 Merenlahden marttayhdistyksess\u00e4 on t\u00e4ll\u00e4 hetkell\u00e4 36 henkil\u00f6\u00e4. Yhdistyksen toiminnan runkona ovat j\u00e4senilt\u00e4 nousevat kaikkia l\u00e4hell\u00e4 olevat aiheet: ravinto, liikunta, k\u00e4den taidot, puutarhan hoito. Perinteen\u00e4 jo pidemp\u00e4\u00e4n on ollut &hellip; <a href=\"https:\/\/kylat.ekarjala.fi\/merenlahti\/merenlahden-marttayhdistys-ry\/\">Lue loppuun <span class=\"meta-nav\">&rarr;<\/span><\/a><\/p>\n","protected":false},"author":1,"featured_media":0,"parent":0,"menu_order":0,"comment_status":"closed","ping_status":"closed","template":"","meta":{"footnotes":""},"class_list":["post-94","page","type-page","status-publish","hentry"],"_links":{"self":[{"href":"https:\/\/kylat.ekarjala.fi\/merenlahti\/wp-json\/wp\/v2\/pages\/94","targetHints":{"allow":["GET"]}}],"collection":[{"href":"https:\/\/kylat.ekarjala.fi\/merenlahti\/wp-json\/wp\/v2\/pages"}],"about":[{"href":"https:\/\/kylat.ekarjala.fi\/merenlahti\/wp-json\/wp\/v2\/types\/page"}],"author":[{"embeddable":true,"href":"https:\/\/kylat.ekarjala.fi\/merenlahti\/wp-json\/wp\/v2\/users\/1"}],"replies":[{"embeddable":true,"href":"https:\/\/kylat.ekarjala.fi\/merenlahti\/wp-json\/wp\/v2\/comments?post=94"}],"version-history":[{"count":6,"href":"https:\/\/kylat.ekarjala.fi\/merenlahti\/wp-json\/wp\/v2\/pages\/94\/revisions"}],"predecessor-version":[{"id":462,"href":"https:\/\/kylat.ekarjala.fi\/merenlahti\/wp-json\/wp\/v2\/pages\/94\/revisions\/462"}],"wp:attachment":[{"href":"https:\/\/kylat.ekarjala.fi\/merenlahti\/wp-json\/wp\/v2\/media?parent=94"}],"curies":[{"name":"wp","href":"https:\/\/api.w.org\/{rel}","templated":true}]}}