{"id":97,"date":"2014-02-24T13:16:53","date_gmt":"2014-02-24T11:16:53","guid":{"rendered":"https:\/\/kylat.ekarjala.fi\/merenlahti\/?page_id=97"},"modified":"2024-05-11T10:46:53","modified_gmt":"2024-05-11T07:46:53","slug":"merenlahden-riistamiehet-ry","status":"publish","type":"page","link":"https:\/\/kylat.ekarjala.fi\/merenlahti\/merenlahden-riistamiehet-ry\/","title":{"rendered":"Merenlahden Riistamiehet ry"},"content":{"rendered":"<p>Merenlahden Riistamiehet perusti 15 henkinen perustajaj\u00e4senist\u00f6 vuonna 1962. T\u00e4ll\u00e4 hetkell\u00e4 seurassa on 60 j\u00e4sent\u00e4. Mets\u00e4stysalue 2140 hehtaaria, rajautuu naapuriseuroihimme, joita ovat Lemin Riistamiehet, Vainikkalan seudun er\u00e4st\u00e4j\u00e4t ry, Vitsain Er\u00e4nk\u00e4vij\u00e4t ry, Haikkaanlahden mets\u00e4st\u00e4j\u00e4t ja Tapavainolan Riistamiehet ry. Seura kuuluu Suomen Mets\u00e4st\u00e4j\u00e4liittoon ja Lemin-Taipalsaaren riistanhoitoyhdistykseen. Riistakantana on mm. hirvi, kettu rusakko, j\u00e4nis, vesilinnut, riistalinnut, majava, valkoh\u00e4nt\u00e4peura, kauris ja ilves. Suurpedoista karhu, susi sek\u00e4 villisikakin ovat vierailleet<br \/>Seuratoiminnasta suurimpana on hirvijahti, lis\u00e4ksi riistanhoito ja pienpetopyynti. Yhteiset ampumaharjoitukset ovat my\u00f6s osa seuran toimintaa ja jahtipaikat pidet\u00e4\u00e4n talkoilla kunnossa. Seuralla on haulikkorata, jossa on vuosittain j\u00e4rjestetty omia sek\u00e4 seurakilpailuja. Seuralla on v.2002 valmistunut &#8221;hirvikatos&#8221; eli lihojen k\u00e4sittelytila kylmi\u00f6ineen. Syksyll\u00e4 2008 riistamiehet rakensivat laavun lihojen k\u00e4sittelytilan viereen nuotiopaikan yhteyteen.<\/p>\n<p>Syksyll\u00e4 2009 Hirvijahdin lomassa riistamiehet rakensivat Orjainlahdentien varteen uuden laavun. Merenlahden riistamiehet tarjoavat joka syksy hirvikeittoa kentt\u00e4osuuskunnan talolla. Hirvikeitolla k\u00e4y n.100 henke\u00e4; kyl\u00e4l\u00e4isi\u00e4, maanomistajia ja naapuriseurojen edustajia.<\/p>\n<p>Vuonna 2012 Merenlahden riistamiehet ry t\u00e4ytti 50 vuotta. T\u00e4t\u00e4 juhlistettiin hirvipeijaisten yhteydess\u00e4 10.11.2012. Juhlaan osallistui noin 130 henkil\u00f6\u00e4.<\/p>\n<p><strong>Toimihenkil\u00f6t vuonna 2024<\/strong><\/p>\n<p>Emmi Nakari puheenjohtaja p.0443522931<\/p>\n<p>Leo Anttila varapuheenjohtaja p.0400-766089<\/p>\n<p>Tuomas Kaulio sihteeri \/ mrm.sihteeri@gmail.com \/ p.0407347974<\/p>\n<p>Henna Puputti rahastonhoitaja p.0503070083<\/p>\n<p>Leo Anttila suurpetovastaava p.0400-766089\u00a0 \u00a0 \u00a0 \u00a0 \u00a0 \u00a0 \u00a0 \u00a0 \u00a0 \u00a0 \u00a0 \u00a0 \u00a0 \u00a0 \u00a0 \u00a0 \u00a0 \u00a0 \u00a0 \u00a0 \u00a0 \u00a0 \u00a0 \u00a0 \u00a0 \u00a0 \u00a0 \u00a0 \u00a0 \u00a0 \u00a0 \u00a0 \u00a0 \u00a0 \u00a0 \u00a0 \u00a0 \u00a0 \u00a0 \u00a0 \u00a0 \u00a0 \u00a0 \u00a0&#8211; ilmoitukset suurpetojen j\u00e4lki- ja n\u00e4k\u00f6havainnoista<\/p>\n\n\n<p><\/p>\n","protected":false},"excerpt":{"rendered":"<p>Merenlahden Riistamiehet perusti 15 henkinen perustajaj\u00e4senist\u00f6 vuonna 1962. T\u00e4ll\u00e4 hetkell\u00e4 seurassa on 60 j\u00e4sent\u00e4. Mets\u00e4stysalue 2140 hehtaaria, rajautuu naapuriseuroihimme, joita ovat Lemin Riistamiehet, Vainikkalan seudun er\u00e4st\u00e4j\u00e4t ry, Vitsain Er\u00e4nk\u00e4vij\u00e4t ry, Haikkaanlahden mets\u00e4st\u00e4j\u00e4t ja Tapavainolan Riistamiehet ry. Seura kuuluu Suomen Mets\u00e4st\u00e4j\u00e4liittoon &hellip; <a href=\"https:\/\/kylat.ekarjala.fi\/merenlahti\/merenlahden-riistamiehet-ry\/\">Lue loppuun <span class=\"meta-nav\">&rarr;<\/span><\/a><\/p>\n","protected":false},"author":207,"featured_media":0,"parent":0,"menu_order":0,"comment_status":"closed","ping_status":"closed","template":"","meta":{"footnotes":""},"class_list":["post-97","page","type-page","status-publish","hentry"],"_links":{"self":[{"href":"https:\/\/kylat.ekarjala.fi\/merenlahti\/wp-json\/wp\/v2\/pages\/97","targetHints":{"allow":["GET"]}}],"collection":[{"href":"https:\/\/kylat.ekarjala.fi\/merenlahti\/wp-json\/wp\/v2\/pages"}],"about":[{"href":"https:\/\/kylat.ekarjala.fi\/merenlahti\/wp-json\/wp\/v2\/types\/page"}],"author":[{"embeddable":true,"href":"https:\/\/kylat.ekarjala.fi\/merenlahti\/wp-json\/wp\/v2\/users\/207"}],"replies":[{"embeddable":true,"href":"https:\/\/kylat.ekarjala.fi\/merenlahti\/wp-json\/wp\/v2\/comments?post=97"}],"version-history":[{"count":16,"href":"https:\/\/kylat.ekarjala.fi\/merenlahti\/wp-json\/wp\/v2\/pages\/97\/revisions"}],"predecessor-version":[{"id":424,"href":"https:\/\/kylat.ekarjala.fi\/merenlahti\/wp-json\/wp\/v2\/pages\/97\/revisions\/424"}],"wp:attachment":[{"href":"https:\/\/kylat.ekarjala.fi\/merenlahti\/wp-json\/wp\/v2\/media?parent=97"}],"curies":[{"name":"wp","href":"https:\/\/api.w.org\/{rel}","templated":true}]}}