{"id":100,"date":"2011-10-31T13:53:08","date_gmt":"2011-10-31T12:23:08","guid":{"rendered":"https:\/\/kylat.ekarjala.fi\/mikkolanniemi\/?page_id=100"},"modified":"2019-06-28T09:18:46","modified_gmt":"2019-06-28T07:48:46","slug":"lintutorni","status":"publish","type":"page","link":"https:\/\/kylat.ekarjala.fi\/mikkolanniemi\/lintutorni\/","title":{"rendered":"Lintutorni"},"content":{"rendered":"<p><strong>Tarassiinlahti<\/strong><\/p>\n<p>Tarassiinlahden lintutorni sopii hyvin muuton ja kosteikkolinnuston tarkkailuun. Lahdella pesii joutsenia, vesilintuja ja kaulushaikara. Matalan veden aikaan paljastuvilla lietteill\u00e4 viihtyv\u00e4t kahlaajat ja vesilinnut. Tarassiinlahden kaksi kerroksinen lintutorni sijaitsee Mikkolanniemelle viev\u00e4n tien varrella Pien-Rautj\u00e4rven rannalla, jossa on pys\u00e4k\u00f6intialue, nuotiopaikka ja k\u00e4ym\u00e4l\u00e4. Rakenteet sopivat liikuntarajoitteisille.<\/p>\n<div id='gallery-1' class='gallery galleryid-100 gallery-columns-3 gallery-size-thumbnail'><dl class='gallery-item'>\n\t\t\t<dt class='gallery-icon landscape'>\n\t\t\t\t<a href='https:\/\/kylat.ekarjala.fi\/mikkolanniemi\/wp-content\/uploads\/sites\/31\/2011\/10\/35.jpg'><img loading=\"lazy\" decoding=\"async\" width=\"150\" height=\"113\" src=\"https:\/\/kylat.ekarjala.fi\/mikkolanniemi\/wp-content\/uploads\/sites\/31\/2011\/10\/35.jpg\" class=\"attachment-thumbnail size-thumbnail\" alt=\"\" aria-describedby=\"gallery-1-103\" \/><\/a>\n\t\t\t<\/dt>\n\t\t\t\t<dd class='wp-caption-text gallery-caption' id='gallery-1-103'>\n\t\t\t\tTornien taisto 2008\n\t\t\t\t<\/dd><\/dl><dl class='gallery-item'>\n\t\t\t<dt class='gallery-icon landscape'>\n\t\t\t\t<a href='https:\/\/kylat.ekarjala.fi\/mikkolanniemi\/wp-content\/uploads\/sites\/31\/2011\/10\/25.jpg'><img loading=\"lazy\" decoding=\"async\" width=\"150\" height=\"113\" src=\"https:\/\/kylat.ekarjala.fi\/mikkolanniemi\/wp-content\/uploads\/sites\/31\/2011\/10\/25.jpg\" class=\"attachment-thumbnail size-thumbnail\" alt=\"\" aria-describedby=\"gallery-1-104\" \/><\/a>\n\t\t\t<\/dt>\n\t\t\t\t<dd class='wp-caption-text gallery-caption' id='gallery-1-104'>\n\t\t\t\tTornien taisto 2008\n\t\t\t\t<\/dd><\/dl><dl class='gallery-item'>\n\t\t\t<dt class='gallery-icon landscape'>\n\t\t\t\t<a href='https:\/\/kylat.ekarjala.fi\/mikkolanniemi\/wp-content\/uploads\/sites\/31\/2011\/10\/15.jpg'><img loading=\"lazy\" decoding=\"async\" width=\"150\" height=\"113\" src=\"https:\/\/kylat.ekarjala.fi\/mikkolanniemi\/wp-content\/uploads\/sites\/31\/2011\/10\/15.jpg\" class=\"attachment-thumbnail size-thumbnail\" alt=\"\" aria-describedby=\"gallery-1-105\" \/><\/a>\n\t\t\t<\/dt>\n\t\t\t\t<dd class='wp-caption-text gallery-caption' id='gallery-1-105'>\n\t\t\t\tLintutorni\n\t\t\t\t<\/dd><\/dl><br style=\"clear: both\" \/>\n\t\t<\/div>\n\n<p><strong>v. 2019 Tornien taistossa joukkue Tarassii T\u00f6misee havaitsi 89 lajia, joka oli sis\u00e4maatornien paras tulos ja kaikkien tornien taistossa 21. Parhaat lajit olivat Muuttohaukka ja Punakaulahanhi\u00a0\u00a0\u00a0\u00a0\u00a0 <\/strong><a href=\"https:\/\/www.birdlife.fi\/\" target=\"_blank\" rel=\"noopener noreferrer\"><em>BirdLife\/tornien taisto<\/em><\/a><\/p>\n<p><a href=\"https:\/\/ekarjala-retkeily.fi\/reitit-ja-retkikohteet\/kohde\/?id=37652240\" target=\"_blank\" rel=\"noopener\"><em>Ekarjala-retkeily\/Tarassiinlahti<\/em><\/a><\/p>\n<p><a href=\"https:\/\/www.visitparikkala.fi\/lintukohteet\/tarassiinlahti\/\" target=\"_blank\" rel=\"noopener\"><em>Parikkalan kunta\/Tarassiinlahti<\/em><\/a><\/p>\n","protected":false},"excerpt":{"rendered":"<p>Tarassiinlahti Tarassiinlahden lintutorni sopii hyvin muuton ja kosteikkolinnuston tarkkailuun. Lahdella pesii joutsenia, vesilintuja ja kaulushaikara. Matalan veden aikaan paljastuvilla lietteill\u00e4 viihtyv\u00e4t kahlaajat ja vesilinnut. Tarassiinlahden kaksi kerroksinen lintutorni sijaitsee Mikkolanniemelle viev\u00e4n tien varrella Pien-Rautj\u00e4rven rannalla, jossa on pys\u00e4k\u00f6intialue, nuotiopaikka ja &hellip; <a href=\"https:\/\/kylat.ekarjala.fi\/mikkolanniemi\/lintutorni\/\">Lue loppuun <span class=\"meta-nav\">&rarr;<\/span><\/a><\/p>\n","protected":false},"author":65,"featured_media":0,"parent":0,"menu_order":4,"comment_status":"closed","ping_status":"closed","template":"","meta":{"footnotes":""},"class_list":["post-100","page","type-page","status-publish","hentry"],"_links":{"self":[{"href":"https:\/\/kylat.ekarjala.fi\/mikkolanniemi\/wp-json\/wp\/v2\/pages\/100","targetHints":{"allow":["GET"]}}],"collection":[{"href":"https:\/\/kylat.ekarjala.fi\/mikkolanniemi\/wp-json\/wp\/v2\/pages"}],"about":[{"href":"https:\/\/kylat.ekarjala.fi\/mikkolanniemi\/wp-json\/wp\/v2\/types\/page"}],"author":[{"embeddable":true,"href":"https:\/\/kylat.ekarjala.fi\/mikkolanniemi\/wp-json\/wp\/v2\/users\/65"}],"replies":[{"embeddable":true,"href":"https:\/\/kylat.ekarjala.fi\/mikkolanniemi\/wp-json\/wp\/v2\/comments?post=100"}],"version-history":[{"count":34,"href":"https:\/\/kylat.ekarjala.fi\/mikkolanniemi\/wp-json\/wp\/v2\/pages\/100\/revisions"}],"predecessor-version":[{"id":2874,"href":"https:\/\/kylat.ekarjala.fi\/mikkolanniemi\/wp-json\/wp\/v2\/pages\/100\/revisions\/2874"}],"wp:attachment":[{"href":"https:\/\/kylat.ekarjala.fi\/mikkolanniemi\/wp-json\/wp\/v2\/media?parent=100"}],"curies":[{"name":"wp","href":"https:\/\/api.w.org\/{rel}","templated":true}]}}