{"id":1284,"date":"2014-03-19T18:25:29","date_gmt":"2014-03-19T16:55:29","guid":{"rendered":"https:\/\/kylat.ekarjala.fi\/mikkolanniemi\/?page_id=1284"},"modified":"2024-01-03T14:16:13","modified_gmt":"2024-01-03T12:46:13","slug":"2013-tapahtumia","status":"publish","type":"page","link":"https:\/\/kylat.ekarjala.fi\/mikkolanniemi\/tapahtumat\/2013-tapahtumia\/","title":{"rendered":"2013 Tapahtumia"},"content":{"rendered":"<ul>\n<li><strong>Teatterikes\u00e4: <\/strong>2. pn\u00e4 hein\u00e4kuuta saapui Mikkis-teatteriin <strong>Per\u00e4kyl\u00e4n profeetta<\/strong>.&nbsp;&nbsp;&nbsp;&nbsp;&nbsp; Kirjoittanut Tatu Pekkarinen. &nbsp; &nbsp; &nbsp; &nbsp; &nbsp; &nbsp; &nbsp; &nbsp; &nbsp;&nbsp; Musiikki ja ohjaus Mika Siekkinen.<strong><br \/>\n<\/strong><\/li>\n<\/ul>\n<div id=\"attachment_1158\" style=\"width: 650px\" class=\"wp-caption alignright\"><a href=\"https:\/\/kylat.ekarjala.fi\/mikkolanniemi\/wp-content\/uploads\/sites\/31\/2011\/10\/Per\u00e4kyl\u00e4n-profeetta-004-web1.jpg\"><img loading=\"lazy\" decoding=\"async\" aria-describedby=\"caption-attachment-1158\" class=\"size-full wp-image-1158\" src=\"https:\/\/kylat.ekarjala.fi\/mikkolanniemi\/wp-content\/uploads\/sites\/31\/2011\/10\/Per\u00e4kyl\u00e4n-profeetta-004-web1.jpg\" alt=\"Per\u00e4kyl\u00e4n profeetta\" width=\"640\" height=\"480\"><\/a><p id=\"caption-attachment-1158\" class=\"wp-caption-text\">Per\u00e4kyl\u00e4n profeetta<\/p><\/div>\n<p><a href=\"https:\/\/kylat.ekarjala.fi\/mikkolanniemi\/wp-content\/uploads\/sites\/31\/2011\/10\/Per\u00e4kyl\u00e4n-profeetta-006-web.jpg\"><img loading=\"lazy\" decoding=\"async\" class=\"alignright size-full wp-image-1150\" src=\"https:\/\/kylat.ekarjala.fi\/mikkolanniemi\/wp-content\/uploads\/sites\/31\/2011\/10\/Per\u00e4kyl\u00e4n-profeetta-006-web.jpg\" alt=\"Per\u00e4kyl\u00e4n profeetta 006 web\" width=\"640\" height=\"480\"><\/a><\/p>\n<p><a href=\"https:\/\/kylat.ekarjala.fi\/mikkolanniemi\/wp-content\/uploads\/sites\/31\/2011\/10\/Per\u00e4kyl\u00e4n-profeetta-002-web.jpg\"><img loading=\"lazy\" decoding=\"async\" class=\"alignright size-full wp-image-1148\" src=\"https:\/\/kylat.ekarjala.fi\/mikkolanniemi\/wp-content\/uploads\/sites\/31\/2011\/10\/Per\u00e4kyl\u00e4n-profeetta-002-web.jpg\" alt=\"Per\u00e4kyl\u00e4n profeetta 002 web\" width=\"640\" height=\"480\"><\/a><\/p>\n<p><a href=\"https:\/\/kylat.ekarjala.fi\/mikkolanniemi\/wp-content\/uploads\/sites\/31\/2011\/10\/Per\u00e4kyl\u00e4n-profeetta-003-web.jpg\"><img loading=\"lazy\" decoding=\"async\" class=\"alignright size-full wp-image-1149\" src=\"https:\/\/kylat.ekarjala.fi\/mikkolanniemi\/wp-content\/uploads\/sites\/31\/2011\/10\/Per\u00e4kyl\u00e4n-profeetta-003-web.jpg\" alt=\"Per\u00e4kyl\u00e4n profeetta 003 web\" width=\"640\" height=\"480\"><\/a><\/p>\n<p><a href=\"https:\/\/kylat.ekarjala.fi\/mikkolanniemi\/wp-content\/uploads\/sites\/31\/2011\/10\/Per\u00e4kyl\u00e4n-profeetta-007-web.jpg\"><img loading=\"lazy\" decoding=\"async\" class=\"alignright size-full wp-image-1151\" src=\"https:\/\/kylat.ekarjala.fi\/mikkolanniemi\/wp-content\/uploads\/sites\/31\/2011\/10\/Per\u00e4kyl\u00e4n-profeetta-007-web.jpg\" alt=\"Per\u00e4kyl\u00e4n profeetta 007 web\" width=\"640\" height=\"480\"><\/a><\/p>\n<p><a href=\"https:\/\/kylat.ekarjala.fi\/mikkolanniemi\/wp-content\/uploads\/sites\/31\/2011\/10\/Per\u00e4kyl\u00e4n-profeetta-008-web.jpg\"><img loading=\"lazy\" decoding=\"async\" class=\"alignright size-full wp-image-1152\" src=\"https:\/\/kylat.ekarjala.fi\/mikkolanniemi\/wp-content\/uploads\/sites\/31\/2011\/10\/Per\u00e4kyl\u00e4n-profeetta-008-web.jpg\" alt=\"Per\u00e4kyl\u00e4n profeetta 008 web\" width=\"640\" height=\"480\"><\/a><a href=\"https:\/\/kylat.ekarjala.fi\/mikkolanniemi\/wp-content\/uploads\/sites\/31\/2011\/10\/Per\u00e4kyl\u00e4n-profeetta-009-web.jpg\"><img loading=\"lazy\" decoding=\"async\" class=\"alignright size-full wp-image-1153\" src=\"https:\/\/kylat.ekarjala.fi\/mikkolanniemi\/wp-content\/uploads\/sites\/31\/2011\/10\/Per\u00e4kyl\u00e4n-profeetta-009-web.jpg\" alt=\"Per\u00e4kyl\u00e4n profeetta 009 web\" width=\"640\" height=\"480\"><\/a><a href=\"https:\/\/kylat.ekarjala.fi\/mikkolanniemi\/wp-content\/uploads\/sites\/31\/2011\/10\/Per\u00e4kyl\u00e4n-profeetta-011-web.jpg\"><img loading=\"lazy\" decoding=\"async\" class=\"alignright size-full wp-image-1154\" src=\"https:\/\/kylat.ekarjala.fi\/mikkolanniemi\/wp-content\/uploads\/sites\/31\/2011\/10\/Per\u00e4kyl\u00e4n-profeetta-011-web.jpg\" alt=\"Per\u00e4kyl\u00e4n profeetta 011 web\" width=\"640\" height=\"480\"><\/a><a href=\"https:\/\/kylat.ekarjala.fi\/mikkolanniemi\/wp-content\/uploads\/sites\/31\/2011\/10\/Per\u00e4kyl\u00e4n-profeetta-013-web.jpg\"><img loading=\"lazy\" decoding=\"async\" class=\"alignright size-full wp-image-1156\" src=\"https:\/\/kylat.ekarjala.fi\/mikkolanniemi\/wp-content\/uploads\/sites\/31\/2011\/10\/Per\u00e4kyl\u00e4n-profeetta-013-web.jpg\" alt=\"Per\u00e4kyl\u00e4n profeetta 013 web\" width=\"640\" height=\"480\"><\/a><a href=\"https:\/\/kylat.ekarjala.fi\/mikkolanniemi\/wp-content\/uploads\/sites\/31\/2011\/10\/Per\u00e4kyl\u00e4n-profeetta-014-web.jpg\"><img loading=\"lazy\" decoding=\"async\" class=\"alignright size-full wp-image-1157\" src=\"https:\/\/kylat.ekarjala.fi\/mikkolanniemi\/wp-content\/uploads\/sites\/31\/2011\/10\/Per\u00e4kyl\u00e4n-profeetta-014-web.jpg\" alt=\"Per\u00e4kyl\u00e4n profeetta 014 web\" width=\"640\" height=\"480\"><\/a>&nbsp;&nbsp;&nbsp;&nbsp;&nbsp;&nbsp; Syksyn aikana valmistui talkoilla uusi p\u00f6yt\u00e4kalusto Tervakummun kodalle.<\/p>\n<p><a href=\"https:\/\/kylat.ekarjala.fi\/mikkolanniemi\/wp-content\/uploads\/sites\/31\/2011\/10\/Kota2.jpg\"><img loading=\"lazy\" decoding=\"async\" class=\"alignright size-large wp-image-1174\" src=\"https:\/\/kylat.ekarjala.fi\/mikkolanniemi\/wp-content\/uploads\/sites\/31\/2011\/10\/Kota2-1024x768.jpg\" alt=\"Kota2\" width=\"640\" height=\"480\" srcset=\"https:\/\/kylat.ekarjala.fi\/mikkolanniemi\/wp-content\/uploads\/sites\/31\/2011\/10\/Kota2-1024x768.jpg 1024w, https:\/\/kylat.ekarjala.fi\/mikkolanniemi\/wp-content\/uploads\/sites\/31\/2011\/10\/Kota2-300x225.jpg 300w\" sizes=\"auto, (max-width: 640px) 100vw, 640px\" \/><\/a><\/p>\n<p><a href=\"https:\/\/kylat.ekarjala.fi\/mikkolanniemi\/wp-content\/uploads\/sites\/31\/2011\/10\/Kota1.jpg\"><img loading=\"lazy\" decoding=\"async\" class=\"alignright size-large wp-image-1173\" src=\"https:\/\/kylat.ekarjala.fi\/mikkolanniemi\/wp-content\/uploads\/sites\/31\/2011\/10\/Kota1-1024x768.jpg\" alt=\"Kota1\" width=\"640\" height=\"480\" srcset=\"https:\/\/kylat.ekarjala.fi\/mikkolanniemi\/wp-content\/uploads\/sites\/31\/2011\/10\/Kota1-1024x768.jpg 1024w, https:\/\/kylat.ekarjala.fi\/mikkolanniemi\/wp-content\/uploads\/sites\/31\/2011\/10\/Kota1-300x225.jpg 300w\" sizes=\"auto, (max-width: 640px) 100vw, 640px\" \/><\/a>&nbsp;&nbsp;&nbsp;&nbsp;&nbsp;&nbsp;&nbsp;&nbsp;&nbsp;&nbsp;&nbsp;&nbsp;&nbsp;&nbsp;&nbsp;&nbsp;&nbsp;&nbsp;&nbsp;&nbsp;&nbsp;&nbsp;&nbsp;&nbsp;&nbsp;&nbsp;&nbsp;&nbsp;&nbsp;&nbsp;&nbsp; &nbsp; &nbsp; &nbsp; &nbsp;&nbsp; 16. Joulumessuilla k\u00e4vi reilut kaksisataa henkil\u00f6\u00e4.<\/p>\n<p><a href=\"https:\/\/kylat.ekarjala.fi\/mikkolanniemi\/wp-content\/uploads\/sites\/31\/2011\/10\/Messut-2013-002.jpg\"><img loading=\"lazy\" decoding=\"async\" class=\"alignright size-large wp-image-1187\" src=\"https:\/\/kylat.ekarjala.fi\/mikkolanniemi\/wp-content\/uploads\/sites\/31\/2011\/10\/Messut-2013-002-1024x768.jpg\" alt=\"Messut 2013 002\" width=\"640\" height=\"480\" srcset=\"https:\/\/kylat.ekarjala.fi\/mikkolanniemi\/wp-content\/uploads\/sites\/31\/2011\/10\/Messut-2013-002-1024x768.jpg 1024w, https:\/\/kylat.ekarjala.fi\/mikkolanniemi\/wp-content\/uploads\/sites\/31\/2011\/10\/Messut-2013-002-300x225.jpg 300w\" sizes=\"auto, (max-width: 640px) 100vw, 640px\" \/><\/a><\/p>\n<p><a href=\"https:\/\/kylat.ekarjala.fi\/mikkolanniemi\/wp-content\/uploads\/sites\/31\/2011\/10\/Messut-2013-009.jpg\"><img loading=\"lazy\" decoding=\"async\" class=\"alignright size-large wp-image-1190\" src=\"https:\/\/kylat.ekarjala.fi\/mikkolanniemi\/wp-content\/uploads\/sites\/31\/2011\/10\/Messut-2013-009-1024x768.jpg\" alt=\"Messut 2013 009\" width=\"640\" height=\"480\" srcset=\"https:\/\/kylat.ekarjala.fi\/mikkolanniemi\/wp-content\/uploads\/sites\/31\/2011\/10\/Messut-2013-009-1024x768.jpg 1024w, https:\/\/kylat.ekarjala.fi\/mikkolanniemi\/wp-content\/uploads\/sites\/31\/2011\/10\/Messut-2013-009-300x225.jpg 300w\" sizes=\"auto, (max-width: 640px) 100vw, 640px\" \/><\/a><\/p>\n<div id=\"attachment_1189\" style=\"width: 650px\" class=\"wp-caption alignright\"><a href=\"https:\/\/kylat.ekarjala.fi\/mikkolanniemi\/wp-content\/uploads\/sites\/31\/2011\/10\/Messut-2013-008.jpg\"><img loading=\"lazy\" decoding=\"async\" aria-describedby=\"caption-attachment-1189\" class=\"size-large wp-image-1189\" src=\"https:\/\/kylat.ekarjala.fi\/mikkolanniemi\/wp-content\/uploads\/sites\/31\/2011\/10\/Messut-2013-008-1024x768.jpg\" alt=\"Tasatuntiarvonta\" width=\"640\" height=\"480\" srcset=\"https:\/\/kylat.ekarjala.fi\/mikkolanniemi\/wp-content\/uploads\/sites\/31\/2011\/10\/Messut-2013-008-1024x768.jpg 1024w, https:\/\/kylat.ekarjala.fi\/mikkolanniemi\/wp-content\/uploads\/sites\/31\/2011\/10\/Messut-2013-008-300x225.jpg 300w\" sizes=\"auto, (max-width: 640px) 100vw, 640px\" \/><\/a><p id=\"caption-attachment-1189\" class=\"wp-caption-text\">Tasatuntiarvonta<\/p><\/div>\n<p><a href=\"https:\/\/kylat.ekarjala.fi\/mikkolanniemi\/wp-content\/uploads\/sites\/31\/2011\/10\/Messut-2013-006.jpg\"><img loading=\"lazy\" decoding=\"async\" class=\"alignright size-large wp-image-1188\" src=\"https:\/\/kylat.ekarjala.fi\/mikkolanniemi\/wp-content\/uploads\/sites\/31\/2011\/10\/Messut-2013-006-1024x768.jpg\" alt=\"Messut 2013 006\" width=\"640\" height=\"480\" srcset=\"https:\/\/kylat.ekarjala.fi\/mikkolanniemi\/wp-content\/uploads\/sites\/31\/2011\/10\/Messut-2013-006-1024x768.jpg 1024w, https:\/\/kylat.ekarjala.fi\/mikkolanniemi\/wp-content\/uploads\/sites\/31\/2011\/10\/Messut-2013-006-300x225.jpg 300w\" sizes=\"auto, (max-width: 640px) 100vw, 640px\" \/><\/a><\/p>\n<div id=\"attachment_1193\" style=\"width: 650px\" class=\"wp-caption alignright\"><a href=\"https:\/\/kylat.ekarjala.fi\/mikkolanniemi\/wp-content\/uploads\/sites\/31\/2011\/10\/Messut-2013-012.jpg\"><img loading=\"lazy\" decoding=\"async\" aria-describedby=\"caption-attachment-1193\" class=\"size-large wp-image-1193\" src=\"https:\/\/kylat.ekarjala.fi\/mikkolanniemi\/wp-content\/uploads\/sites\/31\/2011\/10\/Messut-2013-012-1024x768.jpg\" alt=\"Kyl\u00e4n Vuoden Henkil\u00f6\" width=\"640\" height=\"480\" srcset=\"https:\/\/kylat.ekarjala.fi\/mikkolanniemi\/wp-content\/uploads\/sites\/31\/2011\/10\/Messut-2013-012-1024x768.jpg 1024w, https:\/\/kylat.ekarjala.fi\/mikkolanniemi\/wp-content\/uploads\/sites\/31\/2011\/10\/Messut-2013-012-300x225.jpg 300w\" sizes=\"auto, (max-width: 640px) 100vw, 640px\" \/><\/a><p id=\"caption-attachment-1193\" class=\"wp-caption-text\">Kyl\u00e4n Vuoden Henkil\u00f6<\/p><\/div>\n<div id=\"attachment_1192\" style=\"width: 650px\" class=\"wp-caption alignright\"><a href=\"https:\/\/kylat.ekarjala.fi\/mikkolanniemi\/wp-content\/uploads\/sites\/31\/2011\/10\/Messut-2013-011.jpg\"><img loading=\"lazy\" decoding=\"async\" aria-describedby=\"caption-attachment-1192\" class=\"size-large wp-image-1192\" src=\"https:\/\/kylat.ekarjala.fi\/mikkolanniemi\/wp-content\/uploads\/sites\/31\/2011\/10\/Messut-2013-011-1024x768.jpg\" alt=\"&quot;Kuhah\u00e4nt\u00e4&quot;\" width=\"640\" height=\"480\" srcset=\"https:\/\/kylat.ekarjala.fi\/mikkolanniemi\/wp-content\/uploads\/sites\/31\/2011\/10\/Messut-2013-011-1024x768.jpg 1024w, https:\/\/kylat.ekarjala.fi\/mikkolanniemi\/wp-content\/uploads\/sites\/31\/2011\/10\/Messut-2013-011-300x225.jpg 300w\" sizes=\"auto, (max-width: 640px) 100vw, 640px\" \/><\/a><p id=\"caption-attachment-1192\" class=\"wp-caption-text\">&#8221;Kuhah\u00e4nt\u00e4&#8221;<\/p><\/div>\n<p><a href=\"https:\/\/kylat.ekarjala.fi\/mikkolanniemi\/wp-content\/uploads\/sites\/31\/2011\/10\/Messut-2013-010.jpg\"><img loading=\"lazy\" decoding=\"async\" class=\"alignright size-large wp-image-1191\" src=\"https:\/\/kylat.ekarjala.fi\/mikkolanniemi\/wp-content\/uploads\/sites\/31\/2011\/10\/Messut-2013-010-1024x768.jpg\" alt=\"Messut 2013 010\" width=\"640\" height=\"480\" srcset=\"https:\/\/kylat.ekarjala.fi\/mikkolanniemi\/wp-content\/uploads\/sites\/31\/2011\/10\/Messut-2013-010-1024x768.jpg 1024w, https:\/\/kylat.ekarjala.fi\/mikkolanniemi\/wp-content\/uploads\/sites\/31\/2011\/10\/Messut-2013-010-300x225.jpg 300w\" sizes=\"auto, (max-width: 640px) 100vw, 640px\" \/><\/a><\/p>\n","protected":false},"excerpt":{"rendered":"<p>Teatterikes\u00e4: 2. pn\u00e4 hein\u00e4kuuta saapui Mikkis-teatteriin Per\u00e4kyl\u00e4n profeetta.&nbsp;&nbsp;&nbsp;&nbsp;&nbsp; Kirjoittanut Tatu Pekkarinen. &nbsp; &nbsp; &nbsp; &nbsp; &nbsp; &nbsp; &nbsp; &nbsp; &nbsp;&nbsp; Musiikki ja ohjaus Mika Siekkinen. &nbsp;&nbsp;&nbsp;&nbsp;&nbsp;&nbsp; Syksyn aikana valmistui talkoilla uusi p\u00f6yt\u00e4kalusto Tervakummun kodalle. &nbsp;&nbsp;&nbsp;&nbsp;&nbsp;&nbsp;&nbsp;&nbsp;&nbsp;&nbsp;&nbsp;&nbsp;&nbsp;&nbsp;&nbsp;&nbsp;&nbsp;&nbsp;&nbsp;&nbsp;&nbsp;&nbsp;&nbsp;&nbsp;&nbsp;&nbsp;&nbsp;&nbsp;&nbsp;&nbsp;&nbsp; &nbsp; &nbsp; &nbsp; &nbsp;&nbsp; 16. &hellip; <a href=\"https:\/\/kylat.ekarjala.fi\/mikkolanniemi\/tapahtumat\/2013-tapahtumia\/\">Lue loppuun <span class=\"meta-nav\">&rarr;<\/span><\/a><\/p>\n","protected":false},"author":88,"featured_media":0,"parent":107,"menu_order":8,"comment_status":"closed","ping_status":"closed","template":"","meta":{"footnotes":""},"class_list":["post-1284","page","type-page","status-publish","hentry"],"_links":{"self":[{"href":"https:\/\/kylat.ekarjala.fi\/mikkolanniemi\/wp-json\/wp\/v2\/pages\/1284","targetHints":{"allow":["GET"]}}],"collection":[{"href":"https:\/\/kylat.ekarjala.fi\/mikkolanniemi\/wp-json\/wp\/v2\/pages"}],"about":[{"href":"https:\/\/kylat.ekarjala.fi\/mikkolanniemi\/wp-json\/wp\/v2\/types\/page"}],"author":[{"embeddable":true,"href":"https:\/\/kylat.ekarjala.fi\/mikkolanniemi\/wp-json\/wp\/v2\/users\/88"}],"replies":[{"embeddable":true,"href":"https:\/\/kylat.ekarjala.fi\/mikkolanniemi\/wp-json\/wp\/v2\/comments?post=1284"}],"version-history":[{"count":20,"href":"https:\/\/kylat.ekarjala.fi\/mikkolanniemi\/wp-json\/wp\/v2\/pages\/1284\/revisions"}],"predecessor-version":[{"id":3234,"href":"https:\/\/kylat.ekarjala.fi\/mikkolanniemi\/wp-json\/wp\/v2\/pages\/1284\/revisions\/3234"}],"up":[{"embeddable":true,"href":"https:\/\/kylat.ekarjala.fi\/mikkolanniemi\/wp-json\/wp\/v2\/pages\/107"}],"wp:attachment":[{"href":"https:\/\/kylat.ekarjala.fi\/mikkolanniemi\/wp-json\/wp\/v2\/media?parent=1284"}],"curies":[{"name":"wp","href":"https:\/\/api.w.org\/{rel}","templated":true}]}}