{"id":134,"date":"2011-11-01T11:35:40","date_gmt":"2011-11-01T10:05:40","guid":{"rendered":"https:\/\/kylat.ekarjala.fi\/mikkolanniemi\/?page_id=134"},"modified":"2024-01-03T14:15:04","modified_gmt":"2024-01-03T12:45:04","slug":"2009-tapahtumat","status":"publish","type":"page","link":"https:\/\/kylat.ekarjala.fi\/mikkolanniemi\/tapahtumat\/2009-tapahtumat\/","title":{"rendered":"2009 Tapahtumia"},"content":{"rendered":"<p><strong>Joulurauhan julistus<\/strong><\/p>\n<p>Joulurauhan julistus ke 23.12.2009 klo 18.00 Mikkolanniemen Toimintakeskuksella.<br \/>\nJulistuksen esitt\u00e4\u00e4 kyl\u00e4n vuodenhenkil\u00f6 Tuula Saari.<br \/>\nPuhe Erkki Makkonen.<br \/>\nTiernapojat esiintyv\u00e4t.<br \/>\nJouluista tarjoilua.<\/p>\n<p>Kiit\u00e4mme kaikkia mukanaolleita!<\/p>\n<p><strong>Kahdennettoista Joulumessut<\/strong><\/p>\n<p>Joulumessut olivat j\u00e4lleen yleis\u00f6menestys. Kiireett\u00f6m\u00e4ss\u00e4 joulutunnelmassa, n\u00e4in Itsen\u00e4isyysp\u00e4iv\u00e4n\u00e4 sotiemme Veteraanejakin sopivasti muistaen vietetty messutapahtuma ker\u00e4si j\u00e4lleen n. 400 henkil\u00f6\u00e4 tiloihimme.<br \/>\nEsit\u00e4mme kaikille messuillemme osallistuneille parhaimmat kiitoksemme ja toivotamme teille Rauhaisaa Joulua ja Onnellista Uutta Vuotta!<\/p>\n<p>Mikkolanniemen Kyl\u00e4yhdistys<br \/>\n<strong><br \/>\n&#8221;Muhoksen Mimmi&#8221;<\/strong><\/p>\n<p>&#8221;Mimmi! oli menestys noin 1500:n henkil\u00f6n yleis\u00f6m\u00e4\u00e4r\u00e4ll\u00e4\u00e4n.<\/p>\n<p>Kuvaus:<br \/>\nKansanomainen 3-n\u00e4yt\u00f6ksinen laulun\u00e4ytelm\u00e4<br \/>\nKirjoittanut: Reino Helismaa<br \/>\nS\u00e4velt\u00e4nyt: Toivo K\u00e4rki<br \/>\nOhjaus: Riitta Wulff-M\u00e4kel\u00e4<br \/>\nS\u00e4estys: Tatjana Poutala<\/p>\n<p>Topparoikka-ty\u00f6maan kaikenlaisia &#8221;kolloja ja mustalaisia&#8221;.<br \/>\n-Kommelluksia, huumoria ja romantiikkaa.<br \/>\n-Ralleja ja haikeita laulelmia.<\/p>\n<p><strong>Kuvia vuodelta 2009<\/strong><\/p>\n<div id='gallery-1' class='gallery galleryid-134 gallery-columns-3 gallery-size-thumbnail'><dl class='gallery-item'>\n\t\t\t<dt class='gallery-icon landscape'>\n\t\t\t\t<a href='https:\/\/kylat.ekarjala.fi\/mikkolanniemi\/wp-content\/uploads\/sites\/31\/2011\/11\/9.jpg'><img loading=\"lazy\" decoding=\"async\" width=\"150\" height=\"113\" src=\"https:\/\/kylat.ekarjala.fi\/mikkolanniemi\/wp-content\/uploads\/sites\/31\/2011\/11\/9.jpg\" class=\"attachment-thumbnail size-thumbnail\" alt=\"\" aria-describedby=\"gallery-1-138\" \/><\/a>\n\t\t\t<\/dt>\n\t\t\t\t<dd class='wp-caption-text gallery-caption' id='gallery-1-138'>\n\t\t\t\t&#8221;Muhoksen Mimmi&#8221;\n\t\t\t\t<\/dd><\/dl><dl class='gallery-item'>\n\t\t\t<dt class='gallery-icon landscape'>\n\t\t\t\t<a href='https:\/\/kylat.ekarjala.fi\/mikkolanniemi\/wp-content\/uploads\/sites\/31\/2011\/11\/8.jpg'><img loading=\"lazy\" decoding=\"async\" width=\"150\" height=\"113\" src=\"https:\/\/kylat.ekarjala.fi\/mikkolanniemi\/wp-content\/uploads\/sites\/31\/2011\/11\/8.jpg\" class=\"attachment-thumbnail size-thumbnail\" alt=\"\" aria-describedby=\"gallery-1-139\" \/><\/a>\n\t\t\t<\/dt>\n\t\t\t\t<dd class='wp-caption-text gallery-caption' id='gallery-1-139'>\n\t\t\t\t&#8221;Muhoksen Mimmi&#8221;\n\t\t\t\t<\/dd><\/dl><dl class='gallery-item'>\n\t\t\t<dt class='gallery-icon landscape'>\n\t\t\t\t<a href='https:\/\/kylat.ekarjala.fi\/mikkolanniemi\/wp-content\/uploads\/sites\/31\/2011\/11\/71.jpg'><img loading=\"lazy\" decoding=\"async\" width=\"150\" height=\"113\" src=\"https:\/\/kylat.ekarjala.fi\/mikkolanniemi\/wp-content\/uploads\/sites\/31\/2011\/11\/71.jpg\" class=\"attachment-thumbnail size-thumbnail\" alt=\"\" aria-describedby=\"gallery-1-140\" \/><\/a>\n\t\t\t<\/dt>\n\t\t\t\t<dd class='wp-caption-text gallery-caption' id='gallery-1-140'>\n\t\t\t\t&#8221;Muhoksen Mimmi&#8221;\n\t\t\t\t<\/dd><\/dl><br style=\"clear: both\" \/><dl class='gallery-item'>\n\t\t\t<dt class='gallery-icon landscape'>\n\t\t\t\t<a href='https:\/\/kylat.ekarjala.fi\/mikkolanniemi\/wp-content\/uploads\/sites\/31\/2011\/11\/61.jpg'><img loading=\"lazy\" decoding=\"async\" width=\"150\" height=\"113\" src=\"https:\/\/kylat.ekarjala.fi\/mikkolanniemi\/wp-content\/uploads\/sites\/31\/2011\/11\/61.jpg\" class=\"attachment-thumbnail size-thumbnail\" alt=\"\" aria-describedby=\"gallery-1-141\" \/><\/a>\n\t\t\t<\/dt>\n\t\t\t\t<dd class='wp-caption-text gallery-caption' id='gallery-1-141'>\n\t\t\t\t&#8221;Muhoksen Mimmi&#8221;\n\t\t\t\t<\/dd><\/dl><dl class='gallery-item'>\n\t\t\t<dt class='gallery-icon landscape'>\n\t\t\t\t<a href='https:\/\/kylat.ekarjala.fi\/mikkolanniemi\/wp-content\/uploads\/sites\/31\/2011\/11\/51.jpg'><img loading=\"lazy\" decoding=\"async\" width=\"150\" height=\"113\" src=\"https:\/\/kylat.ekarjala.fi\/mikkolanniemi\/wp-content\/uploads\/sites\/31\/2011\/11\/51.jpg\" class=\"attachment-thumbnail size-thumbnail\" alt=\"\" aria-describedby=\"gallery-1-142\" \/><\/a>\n\t\t\t<\/dt>\n\t\t\t\t<dd class='wp-caption-text gallery-caption' id='gallery-1-142'>\n\t\t\t\t&#8221;Muhoksen Mimmi&#8221;\n\t\t\t\t<\/dd><\/dl><dl class='gallery-item'>\n\t\t\t<dt class='gallery-icon landscape'>\n\t\t\t\t<a href='https:\/\/kylat.ekarjala.fi\/mikkolanniemi\/wp-content\/uploads\/sites\/31\/2011\/11\/42.jpg'><img loading=\"lazy\" decoding=\"async\" width=\"150\" height=\"113\" src=\"https:\/\/kylat.ekarjala.fi\/mikkolanniemi\/wp-content\/uploads\/sites\/31\/2011\/11\/42.jpg\" class=\"attachment-thumbnail size-thumbnail\" alt=\"\" aria-describedby=\"gallery-1-143\" \/><\/a>\n\t\t\t<\/dt>\n\t\t\t\t<dd class='wp-caption-text gallery-caption' id='gallery-1-143'>\n\t\t\t\t&#8221;Muhoksen Mimmi&#8221;\n\t\t\t\t<\/dd><\/dl><br style=\"clear: both\" \/><dl class='gallery-item'>\n\t\t\t<dt class='gallery-icon landscape'>\n\t\t\t\t<a href='https:\/\/kylat.ekarjala.fi\/mikkolanniemi\/wp-content\/uploads\/sites\/31\/2011\/11\/32.jpg'><img loading=\"lazy\" decoding=\"async\" width=\"150\" height=\"113\" src=\"https:\/\/kylat.ekarjala.fi\/mikkolanniemi\/wp-content\/uploads\/sites\/31\/2011\/11\/32.jpg\" class=\"attachment-thumbnail size-thumbnail\" alt=\"\" aria-describedby=\"gallery-1-144\" \/><\/a>\n\t\t\t<\/dt>\n\t\t\t\t<dd class='wp-caption-text gallery-caption' id='gallery-1-144'>\n\t\t\t\t&#8221;Muhoksen Mimmi&#8221;\n\t\t\t\t<\/dd><\/dl><dl class='gallery-item'>\n\t\t\t<dt class='gallery-icon landscape'>\n\t\t\t\t<a href='https:\/\/kylat.ekarjala.fi\/mikkolanniemi\/wp-content\/uploads\/sites\/31\/2011\/11\/22.jpg'><img loading=\"lazy\" decoding=\"async\" width=\"150\" height=\"113\" src=\"https:\/\/kylat.ekarjala.fi\/mikkolanniemi\/wp-content\/uploads\/sites\/31\/2011\/11\/22.jpg\" class=\"attachment-thumbnail size-thumbnail\" alt=\"\" aria-describedby=\"gallery-1-145\" \/><\/a>\n\t\t\t<\/dt>\n\t\t\t\t<dd class='wp-caption-text gallery-caption' id='gallery-1-145'>\n\t\t\t\t&#8221;Muhoksen Mimmi&#8221;\n\t\t\t\t<\/dd><\/dl><dl class='gallery-item'>\n\t\t\t<dt class='gallery-icon landscape'>\n\t\t\t\t<a href='https:\/\/kylat.ekarjala.fi\/mikkolanniemi\/wp-content\/uploads\/sites\/31\/2011\/11\/12.jpg'><img loading=\"lazy\" decoding=\"async\" width=\"150\" height=\"113\" src=\"https:\/\/kylat.ekarjala.fi\/mikkolanniemi\/wp-content\/uploads\/sites\/31\/2011\/11\/12.jpg\" class=\"attachment-thumbnail size-thumbnail\" alt=\"\" aria-describedby=\"gallery-1-146\" \/><\/a>\n\t\t\t<\/dt>\n\t\t\t\t<dd class='wp-caption-text gallery-caption' id='gallery-1-146'>\n\t\t\t\t&#8221;Muhoksen Mimmi&#8221;\n\t\t\t\t<\/dd><\/dl><br style=\"clear: both\" \/><dl class='gallery-item'>\n\t\t\t<dt class='gallery-icon landscape'>\n\t\t\t\t<a href='https:\/\/kylat.ekarjala.fi\/mikkolanniemi\/wp-content\/uploads\/sites\/31\/2011\/11\/111.jpg'><img loading=\"lazy\" decoding=\"async\" width=\"150\" height=\"113\" src=\"https:\/\/kylat.ekarjala.fi\/mikkolanniemi\/wp-content\/uploads\/sites\/31\/2011\/11\/111.jpg\" class=\"attachment-thumbnail size-thumbnail\" alt=\"\" aria-describedby=\"gallery-1-147\" \/><\/a>\n\t\t\t<\/dt>\n\t\t\t\t<dd class='wp-caption-text gallery-caption' id='gallery-1-147'>\n\t\t\t\tKahdennettoista Joulumessut\n\t\t\t\t<\/dd><\/dl><dl class='gallery-item'>\n\t\t\t<dt class='gallery-icon landscape'>\n\t\t\t\t<a href='https:\/\/kylat.ekarjala.fi\/mikkolanniemi\/wp-content\/uploads\/sites\/31\/2011\/11\/10.jpg'><img loading=\"lazy\" decoding=\"async\" width=\"150\" height=\"113\" src=\"https:\/\/kylat.ekarjala.fi\/mikkolanniemi\/wp-content\/uploads\/sites\/31\/2011\/11\/10.jpg\" class=\"attachment-thumbnail size-thumbnail\" alt=\"\" aria-describedby=\"gallery-1-148\" \/><\/a>\n\t\t\t<\/dt>\n\t\t\t\t<dd class='wp-caption-text gallery-caption' id='gallery-1-148'>\n\t\t\t\tKahdennettoista Joulumessut\n\t\t\t\t<\/dd><\/dl><dl class='gallery-item'>\n\t\t\t<dt class='gallery-icon landscape'>\n\t\t\t\t<a href='https:\/\/kylat.ekarjala.fi\/mikkolanniemi\/wp-content\/uploads\/sites\/31\/2011\/11\/91.jpg'><img loading=\"lazy\" decoding=\"async\" width=\"150\" height=\"113\" src=\"https:\/\/kylat.ekarjala.fi\/mikkolanniemi\/wp-content\/uploads\/sites\/31\/2011\/11\/91.jpg\" class=\"attachment-thumbnail size-thumbnail\" alt=\"\" aria-describedby=\"gallery-1-149\" \/><\/a>\n\t\t\t<\/dt>\n\t\t\t\t<dd class='wp-caption-text gallery-caption' id='gallery-1-149'>\n\t\t\t\tKahdennettoista Joulumessut\n\t\t\t\t<\/dd><\/dl><br style=\"clear: both\" \/><dl class='gallery-item'>\n\t\t\t<dt class='gallery-icon landscape'>\n\t\t\t\t<a href='https:\/\/kylat.ekarjala.fi\/mikkolanniemi\/wp-content\/uploads\/sites\/31\/2011\/11\/81.jpg'><img loading=\"lazy\" decoding=\"async\" width=\"150\" height=\"113\" src=\"https:\/\/kylat.ekarjala.fi\/mikkolanniemi\/wp-content\/uploads\/sites\/31\/2011\/11\/81.jpg\" class=\"attachment-thumbnail size-thumbnail\" alt=\"\" aria-describedby=\"gallery-1-150\" \/><\/a>\n\t\t\t<\/dt>\n\t\t\t\t<dd class='wp-caption-text gallery-caption' id='gallery-1-150'>\n\t\t\t\tKahdennettoista Joulumessut\n\t\t\t\t<\/dd><\/dl><dl class='gallery-item'>\n\t\t\t<dt class='gallery-icon landscape'>\n\t\t\t\t<a href='https:\/\/kylat.ekarjala.fi\/mikkolanniemi\/wp-content\/uploads\/sites\/31\/2011\/11\/72.jpg'><img loading=\"lazy\" decoding=\"async\" width=\"150\" height=\"113\" src=\"https:\/\/kylat.ekarjala.fi\/mikkolanniemi\/wp-content\/uploads\/sites\/31\/2011\/11\/72.jpg\" class=\"attachment-thumbnail size-thumbnail\" alt=\"\" aria-describedby=\"gallery-1-151\" \/><\/a>\n\t\t\t<\/dt>\n\t\t\t\t<dd class='wp-caption-text gallery-caption' id='gallery-1-151'>\n\t\t\t\tKahdennettoista Joulumessut\n\t\t\t\t<\/dd><\/dl><dl class='gallery-item'>\n\t\t\t<dt class='gallery-icon landscape'>\n\t\t\t\t<a href='https:\/\/kylat.ekarjala.fi\/mikkolanniemi\/wp-content\/uploads\/sites\/31\/2011\/11\/62.jpg'><img loading=\"lazy\" decoding=\"async\" width=\"150\" height=\"113\" src=\"https:\/\/kylat.ekarjala.fi\/mikkolanniemi\/wp-content\/uploads\/sites\/31\/2011\/11\/62.jpg\" class=\"attachment-thumbnail size-thumbnail\" alt=\"\" aria-describedby=\"gallery-1-152\" \/><\/a>\n\t\t\t<\/dt>\n\t\t\t\t<dd class='wp-caption-text gallery-caption' id='gallery-1-152'>\n\t\t\t\tKahdennettoista Joulumessut\n\t\t\t\t<\/dd><\/dl><br style=\"clear: both\" \/><dl class='gallery-item'>\n\t\t\t<dt class='gallery-icon landscape'>\n\t\t\t\t<a href='https:\/\/kylat.ekarjala.fi\/mikkolanniemi\/wp-content\/uploads\/sites\/31\/2011\/11\/52.jpg'><img loading=\"lazy\" decoding=\"async\" width=\"150\" height=\"113\" src=\"https:\/\/kylat.ekarjala.fi\/mikkolanniemi\/wp-content\/uploads\/sites\/31\/2011\/11\/52.jpg\" class=\"attachment-thumbnail size-thumbnail\" alt=\"\" aria-describedby=\"gallery-1-153\" \/><\/a>\n\t\t\t<\/dt>\n\t\t\t\t<dd class='wp-caption-text gallery-caption' id='gallery-1-153'>\n\t\t\t\tKahdennettoista Joulumessut\n\t\t\t\t<\/dd><\/dl><dl class='gallery-item'>\n\t\t\t<dt class='gallery-icon landscape'>\n\t\t\t\t<a href='https:\/\/kylat.ekarjala.fi\/mikkolanniemi\/wp-content\/uploads\/sites\/31\/2011\/11\/33.jpg'><img loading=\"lazy\" decoding=\"async\" width=\"150\" height=\"113\" src=\"https:\/\/kylat.ekarjala.fi\/mikkolanniemi\/wp-content\/uploads\/sites\/31\/2011\/11\/33.jpg\" class=\"attachment-thumbnail size-thumbnail\" alt=\"\" aria-describedby=\"gallery-1-155\" \/><\/a>\n\t\t\t<\/dt>\n\t\t\t\t<dd class='wp-caption-text gallery-caption' id='gallery-1-155'>\n\t\t\t\t Kyl\u00e4n Vuoden Henkil\u00f6\n\t\t\t\t<\/dd><\/dl><dl class='gallery-item'>\n\t\t\t<dt class='gallery-icon landscape'>\n\t\t\t\t<a href='https:\/\/kylat.ekarjala.fi\/mikkolanniemi\/wp-content\/uploads\/sites\/31\/2011\/11\/23.jpg'><img loading=\"lazy\" decoding=\"async\" width=\"150\" height=\"113\" src=\"https:\/\/kylat.ekarjala.fi\/mikkolanniemi\/wp-content\/uploads\/sites\/31\/2011\/11\/23.jpg\" class=\"attachment-thumbnail size-thumbnail\" alt=\"\" aria-describedby=\"gallery-1-156\" \/><\/a>\n\t\t\t<\/dt>\n\t\t\t\t<dd class='wp-caption-text gallery-caption' id='gallery-1-156'>\n\t\t\t\tKahdennettoista Joulumessut, Veteraanien iltahuuto\n\t\t\t\t<\/dd><\/dl><br style=\"clear: both\" \/><dl class='gallery-item'>\n\t\t\t<dt class='gallery-icon landscape'>\n\t\t\t\t<a href='https:\/\/kylat.ekarjala.fi\/mikkolanniemi\/wp-content\/uploads\/sites\/31\/2011\/11\/13.jpg'><img loading=\"lazy\" decoding=\"async\" width=\"150\" height=\"113\" src=\"https:\/\/kylat.ekarjala.fi\/mikkolanniemi\/wp-content\/uploads\/sites\/31\/2011\/11\/13.jpg\" class=\"attachment-thumbnail size-thumbnail\" alt=\"\" aria-describedby=\"gallery-1-157\" \/><\/a>\n\t\t\t<\/dt>\n\t\t\t\t<dd class='wp-caption-text gallery-caption' id='gallery-1-157'>\n\t\t\t\tKahdennettoista Joulumessut\n\t\t\t\t<\/dd><\/dl><dl class='gallery-item'>\n\t\t\t<dt class='gallery-icon landscape'>\n\t\t\t\t<a href='https:\/\/kylat.ekarjala.fi\/mikkolanniemi\/wp-content\/uploads\/sites\/31\/2011\/11\/73.jpg'><img loading=\"lazy\" decoding=\"async\" width=\"150\" height=\"113\" src=\"https:\/\/kylat.ekarjala.fi\/mikkolanniemi\/wp-content\/uploads\/sites\/31\/2011\/11\/73.jpg\" class=\"attachment-thumbnail size-thumbnail\" alt=\"\" aria-describedby=\"gallery-1-158\" \/><\/a>\n\t\t\t<\/dt>\n\t\t\t\t<dd class='wp-caption-text gallery-caption' id='gallery-1-158'>\n\t\t\t\tJoulurauhan julistus\n\t\t\t\t<\/dd><\/dl><dl class='gallery-item'>\n\t\t\t<dt class='gallery-icon landscape'>\n\t\t\t\t<a href='https:\/\/kylat.ekarjala.fi\/mikkolanniemi\/wp-content\/uploads\/sites\/31\/2011\/11\/63.jpg'><img loading=\"lazy\" decoding=\"async\" width=\"150\" height=\"113\" src=\"https:\/\/kylat.ekarjala.fi\/mikkolanniemi\/wp-content\/uploads\/sites\/31\/2011\/11\/63.jpg\" class=\"attachment-thumbnail size-thumbnail\" alt=\"\" aria-describedby=\"gallery-1-159\" \/><\/a>\n\t\t\t<\/dt>\n\t\t\t\t<dd class='wp-caption-text gallery-caption' id='gallery-1-159'>\n\t\t\t\tJoulurauhan julistus\n\t\t\t\t<\/dd><\/dl><br style=\"clear: both\" \/><dl class='gallery-item'>\n\t\t\t<dt class='gallery-icon landscape'>\n\t\t\t\t<a href='https:\/\/kylat.ekarjala.fi\/mikkolanniemi\/wp-content\/uploads\/sites\/31\/2011\/11\/53.jpg'><img loading=\"lazy\" decoding=\"async\" width=\"150\" height=\"113\" src=\"https:\/\/kylat.ekarjala.fi\/mikkolanniemi\/wp-content\/uploads\/sites\/31\/2011\/11\/53.jpg\" class=\"attachment-thumbnail size-thumbnail\" alt=\"\" aria-describedby=\"gallery-1-160\" \/><\/a>\n\t\t\t<\/dt>\n\t\t\t\t<dd class='wp-caption-text gallery-caption' id='gallery-1-160'>\n\t\t\t\tJoulurauhan julistus\n\t\t\t\t<\/dd><\/dl><dl class='gallery-item'>\n\t\t\t<dt class='gallery-icon landscape'>\n\t\t\t\t<a href='https:\/\/kylat.ekarjala.fi\/mikkolanniemi\/wp-content\/uploads\/sites\/31\/2011\/11\/44.jpg'><img loading=\"lazy\" decoding=\"async\" width=\"150\" height=\"113\" src=\"https:\/\/kylat.ekarjala.fi\/mikkolanniemi\/wp-content\/uploads\/sites\/31\/2011\/11\/44.jpg\" class=\"attachment-thumbnail size-thumbnail\" alt=\"\" aria-describedby=\"gallery-1-161\" \/><\/a>\n\t\t\t<\/dt>\n\t\t\t\t<dd class='wp-caption-text gallery-caption' id='gallery-1-161'>\n\t\t\t\tJoulurauhan julistus\n\t\t\t\t<\/dd><\/dl><dl class='gallery-item'>\n\t\t\t<dt class='gallery-icon landscape'>\n\t\t\t\t<a href='https:\/\/kylat.ekarjala.fi\/mikkolanniemi\/wp-content\/uploads\/sites\/31\/2011\/11\/34.jpg'><img loading=\"lazy\" decoding=\"async\" width=\"150\" height=\"113\" src=\"https:\/\/kylat.ekarjala.fi\/mikkolanniemi\/wp-content\/uploads\/sites\/31\/2011\/11\/34.jpg\" class=\"attachment-thumbnail size-thumbnail\" alt=\"\" aria-describedby=\"gallery-1-162\" \/><\/a>\n\t\t\t<\/dt>\n\t\t\t\t<dd class='wp-caption-text gallery-caption' id='gallery-1-162'>\n\t\t\t\tJoulurauhan julistus\n\t\t\t\t<\/dd><\/dl><br style=\"clear: both\" \/><dl class='gallery-item'>\n\t\t\t<dt class='gallery-icon landscape'>\n\t\t\t\t<a href='https:\/\/kylat.ekarjala.fi\/mikkolanniemi\/wp-content\/uploads\/sites\/31\/2011\/11\/24.jpg'><img loading=\"lazy\" decoding=\"async\" width=\"150\" height=\"113\" src=\"https:\/\/kylat.ekarjala.fi\/mikkolanniemi\/wp-content\/uploads\/sites\/31\/2011\/11\/24.jpg\" class=\"attachment-thumbnail size-thumbnail\" alt=\"\" aria-describedby=\"gallery-1-163\" \/><\/a>\n\t\t\t<\/dt>\n\t\t\t\t<dd class='wp-caption-text gallery-caption' id='gallery-1-163'>\n\t\t\t\tJoulurauhan julistus\n\t\t\t\t<\/dd><\/dl><dl class='gallery-item'>\n\t\t\t<dt class='gallery-icon landscape'>\n\t\t\t\t<a href='https:\/\/kylat.ekarjala.fi\/mikkolanniemi\/wp-content\/uploads\/sites\/31\/2011\/11\/14.jpg'><img loading=\"lazy\" decoding=\"async\" width=\"150\" height=\"113\" src=\"https:\/\/kylat.ekarjala.fi\/mikkolanniemi\/wp-content\/uploads\/sites\/31\/2011\/11\/14.jpg\" class=\"attachment-thumbnail size-thumbnail\" alt=\"\" \/><\/a>\n\t\t\t<\/dt><\/dl>\n\t\t\t<br style='clear: both' \/>\n\t\t<\/div>\n\n","protected":false},"excerpt":{"rendered":"<p>Joulurauhan julistus Joulurauhan julistus ke 23.12.2009 klo 18.00 Mikkolanniemen Toimintakeskuksella. Julistuksen esitt\u00e4\u00e4 kyl\u00e4n vuodenhenkil\u00f6 Tuula Saari. Puhe Erkki Makkonen. Tiernapojat esiintyv\u00e4t. Jouluista tarjoilua. Kiit\u00e4mme kaikkia mukanaolleita! Kahdennettoista Joulumessut Joulumessut olivat j\u00e4lleen yleis\u00f6menestys. Kiireett\u00f6m\u00e4ss\u00e4 joulutunnelmassa, n\u00e4in Itsen\u00e4isyysp\u00e4iv\u00e4n\u00e4 sotiemme Veteraanejakin sopivasti muistaen &hellip; <a href=\"https:\/\/kylat.ekarjala.fi\/mikkolanniemi\/tapahtumat\/2009-tapahtumat\/\">Lue loppuun <span class=\"meta-nav\">&rarr;<\/span><\/a><\/p>\n","protected":false},"author":65,"featured_media":0,"parent":107,"menu_order":12,"comment_status":"closed","ping_status":"closed","template":"","meta":{"footnotes":""},"class_list":["post-134","page","type-page","status-publish","hentry"],"_links":{"self":[{"href":"https:\/\/kylat.ekarjala.fi\/mikkolanniemi\/wp-json\/wp\/v2\/pages\/134","targetHints":{"allow":["GET"]}}],"collection":[{"href":"https:\/\/kylat.ekarjala.fi\/mikkolanniemi\/wp-json\/wp\/v2\/pages"}],"about":[{"href":"https:\/\/kylat.ekarjala.fi\/mikkolanniemi\/wp-json\/wp\/v2\/types\/page"}],"author":[{"embeddable":true,"href":"https:\/\/kylat.ekarjala.fi\/mikkolanniemi\/wp-json\/wp\/v2\/users\/65"}],"replies":[{"embeddable":true,"href":"https:\/\/kylat.ekarjala.fi\/mikkolanniemi\/wp-json\/wp\/v2\/comments?post=134"}],"version-history":[{"count":10,"href":"https:\/\/kylat.ekarjala.fi\/mikkolanniemi\/wp-json\/wp\/v2\/pages\/134\/revisions"}],"predecessor-version":[{"id":970,"href":"https:\/\/kylat.ekarjala.fi\/mikkolanniemi\/wp-json\/wp\/v2\/pages\/134\/revisions\/970"}],"up":[{"embeddable":true,"href":"https:\/\/kylat.ekarjala.fi\/mikkolanniemi\/wp-json\/wp\/v2\/pages\/107"}],"wp:attachment":[{"href":"https:\/\/kylat.ekarjala.fi\/mikkolanniemi\/wp-json\/wp\/v2\/media?parent=134"}],"curies":[{"name":"wp","href":"https:\/\/api.w.org\/{rel}","templated":true}]}}