{"id":15,"date":"2011-10-26T12:11:50","date_gmt":"2011-10-26T10:41:50","guid":{"rendered":"https:\/\/kylat.ekarjala.fi\/mikkolanniemi\/?page_id=15"},"modified":"2011-11-30T21:57:36","modified_gmt":"2011-11-30T20:27:36","slug":"kylayhdistys","status":"publish","type":"page","link":"https:\/\/kylat.ekarjala.fi\/mikkolanniemi\/kylayhdistys\/","title":{"rendered":"Kyl\u00e4yhdistys"},"content":{"rendered":"<h1>Mikkolanniemen kyl\u00e4yhdistys 2009<a href=\"https:\/\/kylat.ekarjala.fi\/mikkolanniemi\/wp-content\/uploads\/sites\/31\/2011\/10\/kylayhdistys.jpg\"><img loading=\"lazy\" decoding=\"async\" class=\"alignright size-full wp-image-16\" src=\"https:\/\/kylat.ekarjala.fi\/mikkolanniemi\/wp-content\/uploads\/sites\/31\/2011\/10\/kylayhdistys.jpg\" alt=\"\" width=\"288\" height=\"216\" \/><\/a><\/h1>\n<p>Kyl\u00e4yhdistyksen perustamisideana oli parantaa 115 asukkaan kyl\u00e4n elinoloja ja viihtyvyytt\u00e4. Samaa ajatusta on pidetty esill\u00e4 my\u00f6s toiminnan jatkuessa.<\/p>\n<p>Kyl\u00e4yhdistyksess\u00e4 p\u00e4\u00e4t\u00f6svaltaa k\u00e4ytt\u00e4\u00e4 s\u00e4\u00e4nn\u00f6llisesti kokoontuva hallitus sek\u00e4 kerran vuodessa\u00a0 vuosikokous, joka on tarkoitettu kaikille yhdistyksen j\u00e4senille.<\/p>\n<p>Toimintansa tukemiseksi yhdistys voi ottaa vastaan lahjoituksia, avustuksia ja testamentteja. Se saa omistaa toimintaansa varten tarpeellista kiinte\u00e4\u00e4 ja irtainta omaisuutta, j\u00e4rjest\u00e4\u00e4 kilpailuja, huvitilaisuuksia, tehd\u00e4 tarkoitukseen liittyvi\u00e4 julkaisuja sek\u00e4 toimeenpanna asianmukaisen luvan saatuaan arpajaisia ja rahanker\u00e4yksi\u00e4.<\/p>\n<p>Kyl\u00e4yhdistyksen toimintaa voi kannattaa my\u00f6s hankkimalla kotaosakkeen Tervakummun kodasta. Osakkeita on useita erihintaisia.<\/p>\n<p>Aktiivinen kyl\u00e4yhdistys on j\u00e4rjest\u00e4nyt historiansa aikana paljon erilaista toimintaa kyl\u00e4l\u00e4isten ja muidenkin iloksi. Tapahtumien keskuspaikkana on entinen kyl\u00e4koulu, jonka omistaa vajaan kymmenen mikkolanniemel\u00e4isen omistama Mikkolanniemen Kyl\u00e4tuki Oy. Se vastaa rakennusten yll\u00e4pidosta ja vuokraa niit\u00e4 edelleen kyl\u00e4yhdistyksen k\u00e4ytt\u00f6\u00f6n. Paikkan nimi on nyt Mikkolanniemen\u00a0 toiminta-, retkeily- ja kulttuurikeskus.<\/p>\n<p>Kyl\u00e4yhdistyksen j\u00e4rjest\u00e4mist\u00e4 tapahtumista perinteeksi ovat muodostuneet Maailman pienimm\u00e4t joulumessut, joita on j\u00e4rjestetty jo vuodesta 1998. Messumyyji\u00e4 ja -esittelij\u00f6it\u00e4 saapuu joka vuosi koko l\u00e4hiseudulta tekem\u00e4\u00e4n tuotteitaan tunnetuksi.<\/p>\n<p>T\u00e4ll\u00e4 hetkell\u00e4 kyl\u00e4yhdistyksen toiminta painottuu teatteriharrastukseen; yhdistyksen hallinnoiman &#8221;Mikkis-teatterin&#8221; n\u00e4ytelm\u00e4 &#8221;Muhoksen Mimmi&#8221; oli\u00a0 kes\u00e4ll\u00e4 2009 suuri menestys.<\/p>\n","protected":false},"excerpt":{"rendered":"<p>Mikkolanniemen kyl\u00e4yhdistys 2009 Kyl\u00e4yhdistyksen perustamisideana oli parantaa 115 asukkaan kyl\u00e4n elinoloja ja viihtyvyytt\u00e4. Samaa ajatusta on pidetty esill\u00e4 my\u00f6s toiminnan jatkuessa. Kyl\u00e4yhdistyksess\u00e4 p\u00e4\u00e4t\u00f6svaltaa k\u00e4ytt\u00e4\u00e4 s\u00e4\u00e4nn\u00f6llisesti kokoontuva hallitus sek\u00e4 kerran vuodessa\u00a0 vuosikokous, joka on tarkoitettu kaikille yhdistyksen j\u00e4senille. Toimintansa tukemiseksi yhdistys &hellip; <a href=\"https:\/\/kylat.ekarjala.fi\/mikkolanniemi\/kylayhdistys\/\">Lue loppuun <span class=\"meta-nav\">&rarr;<\/span><\/a><\/p>\n","protected":false},"author":65,"featured_media":0,"parent":0,"menu_order":6,"comment_status":"closed","ping_status":"closed","template":"","meta":{"footnotes":""},"class_list":["post-15","page","type-page","status-publish","hentry"],"_links":{"self":[{"href":"https:\/\/kylat.ekarjala.fi\/mikkolanniemi\/wp-json\/wp\/v2\/pages\/15","targetHints":{"allow":["GET"]}}],"collection":[{"href":"https:\/\/kylat.ekarjala.fi\/mikkolanniemi\/wp-json\/wp\/v2\/pages"}],"about":[{"href":"https:\/\/kylat.ekarjala.fi\/mikkolanniemi\/wp-json\/wp\/v2\/types\/page"}],"author":[{"embeddable":true,"href":"https:\/\/kylat.ekarjala.fi\/mikkolanniemi\/wp-json\/wp\/v2\/users\/65"}],"replies":[{"embeddable":true,"href":"https:\/\/kylat.ekarjala.fi\/mikkolanniemi\/wp-json\/wp\/v2\/comments?post=15"}],"version-history":[{"count":2,"href":"https:\/\/kylat.ekarjala.fi\/mikkolanniemi\/wp-json\/wp\/v2\/pages\/15\/revisions"}],"predecessor-version":[{"id":502,"href":"https:\/\/kylat.ekarjala.fi\/mikkolanniemi\/wp-json\/wp\/v2\/pages\/15\/revisions\/502"}],"wp:attachment":[{"href":"https:\/\/kylat.ekarjala.fi\/mikkolanniemi\/wp-json\/wp\/v2\/media?parent=15"}],"curies":[{"name":"wp","href":"https:\/\/api.w.org\/{rel}","templated":true}]}}