{"id":18,"date":"2011-10-26T12:14:52","date_gmt":"2011-10-26T10:44:52","guid":{"rendered":"https:\/\/kylat.ekarjala.fi\/mikkolanniemi\/?page_id=18"},"modified":"2012-05-28T00:04:13","modified_gmt":"2012-05-27T22:34:13","slug":"nykypaiva","status":"publish","type":"page","link":"https:\/\/kylat.ekarjala.fi\/mikkolanniemi\/kylayhdistys\/nykypaiva\/","title":{"rendered":"Nykyp\u00e4iv\u00e4"},"content":{"rendered":"<h1>MIKKOLANNIEMI &#8211; katsaus kyl\u00e4toiminnan eiliseen ja nykyp\u00e4iv\u00e4\u00e4n<\/h1>\n<p>T\u00e4m\u00e4np\u00e4iv\u00e4n Mikkolanniemi tunnetaan ennen kaikkea vire\u00e4st\u00e4 kyl\u00e4toiminnastaan. Parikkalan seudun kyl\u00e4toiminta-aatteen syntysanat kirjattiin nimenomaan t\u00e4\u00e4ll\u00e4 Mikkolanniemell\u00e4 &#8211; tarkalleen ottaen 10.4.1980. T\u00e4st\u00e4 alkanut kyl\u00e4toiminta levisi moneen seutukunnan kyl\u00e4\u00e4n.<\/p>\n<p>Kyl\u00e4toiminnan alkamiseen vaikutti viel\u00e4 tuolloin (1980) olemassa olevien palveluiden turvaaminen ja niiden puolesta taistelu. Ajankohtaisin uhka juuri silloin oli kauppakuolema. Osuuskauppa oli v\u00e4l\u00e4ytellyt lopettamista. Kyl\u00e4ss\u00e4 toimi viel\u00e4 lis\u00e4ksi pankki, posti ja koulu. Sittemmin ovat palvelut kaikonneet entiseen kuntakeskukseen Akonpohjaan.<\/p>\n<p>Onneksi kyl\u00e4st\u00e4 l\u00f6ytyi ryhti\u00e4 ostaa kunnalta entinen koulukiinteist\u00f6 vuonna 2000 Mikkolanniemen Kyl\u00e4tuki Oy:n nimiin. Osakeyhti\u00f6ss\u00e4 oli alkuaan 12 yksityist\u00e4 osakasta ja kyl\u00e4yhdistys, joka perustettiin ja rekister\u00f6itiin vuonna 1998. T\u00e4t\u00e4 ennen kyl\u00e4toimintaa oli harjoitettu Mikkolanniemi-Honkakyl\u00e4-kyl\u00e4toimikunnan puitteissa.<\/p>\n<p>Jo 1990-luvulla kyl\u00e4\u00e4n ymp\u00e4rist\u00f6ineen oli onnistuttu saamaan EU-rahoitteisia retkeily- ja luontohankkeita, joiden tuloksena valmistuivat mm. laavu ja 3 km:n reitti, Tervekummun kota \u00a0ja laajemmat reitit sek\u00e4 lintutorni. Mikkolanniemest\u00e4 onkin kehittynyt mainio vaellus- ja hiihtoreittien kyl\u00e4. 2000-luvulla EU-hankkeet ovat jatkuneet Leader-rahoitteisina entisen koulun, nykyisen Mikkolanniemen toiminta-, kulttuuri- ja retkeilykeskuksen kunnostamisella ja kehitt\u00e4misell\u00e4.<\/p>\n<p>Viisi vuotta on rimaa hipoen selvitty eteenp\u00e4in kiinteist\u00f6n suhteen. Kyl\u00e4n aktiivisin v\u00e4est\u00f6 on uhrautunut tekem\u00e4\u00e4n tuhansia talkootunteja vuosittain. Kyl\u00e4yhdistyksen toiminnan menestystekij\u00f6it\u00e4 ovat olleet &#8217;Maailman Pienimm\u00e4t Joulumessut&#8217; jo seitsem\u00e4n vuoden ajan ja kes\u00e4isin hein\u00e4kuiset ohjelmalliset kyl\u00e4tori-illat rosvopaisteineen tiistai-iltaisin. Alati nimekk\u00e4\u00e4mm\u00e4tesiintyj\u00e4t ovat omalta osaltaan tuoneet osanottajia tapahtumiin yh\u00e4 kauempaa. Visiona onkin, ett\u00e4 Mikkolanniemest\u00e4 tehd\u00e4\u00e4n Parikkalankunnan aluekulttuurikeskus. Sijainti siihen on eritt\u00e4in hyv\u00e4, Uukuniemikin huomioiden.<\/p>\n<p>Kyl\u00e4n asukasluku on n. 115 henkil\u00f6\u00e4 jakautuen 49 eri talouteen. Ik\u00e4rakenne on vanhusvoittoinen, mutta nuoriakin kyl\u00e4ss\u00e4 on. Viime vuosien aikana on muutama uusi asukas n\u00e4hnyt p\u00e4iv\u00e4nvalon. Toimivia maatiloja on en\u00e4\u00e4 harvassa, lypsykarjaa l\u00f6ytyy kolmelta tilalta. Pellot on pienilt\u00e4 tiloilta vuokrattu toimiville suuremmille tiloille. Kyl\u00e4ss\u00e4 toimii kaksi matkailuyrityst\u00e4: Kokkosen Lomam\u00f6kit ja Myllylammen Lomam\u00f6kit. My\u00f6s Mikkolanniemen Kyl\u00e4tuki Oy virittelee majoitus- ja ohjelmapalvelutoimintaa kyl\u00e4yhdistyksen kanssa.<\/p>\n<p>Paakkisen Autopaja on yrityspuolella kyl\u00e4n sielu, joka tunnetaan laajalti hyvist\u00e4 palveluistaan. Samoin voi sanoa Unton (Silvennoinen) Peltity\u00f6t-yrityksest\u00e4. Pentti P\u00e4\u00e4kk\u00f6sen ravitalli tunnetaan my\u00f6s laajasti. Kyl\u00e4l\u00e4isten enimm\u00e4t ty\u00f6paikat l\u00f6ytyv\u00e4t rajavartiostosta, kuntasektorilta ja muutamista yksityisist\u00e4 yrityksist\u00e4. My\u00f6s joitakin et\u00e4ty\u00f6n tekij\u00f6it\u00e4 asuu Mikkolanniemell\u00e4.<\/p>\n<p>Hevosharrastus on voimistumassa kyl\u00e4ll\u00e4. Ennen kaikkea nuorempi naisv\u00e4ki on l\u00f6yt\u00e4nyt hevoset harrastuksensa piiriin. Moniin Mikkolanniemen ohjelmallisiin tilaisuuksiin on l\u00f6ytynyt my\u00f6s tanssiorkesteri omasta takaa, laajemminkin keikkaileva &#8217;Suvituuli&#8217;, jonka j\u00e4senist\u00f6\u00e4 asuu kyl\u00e4ll\u00e4.<\/p>\n<p>Mikkolanniemi on tullut tunnetuksi Tarassiinlahden lintukosteikon ja -tornin my\u00f6t\u00e4 valtakunnallisestikin. Pien-Rautj\u00e4rven Tarassiinlahti on monena vuonna ollut tornien taistossa sis\u00e4-Suomen paras eli lajirikkain torni koko valtakunnassa. My\u00f6s Pien-Rautj\u00e4rven virkistyskalastus on elpym\u00e4ss\u00e4 hyv\u00e4n luontaisen kalakannan, istutusten ja vesist\u00f6nhuoltotoimenpiteiden ansiosta. J\u00e4rvelt\u00e4 l\u00f6ytyy my\u00f6s Natura-kohteita.<\/p>\n<p>Raimo Penttinen<\/p>\n","protected":false},"excerpt":{"rendered":"<p>MIKKOLANNIEMI &#8211; katsaus kyl\u00e4toiminnan eiliseen ja nykyp\u00e4iv\u00e4\u00e4n T\u00e4m\u00e4np\u00e4iv\u00e4n Mikkolanniemi tunnetaan ennen kaikkea vire\u00e4st\u00e4 kyl\u00e4toiminnastaan. Parikkalan seudun kyl\u00e4toiminta-aatteen syntysanat kirjattiin nimenomaan t\u00e4\u00e4ll\u00e4 Mikkolanniemell\u00e4 &#8211; tarkalleen ottaen 10.4.1980. T\u00e4st\u00e4 alkanut kyl\u00e4toiminta levisi moneen seutukunnan kyl\u00e4\u00e4n. Kyl\u00e4toiminnan alkamiseen vaikutti viel\u00e4 tuolloin (1980) olemassa &hellip; <a href=\"https:\/\/kylat.ekarjala.fi\/mikkolanniemi\/kylayhdistys\/nykypaiva\/\">Lue loppuun <span class=\"meta-nav\">&rarr;<\/span><\/a><\/p>\n","protected":false},"author":65,"featured_media":0,"parent":15,"menu_order":1,"comment_status":"closed","ping_status":"closed","template":"","meta":{"footnotes":""},"class_list":["post-18","page","type-page","status-publish","hentry"],"_links":{"self":[{"href":"https:\/\/kylat.ekarjala.fi\/mikkolanniemi\/wp-json\/wp\/v2\/pages\/18","targetHints":{"allow":["GET"]}}],"collection":[{"href":"https:\/\/kylat.ekarjala.fi\/mikkolanniemi\/wp-json\/wp\/v2\/pages"}],"about":[{"href":"https:\/\/kylat.ekarjala.fi\/mikkolanniemi\/wp-json\/wp\/v2\/types\/page"}],"author":[{"embeddable":true,"href":"https:\/\/kylat.ekarjala.fi\/mikkolanniemi\/wp-json\/wp\/v2\/users\/65"}],"replies":[{"embeddable":true,"href":"https:\/\/kylat.ekarjala.fi\/mikkolanniemi\/wp-json\/wp\/v2\/comments?post=18"}],"version-history":[{"count":4,"href":"https:\/\/kylat.ekarjala.fi\/mikkolanniemi\/wp-json\/wp\/v2\/pages\/18\/revisions"}],"predecessor-version":[{"id":20,"href":"https:\/\/kylat.ekarjala.fi\/mikkolanniemi\/wp-json\/wp\/v2\/pages\/18\/revisions\/20"}],"up":[{"embeddable":true,"href":"https:\/\/kylat.ekarjala.fi\/mikkolanniemi\/wp-json\/wp\/v2\/pages\/15"}],"wp:attachment":[{"href":"https:\/\/kylat.ekarjala.fi\/mikkolanniemi\/wp-json\/wp\/v2\/media?parent=18"}],"curies":[{"name":"wp","href":"https:\/\/api.w.org\/{rel}","templated":true}]}}