{"id":1866,"date":"2016-01-15T17:32:36","date_gmt":"2016-01-15T16:02:36","guid":{"rendered":"https:\/\/kylat.ekarjala.fi\/mikkolanniemi\/?page_id=1866"},"modified":"2024-01-03T14:17:03","modified_gmt":"2024-01-03T12:47:03","slug":"2015-tapahtumia","status":"publish","type":"page","link":"https:\/\/kylat.ekarjala.fi\/mikkolanniemi\/tapahtumat\/2015-tapahtumia\/","title":{"rendered":"2015 Tapahtumia"},"content":{"rendered":"<p>23.12. Joulurauhan julistus rakovalkean \u00e4\u00e4rell\u00e4, mukana 45 henkil\u00f6\u00e4.<\/p>\n<p><a href=\"https:\/\/kylat.ekarjala.fi\/mikkolanniemi\/wp-content\/uploads\/sites\/31\/2011\/10\/20151223_181420.jpg\"><img loading=\"lazy\" decoding=\"async\" class=\"alignleft size-medium wp-image-1838\" src=\"https:\/\/kylat.ekarjala.fi\/mikkolanniemi\/wp-content\/uploads\/sites\/31\/2011\/10\/20151223_181420-300x180.jpg\" alt=\"20151223_181420\" width=\"300\" height=\"180\" srcset=\"https:\/\/kylat.ekarjala.fi\/mikkolanniemi\/wp-content\/uploads\/sites\/31\/2011\/10\/20151223_181420-300x180.jpg 300w, https:\/\/kylat.ekarjala.fi\/mikkolanniemi\/wp-content\/uploads\/sites\/31\/2011\/10\/20151223_181420-1024x614.jpg 1024w\" sizes=\"auto, (max-width: 300px) 100vw, 300px\" \/><\/a><a href=\"https:\/\/kylat.ekarjala.fi\/mikkolanniemi\/wp-content\/uploads\/sites\/31\/2016\/01\/20151223_181233.jpg\"><img loading=\"lazy\" decoding=\"async\" class=\"alignnone size-medium wp-image-1869\" src=\"https:\/\/kylat.ekarjala.fi\/mikkolanniemi\/wp-content\/uploads\/sites\/31\/2016\/01\/20151223_181233-300x180.jpg\" alt=\"20151223_181233\" width=\"300\" height=\"180\" srcset=\"https:\/\/kylat.ekarjala.fi\/mikkolanniemi\/wp-content\/uploads\/sites\/31\/2016\/01\/20151223_181233-300x180.jpg 300w, https:\/\/kylat.ekarjala.fi\/mikkolanniemi\/wp-content\/uploads\/sites\/31\/2016\/01\/20151223_181233-1024x614.jpg 1024w\" sizes=\"auto, (max-width: 300px) 100vw, 300px\" \/><\/a><\/p>\n<p>6.12. pidettiin 18. Joulumessut, k\u00e4vij\u00f6it\u00e4 mukavasti 350<\/p>\n<p style=\"text-align: left\"><a href=\"https:\/\/kylat.ekarjala.fi\/mikkolanniemi\/wp-content\/uploads\/sites\/31\/2016\/01\/20151206_120446.jpg\"><img loading=\"lazy\" decoding=\"async\" class=\"alignnone size-medium wp-image-1872 alignleft\" src=\"https:\/\/kylat.ekarjala.fi\/mikkolanniemi\/wp-content\/uploads\/sites\/31\/2016\/01\/20151206_120446-300x180.jpg\" alt=\"20151206_120446\" width=\"300\" height=\"180\" srcset=\"https:\/\/kylat.ekarjala.fi\/mikkolanniemi\/wp-content\/uploads\/sites\/31\/2016\/01\/20151206_120446-300x180.jpg 300w, https:\/\/kylat.ekarjala.fi\/mikkolanniemi\/wp-content\/uploads\/sites\/31\/2016\/01\/20151206_120446-1024x614.jpg 1024w\" sizes=\"auto, (max-width: 300px) 100vw, 300px\" \/><\/a><\/p>\n<p style=\"text-align: left\"><a href=\"https:\/\/kylat.ekarjala.fi\/mikkolanniemi\/wp-content\/uploads\/sites\/31\/2016\/01\/Joulumessut.jpg\"><img loading=\"lazy\" decoding=\"async\" class=\"alignnone size-medium wp-image-1876\" src=\"https:\/\/kylat.ekarjala.fi\/mikkolanniemi\/wp-content\/uploads\/sites\/31\/2016\/01\/Joulumessut-300x225.jpg\" alt=\"Joulumessut\" width=\"300\" height=\"225\" srcset=\"https:\/\/kylat.ekarjala.fi\/mikkolanniemi\/wp-content\/uploads\/sites\/31\/2016\/01\/Joulumessut-300x225.jpg 300w, https:\/\/kylat.ekarjala.fi\/mikkolanniemi\/wp-content\/uploads\/sites\/31\/2016\/01\/Joulumessut.jpg 687w\" sizes=\"auto, (max-width: 300px) 100vw, 300px\" \/><\/a><\/p>\n<p style=\"text-align: left\"><em><a href=\"https:\/\/drive.google.com\/folderview?id=0B7LbGfLR6CKCMlJlMF9IWThhYkU&amp;usp=sharing\" target=\"_blank\" rel=\"noopener\"> Kuuntele t\u00e4st\u00e4 Mikkis-miesten joululaulu<\/a> &nbsp; &nbsp; &nbsp; &nbsp; &nbsp; &nbsp; &nbsp; &nbsp; &nbsp; &nbsp; &nbsp; &nbsp; &nbsp;<a href=\"https:\/\/drive.google.com\/folderview?id=0B7LbGfLR6CKCbk5sdi0zd1hOaTg&amp;usp=sharing\" target=\"_blank\" rel=\"noopener\"> Lis\u00e4\u00e4 kuvia messuilta t\u00e4st\u00e4<\/a><\/em><\/p>\n<p style=\"text-align: left\">Syksyll\u00e4 j\u00e4rjestettiin yhdess\u00e4 EKSOTEN kanssa selviydy seniorina messut, letut maistuivat<\/p>\n<p style=\"text-align: left\"><a href=\"https:\/\/kylat.ekarjala.fi\/mikkolanniemi\/wp-content\/uploads\/sites\/31\/2016\/01\/IMG_9772.jpg\"><img loading=\"lazy\" decoding=\"async\" class=\"alignnone size-medium wp-image-1896\" src=\"https:\/\/kylat.ekarjala.fi\/mikkolanniemi\/wp-content\/uploads\/sites\/31\/2016\/01\/IMG_9772-300x225.jpg\" alt=\"IMG_9772\" width=\"300\" height=\"225\" srcset=\"https:\/\/kylat.ekarjala.fi\/mikkolanniemi\/wp-content\/uploads\/sites\/31\/2016\/01\/IMG_9772-300x225.jpg 300w, https:\/\/kylat.ekarjala.fi\/mikkolanniemi\/wp-content\/uploads\/sites\/31\/2016\/01\/IMG_9772.jpg 687w\" sizes=\"auto, (max-width: 300px) 100vw, 300px\" \/><\/a> <a href=\"https:\/\/kylat.ekarjala.fi\/mikkolanniemi\/wp-content\/uploads\/sites\/31\/2016\/01\/IMG_9794.jpg\"><img loading=\"lazy\" decoding=\"async\" class=\"alignnone size-medium wp-image-1897\" src=\"https:\/\/kylat.ekarjala.fi\/mikkolanniemi\/wp-content\/uploads\/sites\/31\/2016\/01\/IMG_9794-300x225.jpg\" alt=\"IMG_9794\" width=\"300\" height=\"225\" srcset=\"https:\/\/kylat.ekarjala.fi\/mikkolanniemi\/wp-content\/uploads\/sites\/31\/2016\/01\/IMG_9794-300x225.jpg 300w, https:\/\/kylat.ekarjala.fi\/mikkolanniemi\/wp-content\/uploads\/sites\/31\/2016\/01\/IMG_9794.jpg 687w\" sizes=\"auto, (max-width: 300px) 100vw, 300px\" \/><\/a><\/p>\n<p style=\"text-align: left\"><em><a href=\"https:\/\/drive.google.com\/folderview?id=0B7LbGfLR6CKCTFBKWm1EVG5LMEU&amp;usp=sharing\" target=\"_blank\" rel=\"noopener\">Lis\u00e4\u00e4 kuvia seniori messuilta t\u00e4st\u00e4<\/a><\/em><\/p>\n<p style=\"text-align: left\">J\u00c4\u00c4K\u00c4RIN MORSIAN oli yleis\u00f6menestys Mikkis-teatterissa kes\u00e4ll\u00e4<\/p>\n<p style=\"text-align: left\"><a href=\"https:\/\/drive.google.com\/folderview?id=0B0YpaN-IbqyFMlFMUGV3eVBjX2s&amp;usp=sharing\"><img loading=\"lazy\" decoding=\"async\" class=\"alignnone size-medium wp-image-1726\" src=\"https:\/\/kylat.ekarjala.fi\/mikkolanniemi\/wp-content\/uploads\/sites\/31\/2011\/10\/kuva021-300x200.jpg\" alt=\"kuva021\" width=\"300\" height=\"200\" srcset=\"https:\/\/kylat.ekarjala.fi\/mikkolanniemi\/wp-content\/uploads\/sites\/31\/2011\/10\/kuva021-300x200.jpg 300w, https:\/\/kylat.ekarjala.fi\/mikkolanniemi\/wp-content\/uploads\/sites\/31\/2011\/10\/kuva021.jpg 769w\" sizes=\"auto, (max-width: 300px) 100vw, 300px\" \/><img loading=\"lazy\" decoding=\"async\" class=\"alignnone size-medium wp-image-1718\" src=\"https:\/\/kylat.ekarjala.fi\/mikkolanniemi\/wp-content\/uploads\/sites\/31\/2011\/10\/kuva023-300x200.jpg\" alt=\"kuva023\" width=\"300\" height=\"200\" srcset=\"https:\/\/kylat.ekarjala.fi\/mikkolanniemi\/wp-content\/uploads\/sites\/31\/2011\/10\/kuva023-300x200.jpg 300w, https:\/\/kylat.ekarjala.fi\/mikkolanniemi\/wp-content\/uploads\/sites\/31\/2011\/10\/kuva023.jpg 769w\" sizes=\"auto, (max-width: 300px) 100vw, 300px\" \/><\/a><\/p>\n<p style=\"text-align: left\"><a href=\"https:\/\/drive.google.com\/folderview?id=0B0YpaN-IbqyFMlFMUGV3eVBjX2s&amp;usp=sharing\" target=\"_blank\" rel=\"noopener\"><em>Lis\u00e4\u00e4 kuvia n\u00e4ytelm\u00e4st\u00e4 t\u00e4st\u00e4<\/em><\/a><\/p>\n","protected":false},"excerpt":{"rendered":"<p>23.12. Joulurauhan julistus rakovalkean \u00e4\u00e4rell\u00e4, mukana 45 henkil\u00f6\u00e4. 6.12. pidettiin 18. Joulumessut, k\u00e4vij\u00f6it\u00e4 mukavasti 350 Kuuntele t\u00e4st\u00e4 Mikkis-miesten joululaulu &nbsp; &nbsp; &nbsp; &nbsp; &nbsp; &nbsp; &nbsp; &nbsp; &nbsp; &nbsp; &nbsp; &nbsp; &nbsp; Lis\u00e4\u00e4 kuvia messuilta t\u00e4st\u00e4 Syksyll\u00e4 j\u00e4rjestettiin yhdess\u00e4 EKSOTEN &hellip; <a href=\"https:\/\/kylat.ekarjala.fi\/mikkolanniemi\/tapahtumat\/2015-tapahtumia\/\">Lue loppuun <span class=\"meta-nav\">&rarr;<\/span><\/a><\/p>\n","protected":false},"author":88,"featured_media":0,"parent":107,"menu_order":6,"comment_status":"closed","ping_status":"closed","template":"","meta":{"footnotes":""},"class_list":["post-1866","page","type-page","status-publish","hentry"],"_links":{"self":[{"href":"https:\/\/kylat.ekarjala.fi\/mikkolanniemi\/wp-json\/wp\/v2\/pages\/1866","targetHints":{"allow":["GET"]}}],"collection":[{"href":"https:\/\/kylat.ekarjala.fi\/mikkolanniemi\/wp-json\/wp\/v2\/pages"}],"about":[{"href":"https:\/\/kylat.ekarjala.fi\/mikkolanniemi\/wp-json\/wp\/v2\/types\/page"}],"author":[{"embeddable":true,"href":"https:\/\/kylat.ekarjala.fi\/mikkolanniemi\/wp-json\/wp\/v2\/users\/88"}],"replies":[{"embeddable":true,"href":"https:\/\/kylat.ekarjala.fi\/mikkolanniemi\/wp-json\/wp\/v2\/comments?post=1866"}],"version-history":[{"count":20,"href":"https:\/\/kylat.ekarjala.fi\/mikkolanniemi\/wp-json\/wp\/v2\/pages\/1866\/revisions"}],"predecessor-version":[{"id":3232,"href":"https:\/\/kylat.ekarjala.fi\/mikkolanniemi\/wp-json\/wp\/v2\/pages\/1866\/revisions\/3232"}],"up":[{"embeddable":true,"href":"https:\/\/kylat.ekarjala.fi\/mikkolanniemi\/wp-json\/wp\/v2\/pages\/107"}],"wp:attachment":[{"href":"https:\/\/kylat.ekarjala.fi\/mikkolanniemi\/wp-json\/wp\/v2\/media?parent=1866"}],"curies":[{"name":"wp","href":"https:\/\/api.w.org\/{rel}","templated":true}]}}