{"id":2212,"date":"2017-01-17T18:33:34","date_gmt":"2017-01-17T17:03:34","guid":{"rendered":"https:\/\/kylat.ekarjala.fi\/mikkolanniemi\/?page_id=2212"},"modified":"2024-01-03T14:17:15","modified_gmt":"2024-01-03T12:47:15","slug":"2016-tapahtumia","status":"publish","type":"page","link":"https:\/\/kylat.ekarjala.fi\/mikkolanniemi\/tapahtumat\/2016-tapahtumia\/","title":{"rendered":"2016 Tapahtumia"},"content":{"rendered":"<p>23.12. Perinteinen joulurauhanjulistus, v\u00e4ke\u00e4 mukavasti noin 60 henkil\u00f6\u00e4.<\/p>\n<p><a href=\"https:\/\/kylat.ekarjala.fi\/mikkolanniemi\/wp-content\/uploads\/sites\/31\/2011\/10\/Rauhallista-Joulua-1.jpg\"><img loading=\"lazy\" decoding=\"async\" class=\"alignnone size-medium wp-image-2186\" src=\"https:\/\/kylat.ekarjala.fi\/mikkolanniemi\/wp-content\/uploads\/sites\/31\/2011\/10\/Rauhallista-Joulua-1-300x180.jpg\" alt=\"\" width=\"300\" height=\"180\" srcset=\"https:\/\/kylat.ekarjala.fi\/mikkolanniemi\/wp-content\/uploads\/sites\/31\/2011\/10\/Rauhallista-Joulua-1-300x180.jpg 300w, https:\/\/kylat.ekarjala.fi\/mikkolanniemi\/wp-content\/uploads\/sites\/31\/2011\/10\/Rauhallista-Joulua-1-768x461.jpg 768w, https:\/\/kylat.ekarjala.fi\/mikkolanniemi\/wp-content\/uploads\/sites\/31\/2011\/10\/Rauhallista-Joulua-1-1024x614.jpg 1024w\" sizes=\"auto, (max-width: 300px) 100vw, 300px\" \/><\/a><a href=\"https:\/\/kylat.ekarjala.fi\/mikkolanniemi\/wp-content\/uploads\/sites\/31\/2017\/01\/IMG-20161223-WA0009.jpg\"><img loading=\"lazy\" decoding=\"async\" class=\"alignnone wp-image-2225\" src=\"https:\/\/kylat.ekarjala.fi\/mikkolanniemi\/wp-content\/uploads\/sites\/31\/2017\/01\/IMG-20161223-WA0009-300x225.jpg\" alt=\"\" width=\"240\" height=\"180\" srcset=\"https:\/\/kylat.ekarjala.fi\/mikkolanniemi\/wp-content\/uploads\/sites\/31\/2017\/01\/IMG-20161223-WA0009-300x225.jpg 300w, https:\/\/kylat.ekarjala.fi\/mikkolanniemi\/wp-content\/uploads\/sites\/31\/2017\/01\/IMG-20161223-WA0009-768x576.jpg 768w, https:\/\/kylat.ekarjala.fi\/mikkolanniemi\/wp-content\/uploads\/sites\/31\/2017\/01\/IMG-20161223-WA0009-1024x768.jpg 1024w, https:\/\/kylat.ekarjala.fi\/mikkolanniemi\/wp-content\/uploads\/sites\/31\/2017\/01\/IMG-20161223-WA0009.jpg 1600w\" sizes=\"auto, (max-width: 240px) 100vw, 240px\" \/><\/a><a href=\"https:\/\/kylat.ekarjala.fi\/mikkolanniemi\/wp-content\/uploads\/sites\/31\/2017\/01\/IMG-20161223-WA0010.jpg\"><img loading=\"lazy\" decoding=\"async\" class=\"alignnone size-medium wp-image-2226\" src=\"https:\/\/kylat.ekarjala.fi\/mikkolanniemi\/wp-content\/uploads\/sites\/31\/2017\/01\/IMG-20161223-WA0010-300x225.jpg\" alt=\"\" width=\"300\" height=\"225\" srcset=\"https:\/\/kylat.ekarjala.fi\/mikkolanniemi\/wp-content\/uploads\/sites\/31\/2017\/01\/IMG-20161223-WA0010-300x225.jpg 300w, https:\/\/kylat.ekarjala.fi\/mikkolanniemi\/wp-content\/uploads\/sites\/31\/2017\/01\/IMG-20161223-WA0010-768x576.jpg 768w, https:\/\/kylat.ekarjala.fi\/mikkolanniemi\/wp-content\/uploads\/sites\/31\/2017\/01\/IMG-20161223-WA0010-1024x768.jpg 1024w, https:\/\/kylat.ekarjala.fi\/mikkolanniemi\/wp-content\/uploads\/sites\/31\/2017\/01\/IMG-20161223-WA0010.jpg 1600w\" sizes=\"auto, (max-width: 300px) 100vw, 300px\" \/><\/a><a href=\"https:\/\/kylat.ekarjala.fi\/mikkolanniemi\/wp-content\/uploads\/sites\/31\/2017\/01\/IMG-20161223-WA0008.jpg\"><img loading=\"lazy\" decoding=\"async\" class=\"alignnone size-medium wp-image-2224\" src=\"https:\/\/kylat.ekarjala.fi\/mikkolanniemi\/wp-content\/uploads\/sites\/31\/2017\/01\/IMG-20161223-WA0008-300x225.jpg\" alt=\"\" width=\"300\" height=\"225\" srcset=\"https:\/\/kylat.ekarjala.fi\/mikkolanniemi\/wp-content\/uploads\/sites\/31\/2017\/01\/IMG-20161223-WA0008-300x225.jpg 300w, https:\/\/kylat.ekarjala.fi\/mikkolanniemi\/wp-content\/uploads\/sites\/31\/2017\/01\/IMG-20161223-WA0008-768x576.jpg 768w, https:\/\/kylat.ekarjala.fi\/mikkolanniemi\/wp-content\/uploads\/sites\/31\/2017\/01\/IMG-20161223-WA0008-1024x768.jpg 1024w, https:\/\/kylat.ekarjala.fi\/mikkolanniemi\/wp-content\/uploads\/sites\/31\/2017\/01\/IMG-20161223-WA0008.jpg 1600w\" sizes=\"auto, (max-width: 300px) 100vw, 300px\" \/><\/a><\/p>\n<p><strong>19. Maailman Pienimm\u00e4t Joulumessut!<\/strong><\/p>\n<p>Sunnuntai 4. 12. 2016&nbsp;&nbsp;&nbsp;&nbsp;&nbsp;&nbsp;&nbsp;&nbsp;&nbsp;&nbsp;&nbsp;&nbsp;<em>&nbsp;&nbsp;&nbsp;&nbsp;<\/em><a href=\"https:\/\/drive.google.com\/drive\/folders\/0B7LbGfLR6CKCZDN2dHk0UmpybU0?usp=sharing\" target=\"_blank\" rel=\"noopener\"><em> Lapset laulaa pukille, kuuntele t\u00e4st\u00e4<\/em><\/a><\/p>\n<p style=\"text-align: center\"><a href=\"https:\/\/kylat.ekarjala.fi\/mikkolanniemi\/wp-content\/uploads\/sites\/31\/2011\/10\/20161204_130918.jpg\"><img loading=\"lazy\" decoding=\"async\" class=\"alignnone size-medium wp-image-2139\" src=\"https:\/\/kylat.ekarjala.fi\/mikkolanniemi\/wp-content\/uploads\/sites\/31\/2011\/10\/20161204_130918-300x180.jpg\" alt=\"\" width=\"300\" height=\"180\" srcset=\"https:\/\/kylat.ekarjala.fi\/mikkolanniemi\/wp-content\/uploads\/sites\/31\/2011\/10\/20161204_130918-300x180.jpg 300w, https:\/\/kylat.ekarjala.fi\/mikkolanniemi\/wp-content\/uploads\/sites\/31\/2011\/10\/20161204_130918-768x461.jpg 768w, https:\/\/kylat.ekarjala.fi\/mikkolanniemi\/wp-content\/uploads\/sites\/31\/2011\/10\/20161204_130918-1024x614.jpg 1024w\" sizes=\"auto, (max-width: 300px) 100vw, 300px\" \/><\/a><a href=\"https:\/\/kylat.ekarjala.fi\/mikkolanniemi\/wp-content\/uploads\/sites\/31\/2011\/10\/20161204_130907.jpg\"><img loading=\"lazy\" decoding=\"async\" class=\"alignnone size-medium wp-image-2138\" src=\"https:\/\/kylat.ekarjala.fi\/mikkolanniemi\/wp-content\/uploads\/sites\/31\/2011\/10\/20161204_130907-300x180.jpg\" alt=\"\" width=\"300\" height=\"180\" srcset=\"https:\/\/kylat.ekarjala.fi\/mikkolanniemi\/wp-content\/uploads\/sites\/31\/2011\/10\/20161204_130907-300x180.jpg 300w, https:\/\/kylat.ekarjala.fi\/mikkolanniemi\/wp-content\/uploads\/sites\/31\/2011\/10\/20161204_130907-768x461.jpg 768w, https:\/\/kylat.ekarjala.fi\/mikkolanniemi\/wp-content\/uploads\/sites\/31\/2011\/10\/20161204_130907-1024x614.jpg 1024w\" sizes=\"auto, (max-width: 300px) 100vw, 300px\" \/><\/a><a href=\"https:\/\/kylat.ekarjala.fi\/mikkolanniemi\/wp-content\/uploads\/sites\/31\/2011\/10\/20161204_125716.jpg\"><img loading=\"lazy\" decoding=\"async\" class=\"alignnone size-medium wp-image-2137\" src=\"https:\/\/kylat.ekarjala.fi\/mikkolanniemi\/wp-content\/uploads\/sites\/31\/2011\/10\/20161204_125716-300x180.jpg\" alt=\"\" width=\"300\" height=\"180\" srcset=\"https:\/\/kylat.ekarjala.fi\/mikkolanniemi\/wp-content\/uploads\/sites\/31\/2011\/10\/20161204_125716-300x180.jpg 300w, https:\/\/kylat.ekarjala.fi\/mikkolanniemi\/wp-content\/uploads\/sites\/31\/2011\/10\/20161204_125716-768x461.jpg 768w, https:\/\/kylat.ekarjala.fi\/mikkolanniemi\/wp-content\/uploads\/sites\/31\/2011\/10\/20161204_125716-1024x614.jpg 1024w\" sizes=\"auto, (max-width: 300px) 100vw, 300px\" \/><\/a><a href=\"https:\/\/kylat.ekarjala.fi\/mikkolanniemi\/wp-content\/uploads\/sites\/31\/2011\/10\/20161204_125604.jpg\"><img loading=\"lazy\" decoding=\"async\" class=\"alignnone size-medium wp-image-2136\" src=\"https:\/\/kylat.ekarjala.fi\/mikkolanniemi\/wp-content\/uploads\/sites\/31\/2011\/10\/20161204_125604-300x180.jpg\" alt=\"\" width=\"300\" height=\"180\" srcset=\"https:\/\/kylat.ekarjala.fi\/mikkolanniemi\/wp-content\/uploads\/sites\/31\/2011\/10\/20161204_125604-300x180.jpg 300w, https:\/\/kylat.ekarjala.fi\/mikkolanniemi\/wp-content\/uploads\/sites\/31\/2011\/10\/20161204_125604-768x461.jpg 768w, https:\/\/kylat.ekarjala.fi\/mikkolanniemi\/wp-content\/uploads\/sites\/31\/2011\/10\/20161204_125604-1024x614.jpg 1024w\" sizes=\"auto, (max-width: 300px) 100vw, 300px\" \/><\/a><\/p>\n<p style=\"text-align: center\"><strong>MIKKIS-TEATTERI esitti kes\u00e4ll\u00e4 2016<\/strong><strong><br \/>\nMusiikillisen merimieshupailun<\/strong><\/p>\n<h2 style=\"text-align: center\"><span style=\"color: #ff0000\"><strong>Kalle Aaltosen morsian<\/strong><\/span><\/h2>\n<p style=\"text-align: center\">K\u00e4sikirjoitus: Tatu ja Aino Pekkarinen<br \/>\nOhjaus: Tarja J\u00e4nis<\/p>\n<p><a href=\"https:\/\/kylat.ekarjala.fi\/mikkolanniemi\/wp-content\/uploads\/sites\/31\/2011\/10\/Kalle-Aaltosen-morsian-e1465462344578.jpg\"><img loading=\"lazy\" decoding=\"async\" class=\"size-full wp-image-2002 aligncenter\" src=\"https:\/\/kylat.ekarjala.fi\/mikkolanniemi\/wp-content\/uploads\/sites\/31\/2011\/10\/Kalle-Aaltosen-morsian-e1465462344578.jpg\" alt=\"\" width=\"500\" height=\"334\"><\/a> <a href=\"https:\/\/kylat.ekarjala.fi\/mikkolanniemi\/wp-content\/uploads\/sites\/31\/2011\/10\/Kalle-Aaltosen-morsian_.jpg\"><img loading=\"lazy\" decoding=\"async\" class=\"size-full wp-image-2003 aligncenter\" src=\"https:\/\/kylat.ekarjala.fi\/mikkolanniemi\/wp-content\/uploads\/sites\/31\/2011\/10\/Kalle-Aaltosen-morsian_.jpg\" alt=\"\" width=\"838\" height=\"559\" srcset=\"https:\/\/kylat.ekarjala.fi\/mikkolanniemi\/wp-content\/uploads\/sites\/31\/2011\/10\/Kalle-Aaltosen-morsian_.jpg 838w, https:\/\/kylat.ekarjala.fi\/mikkolanniemi\/wp-content\/uploads\/sites\/31\/2011\/10\/Kalle-Aaltosen-morsian_-300x200.jpg 300w, https:\/\/kylat.ekarjala.fi\/mikkolanniemi\/wp-content\/uploads\/sites\/31\/2011\/10\/Kalle-Aaltosen-morsian_-768x512.jpg 768w\" sizes=\"auto, (max-width: 838px) 100vw, 838px\" \/><\/a> <a href=\"https:\/\/kylat.ekarjala.fi\/mikkolanniemi\/wp-content\/uploads\/sites\/31\/2011\/10\/Kalle-Aaltosen-morsian2.jpg\"><img loading=\"lazy\" decoding=\"async\" class=\"aligncenter size-full wp-image-2004\" src=\"https:\/\/kylat.ekarjala.fi\/mikkolanniemi\/wp-content\/uploads\/sites\/31\/2011\/10\/Kalle-Aaltosen-morsian2.jpg\" alt=\"\" width=\"718\" height=\"479\" srcset=\"https:\/\/kylat.ekarjala.fi\/mikkolanniemi\/wp-content\/uploads\/sites\/31\/2011\/10\/Kalle-Aaltosen-morsian2.jpg 718w, https:\/\/kylat.ekarjala.fi\/mikkolanniemi\/wp-content\/uploads\/sites\/31\/2011\/10\/Kalle-Aaltosen-morsian2-300x200.jpg 300w\" sizes=\"auto, (max-width: 718px) 100vw, 718px\" \/><\/a> <a href=\"https:\/\/kylat.ekarjala.fi\/mikkolanniemi\/wp-content\/uploads\/sites\/31\/2011\/10\/Kalle-Aaltosen-morsian3.jpg\"><img loading=\"lazy\" decoding=\"async\" class=\"size-full wp-image-2005 aligncenter\" src=\"https:\/\/kylat.ekarjala.fi\/mikkolanniemi\/wp-content\/uploads\/sites\/31\/2011\/10\/Kalle-Aaltosen-morsian3.jpg\" alt=\"\" width=\"320\" height=\"479\" srcset=\"https:\/\/kylat.ekarjala.fi\/mikkolanniemi\/wp-content\/uploads\/sites\/31\/2011\/10\/Kalle-Aaltosen-morsian3.jpg 320w, https:\/\/kylat.ekarjala.fi\/mikkolanniemi\/wp-content\/uploads\/sites\/31\/2011\/10\/Kalle-Aaltosen-morsian3-200x300.jpg 200w\" sizes=\"auto, (max-width: 320px) 100vw, 320px\" \/><\/a><\/p>\n<p><strong>Kuukausivaellus elokuussa sai liikkeelle mukavasti v\u00e4ke\u00e4<\/strong><\/p>\n<div id=\"attachment_2081\" style=\"width: 650px\" class=\"wp-caption aligncenter\"><a href=\"https:\/\/kylat.ekarjala.fi\/mikkolanniemi\/wp-content\/uploads\/sites\/31\/2011\/10\/20160821_133951.jpg\"><img loading=\"lazy\" decoding=\"async\" aria-describedby=\"caption-attachment-2081\" class=\"size-large wp-image-2081\" src=\"https:\/\/kylat.ekarjala.fi\/mikkolanniemi\/wp-content\/uploads\/sites\/31\/2011\/10\/20160821_133951-1024x614.jpg\" alt=\"\" width=\"640\" height=\"384\" srcset=\"https:\/\/kylat.ekarjala.fi\/mikkolanniemi\/wp-content\/uploads\/sites\/31\/2011\/10\/20160821_133951-1024x614.jpg 1024w, https:\/\/kylat.ekarjala.fi\/mikkolanniemi\/wp-content\/uploads\/sites\/31\/2011\/10\/20160821_133951-300x180.jpg 300w, https:\/\/kylat.ekarjala.fi\/mikkolanniemi\/wp-content\/uploads\/sites\/31\/2011\/10\/20160821_133951-768x461.jpg 768w\" sizes=\"auto, (max-width: 640px) 100vw, 640px\" \/><\/a><p id=\"caption-attachment-2081\" class=\"wp-caption-text\">Kahvitauko laavulla<\/p><\/div>\n<p><strong>Retkeilyreitin kunnostusta toukokuussa<\/strong><\/p>\n<div id=\"attachment_2034\" style=\"width: 650px\" class=\"wp-caption aligncenter\"><a href=\"https:\/\/kylat.ekarjala.fi\/mikkolanniemi\/wp-content\/uploads\/sites\/31\/2011\/10\/20160518_105654.jpg\"><img loading=\"lazy\" decoding=\"async\" aria-describedby=\"caption-attachment-2034\" class=\"size-large wp-image-2034\" src=\"https:\/\/kylat.ekarjala.fi\/mikkolanniemi\/wp-content\/uploads\/sites\/31\/2011\/10\/20160518_105654-1024x615.jpg\" alt=\"\" width=\"640\" height=\"384\" srcset=\"https:\/\/kylat.ekarjala.fi\/mikkolanniemi\/wp-content\/uploads\/sites\/31\/2011\/10\/20160518_105654-1024x615.jpg 1024w, https:\/\/kylat.ekarjala.fi\/mikkolanniemi\/wp-content\/uploads\/sites\/31\/2011\/10\/20160518_105654-300x180.jpg 300w, https:\/\/kylat.ekarjala.fi\/mikkolanniemi\/wp-content\/uploads\/sites\/31\/2011\/10\/20160518_105654-768x461.jpg 768w\" sizes=\"auto, (max-width: 640px) 100vw, 640px\" \/><\/a><p id=\"caption-attachment-2034\" class=\"wp-caption-text\">Sillan teko Virtsalammen maastossa<\/p><\/div>\n<p><a href=\"https:\/\/kylat.ekarjala.fi\/mikkolanniemi\/wp-content\/uploads\/sites\/31\/2011\/10\/20160518_105245.jpg\"><img loading=\"lazy\" decoding=\"async\" class=\"aligncenter size-large wp-image-2033\" src=\"https:\/\/kylat.ekarjala.fi\/mikkolanniemi\/wp-content\/uploads\/sites\/31\/2011\/10\/20160518_105245-1024x614.jpg\" alt=\"\" width=\"640\" height=\"384\" srcset=\"https:\/\/kylat.ekarjala.fi\/mikkolanniemi\/wp-content\/uploads\/sites\/31\/2011\/10\/20160518_105245-1024x614.jpg 1024w, https:\/\/kylat.ekarjala.fi\/mikkolanniemi\/wp-content\/uploads\/sites\/31\/2011\/10\/20160518_105245-300x180.jpg 300w, https:\/\/kylat.ekarjala.fi\/mikkolanniemi\/wp-content\/uploads\/sites\/31\/2011\/10\/20160518_105245-768x461.jpg 768w\" sizes=\"auto, (max-width: 640px) 100vw, 640px\" \/><\/a><a href=\"https:\/\/kylat.ekarjala.fi\/mikkolanniemi\/wp-content\/uploads\/sites\/31\/2011\/10\/20160518_120532.jpg\"><img loading=\"lazy\" decoding=\"async\" class=\"aligncenter size-large wp-image-2035\" src=\"https:\/\/kylat.ekarjala.fi\/mikkolanniemi\/wp-content\/uploads\/sites\/31\/2011\/10\/20160518_120532-1024x614.jpg\" alt=\"\" width=\"640\" height=\"384\" srcset=\"https:\/\/kylat.ekarjala.fi\/mikkolanniemi\/wp-content\/uploads\/sites\/31\/2011\/10\/20160518_120532-1024x614.jpg 1024w, https:\/\/kylat.ekarjala.fi\/mikkolanniemi\/wp-content\/uploads\/sites\/31\/2011\/10\/20160518_120532-300x180.jpg 300w, https:\/\/kylat.ekarjala.fi\/mikkolanniemi\/wp-content\/uploads\/sites\/31\/2011\/10\/20160518_120532-768x461.jpg 768w\" sizes=\"auto, (max-width: 640px) 100vw, 640px\" \/><\/a><\/p>\n","protected":false},"excerpt":{"rendered":"<p>23.12. Perinteinen joulurauhanjulistus, v\u00e4ke\u00e4 mukavasti noin 60 henkil\u00f6\u00e4. 19. Maailman Pienimm\u00e4t Joulumessut! Sunnuntai 4. 12. 2016&nbsp;&nbsp;&nbsp;&nbsp;&nbsp;&nbsp;&nbsp;&nbsp;&nbsp;&nbsp;&nbsp;&nbsp;&nbsp;&nbsp;&nbsp;&nbsp; Lapset laulaa pukille, kuuntele t\u00e4st\u00e4 MIKKIS-TEATTERI esitti kes\u00e4ll\u00e4 2016 Musiikillisen merimieshupailun Kalle Aaltosen morsian K\u00e4sikirjoitus: Tatu ja Aino Pekkarinen Ohjaus: Tarja J\u00e4nis Kuukausivaellus elokuussa &hellip; <a href=\"https:\/\/kylat.ekarjala.fi\/mikkolanniemi\/tapahtumat\/2016-tapahtumia\/\">Lue loppuun <span class=\"meta-nav\">&rarr;<\/span><\/a><\/p>\n","protected":false},"author":88,"featured_media":0,"parent":107,"menu_order":5,"comment_status":"closed","ping_status":"closed","template":"","meta":{"footnotes":""},"class_list":["post-2212","page","type-page","status-publish","hentry"],"_links":{"self":[{"href":"https:\/\/kylat.ekarjala.fi\/mikkolanniemi\/wp-json\/wp\/v2\/pages\/2212","targetHints":{"allow":["GET"]}}],"collection":[{"href":"https:\/\/kylat.ekarjala.fi\/mikkolanniemi\/wp-json\/wp\/v2\/pages"}],"about":[{"href":"https:\/\/kylat.ekarjala.fi\/mikkolanniemi\/wp-json\/wp\/v2\/types\/page"}],"author":[{"embeddable":true,"href":"https:\/\/kylat.ekarjala.fi\/mikkolanniemi\/wp-json\/wp\/v2\/users\/88"}],"replies":[{"embeddable":true,"href":"https:\/\/kylat.ekarjala.fi\/mikkolanniemi\/wp-json\/wp\/v2\/comments?post=2212"}],"version-history":[{"count":20,"href":"https:\/\/kylat.ekarjala.fi\/mikkolanniemi\/wp-json\/wp\/v2\/pages\/2212\/revisions"}],"predecessor-version":[{"id":3231,"href":"https:\/\/kylat.ekarjala.fi\/mikkolanniemi\/wp-json\/wp\/v2\/pages\/2212\/revisions\/3231"}],"up":[{"embeddable":true,"href":"https:\/\/kylat.ekarjala.fi\/mikkolanniemi\/wp-json\/wp\/v2\/pages\/107"}],"wp:attachment":[{"href":"https:\/\/kylat.ekarjala.fi\/mikkolanniemi\/wp-json\/wp\/v2\/media?parent=2212"}],"curies":[{"name":"wp","href":"https:\/\/api.w.org\/{rel}","templated":true}]}}