{"id":27,"date":"2011-10-26T12:27:55","date_gmt":"2011-10-26T10:57:55","guid":{"rendered":"https:\/\/kylat.ekarjala.fi\/mikkolanniemi\/?page_id=27"},"modified":"2022-03-27T19:28:11","modified_gmt":"2022-03-27T17:58:11","slug":"kylan-palveluita","status":"publish","type":"page","link":"https:\/\/kylat.ekarjala.fi\/mikkolanniemi\/kylan-palveluita\/","title":{"rendered":"Kyl\u00e4n palveluita"},"content":{"rendered":"<h3>HIRSINELI\u00d6<\/h3>\n<p>Tmi Erkki Punnonen<\/p>\n<p>Taipaleentie 128, 59530 Mikkolanniemi, puh. 050 3067262<\/p>\n<p>&#8211; kaikki rakennusalan ty\u00f6t<\/p>\n<h3><\/h3>\n<h3>HYV\u00c4N OLON KAMMARI<\/h3>\n<p>Pirjo Punnonen<\/p>\n<p>Taipaleentie 128, 59530 Mikkolanniemi, puh. 050 3786486<\/p>\n<p>&#8211; trager-terapia<\/p>\n<p>&#8211; j\u00e4senkorjaus<\/p>\n<p>&#8211; vy\u00f6hyketerapia<\/p>\n<p>&#8211; intialainen p\u00e4\u00e4hieronta<\/p>\n<p>&#8211; turvesaunahoitoja ryhmille v\u00e4hint\u00e4\u00e4n nelj\u00e4 henkil\u00f6\u00e4<\/p>\n<p><a href=\"http:\/\/www.trager.fi\/\">www.trager.fi<\/a><\/p>\n<p><strong>Korjaus- ja huoltoty\u00f6t<\/strong><br \/>\n<span style=\"text-decoration: underline\"><a href=\"http:\/\/www.directa.fi\/yritykset\/6680098\/Paakkisen+Autopaja+kommandiittiyhti%C3%B6\/\"><em>Paakkisen Autopaja ky<\/em><\/a><\/span>, Pajatie 36, 59530 MIKKOLANNIEMI<br \/>\npuh. 05 442 690, 0400 882 473<\/p>\n<p><strong>M\u00f6kkivuokraus<\/strong><br \/>\n<span style=\"text-decoration: underline\"><em><a href=\"http:\/\/www.lomarengas.fi\/mokit\/parikkala-myllylammen-lomamokit-216\" target=\"_blank\" rel=\"noopener\">Myllylammen lomam\u00f6kit<\/a><\/em><\/span><a href=\"http:\/\/www.gofinland.fi\/Henkiloasiakkaat\/Tuotekortti.iw3?ProductID=16576abe-7ab9-4a2b-8e8b-10343641c164\"><br \/>\n<\/a>Mikkolanniementie 345, 59530 MIKKOLANNIEMI<br \/>\npuh. 0505 896 977<\/p>\n","protected":false},"excerpt":{"rendered":"<p>HIRSINELI\u00d6 Tmi Erkki Punnonen Taipaleentie 128, 59530 Mikkolanniemi, puh. 050 3067262 &#8211; kaikki rakennusalan ty\u00f6t HYV\u00c4N OLON KAMMARI Pirjo Punnonen Taipaleentie 128, 59530 Mikkolanniemi, puh. 050 3786486 &#8211; trager-terapia &#8211; j\u00e4senkorjaus &#8211; vy\u00f6hyketerapia &#8211; intialainen p\u00e4\u00e4hieronta &#8211; turvesaunahoitoja ryhmille v\u00e4hint\u00e4\u00e4n &hellip; <a href=\"https:\/\/kylat.ekarjala.fi\/mikkolanniemi\/kylan-palveluita\/\">Lue loppuun <span class=\"meta-nav\">&rarr;<\/span><\/a><\/p>\n","protected":false},"author":65,"featured_media":0,"parent":0,"menu_order":7,"comment_status":"closed","ping_status":"closed","template":"","meta":{"footnotes":""},"class_list":["post-27","page","type-page","status-publish","hentry"],"_links":{"self":[{"href":"https:\/\/kylat.ekarjala.fi\/mikkolanniemi\/wp-json\/wp\/v2\/pages\/27","targetHints":{"allow":["GET"]}}],"collection":[{"href":"https:\/\/kylat.ekarjala.fi\/mikkolanniemi\/wp-json\/wp\/v2\/pages"}],"about":[{"href":"https:\/\/kylat.ekarjala.fi\/mikkolanniemi\/wp-json\/wp\/v2\/types\/page"}],"author":[{"embeddable":true,"href":"https:\/\/kylat.ekarjala.fi\/mikkolanniemi\/wp-json\/wp\/v2\/users\/65"}],"replies":[{"embeddable":true,"href":"https:\/\/kylat.ekarjala.fi\/mikkolanniemi\/wp-json\/wp\/v2\/comments?post=27"}],"version-history":[{"count":19,"href":"https:\/\/kylat.ekarjala.fi\/mikkolanniemi\/wp-json\/wp\/v2\/pages\/27\/revisions"}],"predecessor-version":[{"id":3141,"href":"https:\/\/kylat.ekarjala.fi\/mikkolanniemi\/wp-json\/wp\/v2\/pages\/27\/revisions\/3141"}],"wp:attachment":[{"href":"https:\/\/kylat.ekarjala.fi\/mikkolanniemi\/wp-json\/wp\/v2\/media?parent=27"}],"curies":[{"name":"wp","href":"https:\/\/api.w.org\/{rel}","templated":true}]}}