{"id":3223,"date":"2023-03-06T17:44:23","date_gmt":"2023-03-06T16:14:23","guid":{"rendered":"https:\/\/kylat.ekarjala.fi\/mikkolanniemi\/?page_id=3223"},"modified":"2024-01-03T14:19:01","modified_gmt":"2024-01-03T12:49:01","slug":"2022-tapahtumia","status":"publish","type":"page","link":"https:\/\/kylat.ekarjala.fi\/mikkolanniemi\/tapahtumat\/2022-tapahtumia\/","title":{"rendered":"2022 Tapahtumia"},"content":{"rendered":"\n<p>27.2. Saunahiihto, hiiht\u00e4ji\u00e4 oli 39<\/p>\n\n\n\n<p>23. Maailman pienimm\u00e4t joulumessut voitiin j\u00e4rjest\u00e4\u00e4 kahden koronavuoden j\u00e4lkeen.<br>Messuilla oli entinen hyv\u00e4 tunnelma ja kolmisensataa k\u00e4vij\u00e4\u00e4.<\/p>\n\n\n\n<p><\/p>\n\n\n\n<figure class=\"wp-block-gallery has-nested-images columns-default is-cropped wp-block-gallery-1 is-layout-flex wp-block-gallery-is-layout-flex\">\n<figure class=\"wp-block-image size-large\"><a href=\"https:\/\/kylat.ekarjala.fi\/mikkolanniemi\/wp-content\/uploads\/sites\/31\/2022\/12\/20221204_115450-scaled-e1670176424598.jpg\"><img loading=\"lazy\" decoding=\"async\" width=\"768\" height=\"1024\" data-id=\"3182\" src=\"https:\/\/kylat.ekarjala.fi\/mikkolanniemi\/wp-content\/uploads\/sites\/31\/2022\/12\/20221204_115450-scaled-e1670176424598-768x1024.jpg\" alt=\"\" class=\"wp-image-3182\" srcset=\"https:\/\/kylat.ekarjala.fi\/mikkolanniemi\/wp-content\/uploads\/sites\/31\/2022\/12\/20221204_115450-scaled-e1670176424598-768x1024.jpg 768w, https:\/\/kylat.ekarjala.fi\/mikkolanniemi\/wp-content\/uploads\/sites\/31\/2022\/12\/20221204_115450-scaled-e1670176424598-225x300.jpg 225w, https:\/\/kylat.ekarjala.fi\/mikkolanniemi\/wp-content\/uploads\/sites\/31\/2022\/12\/20221204_115450-scaled-e1670176424598-1152x1536.jpg 1152w, https:\/\/kylat.ekarjala.fi\/mikkolanniemi\/wp-content\/uploads\/sites\/31\/2022\/12\/20221204_115450-scaled-e1670176424598-1536x2048.jpg 1536w, https:\/\/kylat.ekarjala.fi\/mikkolanniemi\/wp-content\/uploads\/sites\/31\/2022\/12\/20221204_115450-scaled-e1670176424598.jpg 1920w\" sizes=\"auto, (max-width: 768px) 100vw, 768px\" \/><\/a><\/figure>\n\n\n\n<figure class=\"wp-block-image size-large\"><a href=\"https:\/\/kylat.ekarjala.fi\/mikkolanniemi\/wp-content\/uploads\/sites\/31\/2022\/12\/20221204_115458-1-scaled-e1670176364972.jpg\"><img loading=\"lazy\" decoding=\"async\" width=\"768\" height=\"1024\" data-id=\"3181\" src=\"https:\/\/kylat.ekarjala.fi\/mikkolanniemi\/wp-content\/uploads\/sites\/31\/2022\/12\/20221204_115458-1-scaled-e1670176364972-768x1024.jpg\" alt=\"\" class=\"wp-image-3181\" srcset=\"https:\/\/kylat.ekarjala.fi\/mikkolanniemi\/wp-content\/uploads\/sites\/31\/2022\/12\/20221204_115458-1-scaled-e1670176364972-768x1024.jpg 768w, https:\/\/kylat.ekarjala.fi\/mikkolanniemi\/wp-content\/uploads\/sites\/31\/2022\/12\/20221204_115458-1-scaled-e1670176364972-225x300.jpg 225w, https:\/\/kylat.ekarjala.fi\/mikkolanniemi\/wp-content\/uploads\/sites\/31\/2022\/12\/20221204_115458-1-scaled-e1670176364972-1152x1536.jpg 1152w, https:\/\/kylat.ekarjala.fi\/mikkolanniemi\/wp-content\/uploads\/sites\/31\/2022\/12\/20221204_115458-1-scaled-e1670176364972-1536x2048.jpg 1536w, https:\/\/kylat.ekarjala.fi\/mikkolanniemi\/wp-content\/uploads\/sites\/31\/2022\/12\/20221204_115458-1-scaled-e1670176364972.jpg 1920w\" sizes=\"auto, (max-width: 768px) 100vw, 768px\" \/><\/a><\/figure>\n\n\n\n<figure class=\"wp-block-image size-large\"><a href=\"https:\/\/kylat.ekarjala.fi\/mikkolanniemi\/wp-content\/uploads\/sites\/31\/2022\/12\/20221204_130157-scaled-e1670176088329.jpg\"><img loading=\"lazy\" decoding=\"async\" width=\"768\" height=\"1024\" data-id=\"3179\" src=\"https:\/\/kylat.ekarjala.fi\/mikkolanniemi\/wp-content\/uploads\/sites\/31\/2022\/12\/20221204_130157-scaled-e1670176088329-768x1024.jpg\" alt=\"\" class=\"wp-image-3179\" srcset=\"https:\/\/kylat.ekarjala.fi\/mikkolanniemi\/wp-content\/uploads\/sites\/31\/2022\/12\/20221204_130157-scaled-e1670176088329-768x1024.jpg 768w, https:\/\/kylat.ekarjala.fi\/mikkolanniemi\/wp-content\/uploads\/sites\/31\/2022\/12\/20221204_130157-scaled-e1670176088329-225x300.jpg 225w, https:\/\/kylat.ekarjala.fi\/mikkolanniemi\/wp-content\/uploads\/sites\/31\/2022\/12\/20221204_130157-scaled-e1670176088329-1152x1536.jpg 1152w, https:\/\/kylat.ekarjala.fi\/mikkolanniemi\/wp-content\/uploads\/sites\/31\/2022\/12\/20221204_130157-scaled-e1670176088329-1536x2048.jpg 1536w, https:\/\/kylat.ekarjala.fi\/mikkolanniemi\/wp-content\/uploads\/sites\/31\/2022\/12\/20221204_130157-scaled-e1670176088329.jpg 1920w\" sizes=\"auto, (max-width: 768px) 100vw, 768px\" \/><\/a><\/figure>\n\n\n\n<figure class=\"wp-block-image size-large\"><a href=\"https:\/\/kylat.ekarjala.fi\/mikkolanniemi\/wp-content\/uploads\/sites\/31\/2022\/12\/20221204_121243-scaled-e1670176105156.jpg\"><img loading=\"lazy\" decoding=\"async\" width=\"768\" height=\"1024\" data-id=\"3178\" src=\"https:\/\/kylat.ekarjala.fi\/mikkolanniemi\/wp-content\/uploads\/sites\/31\/2022\/12\/20221204_121243-scaled-e1670176105156-768x1024.jpg\" alt=\"\" class=\"wp-image-3178\" srcset=\"https:\/\/kylat.ekarjala.fi\/mikkolanniemi\/wp-content\/uploads\/sites\/31\/2022\/12\/20221204_121243-scaled-e1670176105156-768x1024.jpg 768w, https:\/\/kylat.ekarjala.fi\/mikkolanniemi\/wp-content\/uploads\/sites\/31\/2022\/12\/20221204_121243-scaled-e1670176105156-225x300.jpg 225w, https:\/\/kylat.ekarjala.fi\/mikkolanniemi\/wp-content\/uploads\/sites\/31\/2022\/12\/20221204_121243-scaled-e1670176105156-1152x1536.jpg 1152w, https:\/\/kylat.ekarjala.fi\/mikkolanniemi\/wp-content\/uploads\/sites\/31\/2022\/12\/20221204_121243-scaled-e1670176105156-1536x2048.jpg 1536w, https:\/\/kylat.ekarjala.fi\/mikkolanniemi\/wp-content\/uploads\/sites\/31\/2022\/12\/20221204_121243-scaled-e1670176105156.jpg 1920w\" sizes=\"auto, (max-width: 768px) 100vw, 768px\" \/><\/a><\/figure>\n\n\n\n<figure class=\"wp-block-image size-large\"><a href=\"https:\/\/kylat.ekarjala.fi\/mikkolanniemi\/wp-content\/uploads\/sites\/31\/2022\/12\/20221204_121207-scaled-e1670176124861.jpg\"><img loading=\"lazy\" decoding=\"async\" width=\"768\" height=\"1024\" data-id=\"3177\" src=\"https:\/\/kylat.ekarjala.fi\/mikkolanniemi\/wp-content\/uploads\/sites\/31\/2022\/12\/20221204_121207-scaled-e1670176124861-768x1024.jpg\" alt=\"\" class=\"wp-image-3177\" srcset=\"https:\/\/kylat.ekarjala.fi\/mikkolanniemi\/wp-content\/uploads\/sites\/31\/2022\/12\/20221204_121207-scaled-e1670176124861-768x1024.jpg 768w, https:\/\/kylat.ekarjala.fi\/mikkolanniemi\/wp-content\/uploads\/sites\/31\/2022\/12\/20221204_121207-scaled-e1670176124861-225x300.jpg 225w, https:\/\/kylat.ekarjala.fi\/mikkolanniemi\/wp-content\/uploads\/sites\/31\/2022\/12\/20221204_121207-scaled-e1670176124861-1152x1536.jpg 1152w, https:\/\/kylat.ekarjala.fi\/mikkolanniemi\/wp-content\/uploads\/sites\/31\/2022\/12\/20221204_121207-scaled-e1670176124861-1536x2048.jpg 1536w, https:\/\/kylat.ekarjala.fi\/mikkolanniemi\/wp-content\/uploads\/sites\/31\/2022\/12\/20221204_121207-scaled-e1670176124861.jpg 1920w\" sizes=\"auto, (max-width: 768px) 100vw, 768px\" \/><\/a><\/figure>\n\n\n\n<figure class=\"wp-block-image size-large\"><a href=\"https:\/\/kylat.ekarjala.fi\/mikkolanniemi\/wp-content\/uploads\/sites\/31\/2022\/12\/20221204_115546-scaled-e1670176135816.jpg\"><img loading=\"lazy\" decoding=\"async\" width=\"768\" height=\"1024\" data-id=\"3176\" src=\"https:\/\/kylat.ekarjala.fi\/mikkolanniemi\/wp-content\/uploads\/sites\/31\/2022\/12\/20221204_115546-scaled-e1670176135816-768x1024.jpg\" alt=\"\" class=\"wp-image-3176\" srcset=\"https:\/\/kylat.ekarjala.fi\/mikkolanniemi\/wp-content\/uploads\/sites\/31\/2022\/12\/20221204_115546-scaled-e1670176135816-768x1024.jpg 768w, https:\/\/kylat.ekarjala.fi\/mikkolanniemi\/wp-content\/uploads\/sites\/31\/2022\/12\/20221204_115546-scaled-e1670176135816-225x300.jpg 225w, https:\/\/kylat.ekarjala.fi\/mikkolanniemi\/wp-content\/uploads\/sites\/31\/2022\/12\/20221204_115546-scaled-e1670176135816-1152x1536.jpg 1152w, https:\/\/kylat.ekarjala.fi\/mikkolanniemi\/wp-content\/uploads\/sites\/31\/2022\/12\/20221204_115546-scaled-e1670176135816-1536x2048.jpg 1536w, https:\/\/kylat.ekarjala.fi\/mikkolanniemi\/wp-content\/uploads\/sites\/31\/2022\/12\/20221204_115546-scaled-e1670176135816.jpg 1920w\" sizes=\"auto, (max-width: 768px) 100vw, 768px\" \/><\/a><\/figure>\n\n\n\n<figure class=\"wp-block-image size-large\"><a href=\"https:\/\/kylat.ekarjala.fi\/mikkolanniemi\/wp-content\/uploads\/sites\/31\/2022\/12\/20221204_115529-scaled-e1670176151536.jpg\"><img loading=\"lazy\" decoding=\"async\" width=\"768\" height=\"1024\" data-id=\"3175\" src=\"https:\/\/kylat.ekarjala.fi\/mikkolanniemi\/wp-content\/uploads\/sites\/31\/2022\/12\/20221204_115529-scaled-e1670176151536-768x1024.jpg\" alt=\"\" class=\"wp-image-3175\" srcset=\"https:\/\/kylat.ekarjala.fi\/mikkolanniemi\/wp-content\/uploads\/sites\/31\/2022\/12\/20221204_115529-scaled-e1670176151536-768x1024.jpg 768w, https:\/\/kylat.ekarjala.fi\/mikkolanniemi\/wp-content\/uploads\/sites\/31\/2022\/12\/20221204_115529-scaled-e1670176151536-225x300.jpg 225w, https:\/\/kylat.ekarjala.fi\/mikkolanniemi\/wp-content\/uploads\/sites\/31\/2022\/12\/20221204_115529-scaled-e1670176151536-1152x1536.jpg 1152w, https:\/\/kylat.ekarjala.fi\/mikkolanniemi\/wp-content\/uploads\/sites\/31\/2022\/12\/20221204_115529-scaled-e1670176151536-1536x2048.jpg 1536w, https:\/\/kylat.ekarjala.fi\/mikkolanniemi\/wp-content\/uploads\/sites\/31\/2022\/12\/20221204_115529-scaled-e1670176151536.jpg 1920w\" sizes=\"auto, (max-width: 768px) 100vw, 768px\" \/><\/a><\/figure>\n\n\n\n<figure class=\"wp-block-image size-large\"><a href=\"https:\/\/kylat.ekarjala.fi\/mikkolanniemi\/wp-content\/uploads\/sites\/31\/2022\/12\/20221204_115458-scaled-e1670176166986.jpg\"><img loading=\"lazy\" decoding=\"async\" width=\"768\" height=\"1024\" data-id=\"3174\" src=\"https:\/\/kylat.ekarjala.fi\/mikkolanniemi\/wp-content\/uploads\/sites\/31\/2022\/12\/20221204_115458-scaled-e1670176166986-768x1024.jpg\" alt=\"\" class=\"wp-image-3174\" srcset=\"https:\/\/kylat.ekarjala.fi\/mikkolanniemi\/wp-content\/uploads\/sites\/31\/2022\/12\/20221204_115458-scaled-e1670176166986-768x1024.jpg 768w, https:\/\/kylat.ekarjala.fi\/mikkolanniemi\/wp-content\/uploads\/sites\/31\/2022\/12\/20221204_115458-scaled-e1670176166986-225x300.jpg 225w, https:\/\/kylat.ekarjala.fi\/mikkolanniemi\/wp-content\/uploads\/sites\/31\/2022\/12\/20221204_115458-scaled-e1670176166986-1152x1536.jpg 1152w, https:\/\/kylat.ekarjala.fi\/mikkolanniemi\/wp-content\/uploads\/sites\/31\/2022\/12\/20221204_115458-scaled-e1670176166986-1536x2048.jpg 1536w, https:\/\/kylat.ekarjala.fi\/mikkolanniemi\/wp-content\/uploads\/sites\/31\/2022\/12\/20221204_115458-scaled-e1670176166986.jpg 1920w\" sizes=\"auto, (max-width: 768px) 100vw, 768px\" \/><\/a><\/figure>\n<\/figure>\n\n\n\n<p>23.12. Joulurauhanjulistus pidettiin samoin kahden vuoden tauon j\u00e4lkeen.<\/p>\n\n\n\n<figure class=\"wp-block-gallery has-nested-images columns-default is-cropped wp-block-gallery-2 is-layout-flex wp-block-gallery-is-layout-flex\">\n<figure class=\"wp-block-image size-large\"><a href=\"https:\/\/kylat.ekarjala.fi\/mikkolanniemi\/wp-content\/uploads\/sites\/31\/2022\/12\/20221223_153838-scaled-e1671818659750.jpg\"><img loading=\"lazy\" decoding=\"async\" width=\"768\" height=\"1024\" data-id=\"3190\" src=\"https:\/\/kylat.ekarjala.fi\/mikkolanniemi\/wp-content\/uploads\/sites\/31\/2022\/12\/20221223_153838-scaled-e1671818659750-768x1024.jpg\" alt=\"\" class=\"wp-image-3190\" srcset=\"https:\/\/kylat.ekarjala.fi\/mikkolanniemi\/wp-content\/uploads\/sites\/31\/2022\/12\/20221223_153838-scaled-e1671818659750-768x1024.jpg 768w, https:\/\/kylat.ekarjala.fi\/mikkolanniemi\/wp-content\/uploads\/sites\/31\/2022\/12\/20221223_153838-scaled-e1671818659750-225x300.jpg 225w, https:\/\/kylat.ekarjala.fi\/mikkolanniemi\/wp-content\/uploads\/sites\/31\/2022\/12\/20221223_153838-scaled-e1671818659750-1152x1536.jpg 1152w, https:\/\/kylat.ekarjala.fi\/mikkolanniemi\/wp-content\/uploads\/sites\/31\/2022\/12\/20221223_153838-scaled-e1671818659750-1536x2048.jpg 1536w, https:\/\/kylat.ekarjala.fi\/mikkolanniemi\/wp-content\/uploads\/sites\/31\/2022\/12\/20221223_153838-scaled-e1671818659750.jpg 1920w\" sizes=\"auto, (max-width: 768px) 100vw, 768px\" \/><\/a><\/figure>\n\n\n\n<figure class=\"wp-block-image size-large\"><a href=\"https:\/\/kylat.ekarjala.fi\/mikkolanniemi\/wp-content\/uploads\/sites\/31\/2023\/03\/20221223_154506-scaled-e1678125126667.jpg\"><img loading=\"lazy\" decoding=\"async\" width=\"768\" height=\"1024\" data-id=\"3252\" src=\"https:\/\/kylat.ekarjala.fi\/mikkolanniemi\/wp-content\/uploads\/sites\/31\/2023\/03\/20221223_154506-scaled-e1678125126667-768x1024.jpg\" alt=\"\" class=\"wp-image-3252\" srcset=\"https:\/\/kylat.ekarjala.fi\/mikkolanniemi\/wp-content\/uploads\/sites\/31\/2023\/03\/20221223_154506-scaled-e1678125126667-768x1024.jpg 768w, https:\/\/kylat.ekarjala.fi\/mikkolanniemi\/wp-content\/uploads\/sites\/31\/2023\/03\/20221223_154506-scaled-e1678125126667-225x300.jpg 225w, https:\/\/kylat.ekarjala.fi\/mikkolanniemi\/wp-content\/uploads\/sites\/31\/2023\/03\/20221223_154506-scaled-e1678125126667-1152x1536.jpg 1152w, https:\/\/kylat.ekarjala.fi\/mikkolanniemi\/wp-content\/uploads\/sites\/31\/2023\/03\/20221223_154506-scaled-e1678125126667-1536x2048.jpg 1536w, https:\/\/kylat.ekarjala.fi\/mikkolanniemi\/wp-content\/uploads\/sites\/31\/2023\/03\/20221223_154506-scaled-e1678125126667.jpg 1920w\" sizes=\"auto, (max-width: 768px) 100vw, 768px\" \/><\/a><\/figure>\n<\/figure>\n","protected":false},"excerpt":{"rendered":"<p>27.2. Saunahiihto, hiiht\u00e4ji\u00e4 oli 39 23. Maailman pienimm\u00e4t joulumessut voitiin j\u00e4rjest\u00e4\u00e4 kahden koronavuoden j\u00e4lkeen.Messuilla oli entinen hyv\u00e4 tunnelma ja kolmisensataa k\u00e4vij\u00e4\u00e4. 23.12. Joulurauhanjulistus pidettiin samoin kahden vuoden tauon j\u00e4lkeen.<\/p>\n","protected":false},"author":88,"featured_media":0,"parent":107,"menu_order":1,"comment_status":"closed","ping_status":"closed","template":"","meta":{"footnotes":""},"class_list":["post-3223","page","type-page","status-publish","hentry"],"_links":{"self":[{"href":"https:\/\/kylat.ekarjala.fi\/mikkolanniemi\/wp-json\/wp\/v2\/pages\/3223","targetHints":{"allow":["GET"]}}],"collection":[{"href":"https:\/\/kylat.ekarjala.fi\/mikkolanniemi\/wp-json\/wp\/v2\/pages"}],"about":[{"href":"https:\/\/kylat.ekarjala.fi\/mikkolanniemi\/wp-json\/wp\/v2\/types\/page"}],"author":[{"embeddable":true,"href":"https:\/\/kylat.ekarjala.fi\/mikkolanniemi\/wp-json\/wp\/v2\/users\/88"}],"replies":[{"embeddable":true,"href":"https:\/\/kylat.ekarjala.fi\/mikkolanniemi\/wp-json\/wp\/v2\/comments?post=3223"}],"version-history":[{"count":12,"href":"https:\/\/kylat.ekarjala.fi\/mikkolanniemi\/wp-json\/wp\/v2\/pages\/3223\/revisions"}],"predecessor-version":[{"id":3256,"href":"https:\/\/kylat.ekarjala.fi\/mikkolanniemi\/wp-json\/wp\/v2\/pages\/3223\/revisions\/3256"}],"up":[{"embeddable":true,"href":"https:\/\/kylat.ekarjala.fi\/mikkolanniemi\/wp-json\/wp\/v2\/pages\/107"}],"wp:attachment":[{"href":"https:\/\/kylat.ekarjala.fi\/mikkolanniemi\/wp-json\/wp\/v2\/media?parent=3223"}],"curies":[{"name":"wp","href":"https:\/\/api.w.org\/{rel}","templated":true}]}}