{"id":442,"date":"2011-11-29T19:10:12","date_gmt":"2011-11-29T17:40:12","guid":{"rendered":"https:\/\/kylat.ekarjala.fi\/mikkolanniemi\/?page_id=442"},"modified":"2024-01-03T14:13:27","modified_gmt":"2024-01-03T12:43:27","slug":"tapahtumia-2006","status":"publish","type":"page","link":"https:\/\/kylat.ekarjala.fi\/mikkolanniemi\/tapahtumat\/tapahtumia-2006\/","title":{"rendered":"2006 Tapahtumia"},"content":{"rendered":"<h2>Rajavaellus 2.6.2006<\/h2>\n<p>Tule ja koe rajan eksotiikka sek\u00e4 kes\u00e4y\u00f6n lumo yhdess\u00e4. Kokoontuminen toimintakeskukselle,\u00a0viimeist\u00e4\u00e4n 20.45 menness\u00e4,\u00a0rajavy\u00f6hykelupien my\u00f6nt\u00f6\u00e4 varten. Osanottomaksu 5,00 \u20ac\/hl\u00f6 sis\u00e4lt\u00e4\u00e4 linja-autokuljetuksen rajalle.<\/p>\n<h2>Saunavaellus<\/h2>\n<p>La. 7.10. klo 12 &#8211; 15.00<br \/>\nReitit: 3 ja 13 km<br \/>\n-Laavulla makkaraa ja mehua.<br \/>\n-Kodalla Nokipannukahvia, makkaraa ym.<\/p>\n<p>Illalla viel\u00e4 Hannu Siitosen LUONTOILTA Toimintakeskuksessa<br \/>\nalkaen kello 19.00<\/p>\n<h2>KUNNIAKIRJA<a href=\"https:\/\/kylat.ekarjala.fi\/mikkolanniemi\/wp-content\/uploads\/sites\/31\/2011\/11\/Hyv%C3%A4-Tonttu2.jpg\"><img loading=\"lazy\" decoding=\"async\" class=\"alignright size-full wp-image-452\" src=\"https:\/\/kylat.ekarjala.fi\/mikkolanniemi\/wp-content\/uploads\/sites\/31\/2011\/11\/Hyv%C3%A4-Tonttu2.jpg\" alt=\"\" width=\"149\" height=\"186\" \/><\/a><\/h2>\n<p>Parikkalan Yritt\u00e4j\u00e4t ry on 1.12.2006 p\u00e4iv\u00e4tyll\u00e4 <strong>Kunniakirjalla\u00a0<\/strong>nimitt\u00e4nyt kyl\u00e4p\u00e4\u00e4llikk\u00f6mme <strong>Raimo Penttisen &#8221;PARIKKALAN VUODEN 2006 HYV\u00c4KSI TONTUKSI&#8221;<\/strong><\/p>\n<p>Kunniakirjan mukaan huomionosoitus on tunnustus hyv\u00e4st\u00e4 ja antoisasta ty\u00f6st\u00e4, jota Penttinen on pyyteett\u00f6m\u00e4sti ja vaivojaan s\u00e4\u00e4st\u00e4m\u00e4tt\u00e4 tehnyt keskuudessamme ja samalla my\u00f6s tunnustus Mikkolanniemen Kyl\u00e4yhdistykselle.<\/p>\n<p>Onnittelemme l\u00e4mpim\u00e4sti Puheenjohtajaamme<\/p>\n<h1>Joulumessut 2006<\/h1>\n<p>Yhdeks\u00e4nnet MAAILMAN PIENIMM\u00c4T JOULUMESSUT l\u00e4hestyv\u00e4t.<\/p>\n<p>Messup\u00e4iv\u00e4 on jo perinteinen joulukuun ensim\u00e4inen sunnuntai, eli 3.12.2006 klo 11-16.00.<\/p>\n<p>Messuilla on oma erikoinen tunnelmansa, myyji\u00e4 paljon, ohjelmaa runsaasti ja samalla oivallinen tilaisuus viett\u00e4\u00e4 kaiken kansan pikkujoulua joulupuuron, kahvittelun ja huikopalojen merkeiss\u00e4.<\/p>\n<p>Joulupukki vierailee ja viihdytt\u00e4\u00e4 lapsia sek\u00e4 muuta messuyleis\u00f6\u00e4.<\/p>\n<p>Joululahja ostokset kannattaa tulla hankkimaan nimenomaan t\u00e4\u00e4lt\u00e4,koska k\u00e4dentaitajat ovat liikkeell\u00e4 yli maakuntarajojen.<\/p>\n<p>T\u00e4m\u00e4nkertaiset messuvieraamme ovat Suti Aittoniemi ja viihdeyhtye Wanha Raha; Sulo Aittoniemi huuliharppu, Lars Grundstr\u00f6m laulu ja kitara sek\u00e4 Reino Kivim\u00e4ki mandoliini.<\/p>\n<p>Kyl\u00e4yhdistyksen tasatuntiarvonnoilla on mahdolisuus voittaa joulukinkku ja paljon muuta.<\/p>\n<p>Messuilla mukana my\u00f6s useita kansanedustaja-ehdokkaita.<\/p>\n<p>TERVETULOA!<\/p>\n<p>mottomme:&#8221;Tilanne el\u00e4\u00e4 ja liike jatkuu!&#8221;<\/p>\n<h2>\u00a0<strong>Joulurauhan Julistus<\/strong><\/h2>\n<p>Tervakummun kodalla lauantaina 23.12.2006 klo 18.00 alkaen.<\/p>\n<p>Tilaisuudessa puhuu Arto Valkeap\u00e4\u00e4 Kansan Raamattuseurasta.<br \/>\nJoulurauhan julistaa kunnan vapaa-aikaohjaaja Eeva Paakkinen. Kanttori V\u00e4in\u00f6 Vanhasen johdolla lauletaan kaksi joululaulua.<\/p>\n<p>Tapahtuman j\u00e4lkeen\u00a0laskeudutaan Toimintakeskukselle, jossa nautitaan kyl\u00e4yhdistyksen tarjoamat torttukahvit joululaulujen kera.<\/p>\n<h3>Kuvia rajavaellukselta ja joulumessuilta.<\/h3>\n<div id='gallery-1' class='gallery galleryid-442 gallery-columns-4 gallery-size-thumbnail'><dl class='gallery-item'>\n\t\t\t<dt class='gallery-icon landscape'>\n\t\t\t\t<a href='https:\/\/kylat.ekarjala.fi\/mikkolanniemi\/wp-content\/uploads\/sites\/31\/2011\/11\/Rajavaellus1.jpg'><img loading=\"lazy\" decoding=\"async\" width=\"150\" height=\"113\" src=\"https:\/\/kylat.ekarjala.fi\/mikkolanniemi\/wp-content\/uploads\/sites\/31\/2011\/11\/Rajavaellus1.jpg\" class=\"attachment-thumbnail size-thumbnail\" alt=\"\" \/><\/a>\n\t\t\t<\/dt><\/dl><dl class='gallery-item'>\n\t\t\t<dt class='gallery-icon landscape'>\n\t\t\t\t<a href='https:\/\/kylat.ekarjala.fi\/mikkolanniemi\/wp-content\/uploads\/sites\/31\/2011\/11\/LataaKuva_0052.jpg'><img loading=\"lazy\" decoding=\"async\" width=\"150\" height=\"113\" src=\"https:\/\/kylat.ekarjala.fi\/mikkolanniemi\/wp-content\/uploads\/sites\/31\/2011\/11\/LataaKuva_0052.jpg\" class=\"attachment-thumbnail size-thumbnail\" alt=\"\" \/><\/a>\n\t\t\t<\/dt><\/dl><dl class='gallery-item'>\n\t\t\t<dt class='gallery-icon landscape'>\n\t\t\t\t<a href='https:\/\/kylat.ekarjala.fi\/mikkolanniemi\/wp-content\/uploads\/sites\/31\/2011\/11\/Nettikuva10.jpg'><img loading=\"lazy\" decoding=\"async\" width=\"150\" height=\"113\" src=\"https:\/\/kylat.ekarjala.fi\/mikkolanniemi\/wp-content\/uploads\/sites\/31\/2011\/11\/Nettikuva10.jpg\" class=\"attachment-thumbnail size-thumbnail\" alt=\"\" \/><\/a>\n\t\t\t<\/dt><\/dl><dl class='gallery-item'>\n\t\t\t<dt class='gallery-icon landscape'>\n\t\t\t\t<a href='https:\/\/kylat.ekarjala.fi\/mikkolanniemi\/wp-content\/uploads\/sites\/31\/2011\/11\/LataaKuva_0022.jpg'><img loading=\"lazy\" decoding=\"async\" width=\"150\" height=\"113\" src=\"https:\/\/kylat.ekarjala.fi\/mikkolanniemi\/wp-content\/uploads\/sites\/31\/2011\/11\/LataaKuva_0022.jpg\" class=\"attachment-thumbnail size-thumbnail\" alt=\"\" \/><\/a>\n\t\t\t<\/dt><\/dl><br style=\"clear: both\" \/><dl class='gallery-item'>\n\t\t\t<dt class='gallery-icon landscape'>\n\t\t\t\t<a href='https:\/\/kylat.ekarjala.fi\/mikkolanniemi\/wp-content\/uploads\/sites\/31\/2011\/11\/LataaKuva_0041.jpg'><img loading=\"lazy\" decoding=\"async\" width=\"150\" height=\"113\" src=\"https:\/\/kylat.ekarjala.fi\/mikkolanniemi\/wp-content\/uploads\/sites\/31\/2011\/11\/LataaKuva_0041.jpg\" class=\"attachment-thumbnail size-thumbnail\" alt=\"\" \/><\/a>\n\t\t\t<\/dt><\/dl><dl class='gallery-item'>\n\t\t\t<dt class='gallery-icon landscape'>\n\t\t\t\t<a href='https:\/\/kylat.ekarjala.fi\/mikkolanniemi\/wp-content\/uploads\/sites\/31\/2011\/11\/LataaKuva2.jpg'><img loading=\"lazy\" decoding=\"async\" width=\"150\" height=\"113\" src=\"https:\/\/kylat.ekarjala.fi\/mikkolanniemi\/wp-content\/uploads\/sites\/31\/2011\/11\/LataaKuva2.jpg\" class=\"attachment-thumbnail size-thumbnail\" alt=\"\" \/><\/a>\n\t\t\t<\/dt><\/dl><dl class='gallery-item'>\n\t\t\t<dt class='gallery-icon landscape'>\n\t\t\t\t<a href='https:\/\/kylat.ekarjala.fi\/mikkolanniemi\/wp-content\/uploads\/sites\/31\/2011\/11\/LataaKuva_0062.jpg'><img loading=\"lazy\" decoding=\"async\" width=\"150\" height=\"113\" src=\"https:\/\/kylat.ekarjala.fi\/mikkolanniemi\/wp-content\/uploads\/sites\/31\/2011\/11\/LataaKuva_0062.jpg\" class=\"attachment-thumbnail size-thumbnail\" alt=\"\" \/><\/a>\n\t\t\t<\/dt><\/dl><dl class='gallery-item'>\n\t\t\t<dt class='gallery-icon landscape'>\n\t\t\t\t<a href='https:\/\/kylat.ekarjala.fi\/mikkolanniemi\/wp-content\/uploads\/sites\/31\/2011\/11\/Rajavaellus2.jpg'><img loading=\"lazy\" decoding=\"async\" width=\"150\" height=\"113\" src=\"https:\/\/kylat.ekarjala.fi\/mikkolanniemi\/wp-content\/uploads\/sites\/31\/2011\/11\/Rajavaellus2.jpg\" class=\"attachment-thumbnail size-thumbnail\" alt=\"\" \/><\/a>\n\t\t\t<\/dt><\/dl><br style=\"clear: both\" \/><dl class='gallery-item'>\n\t\t\t<dt class='gallery-icon landscape'>\n\t\t\t\t<a href='https:\/\/kylat.ekarjala.fi\/mikkolanniemi\/wp-content\/uploads\/sites\/31\/2011\/11\/Nettik2.jpg'><img loading=\"lazy\" decoding=\"async\" width=\"150\" height=\"113\" src=\"https:\/\/kylat.ekarjala.fi\/mikkolanniemi\/wp-content\/uploads\/sites\/31\/2011\/11\/Nettik2.jpg\" class=\"attachment-thumbnail size-thumbnail\" alt=\"\" \/><\/a>\n\t\t\t<\/dt><\/dl><dl class='gallery-item'>\n\t\t\t<dt class='gallery-icon landscape'>\n\t\t\t\t<a href='https:\/\/kylat.ekarjala.fi\/mikkolanniemi\/wp-content\/uploads\/sites\/31\/2011\/11\/Nettik1.jpg'><img loading=\"lazy\" decoding=\"async\" width=\"150\" height=\"113\" src=\"https:\/\/kylat.ekarjala.fi\/mikkolanniemi\/wp-content\/uploads\/sites\/31\/2011\/11\/Nettik1.jpg\" class=\"attachment-thumbnail size-thumbnail\" alt=\"\" \/><\/a>\n\t\t\t<\/dt><\/dl><dl class='gallery-item'>\n\t\t\t<dt class='gallery-icon landscape'>\n\t\t\t\t<a href='https:\/\/kylat.ekarjala.fi\/mikkolanniemi\/wp-content\/uploads\/sites\/31\/2011\/11\/Nettik4.jpg'><img loading=\"lazy\" decoding=\"async\" width=\"150\" height=\"113\" src=\"https:\/\/kylat.ekarjala.fi\/mikkolanniemi\/wp-content\/uploads\/sites\/31\/2011\/11\/Nettik4.jpg\" class=\"attachment-thumbnail size-thumbnail\" alt=\"\" \/><\/a>\n\t\t\t<\/dt><\/dl><dl class='gallery-item'>\n\t\t\t<dt class='gallery-icon landscape'>\n\t\t\t\t<a href='https:\/\/kylat.ekarjala.fi\/mikkolanniemi\/wp-content\/uploads\/sites\/31\/2011\/11\/Nettik8.jpg'><img loading=\"lazy\" decoding=\"async\" width=\"150\" height=\"113\" src=\"https:\/\/kylat.ekarjala.fi\/mikkolanniemi\/wp-content\/uploads\/sites\/31\/2011\/11\/Nettik8.jpg\" class=\"attachment-thumbnail size-thumbnail\" alt=\"\" \/><\/a>\n\t\t\t<\/dt><\/dl><br style=\"clear: both\" \/><dl class='gallery-item'>\n\t\t\t<dt class='gallery-icon landscape'>\n\t\t\t\t<a href='https:\/\/kylat.ekarjala.fi\/mikkolanniemi\/wp-content\/uploads\/sites\/31\/2011\/11\/Nettik3.jpg'><img loading=\"lazy\" decoding=\"async\" width=\"150\" height=\"113\" src=\"https:\/\/kylat.ekarjala.fi\/mikkolanniemi\/wp-content\/uploads\/sites\/31\/2011\/11\/Nettik3.jpg\" class=\"attachment-thumbnail size-thumbnail\" alt=\"\" \/><\/a>\n\t\t\t<\/dt><\/dl><dl class='gallery-item'>\n\t\t\t<dt class='gallery-icon landscape'>\n\t\t\t\t<a href='https:\/\/kylat.ekarjala.fi\/mikkolanniemi\/wp-content\/uploads\/sites\/31\/2011\/11\/Nettik5.jpg'><img loading=\"lazy\" decoding=\"async\" width=\"150\" height=\"113\" src=\"https:\/\/kylat.ekarjala.fi\/mikkolanniemi\/wp-content\/uploads\/sites\/31\/2011\/11\/Nettik5.jpg\" class=\"attachment-thumbnail size-thumbnail\" alt=\"\" aria-describedby=\"gallery-1-461\" \/><\/a>\n\t\t\t<\/dt>\n\t\t\t\t<dd class='wp-caption-text gallery-caption' id='gallery-1-461'>\n\t\t\t\tKyl\u00e4n Vuoden Henkil\u00f6\n\t\t\t\t<\/dd><\/dl><dl class='gallery-item'>\n\t\t\t<dt class='gallery-icon landscape'>\n\t\t\t\t<a href='https:\/\/kylat.ekarjala.fi\/mikkolanniemi\/wp-content\/uploads\/sites\/31\/2011\/11\/Nettik7.jpg'><img loading=\"lazy\" decoding=\"async\" width=\"150\" height=\"113\" src=\"https:\/\/kylat.ekarjala.fi\/mikkolanniemi\/wp-content\/uploads\/sites\/31\/2011\/11\/Nettik7.jpg\" class=\"attachment-thumbnail size-thumbnail\" alt=\"\" \/><\/a>\n\t\t\t<\/dt><\/dl><dl class='gallery-item'>\n\t\t\t<dt class='gallery-icon landscape'>\n\t\t\t\t<a href='https:\/\/kylat.ekarjala.fi\/mikkolanniemi\/wp-content\/uploads\/sites\/31\/2011\/11\/Nettik6.jpg'><img loading=\"lazy\" decoding=\"async\" width=\"150\" height=\"113\" src=\"https:\/\/kylat.ekarjala.fi\/mikkolanniemi\/wp-content\/uploads\/sites\/31\/2011\/11\/Nettik6.jpg\" class=\"attachment-thumbnail size-thumbnail\" alt=\"\" \/><\/a>\n\t\t\t<\/dt><\/dl><br style=\"clear: both\" \/><dl class='gallery-item'>\n\t\t\t<dt class='gallery-icon portrait'>\n\t\t\t\t<a href='https:\/\/kylat.ekarjala.fi\/mikkolanniemi\/wp-content\/uploads\/sites\/31\/2011\/11\/Hyv\u00e4-Tonttu2.jpg'><img loading=\"lazy\" decoding=\"async\" width=\"118\" height=\"150\" src=\"https:\/\/kylat.ekarjala.fi\/mikkolanniemi\/wp-content\/uploads\/sites\/31\/2011\/11\/Hyv\u00e4-Tonttu2.jpg\" class=\"attachment-thumbnail size-thumbnail\" alt=\"\" \/><\/a>\n\t\t\t<\/dt><\/dl>\n\t\t\t<br style='clear: both' \/>\n\t\t<\/div>\n\n","protected":false},"excerpt":{"rendered":"<p>Rajavaellus 2.6.2006 Tule ja koe rajan eksotiikka sek\u00e4 kes\u00e4y\u00f6n lumo yhdess\u00e4. Kokoontuminen toimintakeskukselle,\u00a0viimeist\u00e4\u00e4n 20.45 menness\u00e4,\u00a0rajavy\u00f6hykelupien my\u00f6nt\u00f6\u00e4 varten. Osanottomaksu 5,00 \u20ac\/hl\u00f6 sis\u00e4lt\u00e4\u00e4 linja-autokuljetuksen rajalle. Saunavaellus La. 7.10. klo 12 &#8211; 15.00 Reitit: 3 ja 13 km -Laavulla makkaraa ja mehua. -Kodalla &hellip; <a href=\"https:\/\/kylat.ekarjala.fi\/mikkolanniemi\/tapahtumat\/tapahtumia-2006\/\">Lue loppuun <span class=\"meta-nav\">&rarr;<\/span><\/a><\/p>\n","protected":false},"author":88,"featured_media":0,"parent":107,"menu_order":15,"comment_status":"closed","ping_status":"closed","template":"","meta":{"footnotes":""},"class_list":["post-442","page","type-page","status-publish","hentry"],"_links":{"self":[{"href":"https:\/\/kylat.ekarjala.fi\/mikkolanniemi\/wp-json\/wp\/v2\/pages\/442","targetHints":{"allow":["GET"]}}],"collection":[{"href":"https:\/\/kylat.ekarjala.fi\/mikkolanniemi\/wp-json\/wp\/v2\/pages"}],"about":[{"href":"https:\/\/kylat.ekarjala.fi\/mikkolanniemi\/wp-json\/wp\/v2\/types\/page"}],"author":[{"embeddable":true,"href":"https:\/\/kylat.ekarjala.fi\/mikkolanniemi\/wp-json\/wp\/v2\/users\/88"}],"replies":[{"embeddable":true,"href":"https:\/\/kylat.ekarjala.fi\/mikkolanniemi\/wp-json\/wp\/v2\/comments?post=442"}],"version-history":[{"count":20,"href":"https:\/\/kylat.ekarjala.fi\/mikkolanniemi\/wp-json\/wp\/v2\/pages\/442\/revisions"}],"predecessor-version":[{"id":3238,"href":"https:\/\/kylat.ekarjala.fi\/mikkolanniemi\/wp-json\/wp\/v2\/pages\/442\/revisions\/3238"}],"up":[{"embeddable":true,"href":"https:\/\/kylat.ekarjala.fi\/mikkolanniemi\/wp-json\/wp\/v2\/pages\/107"}],"wp:attachment":[{"href":"https:\/\/kylat.ekarjala.fi\/mikkolanniemi\/wp-json\/wp\/v2\/media?parent=442"}],"curies":[{"name":"wp","href":"https:\/\/api.w.org\/{rel}","templated":true}]}}