{"id":6,"date":"2011-10-26T12:03:48","date_gmt":"2011-10-26T10:33:48","guid":{"rendered":"https:\/\/kylat.ekarjala.fi\/mikkolanniemi\/?page_id=6"},"modified":"2025-12-11T22:21:48","modified_gmt":"2025-12-11T20:51:48","slug":"etusivu","status":"publish","type":"page","link":"https:\/\/kylat.ekarjala.fi\/mikkolanniemi\/","title":{"rendered":"Tervetuloa!"},"content":{"rendered":"\n<p class=\"has-text-align-left\"><strong>Toimintakeskuksen ja kyl\u00e4yhdistyksen toiminta on p\u00e4\u00e4ttynyt! Kiitokset kaikille vuosikymmenten saatossa toiminnassa ja tapahtumissa mukana olleille. (1980-2025)<\/strong><\/p>\n\n\n<p><!-- [if gte mso 9]&gt;--><\/p>\n<p><!-- [if gte mso 9]&gt;--><\/p>\n<p><!-- [if gte mso 10]&gt;--><\/p>\n<h3 style=\"text-align: left\"><strong><span style=\"color: #ff0000\"><strong><a href=\"https:\/\/kylat.ekarjala.fi\/mikkolanniemi\/wp-content\/uploads\/sites\/31\/2011\/10\/Logo1.png\"><img loading=\"lazy\" decoding=\"async\" class=\"size-full wp-image-1488 alignleft\" src=\"https:\/\/kylat.ekarjala.fi\/mikkolanniemi\/wp-content\/uploads\/sites\/31\/2011\/10\/Logo1.png\" alt=\"Logo1\" width=\"188\" height=\"52\" \/><\/a><\/strong><\/span><\/strong><\/h3>\n<p style=\"text-align: center\"><!--more--><\/p>\n<h3 style=\"text-align: left\">Mikkolanniemi sijaitsee Parikkalan kunnassa, <a href=\"https:\/\/raja.fi\/kaakkois-suomen-rajavartiosto\" target=\"_blank\" rel=\"noopener\"><em>valtakunnan rajan<\/em><\/a> ja Pien-Rautj\u00e4rven v\u00e4liss\u00e4. L\u00e4hin kaupunki on Savonlinna (65 km). Mikkolanniemen viljavat lietepellot ovat useiden j\u00e4rvenlaskujen j\u00e4ljilt\u00e4, entist\u00e4 j\u00e4rvenpohjaa.<\/h3>\n<p style=\"text-align: center\"><a href=\"https:\/\/kylat.ekarjala.fi\/mikkolanniemi\/wp-content\/uploads\/sites\/31\/2011\/10\/20160914_103631.jpg\"><img loading=\"lazy\" decoding=\"async\" class=\"alignright size-medium wp-image-2088\" src=\"https:\/\/kylat.ekarjala.fi\/mikkolanniemi\/wp-content\/uploads\/sites\/31\/2011\/10\/20160914_103631-300x180.jpg\" alt=\"20160914_103631\" width=\"300\" height=\"180\" srcset=\"https:\/\/kylat.ekarjala.fi\/mikkolanniemi\/wp-content\/uploads\/sites\/31\/2011\/10\/20160914_103631-300x180.jpg 300w, https:\/\/kylat.ekarjala.fi\/mikkolanniemi\/wp-content\/uploads\/sites\/31\/2011\/10\/20160914_103631-768x461.jpg 768w, https:\/\/kylat.ekarjala.fi\/mikkolanniemi\/wp-content\/uploads\/sites\/31\/2011\/10\/20160914_103631-1024x614.jpg 1024w\" sizes=\"auto, (max-width: 300px) 100vw, 300px\" \/><\/a><\/p>\n<p style=\"text-align: left\"><a href=\"https:\/\/kylat.ekarjala.fi\/parikkalankylat\/mikkolanniemi\" target=\"_blank\" rel=\"noopener noreferrer\">Lis\u00e4\u00e4 Mikkolanniemest\u00e4<\/a><\/p>\n<p style=\"text-align: left\">s\u00e4hk\u00f6posti: mikkis.kyla(at) gmail.com<\/p>\n<div id=\"attachment_11\" style=\"width: 394px\" class=\"wp-caption aligncenter\"><a href=\"https:\/\/kylat.ekarjala.fi\/mikkolanniemi\/wp-content\/uploads\/sites\/31\/2011\/10\/etusivu2.jpg\"><img loading=\"lazy\" decoding=\"async\" aria-describedby=\"caption-attachment-11\" class=\"size-full wp-image-11 \" src=\"https:\/\/kylat.ekarjala.fi\/mikkolanniemi\/wp-content\/uploads\/sites\/31\/2011\/10\/etusivu2.jpg\" alt=\"\" width=\"384\" height=\"278\" \/><\/a><p id=\"caption-attachment-11\" class=\"wp-caption-text\">Paakkisenniemi, kuva Toimittaja Heimo Paakkinen<\/p><\/div>\n<p>&nbsp;<\/p>","protected":false},"excerpt":{"rendered":"<p>Toimintakeskuksen ja kyl\u00e4yhdistyksen toiminta on p\u00e4\u00e4ttynyt! Kiitokset kaikille vuosikymmenten saatossa toiminnassa ja tapahtumissa mukana olleille. (1980-2025)<\/p>\n","protected":false},"author":65,"featured_media":0,"parent":0,"menu_order":0,"comment_status":"closed","ping_status":"closed","template":"","meta":{"footnotes":""},"class_list":["post-6","page","type-page","status-publish","hentry"],"_links":{"self":[{"href":"https:\/\/kylat.ekarjala.fi\/mikkolanniemi\/wp-json\/wp\/v2\/pages\/6","targetHints":{"allow":["GET"]}}],"collection":[{"href":"https:\/\/kylat.ekarjala.fi\/mikkolanniemi\/wp-json\/wp\/v2\/pages"}],"about":[{"href":"https:\/\/kylat.ekarjala.fi\/mikkolanniemi\/wp-json\/wp\/v2\/types\/page"}],"author":[{"embeddable":true,"href":"https:\/\/kylat.ekarjala.fi\/mikkolanniemi\/wp-json\/wp\/v2\/users\/65"}],"replies":[{"embeddable":true,"href":"https:\/\/kylat.ekarjala.fi\/mikkolanniemi\/wp-json\/wp\/v2\/comments?post=6"}],"version-history":[{"count":19,"href":"https:\/\/kylat.ekarjala.fi\/mikkolanniemi\/wp-json\/wp\/v2\/pages\/6\/revisions"}],"predecessor-version":[{"id":3449,"href":"https:\/\/kylat.ekarjala.fi\/mikkolanniemi\/wp-json\/wp\/v2\/pages\/6\/revisions\/3449"}],"wp:attachment":[{"href":"https:\/\/kylat.ekarjala.fi\/mikkolanniemi\/wp-json\/wp\/v2\/media?parent=6"}],"curies":[{"name":"wp","href":"https:\/\/api.w.org\/{rel}","templated":true}]}}