{"id":88,"date":"2011-10-31T13:44:40","date_gmt":"2011-10-31T12:14:40","guid":{"rendered":"https:\/\/kylat.ekarjala.fi\/mikkolanniemi\/?page_id=88"},"modified":"2026-04-09T12:38:00","modified_gmt":"2026-04-09T11:08:00","slug":"mikkiksen-tarinapolku","status":"publish","type":"page","link":"https:\/\/kylat.ekarjala.fi\/mikkolanniemi\/mikkiksen-tarinapolku\/","title":{"rendered":"Retkeilyreitit"},"content":{"rendered":"<p><strong>Mikkiksen tarinapolku<\/strong><br \/>\nLuonnossa liikkumisesta kiinnostuneet p\u00e4\u00e4sev\u00e4t suoraan toimintakeskukselta retkeilyreiteille, jotka ovat pituudeltaan 3-15 km. Reittien varrella voit lev\u00e4ht\u00e4\u00e4 sek\u00e4 <strong>Virtsalammen laavulla<\/strong> ett\u00e4 <strong>Tervakummun kodalla<\/strong>, josta avautuvat maisemat l\u00e4heiselle Pien-Rautj\u00e4rvelle. Kannattaa my\u00f6s pys\u00e4hty\u00e4 ja tutustua <strong>uhrikiveen<\/strong> ja sen historiaan.<\/p>\n<div id='gallery-1' class='gallery galleryid-88 gallery-columns-3 gallery-size-thumbnail'><dl class='gallery-item'>\n\t\t\t<dt class='gallery-icon landscape'>\n\t\t\t\t<a href='https:\/\/kylat.ekarjala.fi\/mikkolanniemi\/mikkiksen-tarinapolku\/7-2\/'><img loading=\"lazy\" decoding=\"async\" width=\"150\" height=\"113\" src=\"https:\/\/kylat.ekarjala.fi\/mikkolanniemi\/wp-content\/uploads\/sites\/31\/2011\/10\/71.jpg\" class=\"attachment-thumbnail size-thumbnail\" alt=\"\" aria-describedby=\"gallery-1-91\" \/><\/a>\n\t\t\t<\/dt>\n\t\t\t\t<dd class='wp-caption-text gallery-caption' id='gallery-1-91'>\n\t\t\t\tTervakummun kota\n\t\t\t\t<\/dd><\/dl><dl class='gallery-item'>\n\t\t\t<dt class='gallery-icon landscape'>\n\t\t\t\t<a href='https:\/\/kylat.ekarjala.fi\/mikkolanniemi\/mikkiksen-tarinapolku\/olympus-digital-camera-7\/'><img loading=\"lazy\" decoding=\"async\" width=\"150\" height=\"113\" src=\"https:\/\/kylat.ekarjala.fi\/mikkolanniemi\/wp-content\/uploads\/sites\/31\/2011\/10\/61.jpg\" class=\"attachment-thumbnail size-thumbnail\" alt=\"\" aria-describedby=\"gallery-1-92\" \/><\/a>\n\t\t\t<\/dt>\n\t\t\t\t<dd class='wp-caption-text gallery-caption' id='gallery-1-92'>\n\t\t\t\tUhrikivi\n\t\t\t\t<\/dd><\/dl><dl class='gallery-item'>\n\t\t\t<dt class='gallery-icon landscape'>\n\t\t\t\t<a href='https:\/\/kylat.ekarjala.fi\/mikkolanniemi\/mikkiksen-tarinapolku\/olympus-digital-camera-8\/'><img loading=\"lazy\" decoding=\"async\" width=\"150\" height=\"113\" src=\"https:\/\/kylat.ekarjala.fi\/mikkolanniemi\/wp-content\/uploads\/sites\/31\/2011\/10\/52.jpg\" class=\"attachment-thumbnail size-thumbnail\" alt=\"\" aria-describedby=\"gallery-1-93\" \/><\/a>\n\t\t\t<\/dt>\n\t\t\t\t<dd class='wp-caption-text gallery-caption' id='gallery-1-93'>\n\t\t\t\tKupit kiven p\u00e4\u00e4ll\u00e4\n\t\t\t\t<\/dd><\/dl><br style=\"clear: both\" \/><dl class='gallery-item'>\n\t\t\t<dt class='gallery-icon landscape'>\n\t\t\t\t<a href='https:\/\/kylat.ekarjala.fi\/mikkolanniemi\/mikkiksen-tarinapolku\/4-3\/'><img loading=\"lazy\" decoding=\"async\" width=\"150\" height=\"113\" src=\"https:\/\/kylat.ekarjala.fi\/mikkolanniemi\/wp-content\/uploads\/sites\/31\/2011\/10\/43.jpg\" class=\"attachment-thumbnail size-thumbnail\" alt=\"\" aria-describedby=\"gallery-1-94\" \/><\/a>\n\t\t\t<\/dt>\n\t\t\t\t<dd class='wp-caption-text gallery-caption' id='gallery-1-94'>\n\t\t\t\tTarinataulu Pyh\u00e4m\u00e4ki\n\t\t\t\t<\/dd><\/dl><dl class='gallery-item'>\n\t\t\t<dt class='gallery-icon landscape'>\n\t\t\t\t<a href='https:\/\/kylat.ekarjala.fi\/mikkolanniemi\/mikkiksen-tarinapolku\/3-5\/'><img loading=\"lazy\" decoding=\"async\" width=\"150\" height=\"113\" src=\"https:\/\/kylat.ekarjala.fi\/mikkolanniemi\/wp-content\/uploads\/sites\/31\/2011\/10\/34.jpg\" class=\"attachment-thumbnail size-thumbnail\" alt=\"\" aria-describedby=\"gallery-1-95\" \/><\/a>\n\t\t\t<\/dt>\n\t\t\t\t<dd class='wp-caption-text gallery-caption' id='gallery-1-95'>\n\t\t\t\tN\u00e4kym\u00e4 Pien-Rautj\u00e4rvelle\n\t\t\t\t<\/dd><\/dl><dl class='gallery-item'>\n\t\t\t<dt class='gallery-icon landscape'>\n\t\t\t\t<a href='https:\/\/kylat.ekarjala.fi\/mikkolanniemi\/mikkiksen-tarinapolku\/olympus-digital-camera-9\/'><img loading=\"lazy\" decoding=\"async\" width=\"150\" height=\"113\" src=\"https:\/\/kylat.ekarjala.fi\/mikkolanniemi\/wp-content\/uploads\/sites\/31\/2011\/10\/24.jpg\" class=\"attachment-thumbnail size-thumbnail\" alt=\"\" \/><\/a>\n\t\t\t<\/dt><\/dl><br style=\"clear: both\" \/><dl class='gallery-item'>\n\t\t\t<dt class='gallery-icon landscape'>\n\t\t\t\t<a href='https:\/\/kylat.ekarjala.fi\/mikkolanniemi\/mikkiksen-tarinapolku\/olympus-digital-camera-10\/'><img loading=\"lazy\" decoding=\"async\" width=\"150\" height=\"113\" src=\"https:\/\/kylat.ekarjala.fi\/mikkolanniemi\/wp-content\/uploads\/sites\/31\/2011\/10\/14.jpg\" class=\"attachment-thumbnail size-thumbnail\" alt=\"\" \/><\/a>\n\t\t\t<\/dt><\/dl><dl class='gallery-item'>\n\t\t\t<dt class='gallery-icon landscape'>\n\t\t\t\t<a href='https:\/\/kylat.ekarjala.fi\/mikkolanniemi\/mikkiksen-tarinapolku\/laavu_jpg_1000-2\/'><img loading=\"lazy\" decoding=\"async\" width=\"150\" height=\"150\" src=\"https:\/\/kylat.ekarjala.fi\/mikkolanniemi\/wp-content\/uploads\/sites\/31\/2011\/10\/laavu_jpg_1000-2-150x150.jpg\" class=\"attachment-thumbnail size-thumbnail\" alt=\"\" \/><\/a>\n\t\t\t<\/dt><\/dl><dl class='gallery-item'>\n\t\t\t<dt class='gallery-icon landscape'>\n\t\t\t\t<a href='https:\/\/kylat.ekarjala.fi\/mikkolanniemi\/mikkiksen-tarinapolku\/pommikuoppa_jpg_1000-2\/'><img loading=\"lazy\" decoding=\"async\" width=\"150\" height=\"150\" src=\"https:\/\/kylat.ekarjala.fi\/mikkolanniemi\/wp-content\/uploads\/sites\/31\/2011\/10\/pommikuoppa_jpg_1000-2-150x150.jpg\" class=\"attachment-thumbnail size-thumbnail\" alt=\"\" \/><\/a>\n\t\t\t<\/dt><\/dl><br style=\"clear: both\" \/>\n\t\t<\/div>\n\n<p><strong>Katso<a href=\"http:\/\/www.parikkala.fi\/loader.aspx?id=22357b8a-1b98-4b0a-b579-3e4f65331bfe\" target=\"_blank\" rel=\"noopener\"> <em>reittikartta<\/em><\/a> Mikkiksen tarinapolku ja tulosta vaikka mukaan.<\/strong><\/p>\n<p><strong>Lis\u00e4tietoa oheisista linkeist\u00e4.<\/strong><\/p>\n<p><a href=\"https:\/\/ekarjala-retkeily.fi\/reitit-ja-retkikohteet\/kohde\/?id=39163670\" target=\"_blank\" rel=\"noopener\"><em>Ekarjala-retkeily\/Mikkiksen tarinapolku<\/em><\/a><\/p>\n<p><em><a href=\"https:\/\/www.visitparikkala.fi\/retkeilyreitit\/mikkiksen-tarinapolku\/\" target=\"_blank\" rel=\"noopener\">Parikkalan kunta\/Mikkiksen tarinapolku ja retkeilyreitit<\/a><br \/>\n<\/em><\/p>\n<p>&nbsp;<\/p>\n","protected":false},"excerpt":{"rendered":"<p>Mikkiksen tarinapolku Luonnossa liikkumisesta kiinnostuneet p\u00e4\u00e4sev\u00e4t suoraan toimintakeskukselta retkeilyreiteille, jotka ovat pituudeltaan 3-15 km. Reittien varrella voit lev\u00e4ht\u00e4\u00e4 sek\u00e4 Virtsalammen laavulla ett\u00e4 Tervakummun kodalla, josta avautuvat maisemat l\u00e4heiselle Pien-Rautj\u00e4rvelle. Kannattaa my\u00f6s pys\u00e4hty\u00e4 ja tutustua uhrikiveen ja sen historiaan. Katso reittikartta &hellip; <a href=\"https:\/\/kylat.ekarjala.fi\/mikkolanniemi\/mikkiksen-tarinapolku\/\">Lue loppuun <span class=\"meta-nav\">&rarr;<\/span><\/a><\/p>\n","protected":false},"author":65,"featured_media":0,"parent":0,"menu_order":5,"comment_status":"closed","ping_status":"closed","template":"","meta":{"footnotes":""},"class_list":["post-88","page","type-page","status-publish","hentry"],"_links":{"self":[{"href":"https:\/\/kylat.ekarjala.fi\/mikkolanniemi\/wp-json\/wp\/v2\/pages\/88","targetHints":{"allow":["GET"]}}],"collection":[{"href":"https:\/\/kylat.ekarjala.fi\/mikkolanniemi\/wp-json\/wp\/v2\/pages"}],"about":[{"href":"https:\/\/kylat.ekarjala.fi\/mikkolanniemi\/wp-json\/wp\/v2\/types\/page"}],"author":[{"embeddable":true,"href":"https:\/\/kylat.ekarjala.fi\/mikkolanniemi\/wp-json\/wp\/v2\/users\/65"}],"replies":[{"embeddable":true,"href":"https:\/\/kylat.ekarjala.fi\/mikkolanniemi\/wp-json\/wp\/v2\/comments?post=88"}],"version-history":[{"count":39,"href":"https:\/\/kylat.ekarjala.fi\/mikkolanniemi\/wp-json\/wp\/v2\/pages\/88\/revisions"}],"predecessor-version":[{"id":2879,"href":"https:\/\/kylat.ekarjala.fi\/mikkolanniemi\/wp-json\/wp\/v2\/pages\/88\/revisions\/2879"}],"wp:attachment":[{"href":"https:\/\/kylat.ekarjala.fi\/mikkolanniemi\/wp-json\/wp\/v2\/media?parent=88"}],"curies":[{"name":"wp","href":"https:\/\/api.w.org\/{rel}","templated":true}]}}