{"id":963,"date":"2013-01-13T18:48:17","date_gmt":"2013-01-13T17:18:17","guid":{"rendered":"https:\/\/kylat.ekarjala.fi\/mikkolanniemi\/?page_id=963"},"modified":"2024-01-03T14:15:56","modified_gmt":"2024-01-03T12:45:56","slug":"tapahtumia-2012","status":"publish","type":"page","link":"https:\/\/kylat.ekarjala.fi\/mikkolanniemi\/tapahtumat\/tapahtumia-2012\/","title":{"rendered":"2012 Tapahtumia"},"content":{"rendered":"<ul>\n<li>Hein\u00e4kuussa Mikkis-teatteri esitti 12 kertaa Tatu Pekkarisen kirjoittaman ja Mika Siekkisen ohjaaman laulun\u00e4ytelm\u00e4n HOTELLI HUMINAN.<\/li>\n<\/ul>\n<p><a href=\"http:\/\/www.youtube.com\/watch?v=3E4avWiE99s&amp;feature=plcp\" target=\"_blank\" rel=\"noopener\">Klikkaamalla t\u00e4t\u00e4 linkki\u00e4 voit katsoa harjoituksista kuvatun videop\u00e4tk\u00e4n.<\/a><\/p>\n<ul>\n<li><strong>Kota sai 22.9. talkoilla uuden katon ja kattoikkunan.<\/strong><\/li>\n<\/ul>\n<ul>\n<li><strong>2.12. pidettiin 15. Joulumessut.<\/strong><\/li>\n<\/ul>\n<div id='gallery-1' class='gallery galleryid-963 gallery-columns-4 gallery-size-thumbnail'><dl class='gallery-item'>\n\t\t\t<dt class='gallery-icon landscape'>\n\t\t\t\t<a href='https:\/\/kylat.ekarjala.fi\/mikkolanniemi\/wp-content\/uploads\/sites\/31\/2013\/01\/pienenetty-Messut-2012-006.jpg'><img loading=\"lazy\" decoding=\"async\" width=\"150\" height=\"113\" src=\"https:\/\/kylat.ekarjala.fi\/mikkolanniemi\/wp-content\/uploads\/sites\/31\/2013\/01\/pienenetty-Messut-2012-006.jpg\" class=\"attachment-thumbnail size-thumbnail\" alt=\"\" \/><\/a>\n\t\t\t<\/dt><\/dl><dl class='gallery-item'>\n\t\t\t<dt class='gallery-icon landscape'>\n\t\t\t\t<a href='https:\/\/kylat.ekarjala.fi\/mikkolanniemi\/wp-content\/uploads\/sites\/31\/2013\/01\/pienennetty-Messut-2012-008.jpg'><img loading=\"lazy\" decoding=\"async\" width=\"150\" height=\"113\" src=\"https:\/\/kylat.ekarjala.fi\/mikkolanniemi\/wp-content\/uploads\/sites\/31\/2013\/01\/pienennetty-Messut-2012-008.jpg\" class=\"attachment-thumbnail size-thumbnail\" alt=\"\" \/><\/a>\n\t\t\t<\/dt><\/dl><dl class='gallery-item'>\n\t\t\t<dt class='gallery-icon landscape'>\n\t\t\t\t<a href='https:\/\/kylat.ekarjala.fi\/mikkolanniemi\/wp-content\/uploads\/sites\/31\/2013\/01\/pienennetty-Messut-2012-012.jpg'><img loading=\"lazy\" decoding=\"async\" width=\"150\" height=\"113\" src=\"https:\/\/kylat.ekarjala.fi\/mikkolanniemi\/wp-content\/uploads\/sites\/31\/2013\/01\/pienennetty-Messut-2012-012.jpg\" class=\"attachment-thumbnail size-thumbnail\" alt=\"\" aria-describedby=\"gallery-1-1005\" \/><\/a>\n\t\t\t<\/dt>\n\t\t\t\t<dd class='wp-caption-text gallery-caption' id='gallery-1-1005'>\n\t\t\t\tKiitospuhe\n\t\t\t\t<\/dd><\/dl><dl class='gallery-item'>\n\t\t\t<dt class='gallery-icon landscape'>\n\t\t\t\t<a href='https:\/\/kylat.ekarjala.fi\/mikkolanniemi\/wp-content\/uploads\/sites\/31\/2013\/01\/pienennetty-Messut-2012-013.jpg'><img loading=\"lazy\" decoding=\"async\" width=\"150\" height=\"113\" src=\"https:\/\/kylat.ekarjala.fi\/mikkolanniemi\/wp-content\/uploads\/sites\/31\/2013\/01\/pienennetty-Messut-2012-013.jpg\" class=\"attachment-thumbnail size-thumbnail\" alt=\"\" aria-describedby=\"gallery-1-1004\" \/><\/a>\n\t\t\t<\/dt>\n\t\t\t\t<dd class='wp-caption-text gallery-caption' id='gallery-1-1004'>\n\t\t\t\tKyl\u00e4n Vuoden Henkil\u00f6\n\t\t\t\t<\/dd><\/dl><br style=\"clear: both\" \/><dl class='gallery-item'>\n\t\t\t<dt class='gallery-icon landscape'>\n\t\t\t\t<a href='https:\/\/kylat.ekarjala.fi\/mikkolanniemi\/wp-content\/uploads\/sites\/31\/2013\/01\/pienennetty-Messut-2012-010.jpg'><img loading=\"lazy\" decoding=\"async\" width=\"150\" height=\"113\" src=\"https:\/\/kylat.ekarjala.fi\/mikkolanniemi\/wp-content\/uploads\/sites\/31\/2013\/01\/pienennetty-Messut-2012-010.jpg\" class=\"attachment-thumbnail size-thumbnail\" alt=\"\" \/><\/a>\n\t\t\t<\/dt><\/dl><dl class='gallery-item'>\n\t\t\t<dt class='gallery-icon landscape'>\n\t\t\t\t<a href='https:\/\/kylat.ekarjala.fi\/mikkolanniemi\/wp-content\/uploads\/sites\/31\/2013\/01\/pienennetty-Messut-2012-011.jpg'><img loading=\"lazy\" decoding=\"async\" width=\"150\" height=\"113\" src=\"https:\/\/kylat.ekarjala.fi\/mikkolanniemi\/wp-content\/uploads\/sites\/31\/2013\/01\/pienennetty-Messut-2012-011.jpg\" class=\"attachment-thumbnail size-thumbnail\" alt=\"\" aria-describedby=\"gallery-1-1002\" \/><\/a>\n\t\t\t<\/dt>\n\t\t\t\t<dd class='wp-caption-text gallery-caption' id='gallery-1-1002'>\n\t\t\t\tKyl\u00e4n Vuoden Henkil\u00f6n julkistaminen\n\t\t\t\t<\/dd><\/dl><dl class='gallery-item'>\n\t\t\t<dt class='gallery-icon landscape'>\n\t\t\t\t<a href='https:\/\/kylat.ekarjala.fi\/mikkolanniemi\/wp-content\/uploads\/sites\/31\/2013\/01\/pienennetty-Messut-2012-014.jpg'><img loading=\"lazy\" decoding=\"async\" width=\"150\" height=\"113\" src=\"https:\/\/kylat.ekarjala.fi\/mikkolanniemi\/wp-content\/uploads\/sites\/31\/2013\/01\/pienennetty-Messut-2012-014.jpg\" class=\"attachment-thumbnail size-thumbnail\" alt=\"\" aria-describedby=\"gallery-1-1001\" \/><\/a>\n\t\t\t<\/dt>\n\t\t\t\t<dd class='wp-caption-text gallery-caption' id='gallery-1-1001'>\n\t\t\t\tTasatunti arvonta\n\t\t\t\t<\/dd><\/dl><dl class='gallery-item'>\n\t\t\t<dt class='gallery-icon landscape'>\n\t\t\t\t<a href='https:\/\/kylat.ekarjala.fi\/mikkolanniemi\/wp-content\/uploads\/sites\/31\/2013\/01\/pienennetty-Messut-2012-005.jpg'><img loading=\"lazy\" decoding=\"async\" width=\"150\" height=\"113\" src=\"https:\/\/kylat.ekarjala.fi\/mikkolanniemi\/wp-content\/uploads\/sites\/31\/2013\/01\/pienennetty-Messut-2012-005.jpg\" class=\"attachment-thumbnail size-thumbnail\" alt=\"\" aria-describedby=\"gallery-1-1000\" \/><\/a>\n\t\t\t<\/dt>\n\t\t\t\t<dd class='wp-caption-text gallery-caption' id='gallery-1-1000'>\n\t\t\t\tKyl\u00e4p\u00e4\u00e4llik\u00f6n tervehdys\n\t\t\t\t<\/dd><\/dl><br style=\"clear: both\" \/><dl class='gallery-item'>\n\t\t\t<dt class='gallery-icon landscape'>\n\t\t\t\t<a href='https:\/\/kylat.ekarjala.fi\/mikkolanniemi\/wp-content\/uploads\/sites\/31\/2013\/01\/pienennetty-Messut-2012-004.jpg'><img loading=\"lazy\" decoding=\"async\" width=\"150\" height=\"113\" src=\"https:\/\/kylat.ekarjala.fi\/mikkolanniemi\/wp-content\/uploads\/sites\/31\/2013\/01\/pienennetty-Messut-2012-004.jpg\" class=\"attachment-thumbnail size-thumbnail\" alt=\"\" \/><\/a>\n\t\t\t<\/dt><\/dl><dl class='gallery-item'>\n\t\t\t<dt class='gallery-icon landscape'>\n\t\t\t\t<a href='https:\/\/kylat.ekarjala.fi\/mikkolanniemi\/wp-content\/uploads\/sites\/31\/2013\/01\/pienennetty-Messut-2012-003.jpg'><img loading=\"lazy\" decoding=\"async\" width=\"150\" height=\"113\" src=\"https:\/\/kylat.ekarjala.fi\/mikkolanniemi\/wp-content\/uploads\/sites\/31\/2013\/01\/pienennetty-Messut-2012-003.jpg\" class=\"attachment-thumbnail size-thumbnail\" alt=\"\" \/><\/a>\n\t\t\t<\/dt><\/dl><dl class='gallery-item'>\n\t\t\t<dt class='gallery-icon landscape'>\n\t\t\t\t<a href='https:\/\/kylat.ekarjala.fi\/mikkolanniemi\/wp-content\/uploads\/sites\/31\/2013\/01\/pienennetty-Messut-2012-002.jpg'><img loading=\"lazy\" decoding=\"async\" width=\"150\" height=\"113\" src=\"https:\/\/kylat.ekarjala.fi\/mikkolanniemi\/wp-content\/uploads\/sites\/31\/2013\/01\/pienennetty-Messut-2012-002.jpg\" class=\"attachment-thumbnail size-thumbnail\" alt=\"\" aria-describedby=\"gallery-1-997\" \/><\/a>\n\t\t\t<\/dt>\n\t\t\t\t<dd class='wp-caption-text gallery-caption' id='gallery-1-997'>\n\t\t\t\tMessut\n\t\t\t\t<\/dd><\/dl><dl class='gallery-item'>\n\t\t\t<dt class='gallery-icon landscape'>\n\t\t\t\t<a href='https:\/\/kylat.ekarjala.fi\/mikkolanniemi\/wp-content\/uploads\/sites\/31\/2013\/01\/Kodan-katon-korjaus-004web.jpg'><img loading=\"lazy\" decoding=\"async\" width=\"150\" height=\"113\" src=\"https:\/\/kylat.ekarjala.fi\/mikkolanniemi\/wp-content\/uploads\/sites\/31\/2013\/01\/Kodan-katon-korjaus-004web.jpg\" class=\"attachment-thumbnail size-thumbnail\" alt=\"\" \/><\/a>\n\t\t\t<\/dt><\/dl><br style=\"clear: both\" \/><dl class='gallery-item'>\n\t\t\t<dt class='gallery-icon landscape'>\n\t\t\t\t<a href='https:\/\/kylat.ekarjala.fi\/mikkolanniemi\/wp-content\/uploads\/sites\/31\/2013\/01\/Kodan-katon-korjaus-007web.jpg'><img loading=\"lazy\" decoding=\"async\" width=\"150\" height=\"113\" src=\"https:\/\/kylat.ekarjala.fi\/mikkolanniemi\/wp-content\/uploads\/sites\/31\/2013\/01\/Kodan-katon-korjaus-007web.jpg\" class=\"attachment-thumbnail size-thumbnail\" alt=\"\" \/><\/a>\n\t\t\t<\/dt><\/dl><dl class='gallery-item'>\n\t\t\t<dt class='gallery-icon landscape'>\n\t\t\t\t<a href='https:\/\/kylat.ekarjala.fi\/mikkolanniemi\/wp-content\/uploads\/sites\/31\/2013\/01\/Kodan-katon-korjaus-012web.jpg'><img loading=\"lazy\" decoding=\"async\" width=\"150\" height=\"113\" src=\"https:\/\/kylat.ekarjala.fi\/mikkolanniemi\/wp-content\/uploads\/sites\/31\/2013\/01\/Kodan-katon-korjaus-012web.jpg\" class=\"attachment-thumbnail size-thumbnail\" alt=\"\" \/><\/a>\n\t\t\t<\/dt><\/dl><dl class='gallery-item'>\n\t\t\t<dt class='gallery-icon landscape'>\n\t\t\t\t<a href='https:\/\/kylat.ekarjala.fi\/mikkolanniemi\/wp-content\/uploads\/sites\/31\/2013\/01\/Kodan-katon-korjaus-018web.jpg'><img loading=\"lazy\" decoding=\"async\" width=\"150\" height=\"113\" src=\"https:\/\/kylat.ekarjala.fi\/mikkolanniemi\/wp-content\/uploads\/sites\/31\/2013\/01\/Kodan-katon-korjaus-018web.jpg\" class=\"attachment-thumbnail size-thumbnail\" alt=\"\" \/><\/a>\n\t\t\t<\/dt><\/dl><dl class='gallery-item'>\n\t\t\t<dt class='gallery-icon landscape'>\n\t\t\t\t<a href='https:\/\/kylat.ekarjala.fi\/mikkolanniemi\/wp-content\/uploads\/sites\/31\/2013\/01\/Kodan-katon-korjaus-019web.jpg'><img loading=\"lazy\" decoding=\"async\" width=\"150\" height=\"113\" src=\"https:\/\/kylat.ekarjala.fi\/mikkolanniemi\/wp-content\/uploads\/sites\/31\/2013\/01\/Kodan-katon-korjaus-019web.jpg\" class=\"attachment-thumbnail size-thumbnail\" alt=\"\" aria-describedby=\"gallery-1-991\" \/><\/a>\n\t\t\t<\/dt>\n\t\t\t\t<dd class='wp-caption-text gallery-caption' id='gallery-1-991'>\n\t\t\t\tKattotalkoot\n\t\t\t\t<\/dd><\/dl><br style=\"clear: both\" \/><dl class='gallery-item'>\n\t\t\t<dt class='gallery-icon landscape'>\n\t\t\t\t<a href='https:\/\/kylat.ekarjala.fi\/mikkolanniemi\/wp-content\/uploads\/sites\/31\/2013\/01\/H-Ahokas.jpg'><img loading=\"lazy\" decoding=\"async\" width=\"150\" height=\"100\" src=\"https:\/\/kylat.ekarjala.fi\/mikkolanniemi\/wp-content\/uploads\/sites\/31\/2013\/01\/H-Ahokas.jpg\" class=\"attachment-thumbnail size-thumbnail\" alt=\"\" aria-describedby=\"gallery-1-987\" \/><\/a>\n\t\t\t<\/dt>\n\t\t\t\t<dd class='wp-caption-text gallery-caption' id='gallery-1-987'>\n\t\t\t\tKuva: H Ahokas\n\t\t\t\t<\/dd><\/dl><dl class='gallery-item'>\n\t\t\t<dt class='gallery-icon landscape'>\n\t\t\t\t<a href='https:\/\/kylat.ekarjala.fi\/mikkolanniemi\/wp-content\/uploads\/sites\/31\/2013\/01\/Hotelli-Humina-017-pienennetty.jpg'><img loading=\"lazy\" decoding=\"async\" width=\"150\" height=\"113\" src=\"https:\/\/kylat.ekarjala.fi\/mikkolanniemi\/wp-content\/uploads\/sites\/31\/2013\/01\/Hotelli-Humina-017-pienennetty.jpg\" class=\"attachment-thumbnail size-thumbnail\" alt=\"\" \/><\/a>\n\t\t\t<\/dt><\/dl><dl class='gallery-item'>\n\t\t\t<dt class='gallery-icon landscape'>\n\t\t\t\t<a href='https:\/\/kylat.ekarjala.fi\/mikkolanniemi\/wp-content\/uploads\/sites\/31\/2013\/01\/Hotelli-Humina-012-pienennetty.jpg'><img loading=\"lazy\" decoding=\"async\" width=\"150\" height=\"113\" src=\"https:\/\/kylat.ekarjala.fi\/mikkolanniemi\/wp-content\/uploads\/sites\/31\/2013\/01\/Hotelli-Humina-012-pienennetty.jpg\" class=\"attachment-thumbnail size-thumbnail\" alt=\"\" \/><\/a>\n\t\t\t<\/dt><\/dl><dl class='gallery-item'>\n\t\t\t<dt class='gallery-icon landscape'>\n\t\t\t\t<a href='https:\/\/kylat.ekarjala.fi\/mikkolanniemi\/wp-content\/uploads\/sites\/31\/2013\/01\/Hotelli-Humina-014-pienenetty.jpg'><img loading=\"lazy\" decoding=\"async\" width=\"150\" height=\"113\" src=\"https:\/\/kylat.ekarjala.fi\/mikkolanniemi\/wp-content\/uploads\/sites\/31\/2013\/01\/Hotelli-Humina-014-pienenetty.jpg\" class=\"attachment-thumbnail size-thumbnail\" alt=\"\" \/><\/a>\n\t\t\t<\/dt><\/dl><br style=\"clear: both\" \/><dl class='gallery-item'>\n\t\t\t<dt class='gallery-icon landscape'>\n\t\t\t\t<a href='https:\/\/kylat.ekarjala.fi\/mikkolanniemi\/wp-content\/uploads\/sites\/31\/2013\/01\/Hotelli-Humina-009-pienennetty.jpg'><img loading=\"lazy\" decoding=\"async\" width=\"150\" height=\"113\" src=\"https:\/\/kylat.ekarjala.fi\/mikkolanniemi\/wp-content\/uploads\/sites\/31\/2013\/01\/Hotelli-Humina-009-pienennetty.jpg\" class=\"attachment-thumbnail size-thumbnail\" alt=\"\" \/><\/a>\n\t\t\t<\/dt><\/dl><dl class='gallery-item'>\n\t\t\t<dt class='gallery-icon landscape'>\n\t\t\t\t<a href='https:\/\/kylat.ekarjala.fi\/mikkolanniemi\/wp-content\/uploads\/sites\/31\/2013\/01\/Hotelli-Humina-006-pienenetty.jpg'><img loading=\"lazy\" decoding=\"async\" width=\"150\" height=\"113\" src=\"https:\/\/kylat.ekarjala.fi\/mikkolanniemi\/wp-content\/uploads\/sites\/31\/2013\/01\/Hotelli-Humina-006-pienenetty.jpg\" class=\"attachment-thumbnail size-thumbnail\" alt=\"\" \/><\/a>\n\t\t\t<\/dt><\/dl><dl class='gallery-item'>\n\t\t\t<dt class='gallery-icon landscape'>\n\t\t\t\t<a href='https:\/\/kylat.ekarjala.fi\/mikkolanniemi\/wp-content\/uploads\/sites\/31\/2013\/01\/Hotelli-Humina-005-pienennetty.jpg'><img loading=\"lazy\" decoding=\"async\" width=\"150\" height=\"113\" src=\"https:\/\/kylat.ekarjala.fi\/mikkolanniemi\/wp-content\/uploads\/sites\/31\/2013\/01\/Hotelli-Humina-005-pienennetty.jpg\" class=\"attachment-thumbnail size-thumbnail\" alt=\"\" \/><\/a>\n\t\t\t<\/dt><\/dl><dl class='gallery-item'>\n\t\t\t<dt class='gallery-icon landscape'>\n\t\t\t\t<a href='https:\/\/kylat.ekarjala.fi\/mikkolanniemi\/wp-content\/uploads\/sites\/31\/2013\/01\/Hotelli-Humina-010-pienennetty.jpg'><img loading=\"lazy\" decoding=\"async\" width=\"150\" height=\"113\" src=\"https:\/\/kylat.ekarjala.fi\/mikkolanniemi\/wp-content\/uploads\/sites\/31\/2013\/01\/Hotelli-Humina-010-pienennetty.jpg\" class=\"attachment-thumbnail size-thumbnail\" alt=\"\" \/><\/a>\n\t\t\t<\/dt><\/dl><br style=\"clear: both\" \/><dl class='gallery-item'>\n\t\t\t<dt class='gallery-icon landscape'>\n\t\t\t\t<a href='https:\/\/kylat.ekarjala.fi\/mikkolanniemi\/wp-content\/uploads\/sites\/31\/2013\/01\/Hotelli-Humina-004-pienennetty.jpg'><img loading=\"lazy\" decoding=\"async\" width=\"150\" height=\"113\" src=\"https:\/\/kylat.ekarjala.fi\/mikkolanniemi\/wp-content\/uploads\/sites\/31\/2013\/01\/Hotelli-Humina-004-pienennetty.jpg\" class=\"attachment-thumbnail size-thumbnail\" alt=\"\" aria-describedby=\"gallery-1-979\" \/><\/a>\n\t\t\t<\/dt>\n\t\t\t\t<dd class='wp-caption-text gallery-caption' id='gallery-1-979'>\n\t\t\t\tHotelli Humina\n\t\t\t\t<\/dd><\/dl>\n\t\t\t<br style='clear: both' \/>\n\t\t<\/div>\n\n","protected":false},"excerpt":{"rendered":"<p>Hein\u00e4kuussa Mikkis-teatteri esitti 12 kertaa Tatu Pekkarisen kirjoittaman ja Mika Siekkisen ohjaaman laulun\u00e4ytelm\u00e4n HOTELLI HUMINAN. Klikkaamalla t\u00e4t\u00e4 linkki\u00e4 voit katsoa harjoituksista kuvatun videop\u00e4tk\u00e4n. Kota sai 22.9. talkoilla uuden katon ja kattoikkunan. 2.12. pidettiin 15. Joulumessut.<\/p>\n","protected":false},"author":88,"featured_media":0,"parent":107,"menu_order":9,"comment_status":"closed","ping_status":"closed","template":"","meta":{"footnotes":""},"class_list":["post-963","page","type-page","status-publish","hentry"],"_links":{"self":[{"href":"https:\/\/kylat.ekarjala.fi\/mikkolanniemi\/wp-json\/wp\/v2\/pages\/963","targetHints":{"allow":["GET"]}}],"collection":[{"href":"https:\/\/kylat.ekarjala.fi\/mikkolanniemi\/wp-json\/wp\/v2\/pages"}],"about":[{"href":"https:\/\/kylat.ekarjala.fi\/mikkolanniemi\/wp-json\/wp\/v2\/types\/page"}],"author":[{"embeddable":true,"href":"https:\/\/kylat.ekarjala.fi\/mikkolanniemi\/wp-json\/wp\/v2\/users\/88"}],"replies":[{"embeddable":true,"href":"https:\/\/kylat.ekarjala.fi\/mikkolanniemi\/wp-json\/wp\/v2\/comments?post=963"}],"version-history":[{"count":28,"href":"https:\/\/kylat.ekarjala.fi\/mikkolanniemi\/wp-json\/wp\/v2\/pages\/963\/revisions"}],"predecessor-version":[{"id":2745,"href":"https:\/\/kylat.ekarjala.fi\/mikkolanniemi\/wp-json\/wp\/v2\/pages\/963\/revisions\/2745"}],"up":[{"embeddable":true,"href":"https:\/\/kylat.ekarjala.fi\/mikkolanniemi\/wp-json\/wp\/v2\/pages\/107"}],"wp:attachment":[{"href":"https:\/\/kylat.ekarjala.fi\/mikkolanniemi\/wp-json\/wp\/v2\/media?parent=963"}],"curies":[{"name":"wp","href":"https:\/\/api.w.org\/{rel}","templated":true}]}}