{"id":12,"date":"2012-04-15T23:15:57","date_gmt":"2012-04-15T23:15:57","guid":{"rendered":"https:\/\/kylat.ekarjala.fi\/oritlampi\/?page_id=12"},"modified":"2012-04-16T00:21:09","modified_gmt":"2012-04-16T00:21:09","slug":"liiku-luonnossa","status":"publish","type":"page","link":"https:\/\/kylat.ekarjala.fi\/oritlampi\/liiku-luonnossa\/","title":{"rendered":"Liiku luonnossa"},"content":{"rendered":"<p>Oritlammen seudun ehdoton vieh\u00e4tys on sen tarjoama monipuolinen luonto aivan<br \/>\n\u201dtakaovella\u201d esim. sienestykseen, marjastukseen ja muuten vain liikkumiseen.<\/p>\n<p>Oritlammelta l\u00f6ytyy hiihtolatuja leppoisille sunnuntaihiihdoille sek\u00e4<br \/>\ntodelliseen kunnon kohotukseen. Lietlahdentien varrella sijaitsee latuverkoston<br \/>\nl\u00e4ht\u00f6piste. Huoltotilana palvelee vuonna 2002 valmistunut kota, jossa on<br \/>\nmahdollisuus vaikka kahvinkeittoon ja makkaranpaistoon nuotiolla. Kota sijaitsee<br \/>\nvanhassa hiekkakuopassa, josta l\u00f6ytyv\u00e4t my\u00f6s erinomaiset parkkipaikat kauempaa<br \/>\ntuleville.<\/p>\n<p>Kotamontulta l\u00e4htee talkoovoimin rakennettu valaistu latu, jonka pituus on<br \/>\n2,2 km. Valaistulta ladulta on yhteys kansanhiihtoladuille, joista voi valita<br \/>\n3,5, 5, tai 12 km reitin Koholanm\u00e4en ja J\u00e4ppisenm\u00e4en silm\u00e4\u00e4 hivelev\u00e4n kauniissa<br \/>\nmaisemissa. Kansanhiihtoladut mutkittelevat vaihtelevissa mets\u00e4maisemissa ja<br \/>\nsopivat aivan aloittelevallekin hiiht\u00e4j\u00e4lle. Valaistu latu kiertelee jo hieman<br \/>\nhaastetta tarjoavaa harjumaisemaa Oritlammen ja Koholanm\u00e4en v\u00e4lill\u00e4.<\/p>\n<p>Talviseen ulkoiluun tarjoaa mahdollisuuksia my\u00f6s Puntalantien varrella<br \/>\nsijaitseva kaukalo, jossa riitt\u00e4\u00e4 tilaa sek\u00e4 taitoluistelukuvioiden hiomiseen<br \/>\nett\u00e4 reippaaseen menoon kiekon per\u00e4ss\u00e4.<\/p>\n<div id=\"attachment_20\" style=\"width: 274px\" class=\"wp-caption alignleft\"><a href=\"https:\/\/kylat.ekarjala.fi\/oritlampi\/wp-content\/uploads\/sites\/43\/2012\/04\/Beach-volley-kentt\u00e4.jpg\"><img loading=\"lazy\" decoding=\"async\" aria-describedby=\"caption-attachment-20\" class=\"size-full wp-image-20\" src=\"https:\/\/kylat.ekarjala.fi\/oritlampi\/wp-content\/uploads\/sites\/43\/2012\/04\/Beach-volley-kentt\u00e4.jpg\" alt=\"\" width=\"264\" height=\"199\" \/><\/a><p id=\"caption-attachment-20\" class=\"wp-caption-text\">Beach volley kentt\u00e4<\/p><\/div>\n<p>Kes\u00e4isin valaistun ladun pohja toimii mainiona kuntoratana. Sen lis\u00e4ksi kotamontulta l\u00e4htee n. 10 km pituinen kuntopolku, jonka varrelta l\u00f6ytyy taukolaavu nuotiopaikkoineen.<\/p>\n<p>Oritlammen uimarannalla viihtyv\u00e4t kes\u00e4isin kaikki vauvasta vaariin. Erinomaisen hiekkarannan ja puhtaan, kirkkaan uimaveden lis\u00e4ksi rannalta l\u00f6ytyv\u00e4t vuonna 2003 valmistunut beach volley -kentt\u00e4, grillikatos ja lapsille keinut. Uimarannan l\u00e4heisyyteen saimme \u00e4skett\u00e4in kuivan maan matonpesupaikan.<\/p>\n<p>Py\u00f6r\u00e4ilij\u00f6ille, k\u00e4velij\u00f6ille, h\u00f6lkk\u00e4\u00e4jille, rullaluistelijoille ja ihan kenelle vain Oritlammelta l\u00e4htee erinomainen kevyenliikenteenv\u00e4yl\u00e4 Imatran ja Rasilan suuntiin.<\/p>\n<p>Oritlampi, Koholanm\u00e4ki ja J\u00e4ppisenm\u00e4ki rajoittuvat kaikki K\u00e4rinki- tai Pien-K\u00e4rinkij\u00e4rviin, jotka ovat yhteydess\u00e4 toisiinsa padotulla kanavalla. J\u00e4rvet tarjoavat erinomaiset mahdollisuudet kalastukseen kes\u00e4ll\u00e4 ja talvella.<\/p>\n","protected":false},"excerpt":{"rendered":"<p>Oritlammen seudun ehdoton vieh\u00e4tys on sen tarjoama monipuolinen luonto aivan \u201dtakaovella\u201d esim. sienestykseen, marjastukseen ja muuten vain liikkumiseen. Oritlammelta l\u00f6ytyy hiihtolatuja leppoisille sunnuntaihiihdoille sek\u00e4 todelliseen kunnon kohotukseen. Lietlahdentien varrella sijaitsee latuverkoston l\u00e4ht\u00f6piste. Huoltotilana palvelee vuonna 2002 valmistunut kota, jossa on &hellip; <a href=\"https:\/\/kylat.ekarjala.fi\/oritlampi\/liiku-luonnossa\/\">Lue loppuun <span class=\"meta-nav\">&rarr;<\/span><\/a><\/p>\n","protected":false},"author":105,"featured_media":0,"parent":0,"menu_order":2,"comment_status":"closed","ping_status":"closed","template":"","meta":{"footnotes":""},"class_list":["post-12","page","type-page","status-publish","hentry"],"_links":{"self":[{"href":"https:\/\/kylat.ekarjala.fi\/oritlampi\/wp-json\/wp\/v2\/pages\/12","targetHints":{"allow":["GET"]}}],"collection":[{"href":"https:\/\/kylat.ekarjala.fi\/oritlampi\/wp-json\/wp\/v2\/pages"}],"about":[{"href":"https:\/\/kylat.ekarjala.fi\/oritlampi\/wp-json\/wp\/v2\/types\/page"}],"author":[{"embeddable":true,"href":"https:\/\/kylat.ekarjala.fi\/oritlampi\/wp-json\/wp\/v2\/users\/105"}],"replies":[{"embeddable":true,"href":"https:\/\/kylat.ekarjala.fi\/oritlampi\/wp-json\/wp\/v2\/comments?post=12"}],"version-history":[{"count":6,"href":"https:\/\/kylat.ekarjala.fi\/oritlampi\/wp-json\/wp\/v2\/pages\/12\/revisions"}],"predecessor-version":[{"id":31,"href":"https:\/\/kylat.ekarjala.fi\/oritlampi\/wp-json\/wp\/v2\/pages\/12\/revisions\/31"}],"wp:attachment":[{"href":"https:\/\/kylat.ekarjala.fi\/oritlampi\/wp-json\/wp\/v2\/media?parent=12"}],"curies":[{"name":"wp","href":"https:\/\/api.w.org\/{rel}","templated":true}]}}