{"id":14,"date":"2012-04-15T23:18:06","date_gmt":"2012-04-15T23:18:06","guid":{"rendered":"https:\/\/kylat.ekarjala.fi\/oritlampi\/?page_id=14"},"modified":"2012-04-16T00:21:52","modified_gmt":"2012-04-16T00:21:52","slug":"kylasuunnitelma","status":"publish","type":"page","link":"https:\/\/kylat.ekarjala.fi\/oritlampi\/kylasuunnitelma\/","title":{"rendered":"Kyl\u00e4suunnitelma"},"content":{"rendered":"<p>Oritlammen seudun kylille laadittiin kyl\u00e4suunnitelma vuonna 2004. Historian<br \/>\nkautta nykyp\u00e4iv\u00e4\u00e4n ja siit\u00e4 pitk\u00e4lle tulevaisuuteen t\u00e4hy\u00e4v\u00e4n kyl\u00e4mme<br \/>\nkehitt\u00e4missuunnitelman tekemiseen osallistui l\u00e4hes 100 kyl\u00e4l\u00e4ist\u00e4 mm. ty\u00f6ryhmien<br \/>\nja kyl\u00e4kyselyiden kautta.<\/p>\n<p>Kyl\u00e4suunnitelma on ty\u00f6kalu, jolla pyrit\u00e4\u00e4n vet\u00e4m\u00e4\u00e4n kylille muuttaneita uusia<br \/>\nihmisi\u00e4 mukaan toimintaan ja esitet\u00e4\u00e4n kunnan p\u00e4\u00e4tt\u00e4jille sek\u00e4 muille<br \/>\nyhteisty\u00f6kumppaneille kyl\u00e4n toiveita ja suunnitelmia, vied\u00e4\u00e4n asioita<br \/>\neteenp\u00e4in.<\/p>\n<p><a href=\"https:\/\/kylat.ekarjala.fi\/oritlampi\/wp-content\/uploads\/sites\/43\/2012\/04\/Kylasuunnitelma-ORITLAMPI-viimeinen.pdf\">Kyl\u00e4suunnitelma<\/a><\/p>\n","protected":false},"excerpt":{"rendered":"<p>Oritlammen seudun kylille laadittiin kyl\u00e4suunnitelma vuonna 2004. Historian kautta nykyp\u00e4iv\u00e4\u00e4n ja siit\u00e4 pitk\u00e4lle tulevaisuuteen t\u00e4hy\u00e4v\u00e4n kyl\u00e4mme kehitt\u00e4missuunnitelman tekemiseen osallistui l\u00e4hes 100 kyl\u00e4l\u00e4ist\u00e4 mm. ty\u00f6ryhmien ja kyl\u00e4kyselyiden kautta. Kyl\u00e4suunnitelma on ty\u00f6kalu, jolla pyrit\u00e4\u00e4n vet\u00e4m\u00e4\u00e4n kylille muuttaneita uusia ihmisi\u00e4 mukaan toimintaan ja &hellip; <a href=\"https:\/\/kylat.ekarjala.fi\/oritlampi\/kylasuunnitelma\/\">Lue loppuun <span class=\"meta-nav\">&rarr;<\/span><\/a><\/p>\n","protected":false},"author":105,"featured_media":0,"parent":0,"menu_order":3,"comment_status":"closed","ping_status":"closed","template":"","meta":{"footnotes":""},"class_list":["post-14","page","type-page","status-publish","hentry"],"_links":{"self":[{"href":"https:\/\/kylat.ekarjala.fi\/oritlampi\/wp-json\/wp\/v2\/pages\/14","targetHints":{"allow":["GET"]}}],"collection":[{"href":"https:\/\/kylat.ekarjala.fi\/oritlampi\/wp-json\/wp\/v2\/pages"}],"about":[{"href":"https:\/\/kylat.ekarjala.fi\/oritlampi\/wp-json\/wp\/v2\/types\/page"}],"author":[{"embeddable":true,"href":"https:\/\/kylat.ekarjala.fi\/oritlampi\/wp-json\/wp\/v2\/users\/105"}],"replies":[{"embeddable":true,"href":"https:\/\/kylat.ekarjala.fi\/oritlampi\/wp-json\/wp\/v2\/comments?post=14"}],"version-history":[{"count":5,"href":"https:\/\/kylat.ekarjala.fi\/oritlampi\/wp-json\/wp\/v2\/pages\/14\/revisions"}],"predecessor-version":[{"id":32,"href":"https:\/\/kylat.ekarjala.fi\/oritlampi\/wp-json\/wp\/v2\/pages\/14\/revisions\/32"}],"wp:attachment":[{"href":"https:\/\/kylat.ekarjala.fi\/oritlampi\/wp-json\/wp\/v2\/media?parent=14"}],"curies":[{"name":"wp","href":"https:\/\/api.w.org\/{rel}","templated":true}]}}