{"id":39,"date":"2012-04-22T23:55:55","date_gmt":"2012-04-22T23:55:55","guid":{"rendered":"https:\/\/kylat.ekarjala.fi\/oritlampi\/?page_id=39"},"modified":"2012-04-23T00:14:55","modified_gmt":"2012-04-23T00:14:55","slug":"kylalla-tapahtuu","status":"publish","type":"page","link":"https:\/\/kylat.ekarjala.fi\/oritlampi\/kylalla-tapahtuu\/","title":{"rendered":"Kyl\u00e4ll\u00e4 tapahtuu"},"content":{"rendered":"<p><strong>Uusivuosi otettiin vastaan upealla ilotulituksella<\/strong><\/p>\n<p><a href=\"https:\/\/kylat.ekarjala.fi\/oritlampi\/wp-content\/uploads\/sites\/43\/2012\/04\/Ilotulitus.jpg\"><img loading=\"lazy\" decoding=\"async\" class=\"alignleft size-full wp-image-40\" src=\"https:\/\/kylat.ekarjala.fi\/oritlampi\/wp-content\/uploads\/sites\/43\/2012\/04\/Ilotulitus.jpg\" alt=\"\" width=\"439\" height=\"315\" \/><\/a><\/p>\n<p>&nbsp;<\/p>\n<p>&nbsp;<\/p>\n<p>&nbsp;<\/p>\n<p>&nbsp;<\/p>\n<p>&nbsp;<\/p>\n<p>&nbsp;<\/p>\n<p>&nbsp;<\/p>\n<p>&nbsp;<\/p>\n<p>Kyl\u00e4yhdistyksen ja Kaukalonhoitajien yhteisty\u00f6n\u00e4 saatiin ottaa Uusi Vuosi vastaan kotinurkilla. Kodalla tulen loimussa seurusteltiin ja nautittiin buffetin antimista. Ilta huipentui j\u00e4lleen kerran upeaan ilotulitukseen.<\/p>\n<p>&nbsp;<\/p>\n<div id=\"attachment_45\" style=\"width: 240px\" class=\"wp-caption alignright\"><a href=\"https:\/\/kylat.ekarjala.fi\/oritlampi\/wp-content\/uploads\/sites\/43\/2012\/04\/Joulurauha.jpg\"><img loading=\"lazy\" decoding=\"async\" aria-describedby=\"caption-attachment-45\" class=\"size-full wp-image-45\" src=\"https:\/\/kylat.ekarjala.fi\/oritlampi\/wp-content\/uploads\/sites\/43\/2012\/04\/Joulurauha.jpg\" alt=\"\" width=\"230\" height=\"248\" \/><\/a><p id=\"caption-attachment-45\" class=\"wp-caption-text\">Joulupukki muoreineen julisti j\u00e4lleen joulurauhan kyl\u00e4lle tuomaanp\u00e4iv\u00e4n\u00e4<\/p><\/div>\n<p><strong>Joulurauha julistettiin kyl\u00e4lle jo perinteeksi muodostuvin menoin<\/strong><\/p>\n<p>T\u00e4n\u00e4 vuonna joulurauhaa jaettiin l\u00e4pi Oritlammen. Lyhtykulkue vaelsi Reiken<br \/>\npihalta Kodalle kuulemaan joulurauhan julistusta. Kulkueessa oli mukana mm.<br \/>\ntonttuja, enkeli, Maria Jeesuslapsen kanssa ja kyl\u00e4n omat Tiernepojat.\u00a0 Parikymment\u00e4 lyhty\u00e4 ja tien varreelle sytytetyt ulkotulet toivat valoa vuoden pimeimp\u00e4\u00e4n iltaan.<\/p>\n<p>&nbsp;<\/p>\n<p>&nbsp;<\/p>\n<div id=\"attachment_47\" style=\"width: 207px\" class=\"wp-caption alignleft\"><a href=\"https:\/\/kylat.ekarjala.fi\/oritlampi\/wp-content\/uploads\/sites\/43\/2012\/04\/Tiernapojat.jpg\"><img loading=\"lazy\" decoding=\"async\" aria-describedby=\"caption-attachment-47\" class=\"size-full wp-image-47\" src=\"https:\/\/kylat.ekarjala.fi\/oritlampi\/wp-content\/uploads\/sites\/43\/2012\/04\/Tiernapojat.jpg\" alt=\"\" width=\"197\" height=\"172\" \/><\/a><p id=\"caption-attachment-47\" class=\"wp-caption-text\">Tiernapojat<\/p><\/div>\n<p>Kulkue loi joulutunnelmaa joululauluilla ja iloisella yhdess\u00e4ololla. Kodalla Tiernepojat esiintyiv\u00e4t viime vuodesta tutulla tyylill\u00e4 pilke silm\u00e4kulmassa. Joulupukki oli ehtinyt joulunaluskiireilt\u00e4\u00e4n hyv\u00e4n asian vuoksi mukaan julistamaan meille oman joulurauhan. Muorikin oli mukana, mutta Muori oli niin ty\u00f6n uuvuttama, ett\u00e4 meinasi polttaa pitk\u00e4n rivin pipareita torkahdellessaan. Niit\u00e4 sitten porukalla viskeltiin hankeen j\u00e4\u00e4htym\u00e4\u00e4n.<\/p>\n<p>&nbsp;<\/p>\n<p>Onneksi muori oli varannut p\u00e4ivemm\u00e4ll\u00e4 pirte\u00e4n\u00e4 paistettuja pipreitakin mukaan ja l\u00e4mmitt\u00e4nyt gl\u00f6git, joita nautittiin kodan l\u00e4mm\u00f6ss\u00e4 tulen loimussa.<\/p>\n","protected":false},"excerpt":{"rendered":"<p>Uusivuosi otettiin vastaan upealla ilotulituksella &nbsp; &nbsp; &nbsp; &nbsp; &nbsp; &nbsp; &nbsp; &nbsp; Kyl\u00e4yhdistyksen ja Kaukalonhoitajien yhteisty\u00f6n\u00e4 saatiin ottaa Uusi Vuosi vastaan kotinurkilla. Kodalla tulen loimussa seurusteltiin ja nautittiin buffetin antimista. Ilta huipentui j\u00e4lleen kerran upeaan ilotulitukseen. &nbsp; Joulurauha julistettiin &hellip; <a href=\"https:\/\/kylat.ekarjala.fi\/oritlampi\/kylalla-tapahtuu\/\">Lue loppuun <span class=\"meta-nav\">&rarr;<\/span><\/a><\/p>\n","protected":false},"author":105,"featured_media":0,"parent":0,"menu_order":5,"comment_status":"closed","ping_status":"closed","template":"","meta":{"footnotes":""},"class_list":["post-39","page","type-page","status-publish","hentry"],"_links":{"self":[{"href":"https:\/\/kylat.ekarjala.fi\/oritlampi\/wp-json\/wp\/v2\/pages\/39","targetHints":{"allow":["GET"]}}],"collection":[{"href":"https:\/\/kylat.ekarjala.fi\/oritlampi\/wp-json\/wp\/v2\/pages"}],"about":[{"href":"https:\/\/kylat.ekarjala.fi\/oritlampi\/wp-json\/wp\/v2\/types\/page"}],"author":[{"embeddable":true,"href":"https:\/\/kylat.ekarjala.fi\/oritlampi\/wp-json\/wp\/v2\/users\/105"}],"replies":[{"embeddable":true,"href":"https:\/\/kylat.ekarjala.fi\/oritlampi\/wp-json\/wp\/v2\/comments?post=39"}],"version-history":[{"count":13,"href":"https:\/\/kylat.ekarjala.fi\/oritlampi\/wp-json\/wp\/v2\/pages\/39\/revisions"}],"predecessor-version":[{"id":42,"href":"https:\/\/kylat.ekarjala.fi\/oritlampi\/wp-json\/wp\/v2\/pages\/39\/revisions\/42"}],"wp:attachment":[{"href":"https:\/\/kylat.ekarjala.fi\/oritlampi\/wp-json\/wp\/v2\/media?parent=39"}],"curies":[{"name":"wp","href":"https:\/\/api.w.org\/{rel}","templated":true}]}}