{"id":18,"date":"2014-01-23T16:00:19","date_gmt":"2014-01-23T14:00:19","guid":{"rendered":"https:\/\/kylat.ekarjala.fi\/osuuskuntaverkko\/?page_id=18"},"modified":"2014-01-23T16:00:19","modified_gmt":"2014-01-23T14:00:19","slug":"projektisuunnitelma","status":"publish","type":"page","link":"https:\/\/kylat.ekarjala.fi\/osuuskuntaverkko\/projektisuunnitelma\/","title":{"rendered":"Projektisuunnitelma"},"content":{"rendered":"<p>Keskeisimm\u00e4t toimenpiteet:<br \/>\n1.\tKuntien tarpeiden t\u00e4sm\u00e4ytys Sadan megan maakunta \u2013hankkeen tulosten pohjalta<br \/>\n2.\tKeskustelun avaus kuntien m\u00e4\u00e4rittelemill\u00e4 alueilla osuuskunnan perustamisen ajankohtaisuudesta<br \/>\n3.\tKohdennetut Webropol-kyselyt m\u00e4\u00e4ritellyille alueille kysynn\u00e4n kartoittamiseksi<br \/>\n4.\tKustannuslaskenta verkolle kyselyn kautta arvioidun tilaajam\u00e4\u00e4r\u00e4n pohjalta<br \/>\n5.\tValokuituosuuskunnan perustamisen tukeminen<br \/>\n6.\tVarsinaisen hankehakemuksen teon tukeminen (riippuen siit\u00e4 milloin uusi Maaseutuohjelma avautuu)<br \/>\n7.\tSote-puolen toimijoiden tarpeiden kartoitus yhdess\u00e4 Eksoten kanssa<br \/>\n8.\tMaakunnan urakoitsijoiden kartoitus ja koulutustilaisuus tarjouspyynt\u00f6\u00f6n vastaamisesta (syksyll\u00e4 2014)<br \/>\n9.\tTutustumismatka, kohteena EK:n kannalta kiinnostava osuuskunta (kev\u00e4t 2014)<br \/>\n10.\tNeuvottelut s\u00e4hk\u00f6yhti\u00f6iden kanssa yhteisty\u00f6st\u00e4<br \/>\n11.\tNeuvottelut operaattoreiden kanssa yhteisty\u00f6st\u00e4<br \/>\n12.\tViestint\u00e4 ja markkinointi<br \/>\n&#8211; Valokuituillat L\u00e4nsi-Saimaan, Lappeenranta-Imatra -alueen ja Etel\u00e4-Karjalan pohjoisen p\u00e4\u00e4n alueen asukkaille<br \/>\n&#8211; Valokuituillat kiinnostuneille kyl\u00e4alueille<br \/>\n&#8211; Mediatiedotus<br \/>\nMuita hankkeen toteutuksen kannalta olennaisia toimenpiteit\u00e4 voidaan r\u00e4\u00e4t\u00e4l\u00f6id\u00e4 lis\u00e4\u00e4 tarpeen mukaisesti, kun niist\u00e4 on ensi keskusteltu ohjausryhm\u00e4n kanssa ja se on antanut toimenpiteille hyv\u00e4ksynt\u00e4ns\u00e4 s\u00e4hk\u00f6postitse.<\/p>\n<p><a href=\"https:\/\/kylat.ekarjala.fi\/osuuskuntaverkko\/wp-content\/uploads\/sites\/57\/2014\/01\/Osuuskunnat-verkonrakentajina-1-projektisuunnitelma-lokakuu-2013.pdf\">Projektisuunnitelma<\/a><\/p>\n","protected":false},"excerpt":{"rendered":"<p>Keskeisimm\u00e4t toimenpiteet: 1. Kuntien tarpeiden t\u00e4sm\u00e4ytys Sadan megan maakunta \u2013hankkeen tulosten pohjalta 2. Keskustelun avaus kuntien m\u00e4\u00e4rittelemill\u00e4 alueilla osuuskunnan perustamisen ajankohtaisuudesta 3. Kohdennetut Webropol-kyselyt m\u00e4\u00e4ritellyille alueille kysynn\u00e4n kartoittamiseksi 4. Kustannuslaskenta verkolle kyselyn kautta arvioidun tilaajam\u00e4\u00e4r\u00e4n pohjalta 5. Valokuituosuuskunnan perustamisen tukeminen &hellip; <a href=\"https:\/\/kylat.ekarjala.fi\/osuuskuntaverkko\/projektisuunnitelma\/\">Lue loppuun <span class=\"meta-nav\">&rarr;<\/span><\/a><\/p>\n","protected":false},"author":3,"featured_media":0,"parent":0,"menu_order":2,"comment_status":"closed","ping_status":"closed","template":"","meta":{"footnotes":""},"class_list":["post-18","page","type-page","status-publish","hentry"],"_links":{"self":[{"href":"https:\/\/kylat.ekarjala.fi\/osuuskuntaverkko\/wp-json\/wp\/v2\/pages\/18","targetHints":{"allow":["GET"]}}],"collection":[{"href":"https:\/\/kylat.ekarjala.fi\/osuuskuntaverkko\/wp-json\/wp\/v2\/pages"}],"about":[{"href":"https:\/\/kylat.ekarjala.fi\/osuuskuntaverkko\/wp-json\/wp\/v2\/types\/page"}],"author":[{"embeddable":true,"href":"https:\/\/kylat.ekarjala.fi\/osuuskuntaverkko\/wp-json\/wp\/v2\/users\/3"}],"replies":[{"embeddable":true,"href":"https:\/\/kylat.ekarjala.fi\/osuuskuntaverkko\/wp-json\/wp\/v2\/comments?post=18"}],"version-history":[{"count":1,"href":"https:\/\/kylat.ekarjala.fi\/osuuskuntaverkko\/wp-json\/wp\/v2\/pages\/18\/revisions"}],"predecessor-version":[{"id":20,"href":"https:\/\/kylat.ekarjala.fi\/osuuskuntaverkko\/wp-json\/wp\/v2\/pages\/18\/revisions\/20"}],"wp:attachment":[{"href":"https:\/\/kylat.ekarjala.fi\/osuuskuntaverkko\/wp-json\/wp\/v2\/media?parent=18"}],"curies":[{"name":"wp","href":"https:\/\/api.w.org\/{rel}","templated":true}]}}