{"id":21,"date":"2014-01-23T16:08:29","date_gmt":"2014-01-23T14:08:29","guid":{"rendered":"https:\/\/kylat.ekarjala.fi\/osuuskuntaverkko\/?page_id=21"},"modified":"2014-01-23T16:10:21","modified_gmt":"2014-01-23T14:10:21","slug":"miksi-kuitu","status":"publish","type":"page","link":"https:\/\/kylat.ekarjala.fi\/osuuskuntaverkko\/miksi-kuitu\/","title":{"rendered":"Miksi kuitu?"},"content":{"rendered":"<p>1.Valokuitu on ainut mahdollisuus turvata riitt\u00e4v\u00e4n tehokas ja varmatoiminen tietoliikenneyhteys haja-asutusalueelle<\/p>\n<p>2. Et\u00e4isyys ja kuormitus eiv\u00e4t vaikuta tiedonsiirron nopeuteen<\/p>\n<p>3. Valokuituyhteys on monipalveluverkko; puhelut, TV, Internet, videot, hyvinvointipalvelut, turvallisuus<\/p>\n<p>4. Valokuitu mahdollistaa liikkuvan kuvan, vuorovaikutteisuuden ja luotettavuuden, mik\u00e4 parantaa palveluiden k\u00e4ytett\u00e4vyytt\u00e4<\/p>\n<p>5. Valokuituyhteys mahdollistaa vaativan et\u00e4ty\u00f6n ja lis\u00e4\u00e4 maaseudun palvelutuottajien liiketoimintamahdollisuuksia<\/p>\n<p>6. T\u00e4ysipainoinen verkko-opiskelu ja sosiaalisen median k\u00e4ytt\u00f6 edellytt\u00e4v\u00e4t valokuituyhteytt\u00e4<\/p>\n<p>7. Valokuituyhteys on sijoitus pitk\u00e4lle tulevaisuuteen &#8211; nostaa my\u00f6s kiinteist\u00f6n arvoa<\/p>\n<p>8. Alueen kylien arvostus ja kiinnostavuus nousevat, samat palvelut kuin taajamissa ovat saatavilla s\u00e4hk\u00f6isen\u00e4 varmatoimisella yhteydell\u00e4 <\/p>\n<p>9. Yhteiskunta &#8221;pakottaa&#8221; kansalaiset k\u00e4ytt\u00e4m\u00e4\u00e4n Internetti\u00e4 &#8211; mieti, millaiset pankkipalvelut olivat kymmenen vuotta sitten<\/p>\n<p>10. Yhteiskunnan tarjoama taloudellinen tuki sek\u00e4 liittyj\u00e4n saama kotitalousv\u00e4hennys<\/p>\n<p>(Sadan megan maakunta)<\/p>\n","protected":false},"excerpt":{"rendered":"<p>1.Valokuitu on ainut mahdollisuus turvata riitt\u00e4v\u00e4n tehokas ja varmatoiminen tietoliikenneyhteys haja-asutusalueelle 2. Et\u00e4isyys ja kuormitus eiv\u00e4t vaikuta tiedonsiirron nopeuteen 3. Valokuituyhteys on monipalveluverkko; puhelut, TV, Internet, videot, hyvinvointipalvelut, turvallisuus 4. Valokuitu mahdollistaa liikkuvan kuvan, vuorovaikutteisuuden ja luotettavuuden, mik\u00e4 parantaa palveluiden &hellip; <a href=\"https:\/\/kylat.ekarjala.fi\/osuuskuntaverkko\/miksi-kuitu\/\">Lue loppuun <span class=\"meta-nav\">&rarr;<\/span><\/a><\/p>\n","protected":false},"author":3,"featured_media":0,"parent":0,"menu_order":3,"comment_status":"closed","ping_status":"closed","template":"","meta":{"footnotes":""},"class_list":["post-21","page","type-page","status-publish","hentry"],"_links":{"self":[{"href":"https:\/\/kylat.ekarjala.fi\/osuuskuntaverkko\/wp-json\/wp\/v2\/pages\/21","targetHints":{"allow":["GET"]}}],"collection":[{"href":"https:\/\/kylat.ekarjala.fi\/osuuskuntaverkko\/wp-json\/wp\/v2\/pages"}],"about":[{"href":"https:\/\/kylat.ekarjala.fi\/osuuskuntaverkko\/wp-json\/wp\/v2\/types\/page"}],"author":[{"embeddable":true,"href":"https:\/\/kylat.ekarjala.fi\/osuuskuntaverkko\/wp-json\/wp\/v2\/users\/3"}],"replies":[{"embeddable":true,"href":"https:\/\/kylat.ekarjala.fi\/osuuskuntaverkko\/wp-json\/wp\/v2\/comments?post=21"}],"version-history":[{"count":2,"href":"https:\/\/kylat.ekarjala.fi\/osuuskuntaverkko\/wp-json\/wp\/v2\/pages\/21\/revisions"}],"predecessor-version":[{"id":23,"href":"https:\/\/kylat.ekarjala.fi\/osuuskuntaverkko\/wp-json\/wp\/v2\/pages\/21\/revisions\/23"}],"wp:attachment":[{"href":"https:\/\/kylat.ekarjala.fi\/osuuskuntaverkko\/wp-json\/wp\/v2\/media?parent=21"}],"curies":[{"name":"wp","href":"https:\/\/api.w.org\/{rel}","templated":true}]}}