{"id":26,"date":"2014-01-23T17:13:43","date_gmt":"2014-01-23T15:13:43","guid":{"rendered":"https:\/\/kylat.ekarjala.fi\/osuuskuntaverkko\/?page_id=26"},"modified":"2014-01-23T17:13:43","modified_gmt":"2014-01-23T15:13:43","slug":"ohjausryhma","status":"publish","type":"page","link":"https:\/\/kylat.ekarjala.fi\/osuuskuntaverkko\/projektisuunnitelma\/ohjausryhma\/","title":{"rendered":"Ohjausryhm\u00e4"},"content":{"rendered":"<p>Hankkeen ohjausryhm\u00e4n kokoonpano:<\/p>\n<p>Kunnanjohtaja Tapio Iso-Mustaj\u00e4rvi, Savitaipale (Pj.)<br \/>\nKunnanjohtaja Harri Anttila, Rautj\u00e4rvi (Varapj.)<br \/>\nMaaseutuasiamies Jari Lantta, Etel\u00e4-Karjalan liitto<br \/>\nProjektip\u00e4\u00e4llikk\u00f6 Marja Jussila, Etel\u00e4-Karjalan kyl\u00e4t ry<br \/>\nToiminnanjohtaja Sirpa Onttinen, L\u00e4nsi-Saimaan kehitt\u00e4misyhdistys ry<br \/>\nToiminnanjohtaja Riitta Bagge, Etel\u00e4-Karjalan K\u00e4rki-LEADER ry<br \/>\nToimitusjohtaja Markus Lankinen, Wirma Lappeenranta Oy<br \/>\nYritysasiantuntija Antti Oravuo, Imatran seudun kehitysyhti\u00f6 KEHY Oy<\/p>\n","protected":false},"excerpt":{"rendered":"<p>Hankkeen ohjausryhm\u00e4n kokoonpano: Kunnanjohtaja Tapio Iso-Mustaj\u00e4rvi, Savitaipale (Pj.) Kunnanjohtaja Harri Anttila, Rautj\u00e4rvi (Varapj.) Maaseutuasiamies Jari Lantta, Etel\u00e4-Karjalan liitto Projektip\u00e4\u00e4llikk\u00f6 Marja Jussila, Etel\u00e4-Karjalan kyl\u00e4t ry Toiminnanjohtaja Sirpa Onttinen, L\u00e4nsi-Saimaan kehitt\u00e4misyhdistys ry Toiminnanjohtaja Riitta Bagge, Etel\u00e4-Karjalan K\u00e4rki-LEADER ry Toimitusjohtaja Markus Lankinen, Wirma &hellip; <a href=\"https:\/\/kylat.ekarjala.fi\/osuuskuntaverkko\/projektisuunnitelma\/ohjausryhma\/\">Lue loppuun <span class=\"meta-nav\">&rarr;<\/span><\/a><\/p>\n","protected":false},"author":3,"featured_media":0,"parent":18,"menu_order":0,"comment_status":"closed","ping_status":"closed","template":"","meta":{"footnotes":""},"class_list":["post-26","page","type-page","status-publish","hentry"],"_links":{"self":[{"href":"https:\/\/kylat.ekarjala.fi\/osuuskuntaverkko\/wp-json\/wp\/v2\/pages\/26","targetHints":{"allow":["GET"]}}],"collection":[{"href":"https:\/\/kylat.ekarjala.fi\/osuuskuntaverkko\/wp-json\/wp\/v2\/pages"}],"about":[{"href":"https:\/\/kylat.ekarjala.fi\/osuuskuntaverkko\/wp-json\/wp\/v2\/types\/page"}],"author":[{"embeddable":true,"href":"https:\/\/kylat.ekarjala.fi\/osuuskuntaverkko\/wp-json\/wp\/v2\/users\/3"}],"replies":[{"embeddable":true,"href":"https:\/\/kylat.ekarjala.fi\/osuuskuntaverkko\/wp-json\/wp\/v2\/comments?post=26"}],"version-history":[{"count":1,"href":"https:\/\/kylat.ekarjala.fi\/osuuskuntaverkko\/wp-json\/wp\/v2\/pages\/26\/revisions"}],"predecessor-version":[{"id":27,"href":"https:\/\/kylat.ekarjala.fi\/osuuskuntaverkko\/wp-json\/wp\/v2\/pages\/26\/revisions\/27"}],"up":[{"embeddable":true,"href":"https:\/\/kylat.ekarjala.fi\/osuuskuntaverkko\/wp-json\/wp\/v2\/pages\/18"}],"wp:attachment":[{"href":"https:\/\/kylat.ekarjala.fi\/osuuskuntaverkko\/wp-json\/wp\/v2\/media?parent=26"}],"curies":[{"name":"wp","href":"https:\/\/api.w.org\/{rel}","templated":true}]}}