{"id":38,"date":"2014-01-23T17:53:56","date_gmt":"2014-01-23T15:53:56","guid":{"rendered":"https:\/\/kylat.ekarjala.fi\/osuuskuntaverkko\/?page_id=38"},"modified":"2014-01-23T18:18:46","modified_gmt":"2014-01-23T16:18:46","slug":"kuituverkko-osuuskuntia","status":"publish","type":"page","link":"https:\/\/kylat.ekarjala.fi\/osuuskuntaverkko\/kuituverkko-osuuskuntia\/","title":{"rendered":"Kuituverkko-osuuskuntia"},"content":{"rendered":"<p><a href=\"http:\/\/www.paimensaari.fi\/3\">Paimensaaren asukasyhdistyksen valokuituverkko Savitaipaleella<\/a><\/p>\n<p><a href=\"http:\/\/www.kylakuitu.fi\/\">Kymijoen kyl\u00e4kuitu, Kouvola ja Iitti<\/a><br \/>\n<a href=\"http:\/\/www.liljenet.fi\/index-s.html\">LiljeNET, Liljendal<\/a><br \/>\n<a href=\"http:\/\/www.kajonet.fi\/\">Verkko-osuuskunta KAJO, Pornainen<\/a><br \/>\n<a href=\"http:\/\/www.vessonet.fi\/index_fi.html\">Vess\u00f6NET, Porvoo<\/a><br \/>\n<a href=\"http:\/\/www.emsalo.fi\/categories.asp?document_id=3027&#038;cat_id=2379\">EmsaloNet, Porvoo<\/a><br \/>\n<a href=\"http:\/\/www.kobbnet.fi\/Kobbnet\/Ajankohtaista.html\">Lapinkyl\u00e4-Haapaj\u00e4rvi<\/a><br \/>\n<a href=\"http:\/\/hindersby.dk\/Hindersbynet\/Suomeksi.index.html\">Hindersbynet, Lapinj\u00e4rvi<\/a><br \/>\n<a href=\"http:\/\/www.kuuskaista.com\/\">Verkko-osuuskunta Kuuskaista<\/a><\/p>\n<p>Kuituverkko-osuuskuntia tullaan lis\u00e4\u00e4m\u00e4\u00e4n sivuille my\u00f6hemmin.<\/p>\n<p><a href=\"http:\/\/www.seutuverkot.fi\/\">Suomen seutuverkot<\/a><\/p>\n","protected":false},"excerpt":{"rendered":"<p>Paimensaaren asukasyhdistyksen valokuituverkko Savitaipaleella Kymijoen kyl\u00e4kuitu, Kouvola ja Iitti LiljeNET, Liljendal Verkko-osuuskunta KAJO, Pornainen Vess\u00f6NET, Porvoo EmsaloNet, Porvoo Lapinkyl\u00e4-Haapaj\u00e4rvi Hindersbynet, Lapinj\u00e4rvi Verkko-osuuskunta Kuuskaista Kuituverkko-osuuskuntia tullaan lis\u00e4\u00e4m\u00e4\u00e4n sivuille my\u00f6hemmin. Suomen seutuverkot<\/p>\n","protected":false},"author":3,"featured_media":0,"parent":0,"menu_order":4,"comment_status":"closed","ping_status":"closed","template":"","meta":{"footnotes":""},"class_list":["post-38","page","type-page","status-publish","hentry"],"_links":{"self":[{"href":"https:\/\/kylat.ekarjala.fi\/osuuskuntaverkko\/wp-json\/wp\/v2\/pages\/38","targetHints":{"allow":["GET"]}}],"collection":[{"href":"https:\/\/kylat.ekarjala.fi\/osuuskuntaverkko\/wp-json\/wp\/v2\/pages"}],"about":[{"href":"https:\/\/kylat.ekarjala.fi\/osuuskuntaverkko\/wp-json\/wp\/v2\/types\/page"}],"author":[{"embeddable":true,"href":"https:\/\/kylat.ekarjala.fi\/osuuskuntaverkko\/wp-json\/wp\/v2\/users\/3"}],"replies":[{"embeddable":true,"href":"https:\/\/kylat.ekarjala.fi\/osuuskuntaverkko\/wp-json\/wp\/v2\/comments?post=38"}],"version-history":[{"count":3,"href":"https:\/\/kylat.ekarjala.fi\/osuuskuntaverkko\/wp-json\/wp\/v2\/pages\/38\/revisions"}],"predecessor-version":[{"id":42,"href":"https:\/\/kylat.ekarjala.fi\/osuuskuntaverkko\/wp-json\/wp\/v2\/pages\/38\/revisions\/42"}],"wp:attachment":[{"href":"https:\/\/kylat.ekarjala.fi\/osuuskuntaverkko\/wp-json\/wp\/v2\/media?parent=38"}],"curies":[{"name":"wp","href":"https:\/\/api.w.org\/{rel}","templated":true}]}}