{"id":49,"date":"2014-01-30T18:06:37","date_gmt":"2014-01-30T16:06:37","guid":{"rendered":"https:\/\/kylat.ekarjala.fi\/osuuskuntaverkko\/?page_id=49"},"modified":"2014-09-08T20:58:44","modified_gmt":"2014-09-08T17:58:44","slug":"videot","status":"publish","type":"page","link":"https:\/\/kylat.ekarjala.fi\/osuuskuntaverkko\/videot\/","title":{"rendered":"Videot"},"content":{"rendered":"<p><a href=\" http:\/\/youtu.be\/gD5mxIkWzAs\" target=\"_blank\">Avaruust\u00e4htitieteen professori Esko Valtaoja: Tiedon maailma<\/a><\/p>\n<p><a href=\"http:\/\/youtu.be\/qACY9qy1O2g\">Ministeri Viitanen onnitteli Etel\u00e4-Karjalan ensimm\u00e4isesta osuuskunta-verkosta Savitaipaleella<\/a><\/p>\n<p><a href=\"http:\/\/youtu.be\/c3fsmkEAVnU\">Etel\u00e4-Karjalan maakuntahallituksen puheenjohtaja Jukka Kopra: Nyt on aktiivisuuden aika!<\/a><\/p>\n<p><a href=\"&quot;http:\/\/www.youtube.com\/watch?v=Q6RxDwgIrUI\">Mato Tahkolla: Taistelkaa meille kunnon verkot!<\/a><\/p>\n<p>Lis\u00e4\u00e4 videoita aiheesta mm. Et\u00e4ty\u00f6n teosta Suitsan saaressa, lypsyroboteista, Mallu-auton potilastietoj\u00e4rjestelm\u00e4st\u00e4 ja muusta, mihin nopeita ja varmoja yhteyksi\u00e4 tarvitaan.<br \/>\n<a href=\"http:\/\/www.youtube.com\/user\/helipajuvirta\/videos\">http:\/\/www.youtube.com\/user\/helipajuvirta\/videos<\/a><\/p>\n","protected":false},"excerpt":{"rendered":"<p>Avaruust\u00e4htitieteen professori Esko Valtaoja: Tiedon maailma Ministeri Viitanen onnitteli Etel\u00e4-Karjalan ensimm\u00e4isesta osuuskunta-verkosta Savitaipaleella Etel\u00e4-Karjalan maakuntahallituksen puheenjohtaja Jukka Kopra: Nyt on aktiivisuuden aika! Mato Tahkolla: Taistelkaa meille kunnon verkot! Lis\u00e4\u00e4 videoita aiheesta mm. Et\u00e4ty\u00f6n teosta Suitsan saaressa, lypsyroboteista, Mallu-auton potilastietoj\u00e4rjestelm\u00e4st\u00e4 ja &hellip; <a href=\"https:\/\/kylat.ekarjala.fi\/osuuskuntaverkko\/videot\/\">Lue loppuun <span class=\"meta-nav\">&rarr;<\/span><\/a><\/p>\n","protected":false},"author":3,"featured_media":0,"parent":0,"menu_order":4,"comment_status":"closed","ping_status":"closed","template":"","meta":{"footnotes":""},"class_list":["post-49","page","type-page","status-publish","hentry"],"_links":{"self":[{"href":"https:\/\/kylat.ekarjala.fi\/osuuskuntaverkko\/wp-json\/wp\/v2\/pages\/49","targetHints":{"allow":["GET"]}}],"collection":[{"href":"https:\/\/kylat.ekarjala.fi\/osuuskuntaverkko\/wp-json\/wp\/v2\/pages"}],"about":[{"href":"https:\/\/kylat.ekarjala.fi\/osuuskuntaverkko\/wp-json\/wp\/v2\/types\/page"}],"author":[{"embeddable":true,"href":"https:\/\/kylat.ekarjala.fi\/osuuskuntaverkko\/wp-json\/wp\/v2\/users\/3"}],"replies":[{"embeddable":true,"href":"https:\/\/kylat.ekarjala.fi\/osuuskuntaverkko\/wp-json\/wp\/v2\/comments?post=49"}],"version-history":[{"count":11,"href":"https:\/\/kylat.ekarjala.fi\/osuuskuntaverkko\/wp-json\/wp\/v2\/pages\/49\/revisions"}],"predecessor-version":[{"id":143,"href":"https:\/\/kylat.ekarjala.fi\/osuuskuntaverkko\/wp-json\/wp\/v2\/pages\/49\/revisions\/143"}],"wp:attachment":[{"href":"https:\/\/kylat.ekarjala.fi\/osuuskuntaverkko\/wp-json\/wp\/v2\/media?parent=49"}],"curies":[{"name":"wp","href":"https:\/\/api.w.org\/{rel}","templated":true}]}}