{"id":7,"date":"2014-01-23T15:43:06","date_gmt":"2014-01-23T13:43:06","guid":{"rendered":"https:\/\/kylat.ekarjala.fi\/osuuskuntaverkko\/?page_id=7"},"modified":"2014-01-24T08:07:57","modified_gmt":"2014-01-24T06:07:57","slug":"7-2","status":"publish","type":"page","link":"https:\/\/kylat.ekarjala.fi\/osuuskuntaverkko\/","title":{"rendered":"Osuuskunnat verkonrakentajina 1"},"content":{"rendered":"<p>Osuuskunnat verkonrakentajina 1 \u2013hankeen tarkoituksena on saada vuoden 2014 aikana Etel\u00e4-Karjalassa k\u00e4yntiin useampia osuuskuntatyyppisi\u00e4 kyl\u00e4- tai kuntahankkeita, joiden toteutus tulisi mm. Maaseutuohjelmasta kun ohjelman rahoitus k\u00e4ynnistyy 2014 lopussa tai 2015 alussa. Tietomaakunta eKarjala Oy on saanut hankkeen toteuttamiseen Etel\u00e4-Karjalan liitolta maakuntarahaa.<\/p>\n<p>Nopeiden ja varmojen valokuituverkkojen tarvetta miettiv\u00e4t toimijat tarvitsevat tietoa ja tukea osuuskuntien perustamiseen, verkkosuunnitteluun ja hankehakuun liittyviss\u00e4 asioissa. Hanke j\u00e4rjest\u00e4\u00e4 my\u00f6s valokuituiltoja ja tutustumisretki\u00e4 tapaamaan jo osuuskunnan perustaneita toimijoita.<\/p>\n<p>Ota yhteytt\u00e4!<\/p>\n","protected":false},"excerpt":{"rendered":"<p>Osuuskunnat verkonrakentajina 1 \u2013hankeen tarkoituksena on saada vuoden 2014 aikana Etel\u00e4-Karjalassa k\u00e4yntiin useampia osuuskuntatyyppisi\u00e4 kyl\u00e4- tai kuntahankkeita, joiden toteutus tulisi mm. Maaseutuohjelmasta kun ohjelman rahoitus k\u00e4ynnistyy 2014 lopussa tai 2015 alussa. Tietomaakunta eKarjala Oy on saanut hankkeen toteuttamiseen Etel\u00e4-Karjalan liitolta &hellip; <a href=\"https:\/\/kylat.ekarjala.fi\/osuuskuntaverkko\/\">Lue loppuun <span class=\"meta-nav\">&rarr;<\/span><\/a><\/p>\n","protected":false},"author":3,"featured_media":0,"parent":0,"menu_order":0,"comment_status":"closed","ping_status":"closed","template":"","meta":{"footnotes":""},"class_list":["post-7","page","type-page","status-publish","hentry"],"_links":{"self":[{"href":"https:\/\/kylat.ekarjala.fi\/osuuskuntaverkko\/wp-json\/wp\/v2\/pages\/7","targetHints":{"allow":["GET"]}}],"collection":[{"href":"https:\/\/kylat.ekarjala.fi\/osuuskuntaverkko\/wp-json\/wp\/v2\/pages"}],"about":[{"href":"https:\/\/kylat.ekarjala.fi\/osuuskuntaverkko\/wp-json\/wp\/v2\/types\/page"}],"author":[{"embeddable":true,"href":"https:\/\/kylat.ekarjala.fi\/osuuskuntaverkko\/wp-json\/wp\/v2\/users\/3"}],"replies":[{"embeddable":true,"href":"https:\/\/kylat.ekarjala.fi\/osuuskuntaverkko\/wp-json\/wp\/v2\/comments?post=7"}],"version-history":[{"count":7,"href":"https:\/\/kylat.ekarjala.fi\/osuuskuntaverkko\/wp-json\/wp\/v2\/pages\/7\/revisions"}],"predecessor-version":[{"id":47,"href":"https:\/\/kylat.ekarjala.fi\/osuuskuntaverkko\/wp-json\/wp\/v2\/pages\/7\/revisions\/47"}],"wp:attachment":[{"href":"https:\/\/kylat.ekarjala.fi\/osuuskuntaverkko\/wp-json\/wp\/v2\/media?parent=7"}],"curies":[{"name":"wp","href":"https:\/\/api.w.org\/{rel}","templated":true}]}}