{"id":12,"date":"2014-12-05T09:52:57","date_gmt":"2014-12-05T07:52:57","guid":{"rendered":"https:\/\/kylat.ekarjala.fi\/parikkalankylat\/?page_id=12"},"modified":"2025-08-08T13:06:42","modified_gmt":"2025-08-08T10:06:42","slug":"kangaskyla","status":"publish","type":"page","link":"https:\/\/kylat.ekarjala.fi\/parikkalankylat\/kangaskyla\/","title":{"rendered":"Kangaskyl\u00e4"},"content":{"rendered":"<p>Kangaskyl\u00e4 on Parikkalan kunnan vire\u00e4 keskustaajama, jossa on hyv\u00e4t palvelut ja harrastusmahdollisuudet. Kyl\u00e4 sijaitsee Simpelej\u00e4rven it\u00e4rannalla ja kuuluu rehev\u00e4\u00e4n Laatokan Karjalan alueeseen. Savonlinnaan ja Imatralle Kangaskyl\u00e4st\u00e4 on matkaa 60 km ja Kiteelle\u00a085 km.<\/p>\n<p>Simpelej\u00e4rven kauniissa j\u00e4rvi- ja harjumaisemissa on eletty tuhansia vuosia. 1800-luvulla j\u00e4rven vedenpintaa laskettiin ja kyl\u00e4 vaurastui, kun k\u00e4ytt\u00f6\u00f6n saatiin runsaasti hyv\u00e4\u00e4 peltomaata.<\/p>\n<p>Nykyisin asukkaita on noin 2000. Alueella on runsaasti yrityksi\u00e4 ja kaikki t\u00e4rkeimm\u00e4t palvelut ovat saatavissa. Suurimpia yrityksi\u00e4 on mm. Karjalan konepaja.<\/p>\n<p>Parikkalan kuntakeskuksessa on runsaasti tapahtumia, monipuoliset harrastusmahdollisuudet ja vilkas yhdistystoiminta.<\/p>\n<p>Merkitt\u00e4vin n\u00e4ht\u00e4vyys on <em>Siikalahden<\/em> lintuj\u00e4rvi noin 3 km:n p\u00e4\u00e4ss\u00e4. Siikalahti on Suomen paras lintuj\u00e4rvi ja Sis\u00e4-Suomen arvokkain lintukosteikko, jossa voi yhden p\u00e4iv\u00e4n aikana havaita jopa yli 100 lintulajia. Muita n\u00e4ht\u00e4vyyksi\u00e4 ovat kirkonkyl\u00e4 ja Anitsanlahti sek\u00e4 Simpelej\u00e4rvi ja Harjulinnan ymp\u00e4rist\u00f6.<\/p>\n","protected":false},"excerpt":{"rendered":"<p>Kangaskyl\u00e4 on Parikkalan kunnan vire\u00e4 keskustaajama, jossa on hyv\u00e4t palvelut ja harrastusmahdollisuudet. Kyl\u00e4 sijaitsee Simpelej\u00e4rven it\u00e4rannalla ja kuuluu rehev\u00e4\u00e4n Laatokan Karjalan alueeseen. Savonlinnaan ja Imatralle Kangaskyl\u00e4st\u00e4 on matkaa 60 km ja Kiteelle\u00a085 km. Simpelej\u00e4rven kauniissa j\u00e4rvi- ja harjumaisemissa on eletty &hellip; <a href=\"https:\/\/kylat.ekarjala.fi\/parikkalankylat\/kangaskyla\/\">Lue loppuun <span class=\"meta-nav\">&rarr;<\/span><\/a><\/p>\n","protected":false},"author":1,"featured_media":0,"parent":0,"menu_order":0,"comment_status":"open","ping_status":"closed","template":"","meta":{"footnotes":""},"class_list":["post-12","page","type-page","status-publish","hentry"],"_links":{"self":[{"href":"https:\/\/kylat.ekarjala.fi\/parikkalankylat\/wp-json\/wp\/v2\/pages\/12","targetHints":{"allow":["GET"]}}],"collection":[{"href":"https:\/\/kylat.ekarjala.fi\/parikkalankylat\/wp-json\/wp\/v2\/pages"}],"about":[{"href":"https:\/\/kylat.ekarjala.fi\/parikkalankylat\/wp-json\/wp\/v2\/types\/page"}],"author":[{"embeddable":true,"href":"https:\/\/kylat.ekarjala.fi\/parikkalankylat\/wp-json\/wp\/v2\/users\/1"}],"replies":[{"embeddable":true,"href":"https:\/\/kylat.ekarjala.fi\/parikkalankylat\/wp-json\/wp\/v2\/comments?post=12"}],"version-history":[{"count":3,"href":"https:\/\/kylat.ekarjala.fi\/parikkalankylat\/wp-json\/wp\/v2\/pages\/12\/revisions"}],"predecessor-version":[{"id":59,"href":"https:\/\/kylat.ekarjala.fi\/parikkalankylat\/wp-json\/wp\/v2\/pages\/12\/revisions\/59"}],"wp:attachment":[{"href":"https:\/\/kylat.ekarjala.fi\/parikkalankylat\/wp-json\/wp\/v2\/media?parent=12"}],"curies":[{"name":"wp","href":"https:\/\/api.w.org\/{rel}","templated":true}]}}