{"id":2,"date":"2014-12-05T07:50:07","date_gmt":"2014-12-05T07:50:07","guid":{"rendered":"https:\/\/kylat.ekarjala.fi\/parikkalankylat\/?page_id=2"},"modified":"2014-12-05T09:52:39","modified_gmt":"2014-12-05T07:52:39","slug":"esimerkkisivu","status":"publish","type":"page","link":"https:\/\/kylat.ekarjala.fi\/parikkalankylat\/","title":{"rendered":"Tervetuloa Parikkalaan!"},"content":{"rendered":"<p><a href=\"https:\/\/kylat.ekarjala.fi\/parikkalankylat\/wp-content\/uploads\/sites\/78\/2014\/12\/parikkala3.jpg\"><img loading=\"lazy\" decoding=\"async\" class=\"size-thumbnail wp-image-9 alignright\" src=\"https:\/\/kylat.ekarjala.fi\/parikkalankylat\/wp-content\/uploads\/sites\/78\/2014\/12\/parikkala3-150x150.jpg\" alt=\"OLYMPUS DIGITAL CAMERA\" width=\"150\" height=\"150\" \/><\/a>Luonnonkaunis Parikkala on Etel\u00e4-Karjalan maakunnan ja Etel\u00e4-Suomen l\u00e4\u00e4nin pohjoisin kunta. Nykyinen Parikkalan kunta on muodostunut vuoden 2005 alusta lukien Parikkalan, Saaren ja Uukuniemen kunnista. Parikkala sijaitsee valtakunnan, Etel\u00e4-Savon ja Pohjois-Karjalan maakuntien rajoilla. Laatokalle, Euroopan suurimmalle sis\u00e4j\u00e4rvelle on matkaa vain 35 kilometri\u00e4.<\/p>\n<p>Laatokankarjalainen ilmasto, monimuotoinen kasvi- ja el\u00e4inlajisto sek\u00e4 kauniit harju- ja j\u00e4rvimaisemat tarjoavat upeat puitteet retkeilyyn ja luonnontarkkailuun.<\/p>\n<p><a href=\"https:\/\/kylat.ekarjala.fi\/parikkalankylat\/wp-content\/uploads\/sites\/78\/2014\/12\/parikkala2.jpg\"><img loading=\"lazy\" decoding=\"async\" class=\"size-thumbnail wp-image-7 alignright\" src=\"https:\/\/kylat.ekarjala.fi\/parikkalankylat\/wp-content\/uploads\/sites\/78\/2014\/12\/parikkala2-150x150.jpg\" alt=\"OLYMPUS DIGITAL CAMERA\" width=\"150\" height=\"150\" \/><\/a>Parikkala on erityisen tunnettu monista lintuj\u00e4rvist\u00e4\u00e4n ja Siikalahden luonnonsuojelualueesta, joka on Sis\u00e4-Suomen merkitt\u00e4vin lintukosteikko. Lukuisat kosteikkoalueet, toimivat retkeilyreittiverkostot sek\u00e4 vire\u00e4t kyl\u00e4t houkuttelevat luonnon rauhasta ja kauniista maisemista nauttivia matkailijoita Parikkalaan.<\/p>\n<p>Kulkuyhteydet Parikkalaan ovat hyv\u00e4t. Parikkalan halki kulkevat Helsinki-Joensuu rautatie sek\u00e4 Helsinki-Joensuu valtatie 6, jotka molemmat haarautuvat Parikkalasta my\u00f6s Savonlinnan suuntaan.<\/p>\n<p><a href=\"https:\/\/kylat.ekarjala.fi\/parikkalankylat\/wp-content\/uploads\/sites\/78\/2014\/12\/parikkala.jpg\"><img loading=\"lazy\" decoding=\"async\" class=\"size-thumbnail wp-image-8 alignright\" src=\"https:\/\/kylat.ekarjala.fi\/parikkalankylat\/wp-content\/uploads\/sites\/78\/2014\/12\/parikkala-150x150.jpg\" alt=\"OLYMPUS DIGITAL CAMERA\" width=\"150\" height=\"150\" \/><\/a> Illaksi kalaan<br \/>\nParikkalan kunnan asukasluku oli vuonna 2005 noin 6300. Parikkalan kunnassa on peruskoulujen lis\u00e4ksi my\u00f6s lukio. Monipuolisten ja tasokkaiden palvelujen ansiosta Parikkala toimii koko alueen talouskeskuksena. Yritystoiminta on aktiivista ja sit\u00e4 kehitet\u00e4\u00e4n jatkuvasti.<\/p>\n<p><strong>Sivujen yll\u00e4pito<br \/>\n<\/strong>Parikkalan kylien sivuja yll\u00e4pit\u00e4\u00e4 Aune Ritola-Grahn, puh. 044-781 1266, aune.ritola(at)parikkala.fi<\/p>\n","protected":false},"excerpt":{"rendered":"<p>Luonnonkaunis Parikkala on Etel\u00e4-Karjalan maakunnan ja Etel\u00e4-Suomen l\u00e4\u00e4nin pohjoisin kunta. Nykyinen Parikkalan kunta on muodostunut vuoden 2005 alusta lukien Parikkalan, Saaren ja Uukuniemen kunnista. Parikkala sijaitsee valtakunnan, Etel\u00e4-Savon ja Pohjois-Karjalan maakuntien rajoilla. Laatokalle, Euroopan suurimmalle sis\u00e4j\u00e4rvelle on matkaa vain 35 &hellip; <a href=\"https:\/\/kylat.ekarjala.fi\/parikkalankylat\/\">Lue loppuun <span class=\"meta-nav\">&rarr;<\/span><\/a><\/p>\n","protected":false},"author":144,"featured_media":0,"parent":0,"menu_order":0,"comment_status":"open","ping_status":"open","template":"","meta":{"footnotes":""},"class_list":["post-2","page","type-page","status-publish","hentry"],"_links":{"self":[{"href":"https:\/\/kylat.ekarjala.fi\/parikkalankylat\/wp-json\/wp\/v2\/pages\/2","targetHints":{"allow":["GET"]}}],"collection":[{"href":"https:\/\/kylat.ekarjala.fi\/parikkalankylat\/wp-json\/wp\/v2\/pages"}],"about":[{"href":"https:\/\/kylat.ekarjala.fi\/parikkalankylat\/wp-json\/wp\/v2\/types\/page"}],"author":[{"embeddable":true,"href":"https:\/\/kylat.ekarjala.fi\/parikkalankylat\/wp-json\/wp\/v2\/users\/144"}],"replies":[{"embeddable":true,"href":"https:\/\/kylat.ekarjala.fi\/parikkalankylat\/wp-json\/wp\/v2\/comments?post=2"}],"version-history":[{"count":2,"href":"https:\/\/kylat.ekarjala.fi\/parikkalankylat\/wp-json\/wp\/v2\/pages\/2\/revisions"}],"predecessor-version":[{"id":11,"href":"https:\/\/kylat.ekarjala.fi\/parikkalankylat\/wp-json\/wp\/v2\/pages\/2\/revisions\/11"}],"wp:attachment":[{"href":"https:\/\/kylat.ekarjala.fi\/parikkalankylat\/wp-json\/wp\/v2\/media?parent=2"}],"curies":[{"name":"wp","href":"https:\/\/api.w.org\/{rel}","templated":true}]}}