{"id":20,"date":"2014-12-05T09:55:15","date_gmt":"2014-12-05T07:55:15","guid":{"rendered":"https:\/\/kylat.ekarjala.fi\/parikkalankylat\/?page_id=20"},"modified":"2014-12-05T09:55:15","modified_gmt":"2014-12-05T07:55:15","slug":"kirjavala-kesusmaa","status":"publish","type":"page","link":"https:\/\/kylat.ekarjala.fi\/parikkalankylat\/kirjavala-kesusmaa\/","title":{"rendered":"Kirjavala-Kesusmaa"},"content":{"rendered":"<p><a href=\"https:\/\/kylat.ekarjala.fi\/parikkalankylat\/wp-content\/uploads\/sites\/78\/2014\/12\/kirjavala2.jpg\"><img loading=\"lazy\" decoding=\"async\" class=\"size-thumbnail wp-image-21 alignright\" src=\"https:\/\/kylat.ekarjala.fi\/parikkalankylat\/wp-content\/uploads\/sites\/78\/2014\/12\/kirjavala2-150x150.jpg\" alt=\"kirjavala2\" width=\"150\" height=\"150\" \/><\/a> Kirjavalan ja Kesusmaan maalaismaisemaa v\u00e4ritt\u00e4v\u00e4t m\u00e4kien ja vaarojen v\u00e4liin j\u00e4\u00e4v\u00e4t suuret peltoaukeat ja lukuiset lammet ja j\u00e4rvet. Kyl\u00e4st\u00e4 aukeavat mahtavat n\u00e4kym\u00e4t Simpelej\u00e4rvelle. Suur-Rautj\u00e4rven rannoilla voi seurata lintujen arktista muuttoa.<\/p>\n<p>Vaihtelevaan maatalousmaisemaan on j\u00e4\u00e4nyt j\u00e4lki\u00e4 ihmisen ja luonnon voimainponnistuksista. Lis\u00e4\u00e4 peltoa saadakseen kyl\u00e4l\u00e4iset kaivoivat 1800-luvulla Kirjavalan kanavan. Nyt kanavan varteen on kunnostettu viihtyis\u00e4 2 km:n mittainen luontopolku tulisijoineen ja n\u00e4k\u00f6alapaikkoineen. Luonnon voimasta todistavat Kesusmaan j\u00e4\u00e4kauden aikaiset Mykkiinkivet &#8211; valtavat siirtolohkareet, joiden varjosta haettiin suojaa mm. isonvihan aikana. Molempiin on viitoitus valtatie 6:lta.<\/p>\n<p>Kirjavalasta ja Kesusmaalta on matkaa Parikkalaan 20 km ja Savonlinnaan 70 km. T\u00e4rkeimm\u00e4t perustarvikkeet saa palvelualttiista kyl\u00e4kaupasta.<\/p>\n<p><img loading=\"lazy\" decoding=\"async\" class=\"size-thumbnail wp-image-22 alignright\" src=\"https:\/\/kylat.ekarjala.fi\/parikkalankylat\/wp-content\/uploads\/sites\/78\/2014\/12\/kirjavala-150x150.jpg\" alt=\"kirjavala\" width=\"150\" height=\"150\" \/>Kirjavalan kanavan varteen on kunnostettu kanavapolku<br \/>\n500 asukkaan leppoisa, rauhallinen tunnelma tarttuu my\u00f6s matkailijoihin ja uusiin asukkaisiin. Lapsille on rakennettu leikkikentt\u00e4 ja aikuisille j\u00e4rjestet\u00e4\u00e4n erilaisia tapahtumia. Kes\u00e4isin kyl\u00e4n yhteisen\u00e4 harrastuksena on kyykk\u00e4, talvisin mm. jumpataan ja sauvak\u00e4vell\u00e4\u00e4n.<\/p>\n<p>Maatalouden lis\u00e4ksi kylill\u00e4 on runsaasti pienyritt\u00e4ji\u00e4: mm. matkailun ohjelmapalveluita, retkiopastusta ja hevosyritt\u00e4ji\u00e4. Lis\u00e4ksi kylilt\u00e4 l\u00f6ytyy puusep\u00e4nliike, automaalaamo, maansiirto- ja mets\u00e4koneyritt\u00e4ji\u00e4, tilitoimisto, s\u00e4hk\u00f6asentaja, taidemaalari (ja taiden\u00e4yttely), hieroja ja taksiyritt\u00e4j\u00e4.<\/p>\n","protected":false},"excerpt":{"rendered":"<p>Kirjavalan ja Kesusmaan maalaismaisemaa v\u00e4ritt\u00e4v\u00e4t m\u00e4kien ja vaarojen v\u00e4liin j\u00e4\u00e4v\u00e4t suuret peltoaukeat ja lukuiset lammet ja j\u00e4rvet. Kyl\u00e4st\u00e4 aukeavat mahtavat n\u00e4kym\u00e4t Simpelej\u00e4rvelle. Suur-Rautj\u00e4rven rannoilla voi seurata lintujen arktista muuttoa. Vaihtelevaan maatalousmaisemaan on j\u00e4\u00e4nyt j\u00e4lki\u00e4 ihmisen ja luonnon voimainponnistuksista. Lis\u00e4\u00e4 peltoa &hellip; <a href=\"https:\/\/kylat.ekarjala.fi\/parikkalankylat\/kirjavala-kesusmaa\/\">Lue loppuun <span class=\"meta-nav\">&rarr;<\/span><\/a><\/p>\n","protected":false},"author":1,"featured_media":0,"parent":0,"menu_order":0,"comment_status":"open","ping_status":"closed","template":"","meta":{"footnotes":""},"class_list":["post-20","page","type-page","status-publish","hentry"],"_links":{"self":[{"href":"https:\/\/kylat.ekarjala.fi\/parikkalankylat\/wp-json\/wp\/v2\/pages\/20","targetHints":{"allow":["GET"]}}],"collection":[{"href":"https:\/\/kylat.ekarjala.fi\/parikkalankylat\/wp-json\/wp\/v2\/pages"}],"about":[{"href":"https:\/\/kylat.ekarjala.fi\/parikkalankylat\/wp-json\/wp\/v2\/types\/page"}],"author":[{"embeddable":true,"href":"https:\/\/kylat.ekarjala.fi\/parikkalankylat\/wp-json\/wp\/v2\/users\/1"}],"replies":[{"embeddable":true,"href":"https:\/\/kylat.ekarjala.fi\/parikkalankylat\/wp-json\/wp\/v2\/comments?post=20"}],"version-history":[{"count":1,"href":"https:\/\/kylat.ekarjala.fi\/parikkalankylat\/wp-json\/wp\/v2\/pages\/20\/revisions"}],"predecessor-version":[{"id":23,"href":"https:\/\/kylat.ekarjala.fi\/parikkalankylat\/wp-json\/wp\/v2\/pages\/20\/revisions\/23"}],"wp:attachment":[{"href":"https:\/\/kylat.ekarjala.fi\/parikkalankylat\/wp-json\/wp\/v2\/media?parent=20"}],"curies":[{"name":"wp","href":"https:\/\/api.w.org\/{rel}","templated":true}]}}