{"id":29,"date":"2014-12-05T09:56:55","date_gmt":"2014-12-05T07:56:55","guid":{"rendered":"https:\/\/kylat.ekarjala.fi\/parikkalankylat\/?page_id=29"},"modified":"2014-12-05T09:56:55","modified_gmt":"2014-12-05T07:56:55","slug":"kummunkyla","status":"publish","type":"page","link":"https:\/\/kylat.ekarjala.fi\/parikkalankylat\/kummunkyla\/","title":{"rendered":"Kummunkyl\u00e4"},"content":{"rendered":"<p>Vire\u00e4 Kummun kyl\u00e4 sijaitsee nimens\u00e4 mukaisesti kumpuilevassa maisemassa. Vaihtelevuutta ja luonnonkauneutta maisemaan tuovat suuri suoalue ja kirkasvetinen Pyh\u00e4j\u00e4rvi. Lintutornista voi seurata 45 hehtaarin suuruisella karpalosuolla el\u00e4vi\u00e4 harvinaisiakin lintuja tai k\u00e4\u00e4nt\u00e4\u00e4 kiikarinsa Pyh\u00e4j\u00e4rven aaltoiluun.<\/p>\n<p>Lintutornin kupeessa on kyl\u00e4l\u00e4isten kokoontumistilakseen rakentama kelokota, jossa voi nauttia virvokkeita ja paistaa makkarat. Kodalla kyl\u00e4l\u00e4iset viett\u00e4v\u00e4t mm. uudenvuoden vastaanottajaisia.<\/p>\n<p>Kummussa asuu paljon lapsiperheit\u00e4. Koulussa on kolme opettajaa ja oppilasennusteet ovat niin hyvi\u00e4, ett\u00e4 koulun toiminta jatkuu viel\u00e4 vuosia. Uudetkin perheet ovat Kumpuun tervetulleita!<\/p>\n<p><strong>Runsaasti toimintaa<\/strong><br \/>\nL\u00e4heiset suuret saloalueet ja kalaisa Pyh\u00e4j\u00e4rvi tarjoavat mets\u00e4st\u00e4jille ja kalastajille mahtavat harrastuspaikat. Mets\u00e4autoteill\u00e4 on hyv\u00e4 lenkkeill\u00e4. Talvisin kyl\u00e4n l\u00e4pi kulkee vaihteleva hiihtoreitti ja syksyisin karpalosuo tarjoaa marjastajalle turvallisen marja-aitan. Sis\u00e4liikuntatilat l\u00f6ytyv\u00e4t 5 kilometrin p\u00e4\u00e4st\u00e4 Niukkalasta. Kouluik\u00e4isille lapsille on tarjolla s\u00e4hlykerhoa ja perheen pienimmille vaikkapa muskaria.<\/p>\n<p>Niukkalaan kauppaan ja pankkiin on matkaa 5 km. Imatralle ja Savonlinnaan matkaa on alle 100 km.<\/p>\n<p>Kummun kyl\u00e4yhdistys j\u00e4rjest\u00e4\u00e4 erilaisia tapahtumia ja pyrkii s\u00e4ilytt\u00e4m\u00e4\u00e4n kyl\u00e4n vire\u00e4n\u00e4 ja aktiivisena. Perinteisiin toimintoihin kuuluvat mm. pilkki- ja hiihtokilpailut sek\u00e4 uudenvuoden juhla kelokodalla. Toimien tukena on laajamittainen kyl\u00e4suunnitelma.<\/p>\n<p>Kumpuilevilta rinteilt\u00e4 saattaa l\u00f6yty\u00e4 unelmatontti my\u00f6s sinun ja perheesi el\u00e4m\u00e4nlaadun kohottamiseen. Keskell\u00e4 kauneinta Karjalaa ja kuitenkin alle nelj\u00e4n tunnin matka Helsinki-Vantaan lentokent\u00e4lle. Tee unelmistasi totta &#8211; muuta kimpsuinesi Kumpuun!<\/p>\n<p>Kummunkyl\u00e4n uudet kotisivut avattu helmikuussa 2012<\/p>\n","protected":false},"excerpt":{"rendered":"<p>Vire\u00e4 Kummun kyl\u00e4 sijaitsee nimens\u00e4 mukaisesti kumpuilevassa maisemassa. Vaihtelevuutta ja luonnonkauneutta maisemaan tuovat suuri suoalue ja kirkasvetinen Pyh\u00e4j\u00e4rvi. Lintutornista voi seurata 45 hehtaarin suuruisella karpalosuolla el\u00e4vi\u00e4 harvinaisiakin lintuja tai k\u00e4\u00e4nt\u00e4\u00e4 kiikarinsa Pyh\u00e4j\u00e4rven aaltoiluun. Lintutornin kupeessa on kyl\u00e4l\u00e4isten kokoontumistilakseen rakentama kelokota, &hellip; <a href=\"https:\/\/kylat.ekarjala.fi\/parikkalankylat\/kummunkyla\/\">Lue loppuun <span class=\"meta-nav\">&rarr;<\/span><\/a><\/p>\n","protected":false},"author":1,"featured_media":0,"parent":0,"menu_order":0,"comment_status":"open","ping_status":"closed","template":"","meta":{"footnotes":""},"class_list":["post-29","page","type-page","status-publish","hentry"],"_links":{"self":[{"href":"https:\/\/kylat.ekarjala.fi\/parikkalankylat\/wp-json\/wp\/v2\/pages\/29","targetHints":{"allow":["GET"]}}],"collection":[{"href":"https:\/\/kylat.ekarjala.fi\/parikkalankylat\/wp-json\/wp\/v2\/pages"}],"about":[{"href":"https:\/\/kylat.ekarjala.fi\/parikkalankylat\/wp-json\/wp\/v2\/types\/page"}],"author":[{"embeddable":true,"href":"https:\/\/kylat.ekarjala.fi\/parikkalankylat\/wp-json\/wp\/v2\/users\/1"}],"replies":[{"embeddable":true,"href":"https:\/\/kylat.ekarjala.fi\/parikkalankylat\/wp-json\/wp\/v2\/comments?post=29"}],"version-history":[{"count":1,"href":"https:\/\/kylat.ekarjala.fi\/parikkalankylat\/wp-json\/wp\/v2\/pages\/29\/revisions"}],"predecessor-version":[{"id":30,"href":"https:\/\/kylat.ekarjala.fi\/parikkalankylat\/wp-json\/wp\/v2\/pages\/29\/revisions\/30"}],"wp:attachment":[{"href":"https:\/\/kylat.ekarjala.fi\/parikkalankylat\/wp-json\/wp\/v2\/media?parent=29"}],"curies":[{"name":"wp","href":"https:\/\/api.w.org\/{rel}","templated":true}]}}