{"id":31,"date":"2014-12-05T09:58:29","date_gmt":"2014-12-05T07:58:29","guid":{"rendered":"https:\/\/kylat.ekarjala.fi\/parikkalankylat\/?page_id=31"},"modified":"2025-08-08T12:55:52","modified_gmt":"2025-08-08T09:55:52","slug":"melkoniemi","status":"publish","type":"page","link":"https:\/\/kylat.ekarjala.fi\/parikkalankylat\/melkoniemi\/","title":{"rendered":"Melkoniemi"},"content":{"rendered":"<p><a href=\"https:\/\/kylat.ekarjala.fi\/parikkalankylat\/wp-content\/uploads\/sites\/78\/2014\/12\/melkoniemi4.jpg\"><img loading=\"lazy\" decoding=\"async\" class=\"size-thumbnail wp-image-33 alignright\" src=\"https:\/\/kylat.ekarjala.fi\/parikkalankylat\/wp-content\/uploads\/sites\/78\/2014\/12\/melkoniemi4-150x150.jpg\" alt=\"melkoniemi4\" width=\"150\" height=\"150\" \/><\/a> \u00a0Melkoniemen ja Peruspohjan kyl\u00e4t sijaitsevat kauniin Simpelej\u00e4rven l\u00e4nsirannalla. Maatalousvaltaisissa kyliss\u00e4 on noin 250 asukasta. Simpelej\u00e4rven rannoilla ja saarissa on lis\u00e4ksi paljon kes\u00e4asutusta.<\/p>\n<p>Parhaat harrastusmahdollisuudet l\u00f6ytyv\u00e4t vaihtelevasta luonnosta. Simpelej\u00e4rven rantapelloilta maasto nousee korkeiksi m\u00e4iksi ja rehev\u00e4t lehdot muuttuvat kangasmetsiksi. Luontoon p\u00e4\u00e4see tutustumaan retkeilyreiteilt\u00e4, joista tunnetuin on P\u00f6r\u00f6peikonpolku. Jylhiss\u00e4 maisemissa kulkevan polun varrella on laavu ja jopa varaussauna. Retkeilij\u00e4n kannattaa kivuta my\u00f6s \u00c4ij\u00f6n vuorelle, jonka laelta on hienot n\u00e4kym\u00e4t Simpelej\u00e4rvelle. Vuoressa on my\u00f6s luolastoja.<\/p>\n<p><strong>Luonnossa harrastaen<\/strong><\/p>\n<p><img loading=\"lazy\" decoding=\"async\" class=\"size-thumbnail wp-image-34 alignright\" src=\"https:\/\/kylat.ekarjala.fi\/parikkalankylat\/wp-content\/uploads\/sites\/78\/2014\/12\/melkoniemi3-150x150.jpg\" alt=\"melkoniemi3\" width=\"150\" height=\"150\" \/>Mets\u00e4styksest\u00e4 kiinnostuneet l\u00f6yt\u00e4v\u00e4t samanhenkist\u00e4 seuraa Melkoniemen Riistasta. Hirvien lis\u00e4ksi mets\u00e4stet\u00e4\u00e4n sorsia, j\u00e4niksi\u00e4, kettuja, majavia ja karhuja. Mets\u00e4stysseura j\u00e4rjest\u00e4\u00e4 my\u00f6s ampumakisoja. Kalastusta harrastetaan paljon. Simpelej\u00e4rvest\u00e4 saa verkoilla muikkua &#8211; ja tietysti kuuluisaa Simpeleen siikaa. Uistelemalla saa p\u00e4\u00e4asiassa haukea, ahventa, kuhaa ja taimenta. My\u00f6s sienestykseen ja marjastukseen on kyl\u00e4ll\u00e4 erinomaiset mahdollisuudet.<\/p>\n<p>15 km:n matka S\u00e4rkisalmelle ja 20 km Parikkalaan sujuu hyv\u00e4kuntoista p\u00e4\u00e4llystetty\u00e4 tiet\u00e4, Simpeleelle viev\u00e4 tie on sorapintainen (matkaa 15 km). L\u00e4hin kaupunki on Imatra, 65 km. Savonlinnaan matkaa on 70 km.<\/p>\n<p><img loading=\"lazy\" decoding=\"async\" class=\"size-thumbnail wp-image-35 alignright\" src=\"https:\/\/kylat.ekarjala.fi\/parikkalankylat\/wp-content\/uploads\/sites\/78\/2014\/12\/melkoniemi2-150x150.jpg\" alt=\"melkoniemi2\" width=\"150\" height=\"150\" \/>Kalakeitolla<br \/>\nMelkoniemel\u00e4isten maatilojen p\u00e4\u00e4tuotantosuuntia ovat viljanviljely, maidon- ja naudanlihantuotanto, mutta kyl\u00e4ss\u00e4 harjoitetaan my\u00f6s villisikatarhausta, tomaatin ja mansikan kasvatusta sek\u00e4 maatilamatkailua. Pienehk\u00f6t peltolohkot sijaitsevat j\u00e4rvien rannoilla, m\u00e4kien v\u00e4liss\u00e4. Melkoniemess\u00e4 on mets\u00e4kone- ja kaivinkoneyritt\u00e4ji\u00e4, puun sahausta ja h\u00f6yl\u00e4yst\u00e4, pitopalvelu, konekorjaamo, rakentajia, kodinhoitoa ja taksi.<\/p>\n<p><strong>Asumaan maaseudun rauhaan?<\/strong><\/p>\n<p><img loading=\"lazy\" decoding=\"async\" class=\"size-thumbnail wp-image-32 alignright\" src=\"https:\/\/kylat.ekarjala.fi\/parikkalankylat\/wp-content\/uploads\/sites\/78\/2014\/12\/melkoniemi-150x150.jpg\" alt=\"melkoniemi\" width=\"150\" height=\"150\" \/>Kyl\u00e4ss\u00e4 on myynniss\u00e4 muutamia yksityisten tontteja ja joitakin Parikkalan kunnan tontteja.<\/p>\n<p>Jos suunnittelet muuttoa luonnon rauhaan, tervetuloa k\u00e4ym\u00e4\u00e4n! Ajele rauhallisesti Simpeleen kirkolta Peruspohjaan ja ihastele maisemia. Kierr\u00e4 P\u00f6r\u00f6peikon polku, keit\u00e4 nokipannukahvit ja paista makkarat. Jatka Melkoniemen kautta S\u00e4rkisalmelle.<\/p>\n","protected":false},"excerpt":{"rendered":"<p>\u00a0Melkoniemen ja Peruspohjan kyl\u00e4t sijaitsevat kauniin Simpelej\u00e4rven l\u00e4nsirannalla. Maatalousvaltaisissa kyliss\u00e4 on noin 250 asukasta. Simpelej\u00e4rven rannoilla ja saarissa on lis\u00e4ksi paljon kes\u00e4asutusta. Parhaat harrastusmahdollisuudet l\u00f6ytyv\u00e4t vaihtelevasta luonnosta. Simpelej\u00e4rven rantapelloilta maasto nousee korkeiksi m\u00e4iksi ja rehev\u00e4t lehdot muuttuvat kangasmetsiksi. Luontoon p\u00e4\u00e4see &hellip; <a href=\"https:\/\/kylat.ekarjala.fi\/parikkalankylat\/melkoniemi\/\">Lue loppuun <span class=\"meta-nav\">&rarr;<\/span><\/a><\/p>\n","protected":false},"author":1,"featured_media":0,"parent":0,"menu_order":0,"comment_status":"open","ping_status":"closed","template":"","meta":{"footnotes":""},"class_list":["post-31","page","type-page","status-publish","hentry"],"_links":{"self":[{"href":"https:\/\/kylat.ekarjala.fi\/parikkalankylat\/wp-json\/wp\/v2\/pages\/31","targetHints":{"allow":["GET"]}}],"collection":[{"href":"https:\/\/kylat.ekarjala.fi\/parikkalankylat\/wp-json\/wp\/v2\/pages"}],"about":[{"href":"https:\/\/kylat.ekarjala.fi\/parikkalankylat\/wp-json\/wp\/v2\/types\/page"}],"author":[{"embeddable":true,"href":"https:\/\/kylat.ekarjala.fi\/parikkalankylat\/wp-json\/wp\/v2\/users\/1"}],"replies":[{"embeddable":true,"href":"https:\/\/kylat.ekarjala.fi\/parikkalankylat\/wp-json\/wp\/v2\/comments?post=31"}],"version-history":[{"count":2,"href":"https:\/\/kylat.ekarjala.fi\/parikkalankylat\/wp-json\/wp\/v2\/pages\/31\/revisions"}],"predecessor-version":[{"id":57,"href":"https:\/\/kylat.ekarjala.fi\/parikkalankylat\/wp-json\/wp\/v2\/pages\/31\/revisions\/57"}],"wp:attachment":[{"href":"https:\/\/kylat.ekarjala.fi\/parikkalankylat\/wp-json\/wp\/v2\/media?parent=31"}],"curies":[{"name":"wp","href":"https:\/\/api.w.org\/{rel}","templated":true}]}}