{"id":44,"date":"2014-12-05T10:05:03","date_gmt":"2014-12-05T08:05:03","guid":{"rendered":"https:\/\/kylat.ekarjala.fi\/parikkalankylat\/?page_id=44"},"modified":"2014-12-05T10:05:03","modified_gmt":"2014-12-05T08:05:03","slug":"savikumpu","status":"publish","type":"page","link":"https:\/\/kylat.ekarjala.fi\/parikkalankylat\/savikumpu\/","title":{"rendered":"Savikumpu"},"content":{"rendered":"<p><a href=\"https:\/\/kylat.ekarjala.fi\/parikkalankylat\/wp-content\/uploads\/sites\/78\/2014\/12\/savikumpu2.jpg\"><img loading=\"lazy\" decoding=\"async\" class=\"size-thumbnail wp-image-45 alignright\" src=\"https:\/\/kylat.ekarjala.fi\/parikkalankylat\/wp-content\/uploads\/sites\/78\/2014\/12\/savikumpu2-150x150.jpg\" alt=\"savikumpu2\" width=\"150\" height=\"150\" \/><\/a> Savikumpu on rauhallinen kyl\u00e4 l\u00e4hell\u00e4 S\u00e4rkisalmen palveluita. Rehev\u00e4t lehtomets\u00e4t ovat ominaisia avaralle, mutta kumpuilevalle maastolle.<\/p>\n<p>S\u00e4rkisalmen kauppoihin, p\u00e4iv\u00e4kotiin ja kouluun on Savikummusta matkaa 2,5 km. Parikkalan kuntakeskuksen muihin palveluihin (kirjasto, pankki, apteekki, alko, terveyskeskus) matkaa on 10 km. Kyl\u00e4n l\u00e4pi kulkee valtatie 6 ja julkiset yhteydet ovat hyv\u00e4t. P\u00e4ivitt\u00e4in kulkevat linja-autot ja kaksi kertaa viikossa kutsutaksit.<\/p>\n<p><strong>Asu maaseudun rauhassa!<\/strong><\/p>\n<p><img loading=\"lazy\" decoding=\"async\" class=\"size-thumbnail wp-image-46 alignright\" src=\"https:\/\/kylat.ekarjala.fi\/parikkalankylat\/wp-content\/uploads\/sites\/78\/2014\/12\/savikumpu-150x150.jpg\" alt=\"savikumpu\" width=\"150\" height=\"150\" \/>200 asukkaan kyl\u00e4ll\u00e4 p\u00e4\u00e4elinkeino on maatalous liit\u00e4nn\u00e4isineen. Kyl\u00e4ss\u00e4 on muutamia yrityksi\u00e4, mm. taksi, autokorjaamo, maansiirtoliike, saha ja h\u00f6yl\u00e4.<\/p>\n<p>Savikumpulaisten harrastuksiin kuuluvat liikunnan lis\u00e4ksi marjastus, sienestys ja kalastus Simpelej\u00e4rvell\u00e4. Yhdistystoimintaa harjoittavat maa- ja kotitalousnaiset sek\u00e4 kyl\u00e4yhdistys.<\/p>\n<p>Uusille asukkaille l\u00f6ytyy parin vapaan talon lis\u00e4ksi hienoja tontteja.<\/p>\n","protected":false},"excerpt":{"rendered":"<p>Savikumpu on rauhallinen kyl\u00e4 l\u00e4hell\u00e4 S\u00e4rkisalmen palveluita. Rehev\u00e4t lehtomets\u00e4t ovat ominaisia avaralle, mutta kumpuilevalle maastolle. S\u00e4rkisalmen kauppoihin, p\u00e4iv\u00e4kotiin ja kouluun on Savikummusta matkaa 2,5 km. Parikkalan kuntakeskuksen muihin palveluihin (kirjasto, pankki, apteekki, alko, terveyskeskus) matkaa on 10 km. Kyl\u00e4n l\u00e4pi &hellip; <a href=\"https:\/\/kylat.ekarjala.fi\/parikkalankylat\/savikumpu\/\">Lue loppuun <span class=\"meta-nav\">&rarr;<\/span><\/a><\/p>\n","protected":false},"author":1,"featured_media":0,"parent":0,"menu_order":0,"comment_status":"open","ping_status":"closed","template":"","meta":{"footnotes":""},"class_list":["post-44","page","type-page","status-publish","hentry"],"_links":{"self":[{"href":"https:\/\/kylat.ekarjala.fi\/parikkalankylat\/wp-json\/wp\/v2\/pages\/44","targetHints":{"allow":["GET"]}}],"collection":[{"href":"https:\/\/kylat.ekarjala.fi\/parikkalankylat\/wp-json\/wp\/v2\/pages"}],"about":[{"href":"https:\/\/kylat.ekarjala.fi\/parikkalankylat\/wp-json\/wp\/v2\/types\/page"}],"author":[{"embeddable":true,"href":"https:\/\/kylat.ekarjala.fi\/parikkalankylat\/wp-json\/wp\/v2\/users\/1"}],"replies":[{"embeddable":true,"href":"https:\/\/kylat.ekarjala.fi\/parikkalankylat\/wp-json\/wp\/v2\/comments?post=44"}],"version-history":[{"count":1,"href":"https:\/\/kylat.ekarjala.fi\/parikkalankylat\/wp-json\/wp\/v2\/pages\/44\/revisions"}],"predecessor-version":[{"id":47,"href":"https:\/\/kylat.ekarjala.fi\/parikkalankylat\/wp-json\/wp\/v2\/pages\/44\/revisions\/47"}],"wp:attachment":[{"href":"https:\/\/kylat.ekarjala.fi\/parikkalankylat\/wp-json\/wp\/v2\/media?parent=44"}],"curies":[{"name":"wp","href":"https:\/\/api.w.org\/{rel}","templated":true}]}}