{"id":13,"date":"2011-09-26T08:37:59","date_gmt":"2011-09-26T08:37:59","guid":{"rendered":"https:\/\/kylat.ekarjala.fi\/parkkarila\/?page_id=13"},"modified":"2016-01-29T08:02:42","modified_gmt":"2016-01-29T08:02:42","slug":"asukasyhdistys","status":"publish","type":"page","link":"https:\/\/kylat.ekarjala.fi\/parkkarila\/asukasyhdistys\/","title":{"rendered":"Asukasyhdistys"},"content":{"rendered":"<p>Parkkarilan asukasyhdistyksen johtokunta:<\/p>\n<p>Piia Pajunen, puheenjohtaja<br \/>\nArja Pervala, sihteeri, p. <span class=\"baec5a81-e4d6-4674-97f3-e9220f0136c1\">050-537 1193<\/span><br \/>\nPirjo Ravattinen, rahastonhoitaja, p. <span class=\"baec5a81-e4d6-4674-97f3-e9220f0136c1\">040-565 9062<br \/>\nMartti Metso, p. 050- 562 6140<br \/>\n<\/span>Jorma Jolkkonen, p.\u00a0044-3366117<br \/>\nKirsti Miettinen, p. 050-3502987<\/p>\n<p>Asukasyhdistyksen l\u00f6yd\u00e4t my\u00f6s Facebookista nimell\u00e4 &#8221;Parkkarilan asukasyhdistys&#8221;. Liity mukaan ryhm\u00e4\u00e4n, niin n\u00e4et, mit\u00e4 alueellasi tapahtuu.<\/p>\n","protected":false},"excerpt":{"rendered":"<p>Parkkarilan asukasyhdistyksen johtokunta: Piia Pajunen, puheenjohtaja Arja Pervala, sihteeri, p. 050-537 1193 Pirjo Ravattinen, rahastonhoitaja, p. 040-565 9062 Martti Metso, p. 050- 562 6140 Jorma Jolkkonen, p.\u00a0044-3366117 Kirsti Miettinen, p. 050-3502987 Asukasyhdistyksen l\u00f6yd\u00e4t my\u00f6s Facebookista nimell\u00e4 &#8221;Parkkarilan asukasyhdistys&#8221;. Liity mukaan &hellip; <a href=\"https:\/\/kylat.ekarjala.fi\/parkkarila\/asukasyhdistys\/\">Lue loppuun <span class=\"meta-nav\">&rarr;<\/span><\/a><\/p>\n","protected":false},"author":34,"featured_media":0,"parent":0,"menu_order":0,"comment_status":"open","ping_status":"open","template":"","meta":{"footnotes":""},"class_list":["post-13","page","type-page","status-publish","hentry"],"_links":{"self":[{"href":"https:\/\/kylat.ekarjala.fi\/parkkarila\/wp-json\/wp\/v2\/pages\/13","targetHints":{"allow":["GET"]}}],"collection":[{"href":"https:\/\/kylat.ekarjala.fi\/parkkarila\/wp-json\/wp\/v2\/pages"}],"about":[{"href":"https:\/\/kylat.ekarjala.fi\/parkkarila\/wp-json\/wp\/v2\/types\/page"}],"author":[{"embeddable":true,"href":"https:\/\/kylat.ekarjala.fi\/parkkarila\/wp-json\/wp\/v2\/users\/34"}],"replies":[{"embeddable":true,"href":"https:\/\/kylat.ekarjala.fi\/parkkarila\/wp-json\/wp\/v2\/comments?post=13"}],"version-history":[{"count":7,"href":"https:\/\/kylat.ekarjala.fi\/parkkarila\/wp-json\/wp\/v2\/pages\/13\/revisions"}],"predecessor-version":[{"id":55,"href":"https:\/\/kylat.ekarjala.fi\/parkkarila\/wp-json\/wp\/v2\/pages\/13\/revisions\/55"}],"wp:attachment":[{"href":"https:\/\/kylat.ekarjala.fi\/parkkarila\/wp-json\/wp\/v2\/media?parent=13"}],"curies":[{"name":"wp","href":"https:\/\/api.w.org\/{rel}","templated":true}]}}