{"id":28,"date":"2011-09-26T10:12:29","date_gmt":"2011-09-26T10:12:29","guid":{"rendered":"https:\/\/kylat.ekarjala.fi\/parkkarila\/?page_id=28"},"modified":"2011-09-26T10:12:49","modified_gmt":"2011-09-26T10:12:49","slug":"historiaa","status":"publish","type":"page","link":"https:\/\/kylat.ekarjala.fi\/parkkarila\/historiaa\/","title":{"rendered":"Historiaa"},"content":{"rendered":"<p>Parkkarilan ja Kaukaan kaupunginosat ovat vanhan Parkkarilan tilan alueilla.<\/p>\n<p><strong>Johan Standertskj\u00f6ld<\/strong> kirjoittaa kirjassa &#8217;Kaukas 1873-1944&#8217; seuraava:<\/p>\n<p>&#8221;Parkkarilan tila sijaitsee Salpaussel\u00e4n harjun kauniilla pohjoisrinteell\u00e4 Saimaan etel\u00e4rannalla aivan Lappeenrannan it\u00e4puolella. Se mainitaan jo vuoden 1706 maakirjassa, mutta oli poistettu vuoden 1742 revisiomaakirjasta &#8221;olemattomana, autiona&#8221;. Vuonna 1844 t\u00e4m\u00e4n kruununtilan osti verolleostona sen silloinen haltija, Suomen Pankin kamreeri <strong>August Wilhelm Florin<\/strong>, joka samana vuonna m\u00f6i sen kauppias <strong>Carl Fredrik Savanderille<\/strong>. T\u00e4m\u00e4n perilliset m\u00f6iv\u00e4t vuorostaan tilan vuonna 1876 eversti <strong>Lars Emil von Haartmanille<\/strong>. H\u00e4nelt\u00e4 Kaukaan Tehdas Osakeyhti\u00f6 osti sen marraskuussa 1890 ja aikomuksena oli rakentaa sinne lankarullatehdas.&#8221;<\/p>\n<p>Parkkarilan kartano on sijainnut nykyisell\u00e4 tehdasalueella ja on nyttemmin purettu.<\/p>\n","protected":false},"excerpt":{"rendered":"<p>Parkkarilan ja Kaukaan kaupunginosat ovat vanhan Parkkarilan tilan alueilla. Johan Standertskj\u00f6ld kirjoittaa kirjassa &#8217;Kaukas 1873-1944&#8217; seuraava: &#8221;Parkkarilan tila sijaitsee Salpaussel\u00e4n harjun kauniilla pohjoisrinteell\u00e4 Saimaan etel\u00e4rannalla aivan Lappeenrannan it\u00e4puolella. Se mainitaan jo vuoden 1706 maakirjassa, mutta oli poistettu vuoden 1742 revisiomaakirjasta &hellip; <a href=\"https:\/\/kylat.ekarjala.fi\/parkkarila\/historiaa\/\">Lue loppuun <span class=\"meta-nav\">&rarr;<\/span><\/a><\/p>\n","protected":false},"author":34,"featured_media":0,"parent":0,"menu_order":7,"comment_status":"open","ping_status":"open","template":"","meta":{"footnotes":""},"class_list":["post-28","page","type-page","status-publish","hentry"],"_links":{"self":[{"href":"https:\/\/kylat.ekarjala.fi\/parkkarila\/wp-json\/wp\/v2\/pages\/28","targetHints":{"allow":["GET"]}}],"collection":[{"href":"https:\/\/kylat.ekarjala.fi\/parkkarila\/wp-json\/wp\/v2\/pages"}],"about":[{"href":"https:\/\/kylat.ekarjala.fi\/parkkarila\/wp-json\/wp\/v2\/types\/page"}],"author":[{"embeddable":true,"href":"https:\/\/kylat.ekarjala.fi\/parkkarila\/wp-json\/wp\/v2\/users\/34"}],"replies":[{"embeddable":true,"href":"https:\/\/kylat.ekarjala.fi\/parkkarila\/wp-json\/wp\/v2\/comments?post=28"}],"version-history":[{"count":2,"href":"https:\/\/kylat.ekarjala.fi\/parkkarila\/wp-json\/wp\/v2\/pages\/28\/revisions"}],"predecessor-version":[{"id":31,"href":"https:\/\/kylat.ekarjala.fi\/parkkarila\/wp-json\/wp\/v2\/pages\/28\/revisions\/31"}],"wp:attachment":[{"href":"https:\/\/kylat.ekarjala.fi\/parkkarila\/wp-json\/wp\/v2\/media?parent=28"}],"curies":[{"name":"wp","href":"https:\/\/api.w.org\/{rel}","templated":true}]}}