{"id":8,"date":"2011-09-26T08:31:43","date_gmt":"2011-09-26T08:31:43","guid":{"rendered":"https:\/\/kylat.ekarjala.fi\/parkkarila\/?page_id=8"},"modified":"2016-01-29T08:04:09","modified_gmt":"2016-01-29T08:04:09","slug":"palvelut","status":"publish","type":"page","link":"https:\/\/kylat.ekarjala.fi\/parkkarila\/palvelut\/","title":{"rendered":"Palvelut"},"content":{"rendered":"<p>Parkkarilasta l\u00f6yd\u00e4t seuraavat palvelut:<\/p>\n<p><a href=\"http:\/\/www.lappeenranta.fi\/Suomeksi\/Palvelut\/Koulutus_ja_opiskelu\/Perusopetus\/Koulut\/Kaukaan_koulu.iw3\" target=\"_blank\">Kaukaan koulu<\/a><\/p>\n<p><a href=\"http:\/\/www.lappeenranta.fi\/Suomeksi\/Palvelut\/Liikunta_ja_ulkoilu\/Ulkoliikuntapaikat\/Kisapuisto.iw3\" target=\"_blank\">Kisapuisto<\/a><\/p>\n<p>R-kioski<\/p>\n<p><a href=\"http:\/\/www.jiffy.fi\/\" target=\"_blank\">kampaamo Jiffy Hairsalon<\/a><\/p>\n<p>uusmediayritys<\/p>\n<p><a href=\"http:\/\/www.esaimaa.fi\/\" target=\"_blank\">Etel\u00e4-Saimaan lehtitalo<\/a><\/p>\n<p>UPM Kaukaan tehtaat<\/p>\n<p>&nbsp;<\/p>\n<p>L\u00e4hiet\u00e4isyydelt\u00e4 l\u00f6yd\u00e4t my\u00f6s kaksi kauppaa:<\/p>\n<p><a href=\"http:\/\/www.k-supermarket.fi\/kaupat\/kauppa\/?kauppa=224&amp;paikkakunta=LAPPEENRANTA\" target=\"_blank\">K-supermarket Lehmus<\/a><\/p>\n<p><a href=\"http:\/\/valintatalo.lahikauppa.fi\/fi\/kaupat\/?id=1369&amp;nimi=Tiril%C3%A4&amp;avainsanat=Tiril%C3%A4\" target=\"_blank\">Siwa Tiril\u00e4<\/a><\/p>\n<p>&nbsp;<\/p>\n<p>Pist\u00e4ydy my\u00f6s <a href=\"http:\/\/www.saipa.fi\/page.php?id=125\" target=\"_blank\">SaiPa<\/a>n sivuilla.<\/p>\n<p>&nbsp;<\/p>\n<p><strong>Alueella asuvat yritt\u00e4j\u00e4t<\/strong><\/p>\n<p>Harri H\u00e4m\u00e4l\u00e4inen, Kiitopolku 6, puh. 0400-214 624<br \/>\nsuutari (Lappeenrannan Hovisuutari Oy)<\/p>\n<p>Erik M\u00e4ki, Parkkarilankatu 19 A 2, puh. <span class=\"baec5a81-e4d6-4674-97f3-e9220f0136c1\">040-736 1589<a style=\"margin: 0px;border: currentColor;width: 16px;height: 16px;overflow: hidden;vertical-align: middle;float: none\" title=\"Soita: 040-736 1589\" href=\"#\"><img decoding=\"async\" style=\"margin: 0px;border: currentColor;width: 16px;height: 16px;overflow: hidden;vertical-align: middle;float: none\" title=\"Soita: 040-736 1589\" src=\"image\/png;base64,iVBORw0KGgoAAAANSUhEUgAAABAAAAAQCAYAAAAf8\/9hAAAACXBIWXMAAA7EAAAOxAGVKw4bAAAKT2lDQ1BQaG90b3Nob3AgSUNDIHByb2ZpbGUAAHjanVNnVFPpFj333vRCS4iAlEtvUhUIIFJCi4AUkSYqIQkQSoghodkVUcERRUUEG8igiAOOjoCMFVEsDIoK2AfkIaKOg6OIisr74Xuja9a89+bN\/rXXPues852zzwfACAyWSDNRNYAMqUIeEeCDx8TG4eQuQIEKJHAAEAizZCFz\/SMBAPh+PDwrIsAHvgABeNMLCADATZvAMByH\/w\/qQplcAYCEAcB0kThLCIAUAEB6jkKmAEBGAYCdmCZTAKAEAGDLY2LjAFAtAGAnf+bTAICd+Jl7AQBblCEVAaCRACATZYhEAGg7AKzPVopFAFgwABRmS8Q5ANgtADBJV2ZIALC3AMDOEAuyAAgMADBRiIUpAAR7AGDIIyN4AISZABRG8lc88SuuEOcqAAB4mbI8uSQ5RYFbCC1xB1dXLh4ozkkXKxQ2YQJhmkAuwnmZGTKBNA\/g88wAAKCRFRHgg\/P9eM4Ors7ONo62Dl8t6r8G\/yJiYuP+5c+rcEAAAOF0ftH+LC+zGoA7BoBt\/qIl7gRoXgugdfeLZrIPQLUAoOnaV\/Nw+H48PEWhkLnZ2eXk5NhKxEJbYcpXff5nwl\/AV\/1s+X48\/Pf14L7iJIEyXYFHBPjgwsz0TKUcz5IJhGLc5o9H\/LcL\/\/wd0yLESWK5WCoU41EScY5EmozzMqUiiUKSKcUl0v9k4t8s+wM+3zUAsGo+AXuRLahdYwP2SycQWHTA4vcAAPK7b8HUKAgDgGiD4c93\/+8\/\/UegJQCAZkmScQAAXkQkLlTKsz\/HCAAARKCBKrBBG\/TBGCzABhzBBdzBC\/xgNoRCJMTCQhBCCmSAHHJgKayCQiiGzbAdKmAv1EAdNMBRaIaTcA4uwlW4Dj1wD\/phCJ7BKLyBCQRByAgTYSHaiAFiilgjjggXmYX4IcFIBBKLJCDJiBRRIkuRNUgxUopUIFVIHfI9cgI5h1xGupE7yAAygvyGvEcxlIGyUT3UDLVDuag3GoRGogvQZHQxmo8WoJvQcrQaPYw2oefQq2gP2o8+Q8cwwOgYBzPEbDAuxsNCsTgsCZNjy7EirAyrxhqwVqwDu4n1Y8+xdwQSgUXACTYEd0IgYR5BSFhMWE7YSKggHCQ0EdoJNwkDhFHCJyKTqEu0JroR+cQYYjIxh1hILCPWEo8TLxB7iEPENyQSiUMyJ7mQAkmxpFTSEtJG0m5SI+ksqZs0SBojk8naZGuyBzmULCAryIXkneTD5DPkG+Qh8lsKnWJAcaT4U+IoUspqShnlEOU05QZlmDJBVaOaUt2ooVQRNY9aQq2htlKvUYeoEzR1mjnNgxZJS6WtopXTGmgXaPdpr+h0uhHdlR5Ol9BX0svpR+iX6AP0dwwNhhWDx4hnKBmbGAcYZxl3GK+YTKYZ04sZx1QwNzHrmOeZD5lvVVgqtip8FZHKCpVKlSaVGyovVKmqpqreqgtV81XLVI+pXlN9rkZVM1PjqQnUlqtVqp1Q61MbU2epO6iHqmeob1Q\/pH5Z\/YkGWcNMw09DpFGgsV\/jvMYgC2MZs3gsIWsNq4Z1gTXEJrHN2Xx2KruY\/R27iz2qqaE5QzNKM1ezUvOUZj8H45hx+Jx0TgnnKKeX836K3hTvKeIpG6Y0TLkxZVxrqpaXllirSKtRq0frvTau7aedpr1Fu1n7gQ5Bx0onXCdHZ4\/OBZ3nU9lT3acKpxZNPTr1ri6qa6UbobtEd79up+6Ynr5egJ5Mb6feeb3n+hx9L\/1U\/W36p\/VHDFgGswwkBtsMzhg8xTVxbzwdL8fb8VFDXcNAQ6VhlWGX4YSRudE8o9VGjUYPjGnGXOMk423GbcajJgYmISZLTepN7ppSTbmmKaY7TDtMx83MzaLN1pk1mz0x1zLnm+eb15vft2BaeFostqi2uGVJsuRaplnutrxuhVo5WaVYVVpds0atna0l1rutu6cRp7lOk06rntZnw7Dxtsm2qbcZsOXYBtuutm22fWFnYhdnt8Wuw+6TvZN9un2N\/T0HDYfZDqsdWh1+c7RyFDpWOt6azpzuP33F9JbpL2dYzxDP2DPjthPLKcRpnVOb00dnF2e5c4PziIuJS4LLLpc+Lpsbxt3IveRKdPVxXeF60vWdm7Obwu2o26\/uNu5p7ofcn8w0nymeWTNz0MPIQ+BR5dE\/C5+VMGvfrH5PQ0+BZ7XnIy9jL5FXrdewt6V3qvdh7xc+9j5yn+M+4zw33jLeWV\/MN8C3yLfLT8Nvnl+F30N\/I\/9k\/3r\/0QCngCUBZwOJgUGBWwL7+Hp8Ib+OPzrbZfay2e1BjKC5QRVBj4KtguXBrSFoyOyQrSH355jOkc5pDoVQfujW0Adh5mGLw34MJ4WHhVeGP45wiFga0TGXNXfR3ENz30T6RJZE3ptnMU85ry1KNSo+qi5qPNo3ujS6P8YuZlnM1VidWElsSxw5LiquNm5svt\/87fOH4p3iC+N7F5gvyF1weaHOwvSFpxapLhIsOpZATIhOOJTwQRAqqBaMJfITdyWOCnnCHcJnIi\/RNtGI2ENcKh5O8kgqTXqS7JG8NXkkxTOlLOW5hCepkLxMDUzdmzqeFpp2IG0yPTq9MYOSkZBxQqohTZO2Z+pn5mZ2y6xlhbL+xW6Lty8elQfJa7OQrAVZLQq2QqboVFoo1yoHsmdlV2a\/zYnKOZarnivN7cyzytuQN5zvn\/\/tEsIS4ZK2pYZLVy0dWOa9rGo5sjxxedsK4xUFK4ZWBqw8uIq2Km3VT6vtV5eufr0mek1rgV7ByoLBtQFr6wtVCuWFfevc1+1dT1gvWd+1YfqGnRs+FYmKrhTbF5cVf9go3HjlG4dvyr+Z3JS0qavEuWTPZtJm6ebeLZ5bDpaql+aXDm4N2dq0Dd9WtO319kXbL5fNKNu7g7ZDuaO\/PLi8ZafJzs07P1SkVPRU+lQ27tLdtWHX+G7R7ht7vPY07NXbW7z3\/T7JvttVAVVN1WbVZftJ+7P3P66Jqun4lvttXa1ObXHtxwPSA\/0HIw6217nU1R3SPVRSj9Yr60cOxx++\/p3vdy0NNg1VjZzG4iNwRHnk6fcJ3\/ceDTradox7rOEH0x92HWcdL2pCmvKaRptTmvtbYlu6T8w+0dbq3nr8R9sfD5w0PFl5SvNUyWna6YLTk2fyz4ydlZ19fi753GDborZ752PO32oPb++6EHTh0kX\/i+c7vDvOXPK4dPKy2+UTV7hXmq86X23qdOo8\/pPTT8e7nLuarrlca7nuer21e2b36RueN87d9L158Rb\/1tWeOT3dvfN6b\/fF9\/XfFt1+cif9zsu72Xcn7q28T7xf9EDtQdlD3YfVP1v+3Njv3H9qwHeg89HcR\/cGhYPP\/pH1jw9DBY+Zj8uGDYbrnjg+OTniP3L96fynQ89kzyaeF\/6i\/suuFxYvfvjV69fO0ZjRoZfyl5O\/bXyl\/erA6xmv28bCxh6+yXgzMV70VvvtwXfcdx3vo98PT+R8IH8o\/2j5sfVT0Kf7kxmTk\/8EA5jz\/GMzLdsAAAAgY0hSTQAAeiUAAICDAAD5\/wAAgOkAAHUwAADqYAAAOpgAABdvkl\/FRgAAAaNJREFUeNqk009oz3Ecx\/HH9\/P9\/YQRWSi2MGmNrebkpJgSLluKEw5Kk5zUsgMOTrO42MUVxUWRg+LgaPWbUGq7rRk7sExKNPt9vx8H32l921z2vrw+n3fvz\/Pz\/vP5JDFGy7HKwk1\/fz\/sR09VNjAZG6fv1buQHcZm3P8vAMfwCKswncoHCn8nbuAratiEUQglwLXiMJz\/FhvWYC9OFb4htBV6B9VyBtsKzRJxbDhvbSS5i1kcQo736MNrjJcBeaG3MuFyInagA0fwckHcGzzGiXIJU38bk1U+x3W+x7U\/yOvYU4prwG5MlAHPoS4925TMNDeHLxNUh0gGcRC9eFqk34TBMuAhfmL9b5Vz3elIbAmfLq02d4HQhbc4gBYcxUgZMFrcIJecrsgaT6avdl6sPqu1hw9XSWs4U5Q6udgYFfP+he25MEysVWQvutORLcfTYax4gn3z\/VoM8A7Xi\/WuKNmQCRujpLc1TGkP46hOI1sKADdxG3PzjkzoTNCT1rSFiX+PuLIEoI4rGC+6\/xEPMsFKs7YmM8bsAMlyf2OwTPszAMZMeayGCpJVAAAAAElFTkSuQmCC\" alt=\"\" \/><\/a><\/span><br \/>\nsuutari<\/p>\n<p>Oletko Parkkarilan alueella asuva yritt\u00e4j\u00e4? T\u00e4ss\u00e4 voisi olla sinunkin mainoksesi!<\/p>\n","protected":false},"excerpt":{"rendered":"<p>Parkkarilasta l\u00f6yd\u00e4t seuraavat palvelut: Kaukaan koulu Kisapuisto R-kioski kampaamo Jiffy Hairsalon uusmediayritys Etel\u00e4-Saimaan lehtitalo UPM Kaukaan tehtaat &nbsp; L\u00e4hiet\u00e4isyydelt\u00e4 l\u00f6yd\u00e4t my\u00f6s kaksi kauppaa: K-supermarket Lehmus Siwa Tiril\u00e4 &nbsp; Pist\u00e4ydy my\u00f6s SaiPan sivuilla. &nbsp; Alueella asuvat yritt\u00e4j\u00e4t Harri H\u00e4m\u00e4l\u00e4inen, Kiitopolku 6, &hellip; <a href=\"https:\/\/kylat.ekarjala.fi\/parkkarila\/palvelut\/\">Lue loppuun <span class=\"meta-nav\">&rarr;<\/span><\/a><\/p>\n","protected":false},"author":34,"featured_media":0,"parent":0,"menu_order":0,"comment_status":"open","ping_status":"open","template":"","meta":{"footnotes":""},"class_list":["post-8","page","type-page","status-publish","hentry"],"_links":{"self":[{"href":"https:\/\/kylat.ekarjala.fi\/parkkarila\/wp-json\/wp\/v2\/pages\/8","targetHints":{"allow":["GET"]}}],"collection":[{"href":"https:\/\/kylat.ekarjala.fi\/parkkarila\/wp-json\/wp\/v2\/pages"}],"about":[{"href":"https:\/\/kylat.ekarjala.fi\/parkkarila\/wp-json\/wp\/v2\/types\/page"}],"author":[{"embeddable":true,"href":"https:\/\/kylat.ekarjala.fi\/parkkarila\/wp-json\/wp\/v2\/users\/34"}],"replies":[{"embeddable":true,"href":"https:\/\/kylat.ekarjala.fi\/parkkarila\/wp-json\/wp\/v2\/comments?post=8"}],"version-history":[{"count":10,"href":"https:\/\/kylat.ekarjala.fi\/parkkarila\/wp-json\/wp\/v2\/pages\/8\/revisions"}],"predecessor-version":[{"id":56,"href":"https:\/\/kylat.ekarjala.fi\/parkkarila\/wp-json\/wp\/v2\/pages\/8\/revisions\/56"}],"wp:attachment":[{"href":"https:\/\/kylat.ekarjala.fi\/parkkarila\/wp-json\/wp\/v2\/media?parent=8"}],"curies":[{"name":"wp","href":"https:\/\/api.w.org\/{rel}","templated":true}]}}