{"id":11,"date":"2012-02-09T11:51:50","date_gmt":"2012-02-09T11:51:50","guid":{"rendered":"https:\/\/kylat.ekarjala.fi\/partala\/?page_id=11"},"modified":"2012-02-09T11:55:34","modified_gmt":"2012-02-09T11:55:34","slug":"saannot","status":"publish","type":"page","link":"https:\/\/kylat.ekarjala.fi\/partala\/saannot\/","title":{"rendered":"S\u00e4\u00e4nn\u00f6t"},"content":{"rendered":"<p>Partalan kyl\u00e4yhdistys on merkitty yhdistysrekisteriin 29.1.2004, rekisterinumero 188669.<br \/>\nPatentti ja rekisterihallituksen yhdistysrekisteriin merkityt s\u00e4\u00e4nn\u00f6t ovat seuraavat:<\/p>\n<p><strong>PARTALAN KYL\u00c4YHDISTYS RY:N S\u00c4\u00c4NN\u00d6T<\/strong><\/p>\n<p><strong>1 \u00a7 Nimi ja kotipaikka<\/strong><br \/>\nYhdistyksen nimi on Partalan kyl\u00e4yhdistys ja sen kotipaikka on Lappeenrannan kaupunki, toimialueena Partalan ala-asteen koulupiirin alue k\u00e4sitt\u00e4en Partalan, Mentulan, Ry\u00f6s\u00f6l\u00e4n ja Saarnialan kylien alueet sek\u00e4 Saikkolan kyl\u00e4st\u00e4 ne alueet, jotka toiminnallisesti katsotaan kuuluvaksi kyl\u00e4yhdistyksen alueeksi, Lappeenrannan kaupungissa.<\/p>\n<p><strong>2 \u00a7 Tarkoitus ja toiminnan laatu<\/strong><br \/>\nPartalan kyl\u00e4yhdistyksen tarkoituksena on edist\u00e4\u00e4 kylien asukkaiden yhteisty\u00f6t\u00e4, omatoimisuutta, kylien elinkelpoisuutta sek\u00e4 toimia sen asukkaiden yleisten ja yhteisten etujen valvojana, pyrki\u00e4 edist\u00e4m\u00e4\u00e4n kylien asukkaiden toimeentulomahdollisuuksien yleisi\u00e4 edellytyksi\u00e4, kylien vakinaisten ja vapaa-ajan asukkaiden viihtyisyytt\u00e4, harrastus- ja kulttuuritoimintaa ja yhteisty\u00f6t\u00e4, sek\u00e4 edist\u00e4\u00e4 palveluiden s\u00e4ilytt\u00e4mist\u00e4 alueella.<\/p>\n<p>Tarkoituksensa toteuttamiseksi yhdistys.<\/p>\n<ul>\n<li>kylien etuj\u00e4rjest\u00f6n\u00e4 osallistuu kyli\u00e4 koskevaan suunnitteluun ja pyrkii vaikuttamaan kylien kannalta my\u00f6nteiseen p\u00e4\u00e4t\u00f6ksentekoon eri organisaatioissa..<\/li>\n<li>tekee aloitteita ja esityksi\u00e4, antaa lausuntoja viranomaisille ja muille j\u00e4rjest\u00f6ille sek\u00e4 osallistuu kylien kehitt\u00e4mistoiminnan suunnitteluun ja toteutukseen.<\/li>\n<li>toteuttaa kylien elinkelpoisuutta, sen asukkaiden viihtyvyytt\u00e4 ja hyvinvointia sek\u00e4 peruspalveluiden s\u00e4ilytt\u00e4misen ja luomisen yleisi\u00e4 edellytyksi\u00e4 edist\u00e4vi\u00e4 hankkeita ja toimenpiteit\u00e4.<\/li>\n<li>j\u00e4rjest\u00e4\u00e4 kokouksia, kursseja, retki\u00e4, keskustelu- ja huvitilaisuuksia<\/li>\n<li>toimii muillakin edellisiin verrattavilla tavoilla tarkoituksensa toteuttamiseksi.<\/li>\n<li>Toimintansa tukemiseksi yhdistys voi harjoittaa julkaisutoimintaa sek\u00e4 asianmukaisen luvan saatuaan toimeenpanna arpajaisia ja myyj\u00e4isi\u00e4 sek\u00e4 huutokauppoja ja rahanker\u00e4yksi\u00e4 sek\u00e4 harjoittaa sellaista elinkeinoa tai ansiotoimintaa, joka kytkeytyy v\u00e4litt\u00f6m\u00e4sti s\u00e4\u00e4nn\u00f6iss\u00e4 m\u00e4\u00e4r\u00e4tyn tarkoituksen toteuttamiseen. Yhdistys voi ottaa vastaan testamentteja ja lahjoituksia sek\u00e4 omistaa ja hallita toimintaansa varten tarpeellista kiinte\u00e4\u00e4 ja irtainta omaisuutta.<\/li>\n<\/ul>\n<p>Yhdistys on puoluepoliittisesti sitoutumaton.<\/p>\n<p><strong>3 \u00a7 J\u00e4senist\u00f6<\/strong><br \/>\nYhdistykseen varsinaiseksi j\u00e4seneksi voidaan hyv\u00e4ksy\u00e4 henkil\u00f6, joka on kiinnostunut yhdistyksen toiminnasta ja hyv\u00e4ksyy sen tarkoituksen.<br \/>\nKannattajaj\u00e4seneksi voidaan hyv\u00e4ksy\u00e4 yksityinen henkil\u00f6 tai oikeustoimikelpoinen yhteis\u00f6, joka haluaa tukea yhdistyksen tarkoitusta ja toimintaa.<br \/>\nVarsinaiset j\u00e4senet ja kannattajaj\u00e4senet hyv\u00e4ksyy hakemuksesta kyl\u00e4toimikunta.<\/p>\n<p><strong>4 \u00a7 J\u00e4senen eroaminen ja erottaminen<\/strong><br \/>\nJ\u00e4senell\u00e4 on oikeus erota yhdistyksest\u00e4 ilmoittamalla siit\u00e4 kirjallisesti kyl\u00e4toimikunnalle tai sen puheenjohtajalle taikka ilmoittamalla erosta yhdistyksen kokouksessa merkitt\u00e4v\u00e4ksi p\u00f6yt\u00e4kirjaan.<br \/>\nKyl\u00e4toimikunta voi erottaa j\u00e4senen yhdistyksest\u00e4, jos j\u00e4sen on j\u00e4tt\u00e4nyt er\u00e4\u00e4ntyneen j\u00e4senmaksunsa maksamatta tai muuten j\u00e4tt\u00e4nyt t\u00e4ytt\u00e4m\u00e4tt\u00e4 ne velvoitukset, joihin h\u00e4n on yhdistykseen liittym\u00e4ll\u00e4 sitoutunut tai on menettelyll\u00e4\u00e4n yhdistyksess\u00e4 tai sen ulkopuolella huomattavasti vahingoittanut yhdistyst\u00e4.<\/p>\n<p><strong>5 \u00a7 Liittymis- ja j\u00e4senmaksu<\/strong><br \/>\nVarsinaisilta j\u00e4senilt\u00e4 ja kannattajaj\u00e4senilt\u00e4 peritt\u00e4v\u00e4n liittymismaksun ja vuotuisen j\u00e4senmaksun suuruudesta erikseen kummallekin j\u00e4senryhm\u00e4lle p\u00e4\u00e4tt\u00e4\u00e4 vuosikokous. Maksu voi olla eri suuruinen kannattajaj\u00e4senen\u00e4 olevalle yhteis\u00f6lle.<\/p>\n<p><strong>6 \u00a7 Kyl\u00e4toimikunta<\/strong><br \/>\nYhdistyksen asioita hoitaa hallitus, josta k\u00e4ytet\u00e4\u00e4n n\u00e4iss\u00e4 s\u00e4\u00e4nn\u00f6iss\u00e4 nimityst\u00e4 kyl\u00e4toimikunta. Kyl\u00e4toimikuntaan kuuluu vuosikokouksen kahdeksi (2) kalenterivuodeksi kerrallaan valitsemat puheenjohtaja ja v\u00e4hint\u00e4\u00e4n nelj\u00e4 (4) sek\u00e4 enint\u00e4\u00e4n kymmenen (10) muuta j\u00e4sent\u00e4.<br \/>\nKyl\u00e4toimikunnan j\u00e4senist\u00e4 puolet on erovuoroisia vuosittain, ensimm\u00e4isen\u00e4 (1.) vuotena erovuoroiset j\u00e4senet ratkaistaan arvalla.<br \/>\nKyl\u00e4toimikunta valitsee keskuudestaan varapuheenjohtajan ja ottaa sihteerin sek\u00e4 muut tarvittavat toimihenkil\u00f6t toimikautensa ajaksi. Kyl\u00e4toimikunnan puheenjohtajana voi toimia yht\u00e4jaksoisesti enint\u00e4\u00e4n kymmenen kalenterivuoden ajan.<br \/>\nKyl\u00e4toimikunta voi asettaa asioiden valmistelua varten ty\u00f6ryhmi\u00e4 tai kutsua asiantuntijoita niit\u00e4 hoitamaan.<br \/>\nKyl\u00e4toimikunta kokoontuu puheenjohtajan tai h\u00e4nen estyneen\u00e4 ollessa varapuheenjohtajan kutsusta tai kun v\u00e4hint\u00e4\u00e4n puolet kyl\u00e4toimikunnan j\u00e4senist\u00e4 sit\u00e4 vaatii. Kyl\u00e4toimikunta on p\u00e4\u00e4t\u00f6svaltainen, kun v\u00e4hint\u00e4\u00e4n puolet sen j\u00e4senist\u00e4 on l\u00e4sn\u00e4. Elleiv\u00e4t puheenjohtaja tai varapuheenjohtaja ole saapuvilla kokouksessa, valitaan siksi kerraksi joku kyl\u00e4toimikunnan j\u00e4senist\u00e4 puhetta johtamaan.<br \/>\n\u00c4\u00e4nestykset ratkaistaan yksinkertaisella \u00e4\u00e4nten enemmist\u00f6ll\u00e4. \u00c4\u00e4nten menness\u00e4 tasan ratkaisee puheenjohtajan \u00e4\u00e4ni, vaaleissa kuitenkin arpa. Kokouksista on pidett\u00e4v\u00e4 p\u00e4\u00e4t\u00f6sp\u00f6yt\u00e4kirjaa.<\/p>\n<p><strong>7 \u00a7 Yhdistyksen nimen kirjoittaminen<\/strong><br \/>\nYhdistyksen nimen kirjoittaa kyl\u00e4toimikunnan puheenjohtaja ja varapuheenjohtaja yhdess\u00e4 tai jompikumpi heist\u00e4 yhdess\u00e4 sihteerin tai rahastonhoitajan kanssa.<\/p>\n<p><strong>8 \u00a7 Tilikausi ja tilintarkastus<\/strong><br \/>\nYhdistyksen tilikausi on kalenterivuosi.<br \/>\nTilinp\u00e4\u00e4t\u00f6s tarvittavine asiakirjoineen ja kyl\u00e4toimikunnan vuosikertomus on annettava tilintarkastajille viimeist\u00e4\u00e4n 30 p\u00e4iv\u00e4\u00e4 ennen vuosikokousta. Tilintarkastajien tulee antaa kirjallinen lausuntonsa kyl\u00e4toimikunnalle viimeist\u00e4\u00e4n kaksi (2) viikkoa ennen vuosikokousta.<\/p>\n<p><strong>9 \u00a7 Yhdistyksen kokoukset<\/strong><br \/>\nYhdistyksen vuosikokous pidet\u00e4\u00e4n vuosittain kyl\u00e4toimikunnan m\u00e4\u00e4r\u00e4\u00e4m\u00e4n\u00e4 aikana ennen huhtikuun loppua.<br \/>\nYlim\u00e4\u00e4r\u00e4inen kokous pidet\u00e4\u00e4n, kun yhdistyksen kokous niin p\u00e4\u00e4tt\u00e4\u00e4 tai kun kyl\u00e4toimikunta katsoo siihen olevan aihetta tai kun v\u00e4hint\u00e4\u00e4n yksi kymmenesosa (1\/10) yhdistyksen \u00e4\u00e4nioikeutetuista j\u00e4senist\u00e4 sit\u00e4 kyl\u00e4johtokunnalta erityisesti ilmoitettua asiaa varten kirjallisesti vaatii.<br \/>\nYhdistyksen kokouksissa on jokaisella varsinaisella j\u00e4senell\u00e4 yksi \u00e4\u00e4ni. Kannattajaj\u00e4senell\u00e4 on kokouksessa l\u00e4sn\u00e4olo- ja puheoikeus, mutta ei \u00e4\u00e4nioikeutta.<br \/>\nYhdistyksen p\u00e4\u00e4t\u00f6kseksi tulee se mielipide, jota on kannattanut yli puolet annetuista \u00e4\u00e4nist\u00e4. \u00c4\u00e4nestykset ratkaistaan yksinkertaisella \u00e4\u00e4nten enemmist\u00f6ll\u00e4. \u00c4\u00e4nten menness\u00e4 tasan ratkaisee kokouksen puheenjohtajan \u00e4\u00e4ni, vaaleissa kuitenkin arpa.<\/p>\n<p><strong>10 \u00a7 Yhdistyksen kokousten koollekutsuminen<\/strong><br \/>\nKyl\u00e4toimikunnan on kutsuttava yhdistyksen kokoukset koolle v\u00e4hint\u00e4\u00e4n seitsem\u00e4n vuorokautta ennen kokousta joko j\u00e4senille j\u00e4senrekisteriin ilmoitetuilla osoitteilla postitetuilla kirjeill\u00e4 tai jokaiseen j\u00e4sentalouteen jaetuilla kutsuilla tai yhdistyksen ilmoitustauluille kiinnitetyill\u00e4 kokousilmoituksilla tai paikkakunnalla yleisesti ilmestyv\u00e4ss\u00e4 sanomalehdess\u00e4 julkaistulla kokouskutsulla.<\/p>\n<p><strong>11 \u00a7 Vuosikokous<\/strong><br \/>\nYhdistyksen vuosikokouksessa k\u00e4sitell\u00e4\u00e4n seuraavat asiat:<\/p>\n<ol>\n<li>Kokouksen avaus<\/li>\n<li>Valitaan kokoukselle puheenjohtaja, sihteeri, kaksi p\u00f6yt\u00e4kirjantarkastajaa ja tarvittaessa kaksi \u00e4\u00e4ntenlaskijaa<\/li>\n<li>Todetaan kokouksen laillisuus ja p\u00e4\u00e4t\u00f6svaltaisuus<\/li>\n<li>Hyv\u00e4ksyt\u00e4\u00e4n kokouksen ty\u00f6j\u00e4rjestys<\/li>\n<li>Esitet\u00e4\u00e4n tilinp\u00e4\u00e4t\u00f6s, vuosikertomus ja tilintarkastajien lausunto<\/li>\n<li>P\u00e4\u00e4tet\u00e4\u00e4n tilinp\u00e4\u00e4t\u00f6ksen vahvistamisesta ja vastuuvapauden my\u00f6nt\u00e4misest\u00e4 kyl\u00e4toimikunnan j\u00e4senille ja muille vastuuvelvollisille<\/li>\n<li>Vahvistetaan toimintasuunnitelma, tulo- ja menoarvio sek\u00e4 liittymis- ja j\u00e4senmaksujen suuruudet<\/li>\n<li>Valitaan kyl\u00e4toimikunnan puheenjohtaja joka toinen vuosi ja muut j\u00e4senet erovuoroisten tilalle<\/li>\n<li>Valitaan kaksi tilintarkastajaa ja kaksi varatilintarkastajaa<\/li>\n<li>P\u00e4\u00e4tet\u00e4\u00e4n kyl\u00e4toimikunnan j\u00e4senten ja tilintarkastajien palkkioista<\/li>\n<li>Valitaan edustaja\/edustajat muihin j\u00e4rjest\u00f6ihin<\/li>\n<li>K\u00e4sitell\u00e4\u00e4n muut kokouskutsussa mainitut asiat<\/li>\n<\/ol>\n<p>Mik\u00e4li yhdistyksen j\u00e4sen haluaa saada jonkin asian yhdistyksen vuosikokoukseen k\u00e4sitelt\u00e4v\u00e4ksi, on h\u00e4nen ilmoitettava siit\u00e4 kirjallisesti kyl\u00e4toimikunnalle niin hyviss\u00e4 ajoin, ett\u00e4 asia voidaan sis\u00e4llytt\u00e4\u00e4 kokouskutsuun.<\/p>\n<p><strong>12 \u00a7 S\u00e4\u00e4nt\u00f6jen muuttaminen ja yhdistyksen purkaminen<\/strong><br \/>\nP\u00e4\u00e4t\u00f6s s\u00e4\u00e4nt\u00f6jen muuttamisesta ja yhdistyksen purkamisesta on teht\u00e4v\u00e4 yhdistyksen kokouksessa v\u00e4hint\u00e4\u00e4n kolmen nelj\u00e4sosan ( \u0178 ) enemmist\u00f6ll\u00e4 annetuista \u00e4\u00e4nist\u00e4. Kokouskutsussa on mainittava s\u00e4\u00e4nt\u00f6jen muuttamisesta tai yhdistyksen purkamisesta.<br \/>\nYhdistyksen purkautuessa k\u00e4ytet\u00e4\u00e4n yhdistyksen varat yhdistyksen tarkoituksen edist\u00e4miseen purkamisesta p\u00e4\u00e4tt\u00e4v\u00e4n kokouksen m\u00e4\u00e4r\u00e4\u00e4m\u00e4ll\u00e4 tavalla. Yhdistyksen tullessa lakkautetuksi k\u00e4ytet\u00e4\u00e4n varat samaan tarkoitukseen.<\/p>\n","protected":false},"excerpt":{"rendered":"<p>Partalan kyl\u00e4yhdistys on merkitty yhdistysrekisteriin 29.1.2004, rekisterinumero 188669. Patentti ja rekisterihallituksen yhdistysrekisteriin merkityt s\u00e4\u00e4nn\u00f6t ovat seuraavat: PARTALAN KYL\u00c4YHDISTYS RY:N S\u00c4\u00c4NN\u00d6T 1 \u00a7 Nimi ja kotipaikka Yhdistyksen nimi on Partalan kyl\u00e4yhdistys ja sen kotipaikka on Lappeenrannan kaupunki, toimialueena Partalan ala-asteen koulupiirin &hellip; <a href=\"https:\/\/kylat.ekarjala.fi\/partala\/saannot\/\">Lue loppuun <span class=\"meta-nav\">&rarr;<\/span><\/a><\/p>\n","protected":false},"author":116,"featured_media":0,"parent":0,"menu_order":0,"comment_status":"closed","ping_status":"closed","template":"","meta":{"footnotes":""},"class_list":["post-11","page","type-page","status-publish","hentry"],"_links":{"self":[{"href":"https:\/\/kylat.ekarjala.fi\/partala\/wp-json\/wp\/v2\/pages\/11","targetHints":{"allow":["GET"]}}],"collection":[{"href":"https:\/\/kylat.ekarjala.fi\/partala\/wp-json\/wp\/v2\/pages"}],"about":[{"href":"https:\/\/kylat.ekarjala.fi\/partala\/wp-json\/wp\/v2\/types\/page"}],"author":[{"embeddable":true,"href":"https:\/\/kylat.ekarjala.fi\/partala\/wp-json\/wp\/v2\/users\/116"}],"replies":[{"embeddable":true,"href":"https:\/\/kylat.ekarjala.fi\/partala\/wp-json\/wp\/v2\/comments?post=11"}],"version-history":[{"count":2,"href":"https:\/\/kylat.ekarjala.fi\/partala\/wp-json\/wp\/v2\/pages\/11\/revisions"}],"predecessor-version":[{"id":16,"href":"https:\/\/kylat.ekarjala.fi\/partala\/wp-json\/wp\/v2\/pages\/11\/revisions\/16"}],"wp:attachment":[{"href":"https:\/\/kylat.ekarjala.fi\/partala\/wp-json\/wp\/v2\/media?parent=11"}],"curies":[{"name":"wp","href":"https:\/\/api.w.org\/{rel}","templated":true}]}}