{"id":2,"date":"2012-02-08T17:14:02","date_gmt":"2012-02-08T17:14:02","guid":{"rendered":"https:\/\/kylat.ekarjala.fi\/partala\/?page_id=2"},"modified":"2012-04-29T09:04:32","modified_gmt":"2012-04-29T09:04:32","slug":"esimerkkisivu","status":"publish","type":"page","link":"https:\/\/kylat.ekarjala.fi\/partala\/","title":{"rendered":"Partalan kyl\u00e4yhdistys ry."},"content":{"rendered":"<p>Tervetuloa Partalan kyl\u00e4yhdistyksen kotisivuille. Sivuilta l\u00f6yd\u00e4t tietoa tapahtumista, palveluista, yritysten ja yhdistysten toiminnasta Partalan kyl\u00e4ss\u00e4.<\/p>\n<p>Partalaan l\u00f6yd\u00e4t t\u00e4m\u00e4n\u00a0<a href=\"http:\/\/maps.google.fi\/maps?hl=fi&amp;safe=off&amp;q=partala+lappeenranta&amp;ie=UTF8&amp;hq=&amp;hnear=Partala&amp;gl=fi&amp;t=m&amp;ll=61.073816,28.385496&amp;spn=0.01453,0.036478&amp;z=14&amp;source=embed\">kartan avulla.<\/a><\/p>\n","protected":false},"excerpt":{"rendered":"<p>Tervetuloa Partalan kyl\u00e4yhdistyksen kotisivuille. Sivuilta l\u00f6yd\u00e4t tietoa tapahtumista, palveluista, yritysten ja yhdistysten toiminnasta Partalan kyl\u00e4ss\u00e4. Partalaan l\u00f6yd\u00e4t t\u00e4m\u00e4n\u00a0kartan avulla.<\/p>\n","protected":false},"author":116,"featured_media":0,"parent":0,"menu_order":0,"comment_status":"closed","ping_status":"closed","template":"","meta":{"footnotes":""},"class_list":["post-2","page","type-page","status-publish","hentry"],"_links":{"self":[{"href":"https:\/\/kylat.ekarjala.fi\/partala\/wp-json\/wp\/v2\/pages\/2","targetHints":{"allow":["GET"]}}],"collection":[{"href":"https:\/\/kylat.ekarjala.fi\/partala\/wp-json\/wp\/v2\/pages"}],"about":[{"href":"https:\/\/kylat.ekarjala.fi\/partala\/wp-json\/wp\/v2\/types\/page"}],"author":[{"embeddable":true,"href":"https:\/\/kylat.ekarjala.fi\/partala\/wp-json\/wp\/v2\/users\/116"}],"replies":[{"embeddable":true,"href":"https:\/\/kylat.ekarjala.fi\/partala\/wp-json\/wp\/v2\/comments?post=2"}],"version-history":[{"count":6,"href":"https:\/\/kylat.ekarjala.fi\/partala\/wp-json\/wp\/v2\/pages\/2\/revisions"}],"predecessor-version":[{"id":4,"href":"https:\/\/kylat.ekarjala.fi\/partala\/wp-json\/wp\/v2\/pages\/2\/revisions\/4"}],"wp:attachment":[{"href":"https:\/\/kylat.ekarjala.fi\/partala\/wp-json\/wp\/v2\/media?parent=2"}],"curies":[{"name":"wp","href":"https:\/\/api.w.org\/{rel}","templated":true}]}}