{"id":22,"date":"2012-04-29T08:25:39","date_gmt":"2012-04-29T08:25:39","guid":{"rendered":"https:\/\/kylat.ekarjala.fi\/partala\/?page_id=22"},"modified":"2012-04-29T08:34:13","modified_gmt":"2012-04-29T08:34:13","slug":"yhdistykset","status":"publish","type":"page","link":"https:\/\/kylat.ekarjala.fi\/partala\/yhdistykset\/","title":{"rendered":"Yhdistykset"},"content":{"rendered":"<p>Partalassa toimivia yhdistyksi\u00e4 ovat mm.<\/p>\n<ul>\n<li><a title=\"Partalan siivapy\u00f6r\u00e4kerho\" href=\"https:\/\/kylat.ekarjala.fi\/partala\/yhdistykset\/partalan-siivapyorakerho\/\">Partalan Siivapy\u00f6r\u00e4kerho<\/a><\/li>\n<li><a title=\"Partalan martat\" href=\"https:\/\/kylat.ekarjala.fi\/partala\/yhdistykset\/partalan-martat\/\">Partalan martat<\/a><\/li>\n<li><a href=\"http:\/\/personal.inet.fi\/yhdistys\/mentulasaikkolanmartat\/\" target=\"_blank\">Mentula-Saikkolan martat<\/a><\/li>\n<li><a title=\"Partalan koulun vanhempainyhdistys\" href=\"https:\/\/kylat.ekarjala.fi\/partala\/yhdistykset\/partalan-koulun-vanhempainyhdistys\/\">Partalan koulun vanhempainyhdistys<\/a><\/li>\n<\/ul>\n","protected":false},"excerpt":{"rendered":"<p>Partalassa toimivia yhdistyksi\u00e4 ovat mm. Partalan Siivapy\u00f6r\u00e4kerho Partalan martat Mentula-Saikkolan martat Partalan koulun vanhempainyhdistys<\/p>\n","protected":false},"author":116,"featured_media":0,"parent":0,"menu_order":0,"comment_status":"closed","ping_status":"closed","template":"","meta":{"footnotes":""},"class_list":["post-22","page","type-page","status-publish","hentry"],"_links":{"self":[{"href":"https:\/\/kylat.ekarjala.fi\/partala\/wp-json\/wp\/v2\/pages\/22","targetHints":{"allow":["GET"]}}],"collection":[{"href":"https:\/\/kylat.ekarjala.fi\/partala\/wp-json\/wp\/v2\/pages"}],"about":[{"href":"https:\/\/kylat.ekarjala.fi\/partala\/wp-json\/wp\/v2\/types\/page"}],"author":[{"embeddable":true,"href":"https:\/\/kylat.ekarjala.fi\/partala\/wp-json\/wp\/v2\/users\/116"}],"replies":[{"embeddable":true,"href":"https:\/\/kylat.ekarjala.fi\/partala\/wp-json\/wp\/v2\/comments?post=22"}],"version-history":[{"count":4,"href":"https:\/\/kylat.ekarjala.fi\/partala\/wp-json\/wp\/v2\/pages\/22\/revisions"}],"predecessor-version":[{"id":40,"href":"https:\/\/kylat.ekarjala.fi\/partala\/wp-json\/wp\/v2\/pages\/22\/revisions\/40"}],"wp:attachment":[{"href":"https:\/\/kylat.ekarjala.fi\/partala\/wp-json\/wp\/v2\/media?parent=22"}],"curies":[{"name":"wp","href":"https:\/\/api.w.org\/{rel}","templated":true}]}}