{"id":24,"date":"2012-04-29T08:27:46","date_gmt":"2012-04-29T08:27:46","guid":{"rendered":"https:\/\/kylat.ekarjala.fi\/partala\/?page_id=24"},"modified":"2012-04-29T08:27:51","modified_gmt":"2012-04-29T08:27:51","slug":"partalan-siivapyorakerho","status":"publish","type":"page","link":"https:\/\/kylat.ekarjala.fi\/partala\/yhdistykset\/partalan-siivapyorakerho\/","title":{"rendered":"Partalan siivapy\u00f6r\u00e4kerho"},"content":{"rendered":"<p><img loading=\"lazy\" decoding=\"async\" class=\"alignnone size-full wp-image-25\" src=\"https:\/\/kylat.ekarjala.fi\/partala\/wp-content\/uploads\/sites\/47\/2012\/04\/siivapyorakerho.jpg\" alt=\"\" width=\"640\" height=\"480\" \/><br \/>\n<strong>1 \u00a7 Nimi ja kotipaikka<\/strong><\/p>\n<p>Yhdistyksen nimi on Partalan siivapy\u00f6r\u00e4kerho ja sen kotipaikka on Lappeenrannan kaupunki, toimialueena p\u00e4\u00e4asiassa Partalan kyl\u00e4yhdistyksen toiminta-alue eli Partalan, Mentulan, Ry\u00f6s\u00f6l\u00e4n ja Saarnialan kylien alue Lappeenrannan kaupungissa.<br \/>\nKerhoa ei rekister\u00f6id\u00e4 ainakaan toistaiseksi.<\/p>\n<p><strong>2 \u00a7 Tarkoitus ja sen toteuttaminen<\/strong><\/p>\n<p>Kerhon tarkoituksena on vanhojen maataloustraktoreiden s\u00e4ilytt\u00e4minen, kunnostaminen ja niiden perinteen vaaliminen.<br \/>\nTarkoituksensa toteuttamiseksi kerho j\u00e4rjest\u00e4\u00e4 erilaisia kokoontumisia, tempauksia ja tapahtumia esitell\u00e4kseen j\u00e4senist\u00f6ns\u00e4 omistuksessa olevia vanhoja maataloustraktoreita<br \/>\npyrkii my\u00f6t\u00e4vaikuttamaan vanhojen traktoreidens\u00e4ilymist\u00e4 ajokuntoisina mm. kunnostamalla yhteistoimin niit\u00e4 ja hankkimalla varaosia yms.<br \/>\nosallistuu kaikkeen mahdolliseen keskusteluun maailman, kotimaan ja kyl\u00e4n asioissa<br \/>\ntekee kaikkea sit\u00e4 mik\u00e4 tuntuu mukavalta, vastustaa byrokratiaa ja EU:n direktiivej\u00e4, keskittyy kaikkeen ep\u00e4oleelliseen<br \/>\npyrkii toimimaan huumori silm\u00e4kulmassa , vastustaa tiukkapipoisuutta<br \/>\nToimintansa tukemiseksi kerholla on oikeus ottaa vastaan avustuksia, lahjuksia ja lahjoituksia sek\u00e4 asianmukaisen luvan saatuaan toimeenpanna arpajaisia ja myyj\u00e4isi\u00e4 sek\u00e4 huutokauppoja ja rahanker\u00e4yksi\u00e4.<\/p>\n<p><strong>3 \u00a7 J\u00e4senist\u00f6<\/strong><\/p>\n<p>Kerhoon j\u00e4seneksi hyv\u00e4ksymisest\u00e4 p\u00e4\u00e4tt\u00e4\u00e4 kerhon johtokunta, josta k\u00e4ytet\u00e4\u00e4n nimityst\u00e4 j\u00e4\u00e4r\u00e4neuvosto.<br \/>\nKerhon j\u00e4senest\u00e4 k\u00e4ytet\u00e4\u00e4n nimityst\u00e4 j\u00e4\u00e4r\u00e4.<br \/>\nKerhon kannattajaj\u00e4seneksi j\u00e4\u00e4r\u00e4neuvosto voi hyv\u00e4ksy\u00e4 muitakin yksityishenkil\u00f6it\u00e4 tai oikeustoimikelpoisia yhteis\u00f6j\u00e4.<br \/>\nJ\u00e4\u00e4r\u00e4neuvosto pit\u00e4\u00e4 kerhon j\u00e4senist\u00e4 j\u00e4senluetteloa, johon merkit\u00e4\u00e4n henkil\u00f6n lis\u00e4ksi h\u00e4nen omistamansa tai hallitsemansa maataloustraktorin tiedot.<br \/>\nKerhon j\u00e4senten mahdollisen j\u00e4senmaksun m\u00e4\u00e4r\u00e4\u00e4 j\u00e4\u00e4r\u00e4neuvosto.<\/p>\n<p><strong>4 \u00a7 J\u00e4\u00e4r\u00e4neuvosto (johtokunta)<\/strong><\/p>\n<p>Kerhon asioita hoitaa j\u00e4senist\u00f6n keskuudestaan valitsema nelij\u00e4seninen j\u00e4\u00e4r\u00e4neuvosto johon kuuluvat puheenjohtajana isoj\u00e4\u00e4r\u00e4, varapuheenjohtajana varaisoj\u00e4\u00e4r\u00e4, sihteerin\u00e4 puumerkkij\u00e4\u00e4r\u00e4 ja talousasioista vastaava oravannahkaj\u00e4\u00e4r\u00e4.<br \/>\nJ\u00e4\u00e4r\u00e4neuvoston j\u00e4senten toimikausi on 1-10 vuotta kerhon muodostavien j\u00e4\u00e4rien p\u00e4\u00e4t\u00f6ksest\u00e4 riippuen.<br \/>\nJ\u00e4\u00e4r\u00e4neuvosto kokoontuu tarvittaessa ja jollei tarvetta ole niin tarpeettomastikin.<\/p>\n<p><strong>5 \u00a7 Nimenkirjoittajat<\/strong><\/p>\n<p>Kerhon nimen kirjoittaa kerhon isoj\u00e4\u00e4r\u00e4 ja varaisoj\u00e4\u00e4r\u00e4 yhdess\u00e4 tai jompikumpi heist\u00e4 yhdess\u00e4 puumerkkij\u00e4\u00e4r\u00e4n kanssa.<\/p>\n<p><strong>6 \u00a7 Talous<\/strong><\/p>\n<p>Kerhon taloutta hoitaa j\u00e4\u00e4rien valitsema oravannahkaj\u00e4\u00e4r\u00e4, joka on tilivelvollinen asioista j\u00e4\u00e4r\u00e4neuvostolle.<\/p>\n<p><strong>7 \u00a7 Kokoukset<\/strong><\/p>\n<p>J\u00e4\u00e4r\u00e4t kokoontuvat tarvittaessa j\u00e4\u00e4r\u00e4neuvoston ja isoj\u00e4\u00e4r\u00e4n kutsusta. J\u00e4\u00e4rien kokous pyrit\u00e4\u00e4n p\u00e4\u00e4s\u00e4\u00e4nt\u00f6isesti j\u00e4rjest\u00e4m\u00e4\u00e4n 1-2 kertaa vuodessa tai harvemmin tai useammin tilanteiden mukaisesti.<br \/>\nJ\u00e4\u00e4rien kokouksesta voi puumerkkij\u00e4\u00e4r\u00e4 tarvittaessa laittaa asioita my\u00f6s pergamentille.<br \/>\nKutsu j\u00e4\u00e4rien kokouksiin tapahtuu vapaamuotoisesti suusta suuhun menetelm\u00e4ll\u00e4 .<br \/>\nVuosittain pyrit\u00e4\u00e4n laatimaan ep\u00e4virallinen toimintasuunnitelma seuraavalle vuodelle.<br \/>\nJ\u00e4\u00e4rien kokouksen t\u00e4rkein kohta on \u201dMuut mahdolliset asiat\u201d, jolloin voidaan vapaasti ottaa kantaa kaikkiin mahdollisiin tai mahdottomiin asioihin.<\/p>\n<p><strong>8 \u00a7 S\u00e4\u00e4nt\u00f6jen muuttaminen<\/strong><\/p>\n<p>Kerhon s\u00e4\u00e4nt\u00f6j\u00e4 voidaan muuttaa tarvittaessa j\u00e4\u00e4rien kokouksen p\u00e4\u00e4t\u00f6ksell\u00e4 j\u00e4\u00e4r\u00e4neuvoston esityksest\u00e4.<\/p>\n<p><strong>9 \u00a7 Kerhon purkaminen<\/strong><\/p>\n<p>Kerho purkautuu automaattisesti kun sen toiminta loppuu mielenkiinnon puutteeseen tai toiminta muutoin lopetetaan. Kerhon mahdolliset varat luovutetaan yleishy\u00f6dyllisiin tarkoituksiin kyl\u00e4kunnan hyv\u00e4ksi.<\/p>\n","protected":false},"excerpt":{"rendered":"<p>1 \u00a7 Nimi ja kotipaikka Yhdistyksen nimi on Partalan siivapy\u00f6r\u00e4kerho ja sen kotipaikka on Lappeenrannan kaupunki, toimialueena p\u00e4\u00e4asiassa Partalan kyl\u00e4yhdistyksen toiminta-alue eli Partalan, Mentulan, Ry\u00f6s\u00f6l\u00e4n ja Saarnialan kylien alue Lappeenrannan kaupungissa. Kerhoa ei rekister\u00f6id\u00e4 ainakaan toistaiseksi. 2 \u00a7 Tarkoitus ja &hellip; <a href=\"https:\/\/kylat.ekarjala.fi\/partala\/yhdistykset\/partalan-siivapyorakerho\/\">Lue loppuun <span class=\"meta-nav\">&rarr;<\/span><\/a><\/p>\n","protected":false},"author":116,"featured_media":0,"parent":22,"menu_order":0,"comment_status":"closed","ping_status":"closed","template":"","meta":{"footnotes":""},"class_list":["post-24","page","type-page","status-publish","hentry"],"_links":{"self":[{"href":"https:\/\/kylat.ekarjala.fi\/partala\/wp-json\/wp\/v2\/pages\/24","targetHints":{"allow":["GET"]}}],"collection":[{"href":"https:\/\/kylat.ekarjala.fi\/partala\/wp-json\/wp\/v2\/pages"}],"about":[{"href":"https:\/\/kylat.ekarjala.fi\/partala\/wp-json\/wp\/v2\/types\/page"}],"author":[{"embeddable":true,"href":"https:\/\/kylat.ekarjala.fi\/partala\/wp-json\/wp\/v2\/users\/116"}],"replies":[{"embeddable":true,"href":"https:\/\/kylat.ekarjala.fi\/partala\/wp-json\/wp\/v2\/comments?post=24"}],"version-history":[{"count":2,"href":"https:\/\/kylat.ekarjala.fi\/partala\/wp-json\/wp\/v2\/pages\/24\/revisions"}],"predecessor-version":[{"id":27,"href":"https:\/\/kylat.ekarjala.fi\/partala\/wp-json\/wp\/v2\/pages\/24\/revisions\/27"}],"up":[{"embeddable":true,"href":"https:\/\/kylat.ekarjala.fi\/partala\/wp-json\/wp\/v2\/pages\/22"}],"wp:attachment":[{"href":"https:\/\/kylat.ekarjala.fi\/partala\/wp-json\/wp\/v2\/media?parent=24"}],"curies":[{"name":"wp","href":"https:\/\/api.w.org\/{rel}","templated":true}]}}