{"id":28,"date":"2012-04-29T08:29:29","date_gmt":"2012-04-29T08:29:29","guid":{"rendered":"https:\/\/kylat.ekarjala.fi\/partala\/?page_id=28"},"modified":"2012-04-29T08:31:40","modified_gmt":"2012-04-29T08:31:40","slug":"partalan-martat","status":"publish","type":"page","link":"https:\/\/kylat.ekarjala.fi\/partala\/yhdistykset\/partalan-martat\/","title":{"rendered":"Partalan martat"},"content":{"rendered":"<p><img loading=\"lazy\" decoding=\"async\" class=\"alignright size-full wp-image-31\" src=\"https:\/\/kylat.ekarjala.fi\/partala\/wp-content\/uploads\/sites\/47\/2012\/04\/martat1.jpg\" alt=\"\" width=\"300\" height=\"400\" \/>Omana yhdistyksen\u00e4 Partalan Martat on toiminut nyt 3 vuotta.<br \/>\nJ\u00e4senmaksu on 30 \u20ac\/vuosi ja siihen sis\u00e4ltyy valtakunnallinen Martat-lehti.<\/p>\n<p>TERVETULOA nykyiset ja uudet j\u00e4senet Partalan Marttojen toimintaan mukaan.<\/p>\n<p>Ota rohkeasti yhteytt\u00e4 vaikkapa puheenjohtaja Merja Koskiseen, p. 040 5921552.<br \/>\nS\u00e4hk\u00f6posti: <a href=\"mailto:merja.koskinen@opinet.inet.fi\">merja.koskinen@opinet.inet.fi<\/a><\/p>\n","protected":false},"excerpt":{"rendered":"<p>Omana yhdistyksen\u00e4 Partalan Martat on toiminut nyt 3 vuotta. J\u00e4senmaksu on 30 \u20ac\/vuosi ja siihen sis\u00e4ltyy valtakunnallinen Martat-lehti. TERVETULOA nykyiset ja uudet j\u00e4senet Partalan Marttojen toimintaan mukaan. Ota rohkeasti yhteytt\u00e4 vaikkapa puheenjohtaja Merja Koskiseen, p. 040 5921552. S\u00e4hk\u00f6posti: merja.koskinen@opinet.inet.fi<\/p>\n","protected":false},"author":116,"featured_media":0,"parent":22,"menu_order":0,"comment_status":"closed","ping_status":"closed","template":"","meta":{"footnotes":""},"class_list":["post-28","page","type-page","status-publish","hentry"],"_links":{"self":[{"href":"https:\/\/kylat.ekarjala.fi\/partala\/wp-json\/wp\/v2\/pages\/28","targetHints":{"allow":["GET"]}}],"collection":[{"href":"https:\/\/kylat.ekarjala.fi\/partala\/wp-json\/wp\/v2\/pages"}],"about":[{"href":"https:\/\/kylat.ekarjala.fi\/partala\/wp-json\/wp\/v2\/types\/page"}],"author":[{"embeddable":true,"href":"https:\/\/kylat.ekarjala.fi\/partala\/wp-json\/wp\/v2\/users\/116"}],"replies":[{"embeddable":true,"href":"https:\/\/kylat.ekarjala.fi\/partala\/wp-json\/wp\/v2\/comments?post=28"}],"version-history":[{"count":3,"href":"https:\/\/kylat.ekarjala.fi\/partala\/wp-json\/wp\/v2\/pages\/28\/revisions"}],"predecessor-version":[{"id":33,"href":"https:\/\/kylat.ekarjala.fi\/partala\/wp-json\/wp\/v2\/pages\/28\/revisions\/33"}],"up":[{"embeddable":true,"href":"https:\/\/kylat.ekarjala.fi\/partala\/wp-json\/wp\/v2\/pages\/22"}],"wp:attachment":[{"href":"https:\/\/kylat.ekarjala.fi\/partala\/wp-json\/wp\/v2\/media?parent=28"}],"curies":[{"name":"wp","href":"https:\/\/api.w.org\/{rel}","templated":true}]}}