{"id":34,"date":"2012-04-29T08:32:37","date_gmt":"2012-04-29T08:32:37","guid":{"rendered":"https:\/\/kylat.ekarjala.fi\/partala\/?page_id=34"},"modified":"2012-04-29T08:32:37","modified_gmt":"2012-04-29T08:32:37","slug":"mentula-saikkolan-martat","status":"publish","type":"page","link":"https:\/\/kylat.ekarjala.fi\/partala\/yhdistykset\/mentula-saikkolan-martat\/","title":{"rendered":"Mentula-Saikkolan martat"},"content":{"rendered":"<p>Mentula-Saikkolan marttojen kotisivut l\u00f6yd\u00e4t <a href=\"http:\/\/personal.inet.fi\/yhdistys\/mentulasaikkolanmartat\/\" target=\"_blank\">t\u00e4\u00e4lt\u00e4<\/a>.<\/p>\n","protected":false},"excerpt":{"rendered":"<p>Mentula-Saikkolan marttojen kotisivut l\u00f6yd\u00e4t t\u00e4\u00e4lt\u00e4.<\/p>\n","protected":false},"author":116,"featured_media":0,"parent":22,"menu_order":0,"comment_status":"closed","ping_status":"closed","template":"","meta":{"footnotes":""},"class_list":["post-34","page","type-page","status-publish","hentry"],"_links":{"self":[{"href":"https:\/\/kylat.ekarjala.fi\/partala\/wp-json\/wp\/v2\/pages\/34","targetHints":{"allow":["GET"]}}],"collection":[{"href":"https:\/\/kylat.ekarjala.fi\/partala\/wp-json\/wp\/v2\/pages"}],"about":[{"href":"https:\/\/kylat.ekarjala.fi\/partala\/wp-json\/wp\/v2\/types\/page"}],"author":[{"embeddable":true,"href":"https:\/\/kylat.ekarjala.fi\/partala\/wp-json\/wp\/v2\/users\/116"}],"replies":[{"embeddable":true,"href":"https:\/\/kylat.ekarjala.fi\/partala\/wp-json\/wp\/v2\/comments?post=34"}],"version-history":[{"count":1,"href":"https:\/\/kylat.ekarjala.fi\/partala\/wp-json\/wp\/v2\/pages\/34\/revisions"}],"predecessor-version":[{"id":35,"href":"https:\/\/kylat.ekarjala.fi\/partala\/wp-json\/wp\/v2\/pages\/34\/revisions\/35"}],"up":[{"embeddable":true,"href":"https:\/\/kylat.ekarjala.fi\/partala\/wp-json\/wp\/v2\/pages\/22"}],"wp:attachment":[{"href":"https:\/\/kylat.ekarjala.fi\/partala\/wp-json\/wp\/v2\/media?parent=34"}],"curies":[{"name":"wp","href":"https:\/\/api.w.org\/{rel}","templated":true}]}}