{"id":37,"date":"2012-04-29T08:33:51","date_gmt":"2012-04-29T08:33:51","guid":{"rendered":"https:\/\/kylat.ekarjala.fi\/partala\/?page_id=37"},"modified":"2012-04-29T08:33:51","modified_gmt":"2012-04-29T08:33:51","slug":"partalan-koulun-vanhempainyhdistys","status":"publish","type":"page","link":"https:\/\/kylat.ekarjala.fi\/partala\/yhdistykset\/partalan-koulun-vanhempainyhdistys\/","title":{"rendered":"Partalan koulun vanhempainyhdistys"},"content":{"rendered":"<p>T\u00e4nne ker\u00e4t\u00e4\u00e4n tietoa Partalan koulun vanhempainyhdistyksen toiminnasta ja suunnitelmista.<\/p>\n","protected":false},"excerpt":{"rendered":"<p>T\u00e4nne ker\u00e4t\u00e4\u00e4n tietoa Partalan koulun vanhempainyhdistyksen toiminnasta ja suunnitelmista.<\/p>\n","protected":false},"author":116,"featured_media":0,"parent":22,"menu_order":0,"comment_status":"closed","ping_status":"closed","template":"","meta":{"footnotes":""},"class_list":["post-37","page","type-page","status-publish","hentry"],"_links":{"self":[{"href":"https:\/\/kylat.ekarjala.fi\/partala\/wp-json\/wp\/v2\/pages\/37","targetHints":{"allow":["GET"]}}],"collection":[{"href":"https:\/\/kylat.ekarjala.fi\/partala\/wp-json\/wp\/v2\/pages"}],"about":[{"href":"https:\/\/kylat.ekarjala.fi\/partala\/wp-json\/wp\/v2\/types\/page"}],"author":[{"embeddable":true,"href":"https:\/\/kylat.ekarjala.fi\/partala\/wp-json\/wp\/v2\/users\/116"}],"replies":[{"embeddable":true,"href":"https:\/\/kylat.ekarjala.fi\/partala\/wp-json\/wp\/v2\/comments?post=37"}],"version-history":[{"count":1,"href":"https:\/\/kylat.ekarjala.fi\/partala\/wp-json\/wp\/v2\/pages\/37\/revisions"}],"predecessor-version":[{"id":38,"href":"https:\/\/kylat.ekarjala.fi\/partala\/wp-json\/wp\/v2\/pages\/37\/revisions\/38"}],"up":[{"embeddable":true,"href":"https:\/\/kylat.ekarjala.fi\/partala\/wp-json\/wp\/v2\/pages\/22"}],"wp:attachment":[{"href":"https:\/\/kylat.ekarjala.fi\/partala\/wp-json\/wp\/v2\/media?parent=37"}],"curies":[{"name":"wp","href":"https:\/\/api.w.org\/{rel}","templated":true}]}}