{"id":8,"date":"2012-02-09T11:48:04","date_gmt":"2012-02-09T11:48:04","guid":{"rendered":"https:\/\/kylat.ekarjala.fi\/partala\/?page_id=8"},"modified":"2012-02-09T12:11:55","modified_gmt":"2012-02-09T12:11:55","slug":"palvelut","status":"publish","type":"page","link":"https:\/\/kylat.ekarjala.fi\/partala\/palvelut\/","title":{"rendered":"Palvelut"},"content":{"rendered":"<h2>HARRASTUKSET<\/h2>\n<p><strong>Raijan Talli<\/strong>, Hiekkastentie<br \/>\nRatsastustunteja<br \/>\nRaija Mets\u00e4l\u00e4, 0400 953 068<br \/>\n<a href=\"http:\/\/www.raijantalli.net\" target=\"_blank\"> www.raijantalli.net<\/a><\/p>\n<p><strong>Heikki Ralli<\/strong>, Suninm\u00e4enkuja 44<br \/>\nTallitoimintaa<br \/>\n050 5377 312<\/p>\n<p><strong>Martti Kokko<\/strong>, Mentulantie 103<br \/>\nTallitoimintaa<br \/>\n0400 566 856<br \/>\nmartti.kokko@pp3.inet.fi<\/p>\n<h2>HUOLTOASEMAT JA KORJAAMO<\/h2>\n<p><strong>Kempsu-Huolto T:mi<\/strong>, Mentulantie 116<br \/>\n<em>Auto-, vene- ja konekorjaukset<\/em><br \/>\nJukka Turkia, 0400 358 509<br \/>\n05 4581 957<br \/>\nkempsu-huolto@kempsu-huolto.fi<br \/>\n<a href=\"http:\/\/www.kempsu-huolto.fi\" target=\"_blank\"> www.kempsu-huolto.fi<\/a><\/p>\n<h2>KONEURAKOINTI JA KULJETUS<\/h2>\n<p><strong>Kuljetus Hannu H\u00f6rkk\u00f6,<\/strong> Mentulantie 155<br \/>\n<em>Kuljetuspalveluja ja maansiirtokoneen vuokrausta<\/em><br \/>\nHannu H\u00f6rkk\u00f6, 040 5560 017<\/p>\n<p><strong>Kuljetusliike Ilves &amp; Ilves Ky<\/strong>, Pienm\u00e4entie 39<br \/>\n<em>Kuljetus- ja muuttopalvelut<\/em><br \/>\nMarko Ilves, 0400 412 868<br \/>\nAnne-Mari Ilves, 040 5131 131<br \/>\nkuljetusilvesilvesky@pp1.inet.fi<\/p>\n<p><strong>Kuljetus R. Nummi Oy<\/strong>, Kivisaarentie 529<br \/>\n<em>Kuljetus- ja muuttopalvelut<\/em><br \/>\nReijo Nummi, 0400 340 017, 05 4581 855<\/p>\n<p><strong>Maanrakennusliike Saimarak T:mi<\/strong>, Mentulantie 64<br \/>\n<em>Raivaus, purku, pohjarakentaminen<\/em><br \/>\nMarkku Rinta-Jaskari, 0400 251 271<br \/>\nAnsa Rinta-Jaskari, 0400 379 539, 05 4581 872<br \/>\nansa.rinta-jaskari@pp.inet.fi<\/p>\n<p><strong>T:mi Koskinen Merja<\/strong>, Kivisaarentie 529<br \/>\n<em>Kuljetuspalveluja<\/em><br \/>\nMerja Koskinen, 040 5921 552, 05 4581 855<br \/>\nmerja.koskinen@opinet.inet.fi<\/p>\n<h2>K\u00c4SITY\u00d6T<\/h2>\n<p><strong>Esmetex,<\/strong> Mentulantie 66<br \/>\n<em>K\u00e4sity\u00f6t ja k\u00e4sity\u00f6tarvikkeet<\/em><br \/>\nArja Huhtanen, 040 7394 334<br \/>\n05 4581 990<br \/>\n<a href=\"http:\/\/www.esmetex.fi\" target=\"_blank\"> www.esmetex.fi<\/a><\/p>\n<h2>MAATALOUSTY\u00d6T<\/h2>\n<p><strong>Hankkijan Viljavastaanotto<\/strong>, Soskuantie 202<br \/>\nHeimo Ry\u00f6s\u00f6, 040 7257 297<\/p>\n<h2>MATKAILU JA RAVINTOLA<\/h2>\n<p><strong>Miekkala Oy<\/strong>, Mentulantie 136<br \/>\n<em>Tilausravintola, aamiaismajoitus, turvesauna<\/em><br \/>\nPetri Frig\u00e5rd, 05 4581 882<br \/>\npetri.frigard@miekkala.fi<br \/>\n<a href=\"http:\/\/www.miekkala.fi\" target=\"_blank\"> www.miekkala.fi<\/a><\/p>\n<h2>MUUT PALVELUT JA TOIMINNOT<\/h2>\n<p><strong>Kivikokko Oy<\/strong>, Mentulantie 17<br \/>\nJorma Kokko, 0400 909 084, 05 4581 874<br \/>\nkivikokko@hautakivi.com<br \/>\n<a href=\"http:\/\/www.hautakivi.com\" target=\"_blank\"> www.hautakivi.com<\/a><\/p>\n<p><strong>Nuohous- ja ilmastointipuhdistus Partanen<\/strong>, Saarnialantie 193<br \/>\nPertti Partanen, 050 5861 956<br \/>\npartanen.pertti.juhani@pp.inet.fi<\/p>\n<p><strong>Pentti Pulli<\/strong>, Partalantie 230<br \/>\n<em>Lainopillinen neuvonta, kaupanvahvistukset<\/em><br \/>\n05 4581 830<br \/>\npentti.pulli@pp.inet.fi<\/p>\n<p><strong>Heimo Tuosa,<\/strong> Mentulantie 129<br \/>\n<em>Soranmyynti<\/em><br \/>\n0400 790 849<br \/>\nheimo.tuosa@pp.inet.fi<\/p>\n<p><strong>T:mi Koskinen Merja<\/strong>, Kivisaarentie 529<br \/>\n<em>Tieis\u00e4nn\u00f6inti<\/em><br \/>\nMerja Koskinen, 040 5921 552, 05 4581 855<br \/>\nmerja.koskinen@opinet.inet.fi<\/p>\n<h2>RAKENTAMINEN<\/h2>\n<p><strong>Mentunen Markku<\/strong>, Risteintie 35<br \/>\n040 5969 821, 05 4581 829<br \/>\nmarkku.mentunen@pp.inet.fi<\/p>\n<p><strong>Rakennus- ja teollisuuspalvelut KPL Oy<\/strong>, Soskuantie 36<br \/>\n<em>Nostoapu ja hitsaus<\/em><br \/>\nPasi Lipi\u00e4inen, 0400 179 591<\/p>\n<h2>SUORAMYYNTI<\/h2>\n<p><strong>Kuorttisen Luomukanala<\/strong>, Soskuantie 91<br \/>\n<em>Luomukananmunien myynti<\/em><br \/>\nJuha Kuorttinen, 040 5538 499<br \/>\njanne@kuorttisenluomukanala.fi<br \/>\n<a href=\"http:\/\/www.kuorttisenluomukanala.fi\" target=\"_blank\"> www.kuorttisenluomukanala.fi<\/a><\/p>\n<p><strong>Partasen Vadelmatila<\/strong>, Saarnialantie 193<br \/>\n<em>Vadelmien myynti<\/em><br \/>\nPertti Partanen, 050 5861 956<br \/>\npartanen.pertti.juhani@pp.inet.fi<\/p>\n<p><strong>Soskuan Rapu Ay<\/strong>, Kivisaarentie 529<br \/>\n<em>Rapujen myynti<\/em><br \/>\nReijo Nummi, 0400 340 017<\/p>\n<h2>S\u00c4HK\u00d6- JA METALLITY\u00d6T<\/h2>\n<p><strong>Saimaan S\u00e4hk\u00e4ri Ay<\/strong>, Kivisaarentie 114<br \/>\n<em>S\u00e4hk\u00f6suunnittelu ja -urakointi<\/em><br \/>\nKari Hirvi, 0400 907 305<br \/>\nsaimaan.sahkari@kymp.net<\/p>\n<p><strong>S\u00e4hk\u00f6-V\u00e4yl\u00e4 Frilander ja Kokkonen Ay<\/strong>, Etel\u00e4katu 7<br \/>\n<em>S\u00e4hk\u00f6tarvikkeiden tukku- ja v\u00e4hitt\u00e4ismyynti<\/em><br \/>\n05 4163 416, 05 4163 417<\/p>\n<h2>TOIMISTOPALVELUT<\/h2>\n<p><strong>T:mi Koskinen Merja<\/strong>, Kivisaarentie 529<br \/>\n<em>Tilitoimistopalvelut<\/em><br \/>\nMerja Koskinen, 040 5921 552, 05 4581 855<br \/>\nmerja.koskinen@opinet.inet.fi<\/p>\n<h2>VAKUUTUSASIAMIEHET<\/h2>\n<p><strong>Tapiola<\/strong>, Hiekkastentie 6<br \/>\nJukka Hanska, 050 412 2225<br \/>\njukka.hanska@tapiola.fi<\/p>\n","protected":false},"excerpt":{"rendered":"<p>HARRASTUKSET Raijan Talli, Hiekkastentie Ratsastustunteja Raija Mets\u00e4l\u00e4, 0400 953 068 www.raijantalli.net Heikki Ralli, Suninm\u00e4enkuja 44 Tallitoimintaa 050 5377 312 Martti Kokko, Mentulantie 103 Tallitoimintaa 0400 566 856 martti.kokko@pp3.inet.fi HUOLTOASEMAT JA KORJAAMO Kempsu-Huolto T:mi, Mentulantie 116 Auto-, vene- ja konekorjaukset Jukka &hellip; <a href=\"https:\/\/kylat.ekarjala.fi\/partala\/palvelut\/\">Lue loppuun <span class=\"meta-nav\">&rarr;<\/span><\/a><\/p>\n","protected":false},"author":116,"featured_media":0,"parent":0,"menu_order":0,"comment_status":"closed","ping_status":"closed","template":"","meta":{"footnotes":""},"class_list":["post-8","page","type-page","status-publish","hentry"],"_links":{"self":[{"href":"https:\/\/kylat.ekarjala.fi\/partala\/wp-json\/wp\/v2\/pages\/8","targetHints":{"allow":["GET"]}}],"collection":[{"href":"https:\/\/kylat.ekarjala.fi\/partala\/wp-json\/wp\/v2\/pages"}],"about":[{"href":"https:\/\/kylat.ekarjala.fi\/partala\/wp-json\/wp\/v2\/types\/page"}],"author":[{"embeddable":true,"href":"https:\/\/kylat.ekarjala.fi\/partala\/wp-json\/wp\/v2\/users\/116"}],"replies":[{"embeddable":true,"href":"https:\/\/kylat.ekarjala.fi\/partala\/wp-json\/wp\/v2\/comments?post=8"}],"version-history":[{"count":5,"href":"https:\/\/kylat.ekarjala.fi\/partala\/wp-json\/wp\/v2\/pages\/8\/revisions"}],"predecessor-version":[{"id":10,"href":"https:\/\/kylat.ekarjala.fi\/partala\/wp-json\/wp\/v2\/pages\/8\/revisions\/10"}],"wp:attachment":[{"href":"https:\/\/kylat.ekarjala.fi\/partala\/wp-json\/wp\/v2\/media?parent=8"}],"curies":[{"name":"wp","href":"https:\/\/api.w.org\/{rel}","templated":true}]}}