{"id":17,"date":"2011-12-07T18:24:15","date_gmt":"2011-12-07T18:24:15","guid":{"rendered":"https:\/\/kylat.ekarjala.fi\/pohjalankila\/?page_id=17"},"modified":"2018-06-14T11:01:42","modified_gmt":"2018-06-14T11:01:42","slug":"kylaesittely","status":"publish","type":"page","link":"https:\/\/kylat.ekarjala.fi\/pohjalankila\/","title":{"rendered":"Kyl\u00e4esittely"},"content":{"rendered":"<p><strong>Tervetuloa Pohjalankilan Kyl\u00e4t ry:n kotisivuille.\u00a0<\/strong><\/p>\n<p>&nbsp;<\/p>\n<p>&nbsp;<\/p>\n<p style=\"text-align: left\"><span style=\"line-height: 1.5em\">Pohjalankilan kyl\u00e4keskus sijaitsee Ruokolahden koillisosassa n. 30 km:n p\u00e4\u00e4ss\u00e4 Imatralta. Ruokolahden keskustaan, Rasilaan, on matkaa n. 25 km. Kyl\u00e4mme palkittiin vuonna 2004 Etel\u00e4-Karjalan vuoden kyl\u00e4 kunniamaininnalla.<\/span><\/p>\n<p style=\"text-align: left\"><a style=\"line-height: 1.5em\" href=\"https:\/\/kylat.ekarjala.fi\/pohjalankila\/wp-content\/uploads\/sites\/38\/2011\/12\/Pohjalankilan-kyl\u00e4aukea..jpg\"><img loading=\"lazy\" decoding=\"async\" class=\"size-medium wp-image-166 aligncenter\" src=\"https:\/\/kylat.ekarjala.fi\/pohjalankila\/wp-content\/uploads\/sites\/38\/2011\/12\/Pohjalankilan-kyl\u00e4aukea.-300x225.jpg\" alt=\"OLYMPUS DIGITAL CAMERA\" width=\"300\" height=\"225\" srcset=\"https:\/\/kylat.ekarjala.fi\/pohjalankila\/wp-content\/uploads\/sites\/38\/2011\/12\/Pohjalankilan-kyl\u00e4aukea.-300x225.jpg 300w, https:\/\/kylat.ekarjala.fi\/pohjalankila\/wp-content\/uploads\/sites\/38\/2011\/12\/Pohjalankilan-kyl\u00e4aukea.-1024x768.jpg 1024w\" sizes=\"auto, (max-width: 300px) 100vw, 300px\" \/><\/a><\/p>\n<p style=\"text-align: left\">Kyl\u00e4n maisemaa.\u00a0Kuvaaja Risto Luukkonen<\/p>\n<p><span style=\"line-height: 1.5em\">Vakituisia asukkai<\/span><span style=\"line-height: 1.5em\">ta on noin 160 ja m\u00f6kkil\u00e4iset moninkertaistavat kylien asukasm\u00e4\u00e4r\u00e4n kes\u00e4isin.<\/span><\/p>\n<p><a href=\"https:\/\/kylat.ekarjala.fi\/pohjalankila\/wp-content\/uploads\/sites\/38\/2011\/12\/Haukkavuori-Saraj\u00e4rvell\u00e4..jpg\"><img loading=\"lazy\" decoding=\"async\" class=\"size-medium wp-image-160 aligncenter\" src=\"https:\/\/kylat.ekarjala.fi\/pohjalankila\/wp-content\/uploads\/sites\/38\/2011\/12\/Haukkavuori-Saraj\u00e4rvell\u00e4.-300x225.jpg\" alt=\"OLYMPUS DIGITAL CAMERA\" width=\"300\" height=\"225\" srcset=\"https:\/\/kylat.ekarjala.fi\/pohjalankila\/wp-content\/uploads\/sites\/38\/2011\/12\/Haukkavuori-Saraj\u00e4rvell\u00e4.-300x225.jpg 300w, https:\/\/kylat.ekarjala.fi\/pohjalankila\/wp-content\/uploads\/sites\/38\/2011\/12\/Haukkavuori-Saraj\u00e4rvell\u00e4.-1024x768.jpg 1024w\" sizes=\"auto, (max-width: 300px) 100vw, 300px\" \/><\/a><\/p>\n<p>Haukkavuori Saraj\u00e4rvell\u00e4.\u00a0\u00a0Kuvaaja Risto Luukkonen<\/p>\n<p>&nbsp;<\/p>\n<p>Yhteisen\u00e4 kokoontumispaikkana toimii Kyl\u00e4tupa (Lankilantie 2) sek\u00e4 kyl\u00e4talo (Lankilantie 10, ent. koulu) ja virkistyspaikkana etenkin kes\u00e4isin toimii Torsanp\u00e4\u00e4, jossa j\u00e4rjestet\u00e4\u00e4n yhteisi\u00e4 tapahtumia.<\/p>\n<p>&nbsp;<\/p>\n<p>Kyl\u00e4ll\u00e4 toimii useita eri alojen pienyritt\u00e4ji\u00e4, joista tarkemmin yritykset-osiossa.<\/p>\n<p>&nbsp;<\/p>\n<p><a href=\"https:\/\/kylat.ekarjala.fi\/pohjalankila\/wp-content\/uploads\/sites\/38\/2014\/07\/Hukkavuorelta-Torsan-suuntaan..jpg\"><img loading=\"lazy\" decoding=\"async\" class=\"size-medium wp-image-156 aligncenter\" src=\"https:\/\/kylat.ekarjala.fi\/pohjalankila\/wp-content\/uploads\/sites\/38\/2014\/07\/Hukkavuorelta-Torsan-suuntaan.-300x225.jpg\" alt=\"OLYMPUS DIGITAL CAMERA\" width=\"300\" height=\"225\" srcset=\"https:\/\/kylat.ekarjala.fi\/pohjalankila\/wp-content\/uploads\/sites\/38\/2014\/07\/Hukkavuorelta-Torsan-suuntaan.-300x225.jpg 300w, https:\/\/kylat.ekarjala.fi\/pohjalankila\/wp-content\/uploads\/sites\/38\/2014\/07\/Hukkavuorelta-Torsan-suuntaan.-1024x768.jpg 1024w\" sizes=\"auto, (max-width: 300px) 100vw, 300px\" \/><\/a><\/p>\n<p>Hukkavuorelta Torsan suuntaan. Kuvaaja Risto Luukkonen<\/p>\n<p>Sivuja p\u00e4ivitetty 13.8.2014<\/p>\n<p>&nbsp;<\/p>\n","protected":false},"excerpt":{"rendered":"<p>Tervetuloa Pohjalankilan Kyl\u00e4t ry:n kotisivuille.\u00a0 &nbsp; &nbsp; Pohjalankilan kyl\u00e4keskus sijaitsee Ruokolahden koillisosassa n. 30 km:n p\u00e4\u00e4ss\u00e4 Imatralta. Ruokolahden keskustaan, Rasilaan, on matkaa n. 25 km. Kyl\u00e4mme palkittiin vuonna 2004 Etel\u00e4-Karjalan vuoden kyl\u00e4 kunniamaininnalla. Kyl\u00e4n maisemaa.\u00a0Kuvaaja Risto Luukkonen Vakituisia asukkaita on noin 160 ja m\u00f6kkil\u00e4iset moninkertaistavat kylien asukasm\u00e4\u00e4r\u00e4n kes\u00e4isin. Haukkavuori Saraj\u00e4rvell\u00e4.\u00a0\u00a0Kuvaaja Risto Luukkonen &nbsp; Yhteisen\u00e4 kokoontumispaikkana [&hellip;]<\/p>\n","protected":false},"author":87,"featured_media":0,"parent":0,"menu_order":0,"comment_status":"open","ping_status":"closed","template":"","meta":{"footnotes":""},"class_list":["post-17","page","type-page","status-publish","hentry"],"_links":{"self":[{"href":"https:\/\/kylat.ekarjala.fi\/pohjalankila\/wp-json\/wp\/v2\/pages\/17","targetHints":{"allow":["GET"]}}],"collection":[{"href":"https:\/\/kylat.ekarjala.fi\/pohjalankila\/wp-json\/wp\/v2\/pages"}],"about":[{"href":"https:\/\/kylat.ekarjala.fi\/pohjalankila\/wp-json\/wp\/v2\/types\/page"}],"author":[{"embeddable":true,"href":"https:\/\/kylat.ekarjala.fi\/pohjalankila\/wp-json\/wp\/v2\/users\/87"}],"replies":[{"embeddable":true,"href":"https:\/\/kylat.ekarjala.fi\/pohjalankila\/wp-json\/wp\/v2\/comments?post=17"}],"version-history":[{"count":27,"href":"https:\/\/kylat.ekarjala.fi\/pohjalankila\/wp-json\/wp\/v2\/pages\/17\/revisions"}],"predecessor-version":[{"id":328,"href":"https:\/\/kylat.ekarjala.fi\/pohjalankila\/wp-json\/wp\/v2\/pages\/17\/revisions\/328"}],"wp:attachment":[{"href":"https:\/\/kylat.ekarjala.fi\/pohjalankila\/wp-json\/wp\/v2\/media?parent=17"}],"curies":[{"name":"wp","href":"https:\/\/api.w.org\/{rel}","templated":true}]}}