{"id":26,"date":"2011-12-29T18:29:53","date_gmt":"2011-12-29T18:29:53","guid":{"rendered":"https:\/\/kylat.ekarjala.fi\/pohjalankila\/?page_id=26"},"modified":"2017-03-29T08:48:57","modified_gmt":"2017-03-29T08:48:57","slug":"yritykset","status":"publish","type":"page","link":"https:\/\/kylat.ekarjala.fi\/pohjalankila\/yritykset\/","title":{"rendered":"Yritykset ja palvelut"},"content":{"rendered":"<p style=\"text-align: left\"><strong>Auto- ja konekorjaamo Velj. Kovanen<\/strong><\/p>\n<ul>\n<li>Autojen korjaus ym. koneiden korjaus<\/li>\n<li>S\u00e4rkilahdentie 1907, 56440 Pohja-Lankila<\/li>\n<li>puh. 05-474 4187 tai 0400-614 494<\/li>\n<\/ul>\n<p style=\"text-align: left\"><strong>Hein\u00e4nen Markku<\/strong><\/p>\n<ul>\n<li>Nuohouspalvelut; kes\u00e4asunnoilla suoritetaan nuohouksia toukokuusta syyskuuhun ja vakinaisten asuntojen nuohouksia kes\u00e4ajan ulkopuolella.<\/li>\n<li>Nuohousyksik\u00f6n hinta 0,58\u20ac (sis. alv) ja hinta on sama sek\u00e4 vapaa-ajan asunnoissa ett\u00e4 vakinaisissa.<\/li>\n<li>Ahj\u00e4rventie 329, 56440 Pohja-Lankila<\/li>\n<li>puh. 05-474 4104 tai 050-381 5670<\/li>\n<\/ul>\n<p><strong>Jaatinen MJ Oy<\/strong><\/p>\n<ul>\n<li>Maanrakennuspalvelut\u00a0ja mm. maa-ainesten, kaivonrenkaiden ja rumpuputkien myynti.<\/li>\n<li>Lis\u00e4tietoja kotisivuilta: <a href=\"http:\/\/www.mjjaatinen.com\/\">www.mjjaatinen.com<\/a><\/li>\n<li>Kalliolantie 167, 56440 Pohja-Lankila<\/li>\n<li>puh.05-474 4150<\/li>\n<li>Matti Jaatinen 0500-154 151,\u00a0 <a href=\"mailto:mj.jaatinen@co.inet.fi\">mj.jaatinen@co.inet.fi<\/a><\/li>\n<li>Carita Julin-Jaatinen 050-527 3779,\u00a0 <a href=\"mailto:mjjaatinenoy@pp.inet.fi\">mjjaatinenoy@pp.inet.fi<\/a><\/li>\n<\/ul>\n<p><strong>Koneyhtym\u00e4 Putto Avoin Yhti\u00f6<\/strong><\/p>\n<ul>\n<li>Maanrakennusty\u00f6t, mets\u00e4nparannusty\u00f6t ja puutavaran ajo.<\/li>\n<li>Kosteinniementie 84, 56440 Pohja-Lankila<\/li>\n<li>puh. 0400-653 006,\u00a0 <a href=\"mailto:mika.putto@co.inet.fi\">mika.putto@co.inet.fi<\/a><\/li>\n<\/ul>\n<p><strong>Kuljetus Julin Ky<\/strong><\/p>\n<ul>\n<li>Puutavarakuljetukset<\/li>\n<li>Murtolahdentie 7, 56440 Pohja-Lankila<\/li>\n<li>puh. 0500-154 795,\u00a0 kuljetus@julinky.fi<\/li>\n<\/ul>\n<p><strong>Kyl\u00e4kuppila K\u00e4p\u00e4l\u00e4m\u00e4ki<\/strong><\/p>\n<ul>\n<li>Pohjalankilantie 1888, 56440 Pohja-Lankila<\/li>\n<li>puh. 010 439 1888<\/li>\n<li>Palvelut:<br \/>\nelintarvikemyynti, nestekaasun myynti, nettipiste,\u00a0 oluen ulosmyynti, iso viihtyis\u00e4 terassi<\/li>\n<li>Aukioloajat<br \/>\nMa &#8211; to\u00a0sek\u00e4 su\u00a0 11 &#8211; 19<br \/>\npe &#8211; la\u00a0\u00a0\u00a0 11 &#8211; 22, tarvittaessa pidemp\u00e4\u00e4nkin.<\/li>\n<\/ul>\n<p><strong>Laamasen Saha ja h\u00f6yl\u00e4\u00e4m\u00f6<\/strong><\/p>\n<ul>\n<li>Puun sahaus ja h\u00f6yl\u00e4ys sek\u00e4 puutavaran myynti ja kuivatus.<\/li>\n<li>Yhteystiedot<br \/>\nOsmo Laamanen<br \/>\nRevonniementie 288, 56440 Pohja-Lankila<br \/>\npuh. 05-474 4193 tai 050-586 6183<\/li>\n<\/ul>\n<p><strong>Luukkonen Aarre<\/strong><\/p>\n<ul>\n<li>Maansiirtopalvelut<\/li>\n<li>Yhteystiedot<br \/>\nPohja-Lankilantie<br \/>\npuh. 05-474 4182 tai 0400 153629<\/li>\n<\/ul>\n<p><strong>Patalaiska Cottages<br \/>\n<\/strong><\/p>\n<ul>\n<li>\u00a0 Majoitustoimintaa harjoittavan yrityksen kotisivuilta saat lis\u00e4tietoja<a href=\"http:\/\/www.patalaiska.fi\/\"> www.patalaiska.fi<\/a><\/li>\n<\/ul>\n<p><strong>PTK-Rakennus<\/strong><\/p>\n<ul>\n<li>Talonrakennusty\u00f6t<\/li>\n<li>Lis\u00e4tietoja kotisivuilta: <a href=\"http:\/\/www.ptkrakennus.com\/\">www.ptkrakennus.com<\/a><\/li>\n<li>Yhteystiedot<br \/>\nTimo Paajanen<br \/>\nS\u00e4rkilahdentie 2265, 56440 Pohja-Lankila<br \/>\npuh. 040-513 2513<br \/>\nE-Mail: info@ptkrakennus.com<\/li>\n<\/ul>\n<p><strong>Siitonen Leena T:mi<\/strong><\/p>\n<ul>\n<li>Pito- ja kotipalvelu, siivouspalvelu<\/li>\n<li>Yhteystiedot<br \/>\nS\u00e4rkilahdentie 2159, 56440 Pohja-Lankila<br \/>\npuh. 05-474 4254 tai 0500-154 516<br \/>\nE-mail: leena@siitonen.net<\/li>\n<\/ul>\n<p>&nbsp;<\/p>\n<p><strong>Kyl\u00e4alueen l\u00e4himm\u00e4t taksit;\u00a0<\/strong>(suluissa taksin matka entiselle Pohjalankilan koululle, Lankilantie 10)<\/p>\n<p><strong>Tiippana Pertti<\/strong><\/p>\n<ul>\n<li>Ahj\u00e4rventie 471, Pohjalankila (6km)<\/li>\n<li>puh. 05-474 4201 tai 0500-152 433<\/li>\n<\/ul>\n<p><strong>Ter\u00e4v\u00e4 Arto<\/strong><\/p>\n<ul>\n<li>Suljantie 450, Simpele (16km)<\/li>\n<li>puh. 05-444 878 tai 050-564 0734<\/li>\n<\/ul>\n<p>&nbsp;<\/p>\n<p><strong>J\u00c4TEKER\u00c4YSPISTE<br \/>\n<\/strong><\/p>\n<ul>\n<li>J\u00e4teker\u00e4yspiste sijaitsee K\u00e4p\u00e4l\u00e4nm\u00e4en luona (Pohjalankilantie 1888).<\/li>\n<\/ul>\n<p><strong>\u00a0<\/strong><\/p>\n","protected":false},"excerpt":{"rendered":"<p>Auto- ja konekorjaamo Velj. Kovanen Autojen korjaus ym. koneiden korjaus S\u00e4rkilahdentie 1907, 56440 Pohja-Lankila puh. 05-474 4187 tai 0400-614 494 Hein\u00e4nen Markku Nuohouspalvelut; kes\u00e4asunnoilla suoritetaan nuohouksia toukokuusta syyskuuhun ja vakinaisten asuntojen nuohouksia kes\u00e4ajan ulkopuolella. Nuohousyksik\u00f6n hinta 0,58\u20ac (sis. alv) ja hinta on sama sek\u00e4 vapaa-ajan asunnoissa ett\u00e4 vakinaisissa. Ahj\u00e4rventie 329, 56440 Pohja-Lankila puh. 05-474 4104 [&hellip;]<\/p>\n","protected":false},"author":86,"featured_media":0,"parent":0,"menu_order":0,"comment_status":"open","ping_status":"closed","template":"","meta":{"footnotes":""},"class_list":["post-26","page","type-page","status-publish","hentry"],"_links":{"self":[{"href":"https:\/\/kylat.ekarjala.fi\/pohjalankila\/wp-json\/wp\/v2\/pages\/26","targetHints":{"allow":["GET"]}}],"collection":[{"href":"https:\/\/kylat.ekarjala.fi\/pohjalankila\/wp-json\/wp\/v2\/pages"}],"about":[{"href":"https:\/\/kylat.ekarjala.fi\/pohjalankila\/wp-json\/wp\/v2\/types\/page"}],"author":[{"embeddable":true,"href":"https:\/\/kylat.ekarjala.fi\/pohjalankila\/wp-json\/wp\/v2\/users\/86"}],"replies":[{"embeddable":true,"href":"https:\/\/kylat.ekarjala.fi\/pohjalankila\/wp-json\/wp\/v2\/comments?post=26"}],"version-history":[{"count":18,"href":"https:\/\/kylat.ekarjala.fi\/pohjalankila\/wp-json\/wp\/v2\/pages\/26\/revisions"}],"predecessor-version":[{"id":308,"href":"https:\/\/kylat.ekarjala.fi\/pohjalankila\/wp-json\/wp\/v2\/pages\/26\/revisions\/308"}],"wp:attachment":[{"href":"https:\/\/kylat.ekarjala.fi\/pohjalankila\/wp-json\/wp\/v2\/media?parent=26"}],"curies":[{"name":"wp","href":"https:\/\/api.w.org\/{rel}","templated":true}]}}