{"id":312,"date":"2018-06-19T15:07:25","date_gmt":"2018-06-19T15:07:25","guid":{"rendered":"https:\/\/kylat.ekarjala.fi\/pohjalankila\/?page_id=312"},"modified":"2018-06-19T15:07:25","modified_gmt":"2018-06-19T15:07:25","slug":"juhannusjuhlat-2018","status":"publish","type":"page","link":"https:\/\/kylat.ekarjala.fi\/pohjalankila\/juhannusjuhlat-2018\/","title":{"rendered":"Juhannusjuhlat 2018"},"content":{"rendered":"<p>Torsanp\u00e4\u00e4ss\u00e4 22.6.2018<\/p>\n<p>Lasten juhla alkaa klo 19.00<\/p>\n<p>Aikuisten juhla alkaa klo 20.<\/p>\n<p>Ohjelmassa:<\/p>\n<p>Karaoke<\/p>\n<p>Arpajaiset<\/p>\n<p>Buffetti<\/p>\n<p>Kokot sytytet\u00e4\u00e4n jos laki sallii. Lasten kokko klo 20 ja isokokko klo 22.00<\/p>\n","protected":false},"excerpt":{"rendered":"<p>Torsanp\u00e4\u00e4ss\u00e4 22.6.2018 Lasten juhla alkaa klo 19.00 Aikuisten juhla alkaa klo 20. Ohjelmassa: Karaoke Arpajaiset Buffetti Kokot sytytet\u00e4\u00e4n jos laki sallii. Lasten kokko klo 20 ja isokokko klo 22.00<\/p>\n","protected":false},"author":163,"featured_media":0,"parent":0,"menu_order":0,"comment_status":"closed","ping_status":"closed","template":"","meta":{"footnotes":""},"class_list":["post-312","page","type-page","status-publish","hentry"],"_links":{"self":[{"href":"https:\/\/kylat.ekarjala.fi\/pohjalankila\/wp-json\/wp\/v2\/pages\/312","targetHints":{"allow":["GET"]}}],"collection":[{"href":"https:\/\/kylat.ekarjala.fi\/pohjalankila\/wp-json\/wp\/v2\/pages"}],"about":[{"href":"https:\/\/kylat.ekarjala.fi\/pohjalankila\/wp-json\/wp\/v2\/types\/page"}],"author":[{"embeddable":true,"href":"https:\/\/kylat.ekarjala.fi\/pohjalankila\/wp-json\/wp\/v2\/users\/163"}],"replies":[{"embeddable":true,"href":"https:\/\/kylat.ekarjala.fi\/pohjalankila\/wp-json\/wp\/v2\/comments?post=312"}],"version-history":[{"count":1,"href":"https:\/\/kylat.ekarjala.fi\/pohjalankila\/wp-json\/wp\/v2\/pages\/312\/revisions"}],"predecessor-version":[{"id":329,"href":"https:\/\/kylat.ekarjala.fi\/pohjalankila\/wp-json\/wp\/v2\/pages\/312\/revisions\/329"}],"wp:attachment":[{"href":"https:\/\/kylat.ekarjala.fi\/pohjalankila\/wp-json\/wp\/v2\/media?parent=312"}],"curies":[{"name":"wp","href":"https:\/\/api.w.org\/{rel}","templated":true}]}}