{"id":41,"date":"2011-12-29T19:28:23","date_gmt":"2011-12-29T19:28:23","guid":{"rendered":"https:\/\/kylat.ekarjala.fi\/pohjalankila\/?page_id=41"},"modified":"2015-06-03T08:00:05","modified_gmt":"2015-06-03T08:00:05","slug":"liikunta-luonto-ja-aktiviteetit","status":"publish","type":"page","link":"https:\/\/kylat.ekarjala.fi\/pohjalankila\/liikunta-luonto-ja-aktiviteetit\/","title":{"rendered":"Luonto ja liikunta"},"content":{"rendered":"<p><strong>Hukkavuoren luontopolku\u00a0<\/strong><\/p>\n<p>Pituudeltaan n. viiden kilometrin mittainen luontopolku on ainulaatuinen n\u00e4ht\u00e4vyys. Vapaasti kierrelt\u00e4viss\u00e4.\u00a0Opastus varattava etuk\u00e4teen.<\/p>\n<p>Tiedustelut: Matti P\u00e4ivinen\u00a0\u00a0040-725 0078<\/p>\n<p><a href=\"https:\/\/kylat.ekarjala.fi\/pohjalankila\/wp-content\/uploads\/sites\/38\/2014\/07\/Hukkavuorelta-Torsan-suuntaan..jpg\"><img loading=\"lazy\" decoding=\"async\" class=\"alignnone size-medium wp-image-156\" src=\"https:\/\/kylat.ekarjala.fi\/pohjalankila\/wp-content\/uploads\/sites\/38\/2014\/07\/Hukkavuorelta-Torsan-suuntaan.-300x225.jpg\" alt=\"OLYMPUS DIGITAL CAMERA\" width=\"300\" height=\"225\" srcset=\"https:\/\/kylat.ekarjala.fi\/pohjalankila\/wp-content\/uploads\/sites\/38\/2014\/07\/Hukkavuorelta-Torsan-suuntaan.-300x225.jpg 300w, https:\/\/kylat.ekarjala.fi\/pohjalankila\/wp-content\/uploads\/sites\/38\/2014\/07\/Hukkavuorelta-Torsan-suuntaan.-1024x768.jpg 1024w\" sizes=\"auto, (max-width: 300px) 100vw, 300px\" \/><\/a><\/p>\n<p>Hukkavuorelta Torsan suuntaan.\u00a0Kuvaaja Risto Luukkonen<\/p>\n<p><a href=\"https:\/\/kylat.ekarjala.fi\/pohjalankila\/wp-content\/uploads\/sites\/38\/2011\/12\/Haukkavuori-Saraj\u00e4rvell\u00e4..jpg\"><img loading=\"lazy\" decoding=\"async\" class=\"alignnone size-medium wp-image-160\" src=\"https:\/\/kylat.ekarjala.fi\/pohjalankila\/wp-content\/uploads\/sites\/38\/2011\/12\/Haukkavuori-Saraj\u00e4rvell\u00e4.-300x225.jpg\" alt=\"OLYMPUS DIGITAL CAMERA\" width=\"300\" height=\"225\" srcset=\"https:\/\/kylat.ekarjala.fi\/pohjalankila\/wp-content\/uploads\/sites\/38\/2011\/12\/Haukkavuori-Saraj\u00e4rvell\u00e4.-300x225.jpg 300w, https:\/\/kylat.ekarjala.fi\/pohjalankila\/wp-content\/uploads\/sites\/38\/2011\/12\/Haukkavuori-Saraj\u00e4rvell\u00e4.-1024x768.jpg 1024w\" sizes=\"auto, (max-width: 300px) 100vw, 300px\" \/><\/a><\/p>\n<p>Haukkavuori Saraj\u00e4rvell\u00e4.\u00a0Kuvaaja Risto Luukkonen<\/p>\n<p><a href=\"https:\/\/kylat.ekarjala.fi\/pohjalankila\/wp-content\/uploads\/sites\/38\/2011\/12\/Hukkavuoren-luontopolulla..jpg\"><img loading=\"lazy\" decoding=\"async\" class=\"alignnone size-medium wp-image-161\" src=\"https:\/\/kylat.ekarjala.fi\/pohjalankila\/wp-content\/uploads\/sites\/38\/2011\/12\/Hukkavuoren-luontopolulla.-300x225.jpg\" alt=\"OLYMPUS DIGITAL CAMERA\" width=\"300\" height=\"225\" srcset=\"https:\/\/kylat.ekarjala.fi\/pohjalankila\/wp-content\/uploads\/sites\/38\/2011\/12\/Hukkavuoren-luontopolulla.-300x225.jpg 300w, https:\/\/kylat.ekarjala.fi\/pohjalankila\/wp-content\/uploads\/sites\/38\/2011\/12\/Hukkavuoren-luontopolulla.-1024x768.jpg 1024w\" sizes=\"auto, (max-width: 300px) 100vw, 300px\" \/><\/a><\/p>\n<p>Hukkavuoren luontopolulla.\u00a0Kuvaaja Risto Luukkonen<\/p>\n<p><strong>Lentopallokentt\u00e4<\/strong> sijaitsee Kyl\u00e4kuppila K\u00e4p\u00e4l\u00e4m\u00e4en (Pohjalankilantie 1888) vieress\u00e4 ja peli-illat ovat\u00a0torstai ja\u00a0sunnuntai. Kellonajat varmistetaan viel\u00e4.<\/p>\n<p><strong>Uimaranta<\/strong> sijaitsee <em>Torsanp\u00e4\u00e4ss\u00e4<\/em>. Hyv\u00e4 uimaranta lapsille. Rannassa puusee, grillikota ja pukukopit.<\/p>\n<p><strong>Torsanj\u00e4rven veneen laskupaikka<\/strong> sijaitsee uimarannasta n. 100 metrin p\u00e4\u00e4ss\u00e4 joen toisella puolella.<\/p>\n<p><strong>Lintutorni<\/strong> on S\u00e4rkilahdentien varressa n. 100 metri\u00e4 Lankilantien risteyksest\u00e4 Torsanp\u00e4\u00e4h\u00e4n p\u00e4in vasemmalla Alasen rannalla.<\/p>\n<p><strong>Torsanp\u00e4\u00e4n kosteikkoalueen laavu<\/strong><span style=\"color: #444444\"> on erinomainen retkeilykohde. Opastus uimarantaa vastap\u00e4\u00e4t\u00e4 olevasta soramontusta. Soramonttuun voi my\u00f6s j\u00e4tt\u00e4\u00e4 auton. Soramontusta on laavulle matkaa noin 200 metri\u00e4 helppokulkuista polkua. Kosteikkoalueella laavun lis\u00e4ksi lintutorni ja puusee.<\/span><\/p>\n<p><a href=\"https:\/\/kylat.ekarjala.fi\/pohjalankila\/wp-content\/uploads\/sites\/38\/2011\/12\/Torsan-kosteikkoallas..jpg\"><img loading=\"lazy\" decoding=\"async\" class=\"alignnone size-medium wp-image-162\" src=\"https:\/\/kylat.ekarjala.fi\/pohjalankila\/wp-content\/uploads\/sites\/38\/2011\/12\/Torsan-kosteikkoallas.-300x225.jpg\" alt=\"OLYMPUS DIGITAL CAMERA\" width=\"300\" height=\"225\" srcset=\"https:\/\/kylat.ekarjala.fi\/pohjalankila\/wp-content\/uploads\/sites\/38\/2011\/12\/Torsan-kosteikkoallas.-300x225.jpg 300w, https:\/\/kylat.ekarjala.fi\/pohjalankila\/wp-content\/uploads\/sites\/38\/2011\/12\/Torsan-kosteikkoallas.-1024x768.jpg 1024w\" sizes=\"auto, (max-width: 300px) 100vw, 300px\" \/><\/a><\/p>\n<p>Torsan kosteikkoalue.\u00a0Kuvaaja Risto Luukkonen<\/p>\n<p><strong>Ruokolahti-Rautj\u00e4rvi<\/strong> retkeilyreitti kulkee Pohjalankilan kautta ja kuuluu <em><br \/>\n<\/em>E 10 Euroopan kaukovaellusreittiin.<\/p>\n<p><strong>Pohjalankilan kyl\u00e4talo<\/strong><\/p>\n<p><a href=\"http:\/\/194.251.35.222\/KuvaNaytaIkkunassa.asp?KuvaID=3934\" target=\"Kuva3934\"><img loading=\"lazy\" decoding=\"async\" src=\"http:\/\/194.251.35.222\/LataaKuva.asb?KuvaID=3934&amp;Versio=T\" alt=\"\" width=\"160\" height=\"107\" \/><\/a><\/p>\n<div>Pohjalankilan kyl\u00e4talo<\/div>\n<p><strong>Kuntoliikuntaa<\/strong> j\u00e4rjest\u00e4\u00e4 Ruokolahden kansalaisopisto Pohjalankilan\u00a0Kyl\u00e4talolla (Lankilantie 10).<\/p>\n<p><strong>Valaistu latu\/pururata<\/strong> on 1,6 km pitk\u00e4 ja sijaitsee Kyl\u00e4tuvan (Lankilantie 2) kohdalla S\u00e4rkilahdentien toisella puolella.<\/p>\n<p><strong>J\u00e4\u00e4kiekkokaukalo <\/strong>sijaitsee\u00a0Kyl\u00e4talon vieress\u00e4.<\/p>\n<p><a href=\"https:\/\/kylat.ekarjala.fi\/pohjalankila\/wp-content\/uploads\/sites\/38\/2011\/12\/Virsulampi-syysasussa..jpg\"><img loading=\"lazy\" decoding=\"async\" class=\"alignnone size-medium wp-image-164\" src=\"https:\/\/kylat.ekarjala.fi\/pohjalankila\/wp-content\/uploads\/sites\/38\/2011\/12\/Virsulampi-syysasussa.-300x224.jpg\" alt=\"Virsulampi syysasussa.\" width=\"300\" height=\"224\" srcset=\"https:\/\/kylat.ekarjala.fi\/pohjalankila\/wp-content\/uploads\/sites\/38\/2011\/12\/Virsulampi-syysasussa.-300x224.jpg 300w, https:\/\/kylat.ekarjala.fi\/pohjalankila\/wp-content\/uploads\/sites\/38\/2011\/12\/Virsulampi-syysasussa.-1024x766.jpg 1024w\" sizes=\"auto, (max-width: 300px) 100vw, 300px\" \/><\/a><\/p>\n<p>Virsulampi syysasussaan.\u00a0Kuvaaja Risto Luukkonen<\/p>\n<p><a href=\"https:\/\/kylat.ekarjala.fi\/pohjalankila\/wp-content\/uploads\/sites\/38\/2011\/12\/Siirtolohkare-Litulammissa..jpg\"><img loading=\"lazy\" decoding=\"async\" class=\"alignnone size-medium wp-image-165\" src=\"https:\/\/kylat.ekarjala.fi\/pohjalankila\/wp-content\/uploads\/sites\/38\/2011\/12\/Siirtolohkare-Litulammissa.-300x225.jpg\" alt=\"OLYMPUS DIGITAL CAMERA\" width=\"300\" height=\"225\" srcset=\"https:\/\/kylat.ekarjala.fi\/pohjalankila\/wp-content\/uploads\/sites\/38\/2011\/12\/Siirtolohkare-Litulammissa.-300x225.jpg 300w, https:\/\/kylat.ekarjala.fi\/pohjalankila\/wp-content\/uploads\/sites\/38\/2011\/12\/Siirtolohkare-Litulammissa.-1024x768.jpg 1024w\" sizes=\"auto, (max-width: 300px) 100vw, 300px\" \/><\/a><\/p>\n<p>Siirtolohkare Litulammessa.\u00a0Kuvaaja Risto Luukkonen<\/p>\n<p><a href=\"https:\/\/kylat.ekarjala.fi\/pohjalankila\/wp-content\/uploads\/sites\/38\/2011\/12\/Pohjalankilan-kyl\u00e4aukea..jpg\"><img loading=\"lazy\" decoding=\"async\" class=\"alignnone size-medium wp-image-166\" src=\"https:\/\/kylat.ekarjala.fi\/pohjalankila\/wp-content\/uploads\/sites\/38\/2011\/12\/Pohjalankilan-kyl\u00e4aukea.-300x225.jpg\" alt=\"OLYMPUS DIGITAL CAMERA\" width=\"300\" height=\"225\" srcset=\"https:\/\/kylat.ekarjala.fi\/pohjalankila\/wp-content\/uploads\/sites\/38\/2011\/12\/Pohjalankilan-kyl\u00e4aukea.-300x225.jpg 300w, https:\/\/kylat.ekarjala.fi\/pohjalankila\/wp-content\/uploads\/sites\/38\/2011\/12\/Pohjalankilan-kyl\u00e4aukea.-1024x768.jpg 1024w\" sizes=\"auto, (max-width: 300px) 100vw, 300px\" \/><\/a><\/p>\n<p>Kyl\u00e4n maisemaa.\u00a0Kuvaaja Risto Luukkonen<\/p>\n<p><span style=\"line-height: 1.5em\">\u00a0<\/span><a href=\"https:\/\/kylat.ekarjala.fi\/pohjalankila\/wp-content\/uploads\/sites\/38\/2011\/12\/Alatuvan-vanha-pihapiiri-Vertalansalmella..jpg\"><img loading=\"lazy\" decoding=\"async\" class=\"alignnone size-medium wp-image-167\" src=\"https:\/\/kylat.ekarjala.fi\/pohjalankila\/wp-content\/uploads\/sites\/38\/2011\/12\/Alatuvan-vanha-pihapiiri-Vertalansalmella.-300x225.jpg\" alt=\"OLYMPUS DIGITAL CAMERA\" width=\"300\" height=\"225\" srcset=\"https:\/\/kylat.ekarjala.fi\/pohjalankila\/wp-content\/uploads\/sites\/38\/2011\/12\/Alatuvan-vanha-pihapiiri-Vertalansalmella.-300x225.jpg 300w, https:\/\/kylat.ekarjala.fi\/pohjalankila\/wp-content\/uploads\/sites\/38\/2011\/12\/Alatuvan-vanha-pihapiiri-Vertalansalmella.-1024x768.jpg 1024w\" sizes=\"auto, (max-width: 300px) 100vw, 300px\" \/><\/a><\/p>\n<p>Alatuvan pihapiiri Kivenk\u00e4n\u00e4ll\u00e4.\u00a0Kuvaaja Risto Luukkonen<\/p>\n<p><a href=\"https:\/\/kylat.ekarjala.fi\/pohjalankila\/wp-content\/uploads\/sites\/38\/2011\/12\/Juhannussauna-Kivenk\u00e4n\u00e4ll\u00e4..jpg\"><img loading=\"lazy\" decoding=\"async\" class=\"alignnone size-medium wp-image-168\" src=\"https:\/\/kylat.ekarjala.fi\/pohjalankila\/wp-content\/uploads\/sites\/38\/2011\/12\/Juhannussauna-Kivenk\u00e4n\u00e4ll\u00e4.-300x225.jpg\" alt=\"OLYMPUS DIGITAL CAMERA\" width=\"300\" height=\"225\" srcset=\"https:\/\/kylat.ekarjala.fi\/pohjalankila\/wp-content\/uploads\/sites\/38\/2011\/12\/Juhannussauna-Kivenk\u00e4n\u00e4ll\u00e4.-300x225.jpg 300w, https:\/\/kylat.ekarjala.fi\/pohjalankila\/wp-content\/uploads\/sites\/38\/2011\/12\/Juhannussauna-Kivenk\u00e4n\u00e4ll\u00e4.-1024x768.jpg 1024w\" sizes=\"auto, (max-width: 300px) 100vw, 300px\" \/><\/a><\/p>\n<p>Juhannussauna Kivenk\u00e4n\u00e4ll\u00e4.\u00a0\u00a0Kuvaaja Risto Luukkonen<\/p>\n","protected":false},"excerpt":{"rendered":"<p>Hukkavuoren luontopolku\u00a0 Pituudeltaan n. viiden kilometrin mittainen luontopolku on ainulaatuinen n\u00e4ht\u00e4vyys. Vapaasti kierrelt\u00e4viss\u00e4.\u00a0Opastus varattava etuk\u00e4teen. Tiedustelut: Matti P\u00e4ivinen\u00a0\u00a0040-725 0078 Hukkavuorelta Torsan suuntaan.\u00a0Kuvaaja Risto Luukkonen Haukkavuori Saraj\u00e4rvell\u00e4.\u00a0Kuvaaja Risto Luukkonen Hukkavuoren luontopolulla.\u00a0Kuvaaja Risto Luukkonen Lentopallokentt\u00e4 sijaitsee Kyl\u00e4kuppila K\u00e4p\u00e4l\u00e4m\u00e4en (Pohjalankilantie 1888) vieress\u00e4 ja peli-illat ovat\u00a0torstai ja\u00a0sunnuntai. Kellonajat varmistetaan viel\u00e4. Uimaranta sijaitsee Torsanp\u00e4\u00e4ss\u00e4. Hyv\u00e4 uimaranta lapsille. Rannassa puusee, grillikota [&hellip;]<\/p>\n","protected":false},"author":86,"featured_media":0,"parent":0,"menu_order":0,"comment_status":"open","ping_status":"closed","template":"","meta":{"footnotes":""},"class_list":["post-41","page","type-page","status-publish","hentry"],"_links":{"self":[{"href":"https:\/\/kylat.ekarjala.fi\/pohjalankila\/wp-json\/wp\/v2\/pages\/41","targetHints":{"allow":["GET"]}}],"collection":[{"href":"https:\/\/kylat.ekarjala.fi\/pohjalankila\/wp-json\/wp\/v2\/pages"}],"about":[{"href":"https:\/\/kylat.ekarjala.fi\/pohjalankila\/wp-json\/wp\/v2\/types\/page"}],"author":[{"embeddable":true,"href":"https:\/\/kylat.ekarjala.fi\/pohjalankila\/wp-json\/wp\/v2\/users\/86"}],"replies":[{"embeddable":true,"href":"https:\/\/kylat.ekarjala.fi\/pohjalankila\/wp-json\/wp\/v2\/comments?post=41"}],"version-history":[{"count":27,"href":"https:\/\/kylat.ekarjala.fi\/pohjalankila\/wp-json\/wp\/v2\/pages\/41\/revisions"}],"predecessor-version":[{"id":260,"href":"https:\/\/kylat.ekarjala.fi\/pohjalankila\/wp-json\/wp\/v2\/pages\/41\/revisions\/260"}],"wp:attachment":[{"href":"https:\/\/kylat.ekarjala.fi\/pohjalankila\/wp-json\/wp\/v2\/media?parent=41"}],"curies":[{"name":"wp","href":"https:\/\/api.w.org\/{rel}","templated":true}]}}