{"id":6,"date":"2011-12-07T17:56:38","date_gmt":"2011-12-07T17:56:38","guid":{"rendered":"https:\/\/kylat.ekarjala.fi\/pohjalankila\/?page_id=6"},"modified":"2018-12-06T09:16:35","modified_gmt":"2018-12-06T09:16:35","slug":"kylatalo","status":"publish","type":"page","link":"https:\/\/kylat.ekarjala.fi\/pohjalankila\/kylatalo\/","title":{"rendered":"Kyl\u00e4talo"},"content":{"rendered":"<p>Kyl\u00e4talon eli entisen koulun osoite on Lankilantie 10.<br \/>\nKyl\u00e4talon voi vuokrata esim. syntym\u00e4p\u00e4ivien juhlapaikaksi. Yhteyshenkil\u00f6 kyl\u00e4taloon liittyviss\u00e4 asioissa on Satu Putto +358405401151<\/p>\n<div>Pohjalankilan kyl\u00e4kirjasto on avoinna parillisen viikon tiistaina klo 10-12. Aukioloaika muuttuu: tiistai 5,9 alkaen aukioloaika on 12-14.<\/div>\n<div>Jos haluat lainata kirjoja ota yhteytt\u00e4 Raija Salakkaan puh.0407737703.<\/div>\n<div><\/div>\n<p><span style=\"line-height: 1.5em\">\u00a0<\/span><\/p>\n","protected":false},"excerpt":{"rendered":"<p>Kyl\u00e4talon eli entisen koulun osoite on Lankilantie 10. Kyl\u00e4talon voi vuokrata esim. syntym\u00e4p\u00e4ivien juhlapaikaksi. Yhteyshenkil\u00f6 kyl\u00e4taloon liittyviss\u00e4 asioissa on Satu Putto +358405401151 Pohjalankilan kyl\u00e4kirjasto on avoinna parillisen viikon tiistaina klo 10-12. Aukioloaika muuttuu: tiistai 5,9 alkaen aukioloaika on 12-14. Jos haluat lainata kirjoja ota yhteytt\u00e4 Raija Salakkaan puh.0407737703. \u00a0<\/p>\n","protected":false},"author":87,"featured_media":0,"parent":0,"menu_order":0,"comment_status":"open","ping_status":"closed","template":"","meta":{"footnotes":""},"class_list":["post-6","page","type-page","status-publish","hentry"],"_links":{"self":[{"href":"https:\/\/kylat.ekarjala.fi\/pohjalankila\/wp-json\/wp\/v2\/pages\/6","targetHints":{"allow":["GET"]}}],"collection":[{"href":"https:\/\/kylat.ekarjala.fi\/pohjalankila\/wp-json\/wp\/v2\/pages"}],"about":[{"href":"https:\/\/kylat.ekarjala.fi\/pohjalankila\/wp-json\/wp\/v2\/types\/page"}],"author":[{"embeddable":true,"href":"https:\/\/kylat.ekarjala.fi\/pohjalankila\/wp-json\/wp\/v2\/users\/87"}],"replies":[{"embeddable":true,"href":"https:\/\/kylat.ekarjala.fi\/pohjalankila\/wp-json\/wp\/v2\/comments?post=6"}],"version-history":[{"count":23,"href":"https:\/\/kylat.ekarjala.fi\/pohjalankila\/wp-json\/wp\/v2\/pages\/6\/revisions"}],"predecessor-version":[{"id":332,"href":"https:\/\/kylat.ekarjala.fi\/pohjalankila\/wp-json\/wp\/v2\/pages\/6\/revisions\/332"}],"wp:attachment":[{"href":"https:\/\/kylat.ekarjala.fi\/pohjalankila\/wp-json\/wp\/v2\/media?parent=6"}],"curies":[{"name":"wp","href":"https:\/\/api.w.org\/{rel}","templated":true}]}}